{"id":17,"date":"2023-09-03T23:14:48","date_gmt":"2023-09-03T23:14:48","guid":{"rendered":"https:\/\/saffir.ma\/index.php\/checkout\/"},"modified":"2024-08-21T15:54:56","modified_gmt":"2024-08-21T15:54:56","slug":"checkout","status":"publish","type":"page","link":"https:\/\/saffir.ma\/fr\/checkout\/","title":{"rendered":"Paiement"},"content":{"rendered":"<div class=\"woocommerce\"><div class=\"woocommerce-notices-wrapper\"><\/div>\t\t\t\t<style>\n\t\t\t\t\t#ship-to-different-address {\n\t\t\t\t\t\tpointer-events: none!important;\n\t\t\t\t\t}\n\t\t\t\t\t#ship-to-different-address-checkbox {\n\t\t\t\t\t\tdisplay: none;\n\t\t\t\t\t}\n\t\t\t\t\t.woocommerce-shipping-fields .shipping_address {\n\t\t\t\t\theight: auto !important;\n\t\t\t\t\tdisplay: block !important;\n\t\t\t\t\t}\n\t\t\t\t<\/style>\n\t\t\t\t<div class=\"woocommerce-form-login-toggle mb-2\">\r\n\t\tD\u00e9j\u00e0 client\u00a0? <a href=\"#\" class=\"showlogin font-weight-bold text-v-dark\" data-no-translation=\"\" data-trp-gettext=\"\">Se connecter<\/a>\t<\/div>\r\n\r\n<form method=\"post\" class=\"login global-login\" style=\"display:none;\" action=\"\">\r\n\t<div class=\"featured-box align-left\">\r\n\t\t<div class=\"box-content\">\r\n\r\n\t\t\t\r\n\t\t\t<p data-no-translation=\"\" data-trp-gettext=\"\">Si vous avez d\u00e9j\u00e0 command\u00e9 chez nous auparavant, veuillez saisir vos coordonn\u00e9es ci-dessous. Si vous \u00eates un nouveau client, veuillez renseigner la section facturation.<\/p>\r\n\t\t\t<p class=\"form-row form-row-first\">\r\n\t\t\t\t<label for=\"username\">Identifiant ou e-mail <span class=\"required\" aria-hidden=\"true\">*<\/span><span class=\"screen-reader-text\" data-no-translation=\"\" data-trp-gettext=\"\">Obligatoire<\/span><\/label>\r\n\t\t\t\t<input type=\"text\" class=\"input-text\" name=\"username\" id=\"username\" \/>\r\n\t\t\t<\/p>\r\n\r\n\t\t\t<p class=\"form-row form-row-last\">\r\n\t\t\t\t<label for=\"password\">Mot de passe <span class=\"required\" aria-hidden=\"true\">*<\/span><span class=\"screen-reader-text\" data-no-translation=\"\" data-trp-gettext=\"\">Obligatoire<\/span><\/label>\r\n\t\t\t\t<input class=\"input-text\" type=\"password\" name=\"password\" id=\"password\" \/>\r\n\t\t\t<\/p>\r\n\r\n\t\t\t<div class=\"clear\"><\/div>\r\n\r\n\t\t\t\r\n\t\t\t<div class=\"form-row clearfix\">\r\n\t\t\t\t<input type=\"hidden\" id=\"woocommerce-login-nonce\" name=\"woocommerce-login-nonce\" value=\"22b87728ea\" \/><input type=\"hidden\" name=\"_wp_http_referer\" value=\"\/fr\/wp-json\/wp\/v2\/pages\/17\" \/>\t\t\t\t<button type=\"submit\" class=\"button wc-action-btn wc-action-sm p-t-sm p-b-sm px-5 text-uppercase\" name=\"login\" value=\"Se connecter\" data-no-translation=\"\" data-trp-gettext=\"\" data-no-translation-value=\"\">Se connecter<\/button>\r\n\t\t\t\t<input type=\"hidden\" name=\"redirect\" value=\"https:\/\/saffir.ma\/fr\/checkout\/\" \/>\r\n\t\t\t<\/div>\r\n\t\t\t<div class=\"porto-checkbox d-inline-block\">\r\n\t\t\t\t<input name=\"rememberme\" type=\"checkbox\" id=\"rememberme\" value=\"forever\" class=\"porto-control-input\" \/>\r\n\t\t\t\t<label for=\"rememberme\" class=\"woocommerce-form__label woocommerce-form__label-for-checkbox inline woocommerce-form-login__rememberme porto-control-label\">\t\r\n\t\t\t\t\tSe souvenir de moi\t\t\t\t<\/label>\r\n\t\t\t<\/div>\r\n\t\t\t<p class=\"lost_password d-inline-block ms-3\">\r\n\t\t\t\t<a href=\"https:\/\/saffir.ma\/fr\/my-account\/lost-password\/\" data-no-translation=\"\" data-trp-gettext=\"\">Mot de passe perdu\u00a0?<\/a>\r\n\t\t\t<\/p>\r\n\r\n\t\t\t<div class=\"clear\"><\/div>\r\n\r\n\t\t\t\r\n\t\t<\/div>\r\n\t<\/div>\r\n<input type=\"hidden\" name=\"trp-form-language\" value=\"fr\"\/><\/form>\r\n\r\n\t\t\t\t\t<div class=\"woocommerce-form-coupon-toggle mb-4\">\r\n\t\t\t\tAvez-vous un code promo\u00a0? <a href=\"#\" role=\"button\" aria-label=\"Saisissez votre code promo\" aria-controls=\"woocommerce-checkout-form-coupon\" aria-expanded=\"false\" class=\"showcoupon text-v-dark text-uppercase font-weight-bold\" data-no-translation-aria-label=\"\">Enter your code<\/a>\t\t\t<\/div>\r\n\t\t\r\n\t\t\t\t\t<form class=\"checkout_coupon woocommerce-form-coupon\" method=\"post\" style=\"display:none\" id=\"woocommerce-checkout-form-coupon\" action=\"\">\r\n\t\t\t\t<div class=\"featured-box align-left\">\r\n\t\t\t\t\t<div class=\"box-content\">\r\n\t\t\t\t\t\t<label for=\"coupon_code\" class=\"screen-reader-text\" data-no-translation=\"\" data-trp-gettext=\"\">Code promo\u00a0:<\/label>\r\n\t\t\t\t\t\t<p class=\"form-row form-row-first\">\r\n\t\t\t\t\t\t\t<input type=\"text\" name=\"coupon_code\" class=\"input-text\" placeholder=\"Code promo\" id=\"coupon_code\" value=\"\" data-no-translation-placeholder=\"\" \/>\r\n\t\t\t\t\t\t<\/p>\r\n\t\t\t\t\t\t<p class=\"form-row form-row-last\">\r\n\t\t\t\t\t\t\t<button type=\"submit\" class=\"btn button wc-action-btn wc-action-sm\" name=\"apply_coupon\" value=\"Appliquer le code promo\" data-no-translation=\"\" data-trp-gettext=\"\" data-no-translation-value=\"\">Appliquer le code promo<\/button>\r\n\t\t\t\t\t\t<\/p>\r\n\t\t\t\t\t\t<div class=\"clear\"><\/div>\r\n\t\t\t\t\t<\/div>\r\n\t\t\t\t<\/div>\r\n\t\t\t<input type=\"hidden\" name=\"trp-form-language\" value=\"fr\"\/><\/form>\r\n\r\n<div class=\"woocommerce-notices-wrapper\"><\/div>\r\n<form name=\"checkout\" method=\"post\" class=\"checkout woocommerce-checkout\" action=\"https:\/\/saffir.ma\/fr\/checkout\/\" enctype=\"multipart\/form-data\" aria-label=\"Commander\" data-no-translation-aria-label=\"\" data-trp-original-action=\"https:\/\/saffir.ma\/fr\/checkout\/\">\r\n\r\n\t\r\n\t\t\r\n\t\t<div class=\"row\" id=\"customer_details\">\r\n\t\t\t<div class=\"col-lg-7\">\r\n\t\t\t\t<div class=\"align-left\">\r\n\t\t\t\t\t<div class=\"box-content\">\r\n\t\t\t\t\t\t<wc-order-attribution-inputs><\/wc-order-attribution-inputs><div class=\"woocommerce-billing-fields clearfix\">\r\n\t\r\n\t\t<h3 data-no-translation=\"\" data-trp-gettext=\"\">Facturation &amp; Exp\u00e9dition<\/h3>\r\n\r\n\t\r\n\t\r\n\t<div class=\"woocommerce-billing-fields__field-wrapper\">\r\n\t\t<p class=\"form-row\" id=\"extra_field\" data-priority=\"\"><span class=\"woocommerce-input-wrapper\"><input type=\"text\" class=\"input-text\" name=\"extra\" id=\"extra\" placeholder=\"\"  value=\"\"  \/><\/span><\/p><p class=\"form-row\" id=\"fields_field\" data-priority=\"\"><span class=\"woocommerce-input-wrapper\"><input type=\"text\" class=\"input-text\" name=\"fields\" id=\"fields\" placeholder=\"\"  value=\"\"  \/><\/span><\/p>\t<\/div>\r\n\r\n\t<wc-order-attribution-inputs><\/wc-order-attribution-inputs><\/div>\r\n\r\n\t<div class=\"woocommerce-account-fields mt-3\">\r\n\t\t\r\n\t\t\t<p class=\"form-row form-row-wide create-account porto-checkbox\">\r\n\t\t\t\t<input class=\"woocommerce-form__input woocommerce-form__input-checkbox input-checkbox porto-control-input\" id=\"createaccount\"  type=\"checkbox\" name=\"createaccount\" value=\"1\" \/>\r\n\t\t\t\t<label class=\"woocommerce-form__label woocommerce-form__label-for-checkbox form-check porto-control-label ps-1 font-size-md\" for=\"createaccount\"><span data-no-translation=\"\" data-trp-gettext=\"\">Cr\u00e9er un compte\u00a0?<\/span><\/label>\r\n\t\t\t<\/p>\r\n\r\n\t\t\r\n\t\t\r\n\t\t\r\n\t\t\t<\/div>\r\n\t\t\t\t\t\t<wc-order-attribution-inputs><\/wc-order-attribution-inputs><div class=\"woocommerce-shipping-fields mb-4\">\r\n\t\r\n\t\t<div id=\"ship-to-different-address\" class=\"porto-checkbox\">\r\n\t\t\t<input id=\"ship-to-different-address-checkbox\" class=\"woocommerce-form__input woocommerce-form__input-checkbox input-checkbox porto-control-input\"  checked='checked' type=\"checkbox\" name=\"ship_to_different_address\" value=\"1\" \/>\r\n\t\t\t<label class=\"woocommerce-form__label woocommerce-form__label-for-checkbox checkbox porto-control-label ps-1 font-size-md\" for=\"ship-to-different-address-checkbox\">\r\n\t\t\t\t<span data-no-translation=\"\" data-trp-gettext=\"\">Exp\u00e9dier \u00e0 une adresse diff\u00e9rente\u00a0?<\/span>\r\n\t\t\t<\/label>\r\n\t\t<\/div>\r\n\r\n\t\t<div class=\"shipping_address\">\r\n\r\n\t\t\t\r\n\t\t\t<div class=\"woocommerce-shipping-fields__field-wrapper\">\r\n\t\t\t\t<p class=\"form-row\" id=\"extra_field\" data-priority=\"\"><span class=\"woocommerce-input-wrapper\"><input type=\"text\" class=\"input-text\" name=\"extra\" id=\"extra\" placeholder=\"\"  value=\"\"  \/><\/span><\/p><p class=\"form-row\" id=\"fields_field\" data-priority=\"\"><span class=\"woocommerce-input-wrapper\"><input type=\"text\" class=\"input-text\" name=\"fields\" id=\"fields\" placeholder=\"\"  value=\"\"  \/><\/span><\/p>\t\t\t<\/div>\r\n\r\n\t\t\t\r\n\t\t<\/div>\r\n\r\n\t<\/div>\r\n<div class=\"woocommerce-additional-fields\">\r\n\t\r\n\t\r\n\t\t\r\n\t\t\t<h3 data-no-translation=\"\" data-trp-gettext=\"\">Informations compl\u00e9mentaires<\/h3>\r\n\r\n\t\t\r\n\t\t<div class=\"woocommerce-additional-fields__field-wrapper\">\r\n\t\t\t\t\t\t\t<p class=\"form-row\" id=\"extra_field\" data-priority=\"\"><span class=\"woocommerce-input-wrapper\"><input type=\"text\" class=\"input-text\" name=\"extra\" id=\"extra\" placeholder=\"\"  value=\"\"  \/><\/span><\/p>\t\t\t\t\t\t\t<p class=\"form-row\" id=\"fields_field\" data-priority=\"\"><span class=\"woocommerce-input-wrapper\"><input type=\"text\" class=\"input-text\" name=\"fields\" id=\"fields\" placeholder=\"\"  value=\"\"  \/><\/span><\/p>\t\t\t\t\t<\/div>\r\n\r\n\t\r\n\t<wc-order-attribution-inputs><\/wc-order-attribution-inputs><\/div>\r\n\t\t\t\t\t<\/div>\r\n\t\t\t\t<\/div>\r\n\t\t\t<\/div>\r\n\t\t\t<div class=\"col-lg-5\">\r\n\t\t\t\t<div class=\"align-left\">\r\n\t\t\t\t\t<div class=\"checkout-order-review align-left\">\r\n\t\t\t\t\t\t<div class=\"box-content featured-boxes\">\r\n\t\t\t\t\t\t\t<h3 id=\"order_review_heading\" class=\"text-md text-uppercase\" data-no-translation=\"\" data-trp-gettext=\"\">Votre commande<\/h3>\r\n\r\n\t\t\t\t\t\t\t\r\n\t\t\t\t\t\t\t<div id=\"order_review\" class=\"woocommerce-checkout-review-order\">\r\n\t\t\t\t\t\t\t\t\r\n<table class=\"shop_table review-order woocommerce-checkout-review-order-table mb-0\">\r\n\t<thead>\r\n\t\t<tr>\r\n\t\t\t<th colspan=\"2\" class=\"product-name\"><h4 class=\"mb-0\" data-no-translation=\"\" data-trp-gettext=\"\">Produit<\/h4><\/th>\r\n\t\t<\/tr>\r\n\t<\/thead>\r\n\t<tbody>\r\n\t\t\t\t\t\t\t<tr class=\"border-bottom-0 cart_item\" data-key=\"19485224d128528da1602ca47383f078\">\r\n\t\t\t\t\t\t\t\t\t\t\t\t\t<td class=\"product-checkout-wrap\">\r\n\t\t\t\t\t\t\t\t<div class=\"product-thumbnail position-relative\">\r\n\t\t\t\t\t\t\t\t\t<a href=\"https:\/\/saffir.ma\/fr\/produit\/yara-tous\/\"><img fetchpriority=\"high\" decoding=\"async\" width=\"300\" height=\"300\" src=\"https:\/\/saffir.ma\/wp-content\/uploads\/2025\/08\/yara-tous-300x300.webp\" class=\"attachment-woocommerce_thumbnail size-woocommerce_thumbnail\" alt=\"Parfum Yara Tous \u2013 Lattafa\" \/><\/a>\t\t\t\t\t\t\t\t<\/div>\r\n\t\t\t\t\t\t\t\t<div class=\"product-content\">\r\n\t\t\t\t\t\t\t\t\t<div class=\"product-name\">\r\n\t\t\t\t\t\t\t\t\t\tParfum Yara Tous \u2013 Lattafa&nbsp;\t\t\t\t\t\t\t\t\t\t\r\n\t\t\t\t\t\t\t\t\t\t\t\t\t\t\t\t\t\t\t\t<a href=\"https:\/\/saffir.ma\/fr\/cart\/?remove_item=19485224d128528da1602ca47383f078&#038;_wpnonce=ffc06a5c32\" class=\"remove remove-product position-absolute\" aria-label=\"Retirer Parfum Yara Tous \u2013 Lattafa du panier\" data-product_id=\"4402\" data-product_sku=\"\" data-no-translation-aria-label=\"\"><\/a>\t\t\t\t\t\t\t\t\t<\/div>\r\n\t\t\t\t\t\t\t\t\t<div class=\"product-price\">\r\n\t\t\t\t\t\t\t\t\t\t<div>\r\n\t\t\t\t\t\t\t\t\t\t\t\t<div class=\"quantity buttons_added extra-type\">\r\n\t\t\t\t<button type=\"button\" value=\"-\" class=\"minus\">-<\/button>\r\n\t\t<input\r\n\t\t\ttype=\"number\"\r\n\t\t\tid=\"quantity_e6e58cdb7524fda00ce7507e63a13926\"\r\n\t\t\tclass=\"input-text qty text\"\r\n\t\t\tstep=\"1\"\r\n\t\t\tmin=\"0\"\r\n\t\t\t\t\t\tname=\"quantity\"\r\n\t\t\tvalue=\"1\"\r\n\t\t\taria-label=\"Quantit\u00e9 de produits\"\r\n\t\t\t\t\tplaceholder=\"\"\t\t\tinputmode=\"numeric\" data-no-translation-aria-label=\"\" \/>\r\n\t\t<button type=\"button\" value=\"+\" class=\"plus\">+<\/button>\r\n\t\t\t<\/div>\r\n\t\t\t\t\t\t\t\t\t\t\t<\/div>\r\n\t\t\t\t\t\t\t\t\t\t<div class=\"product-total\">\r\n\t\t\t\t\t\t\t\t\t\t\t<span class=\"woocommerce-Price-amount amount\"><bdi><span class=\"woocommerce-Price-currencySymbol\">DH<\/span>&nbsp;220,00<\/bdi><\/span>\t\t\t\t\t\t\t\t\t\t<\/div>\r\n\t\t\t\t\t\t\t\t\t<\/div>\r\n\t\t\t\t\t\t\t\t<\/div>\r\n\t\t\t\t\t\t\t<\/td>\r\n\t\t\t\t\t\t\t\t\t\t\t<\/tr>\r\n\t\t\t\t\t\t<\/tbody>\r\n\t<tfoot>\r\n\r\n\t\t<tr class=\"cart-subtotal\">\r\n\t\t\t<th><h4 class=\"mb-0\" data-no-translation=\"\" data-trp-gettext=\"\">Sous-total<\/h4><\/th>\r\n\t\t\t<td><span class=\"woocommerce-Price-amount amount\"><bdi><span class=\"woocommerce-Price-currencySymbol\">DH<\/span>&nbsp;220,00<\/bdi><\/span><\/td>\r\n\t\t<\/tr>\r\n\r\n\t\t\r\n\t\t\r\n\t\t\r\n\t\t\t\r\n\t\t\t\t<tr class=\"woocommerce-shipping-totals shipping\">\r\n\t\t<td colspan=\"2\" class=\"text-start\" data-title=\"Exp\u00e9dition\" data-no-translation-data-title=\"\">\r\n\t\t\t<h4 class=\"m-b-sm\" data-no-translation=\"\" data-trp-gettext=\"\" >Exp\u00e9dition<\/h4>\r\n\t\t\t\t\t\t\t<ul id=\"shipping_method\" class=\"woocommerce-shipping-methods\">\r\n\t\t\t\t\t\t\t\t\t\t\t<li>\r\n\t\t\t\t\t\t\t<div class=\"porto-radio porto-control-disable\">\r\n\t\t\t\t\t\t\t\t<input type=\"hidden\" name=\"shipping_method[0]\" data-index=\"0\" id=\"shipping_method_0_flat_rate27\" value=\"flat_rate:27\" class=\"shipping_method porto-control-input\" \/><label class=\"porto-control-label text-capitalize font-weight-normal\" for=\"shipping_method_0_flat_rate27\">Forfait: <span class=\"woocommerce-Price-amount amount\"><bdi><span class=\"woocommerce-Price-currencySymbol\">DH<\/span>&nbsp;35,00<\/bdi><\/span><\/label>\t\t\t\t\t\t\t<\/div>\r\n\t\t\t\t\t\t<\/li>\r\n\t\t\t\t\t\t\t\t\t<\/ul>\r\n\t\t\t\t\t\t\t\t\r\n\t\t\t\r\n\t\t\t\t\t<\/td>\r\n\t<\/tr>\r\n\r\n\t\t\t\r\n\t\t\r\n\t\t\r\n\t\t\r\n\t\t\n    <tr class=\"shipping-custom\">\n        <th>Livraison<\/th>\n        <td>35 DH<\/td>\n    <\/tr>\n\n    \r\n\t\t<tr class=\"order-total\">\r\n\t\t\t<th><h4 class=\"text-md my-3\" data-no-translation=\"\" data-trp-gettext=\"\">Total<\/h4><\/th>\r\n\t\t\t<td><strong><span class=\"woocommerce-Price-amount amount\"><bdi><span class=\"woocommerce-Price-currencySymbol\">DH<\/span>&nbsp;255,00<\/bdi><\/span><\/strong> <\/td>\r\n\t\t<\/tr>\r\n\r\n\t\t\r\n\t<\/tfoot>\r\n<\/table>\r\n\r\n<div id=\"payment\" class=\"woocommerce-checkout-payment\">\r\n\t                <div class=\"porto-free-shipping\">\r\n                    <div class=\"porto-free-shipping-notice\">\r\n                        <i class=\"porto-icon-package\"><\/i>\r\n                        <label>\r\n                            Add <span class=\"woocommerce-Price-amount amount\"><bdi><span class=\"woocommerce-Price-currencySymbol\">DH<\/span>&nbsp;580,00<\/bdi><\/span> to cart and get free shipping!                        <\/label>\r\n                    <\/div>\r\n                    <progress class=\"porto-free-shipping-bar porto-scroll-progress\" max=\"100\" value=\"27\"><\/progress>\r\n                <\/div>\r\n            \t\r\n\t\t\t<div class=\"porto-separator m-b-md\"><hr class=\"separator-line  align_center\"><\/div>\r\n\t\t<h4 class=\"px-2\" data-no-translation=\"\" data-trp-gettext=\"\">Moyens de paiement<\/h4>\r\n\t\t<ul class=\"wc_payment_methods payment_methods methods px-2\">\r\n\t\t\t<li class=\"wc_payment_method payment_method_cod\">\r\n\t<div class=\"porto-radio\">\r\n\t\t<input id=\"payment_method_cod\" type=\"radio\" class=\"input-radio porto-control-input\" name=\"payment_method\" value=\"cod\"  checked='checked' data-order_button_text=\"\" \/>\r\n\r\n\t\t<label class=\"porto-control-label\" for=\"payment_method_cod\">\r\n\t\t\tA la livraison - \u0627\u0644\u062f\u0641\u0639 \u0646\u0642\u062f\u0627\u064b \u0639\u0646\u062f \u0627\u0644\u0627\u0633\u062a\u0644\u0627\u0645 \t\t<\/label>\r\n\t<\/div>\r\n\t<\/li>\r\n\t\t<\/ul>\r\n\t\t<div class=\"porto-separator m-b-lg\"><hr class=\"separator-line  align_center\"><\/div>\r\n\t\t<div class=\"form-row place-order\">\r\n\t\t<noscript>\r\n\t\t\t\t\t\tVotre navigateur ne supporte pas JavaScript ou bien il est d\u00e9sactiv\u00e9, assurez vous de cliquer sur le bouton <em>Mise \u00e0 Jour Totaux<\/em> avant de passer votre commande. Vous pouvez \u00eatre factur\u00e9 plus que le montant indiqu\u00e9 ci-dessus si vous omettez de le faire.\t\t\t<br\/><button type=\"submit\" class=\"button alt\" name=\"woocommerce_checkout_update_totals\" value=\"Mise \u00e0 jour des totaux\" data-no-translation=\"\" data-trp-gettext=\"\" data-no-translation-value=\"\">Mise \u00e0 jour des totaux<\/button>\r\n\t\t<\/noscript>\r\n\r\n\t\t\t<div class=\"woocommerce-terms-and-conditions-wrapper\">\n\t\t<div class=\"woocommerce-privacy-policy-text\"><\/div><p class=\"cr-customer-consent\"><label class=\"woocommerce-form__label woocommerce-form__label-for-checkbox checkbox\"><input type=\"checkbox\" class=\"woocommerce-form__input woocommerce-form__input-checkbox input-checkbox cr-customer-consent-checkbox\" name=\"cr_customer_consent\" id=\"cr_customer_consent\" \/><span class=\"woocommerce-terms-and-conditions-checkbox-text\">Souhaitez-vous recevoir une invitation \u00e0 donner votre avis sur votre commande\u00a0? Cliquez ici pour recevoir un message de CusRev (un service d\u2018avis ind\u00e9pendant) avec un formulaire d\u2018avis.<\/span><\/label><input type=\"hidden\" name=\"cr_customer_consent_field\" value=\"1\" \/><\/p>\n\t\t\t<\/div>\n\t\r\n\t\t\r\n\t\t\r\n\t\t<button type=\"submit\" class=\"button alt btn-v-dark w-100 mt-3 py-3\" name=\"woocommerce_checkout_place_order\" id=\"place_order\" value=\"\u062a\u0642\u062f\u064a\u0645 \u0627\u0644\u0637\u0644\u0628\" data-value=\"\u062a\u0642\u062f\u064a\u0645 \u0627\u0644\u0637\u0644\u0628\">Commander<\/button>\r\n\t\t\r\n\t\t<input type=\"hidden\" id=\"woocommerce-process-checkout-nonce\" name=\"woocommerce-process-checkout-nonce\" value=\"35e6b7c712\" \/><input type=\"hidden\" name=\"_wp_http_referer\" value=\"\/fr\/wp-json\/wp\/v2\/pages\/17\" \/>\t<\/div>\r\n<\/div>\r\n\t\t\t\t\t\t\t<\/div>\r\n\r\n\t\t\t\t\t\t\t\t\t\t\t\t\t<\/div>\r\n\t\t\t\t\t<\/div>\r\n\t\t\t\t<\/div>\r\n\t\t\t<\/div>\r\n\t\t<\/div>\r\n\t\t<wc-order-attribution-inputs><\/wc-order-attribution-inputs>\t\t\t\t\r\n\t<input type=\"hidden\" name=\"trp-form-language\" value=\"fr\"\/><\/form>\r\n<\/div>","protected":false},"excerpt":{"rendered":"","protected":false},"author":1,"featured_media":0,"parent":0,"menu_order":0,"comment_status":"closed","ping_status":"closed","template":"","meta":{"_acf_changed":false,"content-type":"","footnotes":""},"class_list":["post-17","page","type-page","status-publish","hentry"],"acf":[],"jetpack_sharing_enabled":true,"_links":{"self":[{"href":"https:\/\/saffir.ma\/fr\/wp-json\/wp\/v2\/pages\/17","targetHints":{"allow":["GET"]}}],"collection":[{"href":"https:\/\/saffir.ma\/fr\/wp-json\/wp\/v2\/pages"}],"about":[{"href":"https:\/\/saffir.ma\/fr\/wp-json\/wp\/v2\/types\/page"}],"author":[{"embeddable":true,"href":"https:\/\/saffir.ma\/fr\/wp-json\/wp\/v2\/users\/1"}],"replies":[{"embeddable":true,"href":"https:\/\/saffir.ma\/fr\/wp-json\/wp\/v2\/comments?post=17"}],"version-history":[{"count":3,"href":"https:\/\/saffir.ma\/fr\/wp-json\/wp\/v2\/pages\/17\/revisions"}],"predecessor-version":[{"id":5791,"href":"https:\/\/saffir.ma\/fr\/wp-json\/wp\/v2\/pages\/17\/revisions\/5791"}],"wp:attachment":[{"href":"https:\/\/saffir.ma\/fr\/wp-json\/wp\/v2\/media?parent=17"}],"curies":[{"name":"wp","href":"https:\/\/api.w.org\/{rel}","templated":true}]}}