{"id":3099,"date":"2024-02-11T21:23:24","date_gmt":"2024-02-11T21:23:24","guid":{"rendered":"https:\/\/saffir.ma\/?page_id=3099"},"modified":"2026-01-09T14:44:10","modified_gmt":"2026-01-09T14:44:10","slug":"about-us","status":"publish","type":"page","link":"https:\/\/saffir.ma\/fr\/about-us\/","title":{"rendered":"\u00c0 propos"},"content":{"rendered":"<div data-elementor-type=\"wp-page\" data-elementor-id=\"3099\" class=\"elementor elementor-3099\">\n\t\t\t\t<div class=\"elementor-element elementor-element-855c9d3 e-flex e-con-boxed e-con e-parent\" data-id=\"855c9d3\" data-element_type=\"container\" data-e-type=\"container\">\r\n\t\t\t\t\t<div class=\"e-con-inner\">\r\n\t\t\t\t<div class=\"elementor-element elementor-element-3fe08f6 elementor-widget elementor-widget-porto_ultimate_heading\" data-id=\"3fe08f6\" data-element_type=\"widget\" data-e-type=\"widget\" data-widget_type=\"porto_ultimate_heading.default\">\n\t\t\t\t<div class=\"elementor-widget-container\">\n\t\t\t\t\t<div class=\"porto-u-heading  porto-u-55ca8359258f9a412be7e73af65d2aac\"><div class=\"porto-u-main-heading\"><h2   >\u00c0 propos<\/h2><\/div><style>.porto-u-55ca8359258f9a412be7e73af65d2aac.porto-u-heading{text-align:center}<\/style><\/div>\t\t\t\t<\/div>\n\t\t\t\t<\/div>\n\t\t\t\t\t<\/div>\n\t\t\t\t<\/div>\n\t\t<div class=\"elementor-element elementor-element-c265e08 e-flex e-con-boxed e-con e-parent\" data-id=\"c265e08\" data-element_type=\"container\" data-e-type=\"container\">\r\n\t\t\t\t\t<div class=\"e-con-inner\">\r\n\t\t\t\t<div class=\"elementor-element elementor-element-f5fe2b0 elementor-widget elementor-widget-porto_ultimate_heading\" data-id=\"f5fe2b0\" data-element_type=\"widget\" data-e-type=\"widget\" data-widget_type=\"porto_ultimate_heading.default\">\n\t\t\t\t<div class=\"elementor-widget-container\">\n\t\t\t\t\t<div class=\"porto-u-heading  porto-u-deedcbb7371acea8894cf5880bfdad9c\"><div class=\"porto-u-main-heading\"><h4   >Bienvenue \u00e0 Saffir <\/h4><\/div><style>.porto-u-deedcbb7371acea8894cf5880bfdad9c.porto-u-heading{text-align:right}<\/style><\/div>\t\t\t\t<\/div>\n\t\t\t\t<\/div>\n\t\t\t\t<div class=\"elementor-element elementor-element-8cca9be elementor-widget elementor-widget-text-editor\" data-id=\"8cca9be\" data-element_type=\"widget\" data-e-type=\"widget\" data-widget_type=\"text-editor.default\">\n\t\t\t\t<div class=\"elementor-widget-container\">\n\t\t\t\t\t\t\t\t\t<p>Saffir est une boutique en ligne sp\u00e9cialis\u00e9e dans la vente de produits marocains authentiques, de cosm\u00e9tiques naturels et biologiques et de parfums orientaux et fran\u00e7ais. Nous s\u00e9lectionnons avec soin chaque produit afin de garantir qualit\u00e9, authenticit\u00e9 et bien-\u00eatre..<\/p><p>Notre expertise met en valeur des tr\u00e9sors embl\u00e9matiques du Maroc tels que le safran, le miel naturel, l\u2019amlou et d\u2019autres ingr\u00e9dients issus du savoir-faire artisanal marocain, reconnus pour leurs bienfaits et leur richesse naturelle.<\/p><p>Chez Saffir, nous croyons au pouvoir des ingr\u00e9dients naturels pour le soin de la peau. C\u2019est pourquoi nous proposons une gamme de cosm\u00e9tiques bio et naturels qui nourrissent, hydratent et subliment la peau tout en offrant une exp\u00e9rience sensorielle unique.<\/p><p>Nous proposons \u00e9galement une large collection de parfums orientaux et fran\u00e7ais, m\u00ealant traditions ancestrales et \u00e9l\u00e9gance moderne, pour satisfaire toutes les pr\u00e9f\u00e9rences olfactives.<\/p><p>Choisir Saffir, c\u2019est opter pour une exp\u00e9rience d\u2019achat en ligne authentique, des produits de qualit\u00e9 sup\u00e9rieure et une invitation au bien-\u00eatre, \u00e0 la beaut\u00e9 naturelle et au raffinement.<\/p><p>Bien cordialement,<\/p><p>L\u2019\u00e9quipe Saffir<\/p>\t\t\t\t\t\t\t\t<\/div>\n\t\t\t\t<\/div>\n\t\t\t\t\t<\/div>\n\t\t\t\t<\/div>\n\t\t\t\t<\/div>","protected":false},"excerpt":{"rendered":"<p>\u0646\u0628\u0630\u0629 \u0639\u0646\u0627 Saffir \u0645\u0631\u062d\u0628\u0627\u064b \u0628\u0643 \u0641\u064a \u0646\u062d\u0646 \u0641\u062e\u0648\u0631\u0648\u0646 \u0628\u0623\u0646 \u0646\u0642\u062f\u0645 \u0644\u0643 \u0645\u062c\u0645\u0648\u0639\u0629 \u0645\u062e\u062a\u0627\u0631\u0629 \u0628\u0639\u0646\u0627\u064a\u0629 \u0645\u0646 \u0627\u0644\u0645\u0646\u062a\u062c\u0627\u062a \u0627\u0644\u0645\u063a\u0631\u0628\u064a\u0629 \u0627\u0644\u0623\u0635\u064a\u0644\u0629 \u0648\u0645\u0646\u062a\u062c\u0627\u062a \u0627\u0644\u062a\u062c\u0645\u064a\u0644 \u0627\u0644\u0637\u0628\u064a\u0639\u064a\u0629 \u0648\u0627\u0644\u0639\u0636\u0648\u064a\u0629. \u062a\u0631\u0643\u0651\u0632 \u062e\u0628\u0631\u062a\u0646\u0627 \u0639\u0644\u0649 \u0643\u0646\u0648\u0632 \u0645\u062b\u0644 \u0627\u0644\u0632\u0639\u0641\u0631\u0627\u0646 \u0648\u0627\u0644\u0639\u0633\u0644 \u0648\u0627\u0644\u0623\u0645\u0644\u0648 \u0648\u063a\u064a\u0631\u0647\u0627 \u0627\u0644\u0643\u062b\u064a\u0631\u060c \u0648\u0643\u0644\u0647\u0627 \u0645\u0646\u062a\u062c\u0627\u062a \u0627\u062e\u062a\u064a\u0631\u062a \u0644\u062c\u0648\u062f\u062a\u0647\u0627 \u0627\u0644\u0627\u0633\u062a\u062b\u0646\u0627\u0626\u064a\u0629 \u0648\u0623\u0635\u0627\u0644\u062a\u0647\u0627 \u0627\u0644\u0623\u0635\u0644\u064a\u0629. \u064a\u062d\u0645\u0644 \u0643\u0644 \u0645\u0646\u062a\u062c \u0646\u0642\u062f\u0645\u0647 \u0642\u0635\u0629 \u0648\u062a\u0642\u0627\u0644\u064a\u062f \u0648\u062d\u0631\u0641\u064a\u0629 \u0627\u0644\u0645\u0646\u062a\u062c\u064a\u0646 \u0627\u0644\u0645\u062d\u0644\u064a\u064a\u0646 \u0627\u0644\u0634\u063a\u0648\u0641\u064a\u0646 \u0628\u0627\u0644\u062d\u0631\u0641 \u0627\u0644\u064a\u062f\u0648\u064a\u0629. \u0646\u0624\u0645\u0646 \u0641\u064a \u0635\u0627\u0641\u064a\u0631 \u0628\u0642\u062f\u0631\u0629 [&hellip;]<\/p>","protected":false},"author":1,"featured_media":0,"parent":0,"menu_order":0,"comment_status":"closed","ping_status":"closed","template":"","meta":{"_acf_changed":false,"content-type":"","footnotes":""},"class_list":["post-3099","page","type-page","status-publish","hentry"],"acf":[],"jetpack_sharing_enabled":true,"_links":{"self":[{"href":"https:\/\/saffir.ma\/fr\/wp-json\/wp\/v2\/pages\/3099","targetHints":{"allow":["GET"]}}],"collection":[{"href":"https:\/\/saffir.ma\/fr\/wp-json\/wp\/v2\/pages"}],"about":[{"href":"https:\/\/saffir.ma\/fr\/wp-json\/wp\/v2\/types\/page"}],"author":[{"embeddable":true,"href":"https:\/\/saffir.ma\/fr\/wp-json\/wp\/v2\/users\/1"}],"replies":[{"embeddable":true,"href":"https:\/\/saffir.ma\/fr\/wp-json\/wp\/v2\/comments?post=3099"}],"version-history":[{"count":35,"href":"https:\/\/saffir.ma\/fr\/wp-json\/wp\/v2\/pages\/3099\/revisions"}],"predecessor-version":[{"id":4914,"href":"https:\/\/saffir.ma\/fr\/wp-json\/wp\/v2\/pages\/3099\/revisions\/4914"}],"wp:attachment":[{"href":"https:\/\/saffir.ma\/fr\/wp-json\/wp\/v2\/media?parent=3099"}],"curies":[{"name":"wp","href":"https:\/\/api.w.org\/{rel}","templated":true}]}}