{"id":3225,"date":"2024-02-13T17:16:44","date_gmt":"2024-02-13T17:16:44","guid":{"rendered":"https:\/\/saffir.ma\/?page_id=3225"},"modified":"2026-01-10T20:25:06","modified_gmt":"2026-01-10T20:25:06","slug":"payment-policy","status":"publish","type":"page","link":"https:\/\/saffir.ma\/fr\/payment-policy\/","title":{"rendered":"Politique de paiement"},"content":{"rendered":"<div data-elementor-type=\"wp-page\" data-elementor-id=\"3225\" class=\"elementor elementor-3225\">\n\t\t\t\t<div class=\"elementor-element elementor-element-dd12243 e-flex e-con-boxed e-con e-parent\" data-id=\"dd12243\" data-element_type=\"container\" data-e-type=\"container\">\r\n\t\t\t\t\t<div class=\"e-con-inner\">\r\n\t\t\t\t<div class=\"elementor-element elementor-element-8888514 elementor-widget elementor-widget-porto_ultimate_heading\" data-id=\"8888514\" data-element_type=\"widget\" data-e-type=\"widget\" data-widget_type=\"porto_ultimate_heading.default\">\n\t\t\t\t<div class=\"elementor-widget-container\">\n\t\t\t\t\t<div class=\"porto-u-heading  porto-u-bd11424de395366805213f3c847c9ae4\"><div class=\"porto-u-main-heading\"><h2   >Politique de paiement<\/h2><\/div><style>.porto-u-bd11424de395366805213f3c847c9ae4.porto-u-heading{text-align:center}<\/style><\/div>\t\t\t\t<\/div>\n\t\t\t\t<\/div>\n\t\t\t\t\t<\/div>\n\t\t\t\t<\/div>\n\t\t<div class=\"elementor-element elementor-element-64230c4 e-flex e-con-boxed e-con e-parent\" data-id=\"64230c4\" data-element_type=\"container\" data-e-type=\"container\">\r\n\t\t\t\t\t<div class=\"e-con-inner\">\r\n\t\t\t\t<div class=\"elementor-element elementor-element-ad426b4 elementor-widget elementor-widget-text-editor\" data-id=\"ad426b4\" data-element_type=\"widget\" data-e-type=\"widget\" data-widget_type=\"text-editor.default\">\n\t\t\t\t<div class=\"elementor-widget-container\">\n\t\t\t\t\t\t\t\t\t<p>Nous souhaitons vous offrir une exp\u00e9rience d\u2019achat s\u00e9curis\u00e9e et pratique. Cette politique de paiement a pour objectif de vous aider \u00e0 comprendre les options de paiement disponibles ainsi que les mesures de s\u00e9curit\u00e9 mises en place.<\/p>\t\t\t\t\t\t\t\t<\/div>\n\t\t\t\t<\/div>\n\t\t\t\t\t<\/div>\n\t\t\t\t<\/div>\n\t\t<div class=\"elementor-element elementor-element-21cede2 e-flex e-con-boxed e-con e-parent\" data-id=\"21cede2\" data-element_type=\"container\" data-e-type=\"container\">\r\n\t\t\t\t\t<div class=\"e-con-inner\">\r\n\t\t\t\t<div class=\"elementor-element elementor-element-c0de41e elementor-widget elementor-widget-porto_ultimate_heading\" data-id=\"c0de41e\" data-element_type=\"widget\" data-e-type=\"widget\" data-widget_type=\"porto_ultimate_heading.default\">\n\t\t\t\t<div class=\"elementor-widget-container\">\n\t\t\t\t\t<div class=\"porto-u-heading  porto-u-5fa6dc1570f29db4b7a02c93678c7a3a\"><div class=\"porto-u-main-heading\"><h4   >Options de paiement<\/h4><\/div><style>.porto-u-5fa6dc1570f29db4b7a02c93678c7a3a.porto-u-heading{text-align:right}<\/style><\/div>\t\t\t\t<\/div>\n\t\t\t\t<\/div>\n\t\t\t\t\t<\/div>\n\t\t\t\t<\/div>\n\t\t<div class=\"elementor-element elementor-element-023d1b2 e-flex e-con-boxed e-con e-parent\" data-id=\"023d1b2\" data-element_type=\"container\" data-e-type=\"container\">\r\n\t\t\t\t\t<div class=\"e-con-inner\">\r\n\t\t\t\t<div class=\"elementor-element elementor-element-cb99627 elementor-widget elementor-widget-text-editor\" data-id=\"cb99627\" data-element_type=\"widget\" data-e-type=\"widget\" data-widget_type=\"text-editor.default\">\n\t\t\t\t<div class=\"elementor-widget-container\">\n\t\t\t\t\t\t\t\t\t<p>Cartes de cr\u00e9dit \/ d\u00e9bit : Nous acceptons les principales cartes de cr\u00e9dit et de d\u00e9bit, notamment Visa, Mastercard, American Express, et autres. Les paiements par carte sont trait\u00e9s de mani\u00e8re s\u00e9curis\u00e9e via une passerelle de paiement en ligne.<br \/>Paiement en ligne : Nous proposons des options de paiement en ligne s\u00e9curis\u00e9es par l\u2019interm\u00e9diaire de prestataires de services de paiement fiables. Ces options peuvent inclure des portefeuilles \u00e9lectroniques ou des solutions de paiement tierces.<br \/>Virement bancaire : Vous pouvez choisir de payer par virement bancaire. Les instructions de virement vous seront communiqu\u00e9es lors de la commande. Votre commande sera exp\u00e9di\u00e9e apr\u00e8s r\u00e9ception et validation du paiement.<br \/>Paiement \u00e0 la livraison : Pour votre confort, nous proposons \u00e9galement le paiement en esp\u00e8ces \u00e0 la livraison. Vous pourrez r\u00e9gler votre commande au moment de sa r\u00e9ception.<\/p>\t\t\t\t\t\t\t\t<\/div>\n\t\t\t\t<\/div>\n\t\t\t\t\t<\/div>\n\t\t\t\t<\/div>\n\t\t<div class=\"elementor-element elementor-element-a35c643 e-flex e-con-boxed e-con e-parent\" data-id=\"a35c643\" data-element_type=\"container\" data-e-type=\"container\">\r\n\t\t\t\t\t<div class=\"e-con-inner\">\r\n\t\t\t\t<div class=\"elementor-element elementor-element-22136cf elementor-widget elementor-widget-porto_ultimate_heading\" data-id=\"22136cf\" data-element_type=\"widget\" data-e-type=\"widget\" data-widget_type=\"porto_ultimate_heading.default\">\n\t\t\t\t<div class=\"elementor-widget-container\">\n\t\t\t\t\t<div class=\"porto-u-heading  porto-u-5fa6dc1570f29db4b7a02c93678c7a3a\"><div class=\"porto-u-main-heading\"><h4   >S\u00e9curit\u00e9 des transactions<\/h4><\/div><style>.porto-u-5fa6dc1570f29db4b7a02c93678c7a3a.porto-u-heading{text-align:right}<\/style><\/div>\t\t\t\t<\/div>\n\t\t\t\t<\/div>\n\t\t\t\t\t<\/div>\n\t\t\t\t<\/div>\n\t\t<div class=\"porto_stretch_css stretch_row_css elementor-element elementor-element-700eee4 e-flex e-con-boxed e-con e-parent\" data-id=\"700eee4\" data-element_type=\"container\" data-e-type=\"container\">\r\n\t\t\t\t\t<div class=\"e-con-inner\">\r\n\t\t\t\t<div class=\"elementor-element elementor-element-1c64709 elementor-widget elementor-widget-text-editor\" data-id=\"1c64709\" data-element_type=\"widget\" data-e-type=\"widget\" data-widget_type=\"text-editor.default\">\n\t\t\t\t<div class=\"elementor-widget-container\">\n\t\t\t\t\t\t\t\t\t<p>Toutes les transactions effectu\u00e9es sur notre site web sont prot\u00e9g\u00e9es par des protocoles de chiffrement avanc\u00e9s afin de s\u00e9curiser vos informations personnelles et financi\u00e8res.<br \/>Nous ne conservons aucune donn\u00e9e de carte bancaire apr\u00e8s la finalisation de la transaction. Toutes les informations sensibles sont trait\u00e9es conform\u00e9ment aux normes de s\u00e9curit\u00e9 en vigueur.<br \/>Nous utilisons \u00e9galement des syst\u00e8mes de d\u00e9tection et de pr\u00e9vention de la fraude afin de garantir la s\u00e9curit\u00e9 de chaque transaction et de prot\u00e9ger nos clients contre toute activit\u00e9 frauduleuse.<\/p>\t\t\t\t\t\t\t\t<\/div>\n\t\t\t\t<\/div>\n\t\t\t\t\t<\/div>\n\t\t\t\t<\/div>\n\t\t<div class=\"elementor-element elementor-element-cb34e21 e-flex e-con-boxed e-con e-parent\" data-id=\"cb34e21\" data-element_type=\"container\" data-e-type=\"container\">\r\n\t\t\t\t\t<div class=\"e-con-inner\">\r\n\t\t\t\t<div class=\"elementor-element elementor-element-4c2079e elementor-widget elementor-widget-porto_ultimate_heading\" data-id=\"4c2079e\" data-element_type=\"widget\" data-e-type=\"widget\" data-widget_type=\"porto_ultimate_heading.default\">\n\t\t\t\t<div class=\"elementor-widget-container\">\n\t\t\t\t\t<div class=\"porto-u-heading  porto-u-5fa6dc1570f29db4b7a02c93678c7a3a\"><div class=\"porto-u-main-heading\"><h4   >Confirmation de paiement<\/h4><\/div><style>.porto-u-5fa6dc1570f29db4b7a02c93678c7a3a.porto-u-heading{text-align:right}<\/style><\/div>\t\t\t\t<\/div>\n\t\t\t\t<\/div>\n\t\t\t\t\t<\/div>\n\t\t\t\t<\/div>\n\t\t<div class=\"porto_stretch_css stretch_row_css elementor-element elementor-element-ea71e2e e-flex e-con-boxed e-con e-parent\" data-id=\"ea71e2e\" data-element_type=\"container\" data-e-type=\"container\">\r\n\t\t\t\t\t<div class=\"e-con-inner\">\r\n\t\t\t\t<div class=\"elementor-element elementor-element-b07ebbb elementor-widget elementor-widget-text-editor\" data-id=\"b07ebbb\" data-element_type=\"widget\" data-e-type=\"widget\" data-widget_type=\"text-editor.default\">\n\t\t\t\t<div class=\"elementor-widget-container\">\n\t\t\t\t\t\t\t\t\t<p>Une fois le paiement effectu\u00e9 avec succ\u00e8s, vous recevrez un e-mail de confirmation contenant un r\u00e9capitulatif de votre commande ainsi que les d\u00e9tails de livraison. En cas de question ou de probl\u00e8me concernant le paiement, notre service client reste \u00e0 votre disposition pour vous assister.<\/p>\t\t\t\t\t\t\t\t<\/div>\n\t\t\t\t<\/div>\n\t\t\t\t\t<\/div>\n\t\t\t\t<\/div>\n\t\t<div class=\"elementor-element elementor-element-f24bcbb e-flex e-con-boxed e-con e-parent\" data-id=\"f24bcbb\" data-element_type=\"container\" data-e-type=\"container\">\r\n\t\t\t\t\t<div class=\"e-con-inner\">\r\n\t\t\t\t<div class=\"elementor-element elementor-element-2135068 elementor-widget elementor-widget-porto_ultimate_heading\" data-id=\"2135068\" data-element_type=\"widget\" data-e-type=\"widget\" data-widget_type=\"porto_ultimate_heading.default\">\n\t\t\t\t<div class=\"elementor-widget-container\">\n\t\t\t\t\t<div class=\"porto-u-heading  porto-u-5fa6dc1570f29db4b7a02c93678c7a3a\"><div class=\"porto-u-main-heading\"><h4   >Facturation<\/h4><\/div><style>.porto-u-5fa6dc1570f29db4b7a02c93678c7a3a.porto-u-heading{text-align:right}<\/style><\/div>\t\t\t\t<\/div>\n\t\t\t\t<\/div>\n\t\t\t\t\t<\/div>\n\t\t\t\t<\/div>\n\t\t<div class=\"porto_stretch_css stretch_row_css elementor-element elementor-element-cdfd4ab e-flex e-con-boxed e-con e-parent\" data-id=\"cdfd4ab\" data-element_type=\"container\" data-e-type=\"container\">\r\n\t\t\t\t\t<div class=\"e-con-inner\">\r\n\t\t\t\t<div class=\"elementor-element elementor-element-acb627b elementor-widget elementor-widget-text-editor\" data-id=\"acb627b\" data-element_type=\"widget\" data-e-type=\"widget\" data-widget_type=\"text-editor.default\">\n\t\t\t\t<div class=\"elementor-widget-container\">\n\t\t\t\t\t\t\t\t\t<p>Une facture d\u00e9taill\u00e9e sera jointe \u00e0 votre commande. Si vous avez des exigences sp\u00e9cifiques en mati\u00e8re de facturation, veuillez contacter notre service client avant de finaliser votre commande.<\/p>\t\t\t\t\t\t\t\t<\/div>\n\t\t\t\t<\/div>\n\t\t\t\t\t<\/div>\n\t\t\t\t<\/div>\n\t\t\t\t<\/div>","protected":false},"excerpt":{"rendered":"<p>\u0633\u064a\u0627\u0633\u0629 \u0627\u0644\u062f\u0641\u0639 \u0646\u0631\u064a\u062f \u0623\u0646 \u0646\u0648\u0641\u0631 \u0644\u0643 \u062a\u062c\u0631\u0628\u0629 \u062a\u0633\u0648\u0642 \u0622\u0645\u0646\u0629 \u0648\u0645\u0631\u064a\u062d\u0629. \u0625\u0644\u064a\u0643 \u0633\u064a\u0627\u0633\u0629 \u0627\u0644\u062f\u0641\u0639 \u0627\u0644\u062e\u0627\u0635\u0629 \u0628\u0646\u0627 \u0644\u0645\u0633\u0627\u0639\u062f\u062a\u0643 \u0639\u0644\u0649 \u0641\u0647\u0645 \u0627\u0644\u062e\u064a\u0627\u0631\u0627\u062a \u0627\u0644\u0645\u062a\u0627\u062d\u0629 \u0648\u0627\u0644\u062a\u062f\u0627\u0628\u064a\u0631 \u0627\u0644\u0623\u0645\u0646\u064a\u0629 \u0627\u0644\u0645\u0639\u0645\u0648\u0644 \u0628\u0647\u0627: \u062e\u064a\u0627\u0631\u0627\u062a \u0627\u0644\u062f\u0641\u0639 \u0628\u0637\u0627\u0642\u0627\u062a \u0627\u0644\u0627\u0626\u062a\u0645\u0627\u0646\/\u0627\u0644\u062e\u0635\u0645: \u0646\u062d\u0646 \u0646\u0642\u0628\u0644 \u0628\u0637\u0627\u0642\u0627\u062a \u0627\u0644\u0627\u0626\u062a\u0645\u0627\u0646 \u0648\u0627\u0644\u062e\u0635\u0645 \u0627\u0644\u0631\u0626\u064a\u0633\u064a\u0629\u060c \u0628\u0645\u0627 \u0641\u064a \u0630\u0644\u0643 \u0641\u064a\u0632\u0627 \u0648\u0645\u0627\u0633\u062a\u0631\u0643\u0627\u0631\u062f \u0648\u0623\u0645\u0631\u064a\u0643\u0627\u0646 \u0625\u0643\u0633\u0628\u0631\u064a\u0633 \u0648\u063a\u064a\u0631\u0647\u0627. \u062a\u062a\u0645 \u0645\u0639\u0627\u0644\u062c\u0629 \u0645\u062f\u0641\u0648\u0639\u0627\u062a \u0627\u0644\u0628\u0637\u0627\u0642\u0627\u062a \u0628\u0634\u0643\u0644 \u0622\u0645\u0646 \u0645\u0646 \u062e\u0644\u0627\u0644 \u0628\u0648\u0627\u0628\u0629 \u0627\u0644\u062f\u0641\u0639 \u0639\u0628\u0631 \u0627\u0644\u0625\u0646\u062a\u0631\u0646\u062a.\u0627\u0644\u062f\u0641\u0639 \u0639\u0628\u0631 [&hellip;]<\/p>","protected":false},"author":1,"featured_media":0,"parent":0,"menu_order":0,"comment_status":"closed","ping_status":"closed","template":"","meta":{"_acf_changed":false,"content-type":"","footnotes":""},"class_list":["post-3225","page","type-page","status-publish","hentry"],"acf":[],"jetpack_sharing_enabled":true,"_links":{"self":[{"href":"https:\/\/saffir.ma\/fr\/wp-json\/wp\/v2\/pages\/3225","targetHints":{"allow":["GET"]}}],"collection":[{"href":"https:\/\/saffir.ma\/fr\/wp-json\/wp\/v2\/pages"}],"about":[{"href":"https:\/\/saffir.ma\/fr\/wp-json\/wp\/v2\/types\/page"}],"author":[{"embeddable":true,"href":"https:\/\/saffir.ma\/fr\/wp-json\/wp\/v2\/users\/1"}],"replies":[{"embeddable":true,"href":"https:\/\/saffir.ma\/fr\/wp-json\/wp\/v2\/comments?post=3225"}],"version-history":[{"count":50,"href":"https:\/\/saffir.ma\/fr\/wp-json\/wp\/v2\/pages\/3225\/revisions"}],"predecessor-version":[{"id":4876,"href":"https:\/\/saffir.ma\/fr\/wp-json\/wp\/v2\/pages\/3225\/revisions\/4876"}],"wp:attachment":[{"href":"https:\/\/saffir.ma\/fr\/wp-json\/wp\/v2\/media?parent=3225"}],"curies":[{"name":"wp","href":"https:\/\/api.w.org\/{rel}","templated":true}]}}