{"id":3290,"date":"2024-02-20T10:03:27","date_gmt":"2024-02-20T10:03:27","guid":{"rendered":"https:\/\/saffir.ma\/?page_id=3290"},"modified":"2026-04-26T23:01:17","modified_gmt":"2026-04-26T23:01:17","slug":"delivery-policy","status":"publish","type":"page","link":"https:\/\/saffir.ma\/fr\/delivery-policy\/","title":{"rendered":"Politique de livraison"},"content":{"rendered":"<div data-elementor-type=\"wp-page\" data-elementor-id=\"3290\" class=\"elementor elementor-3290\">\n\t\t\t\t<div class=\"elementor-element elementor-element-b189a5c e-flex e-con-boxed e-con e-parent\" data-id=\"b189a5c\" data-element_type=\"container\" data-e-type=\"container\">\r\n\t\t\t\t\t<div class=\"e-con-inner\">\r\n\t\t\t\t<div class=\"elementor-element elementor-element-18ef9bc elementor-widget elementor-widget-porto_ultimate_heading\" data-id=\"18ef9bc\" data-element_type=\"widget\" data-e-type=\"widget\" data-widget_type=\"porto_ultimate_heading.default\">\n\t\t\t\t<div class=\"elementor-widget-container\">\n\t\t\t\t\t<div class=\"porto-u-heading  porto-u-bd11424de395366805213f3c847c9ae4\"><div class=\"porto-u-main-heading\"><h2   >Politique de livraison<\/h2><\/div><style>.porto-u-bd11424de395366805213f3c847c9ae4.porto-u-heading{text-align:center}<\/style><\/div>\t\t\t\t<\/div>\n\t\t\t\t<\/div>\n\t\t\t\t\t<\/div>\n\t\t\t\t<\/div>\n\t\t<div class=\"elementor-element elementor-element-1ca7999 e-flex e-con-boxed e-con e-parent\" data-id=\"1ca7999\" data-element_type=\"container\" data-e-type=\"container\">\r\n\t\t\t\t\t<div class=\"e-con-inner\">\r\n\t\t\t\t<div class=\"elementor-element elementor-element-cae5140 elementor-widget elementor-widget-porto_ultimate_heading\" data-id=\"cae5140\" data-element_type=\"widget\" data-e-type=\"widget\" data-widget_type=\"porto_ultimate_heading.default\">\n\t\t\t\t<div class=\"elementor-widget-container\">\n\t\t\t\t\t<div class=\"porto-u-heading  porto-u-5fa6dc1570f29db4b7a02c93678c7a3a\"><div class=\"porto-u-main-heading\"><h4   >Politique de livraison et partenariats<\/h4><\/div><style>.porto-u-5fa6dc1570f29db4b7a02c93678c7a3a.porto-u-heading{text-align:right}<\/style><\/div>\t\t\t\t<\/div>\n\t\t\t\t<\/div>\n\t\t\t\t\t<\/div>\n\t\t\t\t<\/div>\n\t\t<div class=\"porto_stretch_css stretch_row_content_css elementor-element elementor-element-0392f7a e-flex e-con-boxed e-con e-parent\" data-id=\"0392f7a\" data-element_type=\"container\" data-e-type=\"container\">\r\n\t\t\t\t\t<div class=\"e-con-inner\">\r\n\t\t\t\t<div class=\"elementor-element elementor-element-47b7d2f elementor-widget elementor-widget-text-editor\" data-id=\"47b7d2f\" data-element_type=\"widget\" data-e-type=\"widget\" data-widget_type=\"text-editor.default\">\n\t\t\t\t<div class=\"elementor-widget-container\">\n\t\t\t\t\t\t\t\t\t<p>Afin de garantir un service de qualit\u00e9 \u00e0 nos clients, nous avons mis en place plusieurs partenariats logistiques, g\u00e9r\u00e9s en interne par notre service de livraison. Selon la r\u00e9gion, la ville et la performance du service, nous organisons les livraisons de mani\u00e8re optimale afin d\u2019assurer une satisfaction maximale des clients.<\/p>\t\t\t\t\t\t\t\t<\/div>\n\t\t\t\t<\/div>\n\t\t\t\t\t<\/div>\n\t\t\t\t<\/div>\n\t\t<div class=\"elementor-element elementor-element-a23c2e8 e-flex e-con-boxed e-con e-parent\" data-id=\"a23c2e8\" data-element_type=\"container\" data-e-type=\"container\">\r\n\t\t\t\t\t<div class=\"e-con-inner\">\r\n\t\t\t\t<div class=\"elementor-element elementor-element-fff4ad1 elementor-widget elementor-widget-porto_ultimate_heading\" data-id=\"fff4ad1\" data-element_type=\"widget\" data-e-type=\"widget\" data-widget_type=\"porto_ultimate_heading.default\">\n\t\t\t\t<div class=\"elementor-widget-container\">\n\t\t\t\t\t<div class=\"porto-u-heading  porto-u-5fa6dc1570f29db4b7a02c93678c7a3a\"><div class=\"porto-u-main-heading\"><h4   >Engagement qualit\u00e9 et d\u00e9lais de livraison<\/h4><\/div><style>.porto-u-5fa6dc1570f29db4b7a02c93678c7a3a.porto-u-heading{text-align:right}<\/style><\/div>\t\t\t\t<\/div>\n\t\t\t\t<\/div>\n\t\t\t\t\t<\/div>\n\t\t\t\t<\/div>\n\t\t<div class=\"elementor-element elementor-element-a9ea070 e-flex e-con-boxed e-con e-parent\" data-id=\"a9ea070\" data-element_type=\"container\" data-e-type=\"container\">\r\n\t\t\t\t\t<div class=\"e-con-inner\">\r\n\t\t\t\t<div class=\"elementor-element elementor-element-7cf71c4 elementor-widget elementor-widget-text-editor\" data-id=\"7cf71c4\" data-element_type=\"widget\" data-e-type=\"widget\" data-widget_type=\"text-editor.default\">\n\t\t\t\t<div class=\"elementor-widget-container\">\n\t\t\t\t\t\t\t\t\t<p>Nous nous engageons \u00e0 am\u00e9liorer continuellement la qualit\u00e9 de nos produits ainsi que les d\u00e9lais de livraison.\nChaque commande est confirm\u00e9e par notre service client avant traitement. Une fois confirm\u00e9e, les colis sont g\u00e9n\u00e9ralement exp\u00e9di\u00e9s dans un d\u00e9lai de 24 heures.\nLa livraison s\u2019effectue en paiement \u00e0 la livraison.<\/p>\t\t\t\t\t\t\t\t<\/div>\n\t\t\t\t<\/div>\n\t\t\t\t\t<\/div>\n\t\t\t\t<\/div>\n\t\t<div class=\"elementor-element elementor-element-09cc730 e-flex e-con-boxed e-con e-parent\" data-id=\"09cc730\" data-element_type=\"container\" data-e-type=\"container\">\r\n\t\t\t\t\t<div class=\"e-con-inner\">\r\n\t\t\t\t<div class=\"elementor-element elementor-element-b5ee1b0 elementor-widget elementor-widget-porto_ultimate_heading\" data-id=\"b5ee1b0\" data-element_type=\"widget\" data-e-type=\"widget\" data-widget_type=\"porto_ultimate_heading.default\">\n\t\t\t\t<div class=\"elementor-widget-container\">\n\t\t\t\t\t<div class=\"porto-u-heading  porto-u-5fa6dc1570f29db4b7a02c93678c7a3a\"><div class=\"porto-u-main-heading\"><h4   >Frais de livraison<\/h4><\/div><style>.porto-u-5fa6dc1570f29db4b7a02c93678c7a3a.porto-u-heading{text-align:right}<\/style><\/div>\t\t\t\t<\/div>\n\t\t\t\t<\/div>\n\t\t\t\t\t<\/div>\n\t\t\t\t<\/div>\n\t\t<div class=\"elementor-element elementor-element-8d60c35 e-flex e-con-boxed e-con e-parent\" data-id=\"8d60c35\" data-element_type=\"container\" data-e-type=\"container\">\r\n\t\t\t\t\t<div class=\"e-con-inner\">\r\n\t\t\t\t<div class=\"elementor-element elementor-element-2a0deab elementor-widget elementor-widget-text-editor\" data-id=\"2a0deab\" data-element_type=\"widget\" data-e-type=\"widget\" data-widget_type=\"text-editor.default\">\n\t\t\t\t<div class=\"elementor-widget-container\">\n\t\t\t\t\t\t\t\t\t<p>Les frais de livraison comprennent les co\u00fbts de pr\u00e9paration, d\u2019emballage et d\u2019exp\u00e9dition. Nos tarifs actuels sont les suivants :<br \/>Casablanca : 24 MAD<br \/>Hors Casablanca : 36 MAD<br \/>La livraison est gratuite pour toute commande sup\u00e9rieure \u00e0 800 dirhams marocains. Nous vous encourageons \u00e0 regrouper vos articles en une seule commande afin de profiter de cette offre sp\u00e9ciale.<\/p>\t\t\t\t\t\t\t\t<\/div>\n\t\t\t\t<\/div>\n\t\t\t\t\t<\/div>\n\t\t\t\t<\/div>\n\t\t<div class=\"elementor-element elementor-element-3f66878 e-flex e-con-boxed e-con e-parent\" data-id=\"3f66878\" data-element_type=\"container\" data-e-type=\"container\">\r\n\t\t\t\t\t<div class=\"e-con-inner\">\r\n\t\t\t\t<div class=\"elementor-element elementor-element-54cf5e4 elementor-widget elementor-widget-porto_ultimate_heading\" data-id=\"54cf5e4\" data-element_type=\"widget\" data-e-type=\"widget\" data-widget_type=\"porto_ultimate_heading.default\">\n\t\t\t\t<div class=\"elementor-widget-container\">\n\t\t\t\t\t<div class=\"porto-u-heading  porto-u-5fa6dc1570f29db4b7a02c93678c7a3a\"><div class=\"porto-u-main-heading\"><h4   >D\u00e9lais de livraison par r\u00e9gion<\/h4><\/div><style>.porto-u-5fa6dc1570f29db4b7a02c93678c7a3a.porto-u-heading{text-align:right}<\/style><\/div>\t\t\t\t<\/div>\n\t\t\t\t<\/div>\n\t\t\t\t\t<\/div>\n\t\t\t\t<\/div>\n\t\t<div class=\"elementor-element elementor-element-a7f6cdb e-flex e-con-boxed e-con e-parent\" data-id=\"a7f6cdb\" data-element_type=\"container\" data-e-type=\"container\">\r\n\t\t\t\t\t<div class=\"e-con-inner\">\r\n\t\t\t\t<div class=\"elementor-element elementor-element-bc910f0 elementor-widget elementor-widget-text-editor\" data-id=\"bc910f0\" data-element_type=\"widget\" data-e-type=\"widget\" data-widget_type=\"text-editor.default\">\n\t\t\t\t<div class=\"elementor-widget-container\">\n\t\t\t\t\t\t\t\t\t<p>Afin d\u2019assurer une livraison rapide et efficace, voici les d\u00e9lais estim\u00e9s selon les villes et r\u00e9gions :<\/p><p class=\" translation-block\">Casablanca : J+1\n<br>\nRabat, Sal\u00e9, Mohammedia, K\u00e9nitra, El Jadida, Settat, Benslimane : J+1\n<br>\nMarrakech, Agadir, F\u00e8s, Mekn\u00e8s, Tanger, T\u00e9touan, Oujda : J+1 \u00e0 J+2\n<br>\nChefchaouen, Al Hoce\u00efma, Martil, M\u2019diq, Nador : J+1 \u00e0 J+2\n<br>\nB\u00e9ni Mellal, Kh\u00e9nifra, Khouribga, Azrou, Ifrane : J+1 \u00e0 J+2\n<br>\nErrachidia, Midelt, Taza, Taourirt : J+2\n<br>\nLa\u00e2youne, Guelmim, Tiznit : J+2\n<br>\nDakhla : J+3 \u00e0 J+4<\/p><p class=\" translation-block\">\/<\/p>\t\t\t\t\t\t\t\t<\/div>\n\t\t\t\t<\/div>\n\t\t\t\t\t<\/div>\n\t\t\t\t<\/div>\n\t\t<div class=\"elementor-element elementor-element-2e71d33 e-flex e-con-boxed e-con e-parent\" data-id=\"2e71d33\" data-element_type=\"container\" data-e-type=\"container\">\r\n\t\t\t\t\t<div class=\"e-con-inner\">\r\n\t\t\t\t<div class=\"elementor-element elementor-element-2d36fcd elementor-widget elementor-widget-porto_ultimate_heading\" data-id=\"2d36fcd\" data-element_type=\"widget\" data-e-type=\"widget\" data-widget_type=\"porto_ultimate_heading.default\">\n\t\t\t\t<div class=\"elementor-widget-container\">\n\t\t\t\t\t<div class=\"porto-u-heading  porto-u-5fa6dc1570f29db4b7a02c93678c7a3a\"><div class=\"porto-u-main-heading\"><h4   >Conditions d\u2019\u00e9change<\/h4><\/div><style>.porto-u-5fa6dc1570f29db4b7a02c93678c7a3a.porto-u-heading{text-align:right}<\/style><\/div>\t\t\t\t<\/div>\n\t\t\t\t<\/div>\n\t\t\t\t\t<\/div>\n\t\t\t\t<\/div>\n\t\t<div class=\"elementor-element elementor-element-fbaf81d e-flex e-con-boxed e-con e-parent\" data-id=\"fbaf81d\" data-element_type=\"container\" data-e-type=\"container\">\r\n\t\t\t\t\t<div class=\"e-con-inner\">\r\n\t\t\t\t<div class=\"elementor-element elementor-element-498b40c elementor-widget elementor-widget-text-editor\" data-id=\"498b40c\" data-element_type=\"widget\" data-e-type=\"widget\" data-widget_type=\"text-editor.default\">\n\t\t\t\t<div class=\"elementor-widget-container\">\n\t\t\t\t\t\t\t\t\t<p>Les produits peuvent \u00eatre \u00e9chang\u00e9s uniquement en cas de d\u00e9faut de fabrication.\nLes dimensions des colis sont soigneusement adapt\u00e9es et chaque article est prot\u00e9g\u00e9 avec attention afin d\u2019\u00e9viter tout dommage durant le transport.\n\nNous restons \u00e0 votre enti\u00e8re disposition pour toute question ou information compl\u00e9mentaire.<br \/>Merci pour votre confiance et votre compr\u00e9hension.<\/p>\t\t\t\t\t\t\t\t<\/div>\n\t\t\t\t<\/div>\n\t\t\t\t\t<\/div>\n\t\t\t\t<\/div>\n\t\t\t\t<\/div>","protected":false},"excerpt":{"rendered":"<p>\u0633\u064a\u0627\u0633\u0629 \u0627\u0644\u062a\u0648\u0635\u064a\u0644 \u0633\u064a\u0627\u0633\u0629 \u0627\u0644\u062a\u0648\u0635\u064a\u0644 \u0648\u0627\u0644\u0634\u0631\u0627\u0643\u0627\u062a \u0645\u0646 \u0623\u062c\u0644 \u0636\u0645\u0627\u0646 \u062c\u0648\u062f\u0629 \u0627\u0644\u062e\u062f\u0645\u0629 \u0644\u0639\u0645\u0644\u0627\u0626\u0646\u0627\u060c \u0623\u0646\u0634\u0623\u0646\u0627 \u0627\u0644\u0639\u062f\u064a\u062f \u0645\u0646 \u0627\u0644\u0634\u0631\u0627\u0643\u0627\u062a \u0627\u0644\u062a\u064a \u062a\u062f\u064a\u0631\u0647\u0627 \u062f\u0627\u062e\u0644\u064a\u0627\u064b \u0648\u062d\u062f\u0629 \u0627\u0644\u062a\u0648\u0635\u064a\u0644 \u0644\u062f\u064a\u0646\u0627. \u0648\u0627\u0639\u062a\u0645\u0627\u062f\u0627\u064b \u0639\u0644\u0649 \u0627\u0644\u0645\u0646\u0637\u0642\u0629 \u0648\u0627\u0644\u0645\u062f\u064a\u0646\u0629 \u0648\u0623\u062f\u0627\u0621 \u0627\u0644\u062e\u062f\u0645\u0629\u060c \u0646\u0642\u0648\u0645 \u0628\u0625\u0631\u0633\u0627\u0644 \u0639\u0645\u0644\u064a\u0627\u062a \u0627\u0644\u062a\u0648\u0635\u064a\u0644 \u0644\u0636\u0645\u0627\u0646 \u0623\u0642\u0635\u0649 \u0642\u062f\u0631 \u0645\u0646 \u0631\u0636\u0627 \u0627\u0644\u0639\u0645\u0644\u0627\u0621. \u0627\u0644\u0627\u0644\u062a\u0632\u0627\u0645 \u0628\u0627\u0644\u062c\u0648\u062f\u0629 \u0648\u0648\u0642\u062a \u0627\u0644\u062a\u0633\u0644\u064a\u0645 \u0646\u062d\u0646 \u0645\u0644\u062a\u0632\u0645\u0648\u0646 \u0628\u0627\u0644\u062a\u062d\u0633\u064a\u0646 \u0627\u0644\u0645\u0633\u062a\u0645\u0631 \u0644\u062c\u0648\u062f\u0629 \u0645\u0646\u062a\u062c\u0627\u062a\u0646\u0627 \u0648\u0648\u0642\u062a \u062a\u0633\u0644\u064a\u0645\u0647\u0627. \u064a\u062e\u0636\u0639 \u0643\u0644 \u0637\u0644\u0628 \u0644\u0644\u062a\u0623\u0643\u064a\u062f \u0645\u0646 \u0642\u0650\u0628\u0644 [&hellip;]<\/p>","protected":false},"author":1,"featured_media":0,"parent":0,"menu_order":0,"comment_status":"closed","ping_status":"closed","template":"","meta":{"_acf_changed":false,"content-type":"","footnotes":""},"class_list":["post-3290","page","type-page","status-publish","hentry"],"acf":[],"jetpack_sharing_enabled":true,"_links":{"self":[{"href":"https:\/\/saffir.ma\/fr\/wp-json\/wp\/v2\/pages\/3290","targetHints":{"allow":["GET"]}}],"collection":[{"href":"https:\/\/saffir.ma\/fr\/wp-json\/wp\/v2\/pages"}],"about":[{"href":"https:\/\/saffir.ma\/fr\/wp-json\/wp\/v2\/types\/page"}],"author":[{"embeddable":true,"href":"https:\/\/saffir.ma\/fr\/wp-json\/wp\/v2\/users\/1"}],"replies":[{"embeddable":true,"href":"https:\/\/saffir.ma\/fr\/wp-json\/wp\/v2\/comments?post=3290"}],"version-history":[{"count":35,"href":"https:\/\/saffir.ma\/fr\/wp-json\/wp\/v2\/pages\/3290\/revisions"}],"predecessor-version":[{"id":6257,"href":"https:\/\/saffir.ma\/fr\/wp-json\/wp\/v2\/pages\/3290\/revisions\/6257"}],"wp:attachment":[{"href":"https:\/\/saffir.ma\/fr\/wp-json\/wp\/v2\/media?parent=3290"}],"curies":[{"name":"wp","href":"https:\/\/api.w.org\/{rel}","templated":true}]}}