{"id":3319,"date":"2024-02-22T14:16:52","date_gmt":"2024-02-22T14:16:52","guid":{"rendered":"https:\/\/saffir.ma\/?page_id=3319"},"modified":"2026-01-09T16:37:06","modified_gmt":"2026-01-09T16:37:06","slug":"terms-of-use","status":"publish","type":"page","link":"https:\/\/saffir.ma\/fr\/terms-of-use\/","title":{"rendered":"Conditions d\u2019utilisation"},"content":{"rendered":"<div data-elementor-type=\"wp-page\" data-elementor-id=\"3319\" class=\"elementor elementor-3319\">\n\t\t\t\t<div class=\"elementor-element elementor-element-a2da680 e-flex e-con-boxed e-con e-parent\" data-id=\"a2da680\" data-element_type=\"container\" data-e-type=\"container\">\r\n\t\t\t\t\t<div class=\"e-con-inner\">\r\n\t\t\t\t<div class=\"elementor-element elementor-element-3e3146c elementor-widget elementor-widget-porto_ultimate_heading\" data-id=\"3e3146c\" data-element_type=\"widget\" data-e-type=\"widget\" data-widget_type=\"porto_ultimate_heading.default\">\n\t\t\t\t<div class=\"elementor-widget-container\">\n\t\t\t\t\t<div class=\"porto-u-heading  porto-u-55ca8359258f9a412be7e73af65d2aac\"><div class=\"porto-u-main-heading\"><h2   >Conditions d\u2019utilisation<\/h2><\/div><style>.porto-u-55ca8359258f9a412be7e73af65d2aac.porto-u-heading{text-align:center}<\/style><\/div>\t\t\t\t<\/div>\n\t\t\t\t<\/div>\n\t\t\t\t\t<\/div>\n\t\t\t\t<\/div>\n\t\t<div class=\"elementor-element elementor-element-e7f8aca e-flex e-con-boxed e-con e-parent\" data-id=\"e7f8aca\" data-element_type=\"container\" data-e-type=\"container\">\r\n\t\t\t\t\t<div class=\"e-con-inner\">\r\n\t\t\t\t<div class=\"elementor-element elementor-element-53c080f elementor-widget elementor-widget-porto_ultimate_heading\" data-id=\"53c080f\" data-element_type=\"widget\" data-e-type=\"widget\" data-widget_type=\"porto_ultimate_heading.default\">\n\t\t\t\t<div class=\"elementor-widget-container\">\n\t\t\t\t\t<div class=\"porto-u-heading  porto-u-deedcbb7371acea8894cf5880bfdad9c\"><div class=\"porto-u-main-heading\"><h4   >Nature du contrat<\/h4><\/div><style>.porto-u-deedcbb7371acea8894cf5880bfdad9c.porto-u-heading{text-align:right}<\/style><\/div>\t\t\t\t<\/div>\n\t\t\t\t<\/div>\n\t\t\t\t\t<\/div>\n\t\t\t\t<\/div>\n\t\t<div class=\"elementor-element elementor-element-43909e5 e-flex e-con-boxed e-con e-parent\" data-id=\"43909e5\" data-element_type=\"container\" data-e-type=\"container\">\r\n\t\t\t\t\t<div class=\"e-con-inner\">\r\n\t\t\t\t<div class=\"elementor-element elementor-element-0a5d41c elementor-widget elementor-widget-text-editor\" data-id=\"0a5d41c\" data-element_type=\"widget\" data-e-type=\"widget\" data-widget_type=\"text-editor.default\">\n\t\t\t\t<div class=\"elementor-widget-container\">\n\t\t\t\t\t\t\t\t\t<p>En vertu du pr\u00e9sent contrat, saffir.ma vend au client (toute personne physique ou morale concluant un contrat de vente et d\u2019achat via son catalogue), et ce dernier ach\u00e8te le produit indiqu\u00e9 sur la facture \u00e9mise par saffir.ma.\nLe terme \u00ab contrat \u00bb d\u00e9signe la transaction de vente et d\u2019achat effectu\u00e9e conform\u00e9ment au pr\u00e9sent document.\nLe terme \u00ab produit \u00bb d\u00e9signe les marchandises couvertes par le contrat.<\/p>\t\t\t\t\t\t\t\t<\/div>\n\t\t\t\t<\/div>\n\t\t\t\t\t<\/div>\n\t\t\t\t<\/div>\n\t\t<div class=\"elementor-element elementor-element-0ec8761 e-flex e-con-boxed e-con e-parent\" data-id=\"0ec8761\" data-element_type=\"container\" data-e-type=\"container\">\r\n\t\t\t\t\t<div class=\"e-con-inner\">\r\n\t\t\t\t<div class=\"elementor-element elementor-element-e64ef20 elementor-widget elementor-widget-porto_ultimate_heading\" data-id=\"e64ef20\" data-element_type=\"widget\" data-e-type=\"widget\" data-widget_type=\"porto_ultimate_heading.default\">\n\t\t\t\t<div class=\"elementor-widget-container\">\n\t\t\t\t\t<div class=\"porto-u-heading  porto-u-deedcbb7371acea8894cf5880bfdad9c\"><div class=\"porto-u-main-heading\"><h4   >Disponibilit\u00e9 et prix<\/h4><\/div><style>.porto-u-deedcbb7371acea8894cf5880bfdad9c.porto-u-heading{text-align:right}<\/style><\/div>\t\t\t\t<\/div>\n\t\t\t\t<\/div>\n\t\t\t\t\t<\/div>\n\t\t\t\t<\/div>\n\t\t<div class=\"elementor-element elementor-element-cce9dbd e-flex e-con-boxed e-con e-parent\" data-id=\"cce9dbd\" data-element_type=\"container\" data-e-type=\"container\">\r\n\t\t\t\t\t<div class=\"e-con-inner\">\r\n\t\t\t\t<div class=\"elementor-element elementor-element-a3c0186 elementor-widget elementor-widget-text-editor\" data-id=\"a3c0186\" data-element_type=\"widget\" data-e-type=\"widget\" data-widget_type=\"text-editor.default\">\n\t\t\t\t<div class=\"elementor-widget-container\">\n\t\t\t\t\t\t\t\t\t<p>Les informations figurant dans notre base de donn\u00e9es correspondent aux produits enregistr\u00e9s dans notre catalogue. Nous ne saurions \u00eatre tenus responsables des erreurs typographiques ou de calcul pouvant appara\u00eetre sur notre site web.\nLes prix indiqu\u00e9s tiennent compte de la taxe sur la valeur ajout\u00e9e (TVA) en vigueur au Maroc.<br \/>Bien que le site saffir.ma dispose d\u2019environ 90 % de son catalogue en stock, certains produits peuvent \u00eatre indisponibles au moment de l\u2019achat.<\/p>\t\t\t\t\t\t\t\t<\/div>\n\t\t\t\t<\/div>\n\t\t\t\t\t<\/div>\n\t\t\t\t<\/div>\n\t\t<div class=\"elementor-element elementor-element-9e3f802 e-flex e-con-boxed e-con e-parent\" data-id=\"9e3f802\" data-element_type=\"container\" data-e-type=\"container\">\r\n\t\t\t\t\t<div class=\"e-con-inner\">\r\n\t\t\t\t<div class=\"elementor-element elementor-element-169d843 elementor-widget elementor-widget-porto_ultimate_heading\" data-id=\"169d843\" data-element_type=\"widget\" data-e-type=\"widget\" data-widget_type=\"porto_ultimate_heading.default\">\n\t\t\t\t<div class=\"elementor-widget-container\">\n\t\t\t\t\t<div class=\"porto-u-heading  porto-u-deedcbb7371acea8894cf5880bfdad9c\"><div class=\"porto-u-main-heading\"><h4   >Livraison<\/h4><\/div><style>.porto-u-deedcbb7371acea8894cf5880bfdad9c.porto-u-heading{text-align:right}<\/style><\/div>\t\t\t\t<\/div>\n\t\t\t\t<\/div>\n\t\t\t\t\t<\/div>\n\t\t\t\t<\/div>\n\t\t<div class=\"elementor-element elementor-element-9141e41 e-flex e-con-boxed e-con e-parent\" data-id=\"9141e41\" data-element_type=\"container\" data-e-type=\"container\">\r\n\t\t\t\t\t<div class=\"e-con-inner\">\r\n\t\t\t\t<div class=\"elementor-element elementor-element-ce330af elementor-widget elementor-widget-text-editor\" data-id=\"ce330af\" data-element_type=\"widget\" data-e-type=\"widget\" data-widget_type=\"text-editor.default\">\n\t\t\t\t<div class=\"elementor-widget-container\">\n\t\t\t\t\t\t\t\t\t<p>Les frais de livraison sont ajout\u00e9s au montant total de la commande, sauf si le montant de celle-ci atteint le seuil ouvrant droit \u00e0 la livraison gratuite, conform\u00e9ment aux conditions pr\u00e9cis\u00e9es dans la section relative aux tarifs de livraison.<\/p>\t\t\t\t\t\t\t\t<\/div>\n\t\t\t\t<\/div>\n\t\t\t\t\t<\/div>\n\t\t\t\t<\/div>\n\t\t<div class=\"elementor-element elementor-element-032b76b e-flex e-con-boxed e-con e-parent\" data-id=\"032b76b\" data-element_type=\"container\" data-e-type=\"container\">\r\n\t\t\t\t\t<div class=\"e-con-inner\">\r\n\t\t\t\t<div class=\"elementor-element elementor-element-fc3e234 elementor-widget elementor-widget-porto_ultimate_heading\" data-id=\"fc3e234\" data-element_type=\"widget\" data-e-type=\"widget\" data-widget_type=\"porto_ultimate_heading.default\">\n\t\t\t\t<div class=\"elementor-widget-container\">\n\t\t\t\t\t<div class=\"porto-u-heading  porto-u-deedcbb7371acea8894cf5880bfdad9c\"><div class=\"porto-u-main-heading\"><h4   >Paiement<\/h4><\/div><style>.porto-u-deedcbb7371acea8894cf5880bfdad9c.porto-u-heading{text-align:right}<\/style><\/div>\t\t\t\t<\/div>\n\t\t\t\t<\/div>\n\t\t\t\t\t<\/div>\n\t\t\t\t<\/div>\n\t\t<div class=\"elementor-element elementor-element-46bc701 e-flex e-con-boxed e-con e-parent\" data-id=\"46bc701\" data-element_type=\"container\" data-e-type=\"container\">\r\n\t\t\t\t\t<div class=\"e-con-inner\">\r\n\t\t\t\t<div class=\"elementor-element elementor-element-b4835a7 elementor-widget elementor-widget-text-editor\" data-id=\"b4835a7\" data-element_type=\"widget\" data-e-type=\"widget\" data-widget_type=\"text-editor.default\">\n\t\t\t\t<div class=\"elementor-widget-container\">\n\t\t\t\t\t\t\t\t\t<p>En cas de livraison, le paiement du produit s\u2019effectue selon le mode de paiement choisi par l\u2019acheteur, \u00e0 savoir :\n\nPaiement en esp\u00e8ces \u00e0 la livraison\n<br>\nPaiement en ligne par carte bancaire\n<br>\nPaiement via PayPal<br \/>Le site saffir.ma fournit la facture correspondante lors de la livraison et\/ou par e-mail.\nLe montant de l\u2019achat est d\u00e9bit\u00e9 de la carte bancaire au moment de la commande.<\/p>\t\t\t\t\t\t\t\t<\/div>\n\t\t\t\t<\/div>\n\t\t\t\t\t<\/div>\n\t\t\t\t<\/div>\n\t\t\t\t<\/div>","protected":false},"excerpt":{"rendered":"<p>\u0634\u0631\u0648\u0637 \u0627\u0644\u0627\u0633\u062a\u062e\u062f\u0627\u0645 \u0637\u0628\u064a\u0639\u0629 \u0627\u0644\u0639\u0642\u062f \u0628\u0645\u0648\u062c\u0628 \u0647\u0630\u0627 \u0627\u0644\u0639\u0642\u062f\u060c \u062a\u0628\u064a\u0639 saffir.ma \u0625\u0644\u0649 \u0627\u0644\u0639\u0645\u064a\u0644 (\u0623\u064a \u0634\u062e\u0635 \u0637\u0628\u064a\u0639\u064a \u0623\u0648 \u0627\u0639\u062a\u0628\u0627\u0631\u064a \u064a\u0648\u0642\u0639 \u0639\u0642\u062f \u0628\u064a\u0639 \u0648\u0634\u0631\u0627\u0621 \u0641\u064a \u0643\u062a\u0627\u0644\u0648\u062c\u0647\u0627) \u0648\u064a\u0642\u0648\u0645 \u0627\u0644\u0623\u062e\u064a\u0631 \u0628\u0634\u0631\u0627\u0621 \u0627\u0644\u0645\u0646\u062a\u062c \u0627\u0644\u0645\u062d\u062f\u062f \u0641\u064a \u0627\u0644\u0641\u0627\u062a\u0648\u0631\u0629 \u0645\u0646 saffir.ma. \u064a\u064f\u0642\u0635\u062f \u0628\u0645\u0635\u0637\u0644\u062d \u201d\u0627\u0644\u0639\u0642\u062f\u201c \u0645\u0639\u0627\u0645\u0644\u0629 \u0627\u0644\u0634\u0631\u0627\u0621 \u0648\u0627\u0644\u0628\u064a\u0639 \u0627\u0644\u062a\u064a \u062a\u062a\u0645 \u0628\u0645\u0648\u062c\u0628 \u0647\u0630\u0627 \u0627\u0644\u0645\u0633\u062a\u0646\u062f. \u064a\u064f\u0642\u0635\u062f \u0628\u0645\u0635\u0637\u0644\u062d \u201d\u0627\u0644\u0645\u0646\u062a\u062c\u201c \u0627\u0644\u0628\u0636\u0627\u0626\u0639 \u0627\u0644\u062a\u064a \u064a\u063a\u0637\u064a\u0647\u0627 \u0627\u0644\u0639\u0642\u062f. \u0627\u0644\u0625\u062a\u0627\u062d\u0629 \u0648\u0627\u0644\u0623\u0633\u0639\u0627\u0631 \u0627\u0644\u0628\u064a\u0627\u0646\u0627\u062a \u0627\u0644\u062a\u064a \u062a\u0638\u0647\u0631 \u0641\u064a [&hellip;]<\/p>","protected":false},"author":1,"featured_media":0,"parent":0,"menu_order":0,"comment_status":"closed","ping_status":"closed","template":"","meta":{"_acf_changed":false,"content-type":"","footnotes":""},"class_list":["post-3319","page","type-page","status-publish","hentry"],"acf":[],"jetpack_sharing_enabled":true,"_links":{"self":[{"href":"https:\/\/saffir.ma\/fr\/wp-json\/wp\/v2\/pages\/3319","targetHints":{"allow":["GET"]}}],"collection":[{"href":"https:\/\/saffir.ma\/fr\/wp-json\/wp\/v2\/pages"}],"about":[{"href":"https:\/\/saffir.ma\/fr\/wp-json\/wp\/v2\/types\/page"}],"author":[{"embeddable":true,"href":"https:\/\/saffir.ma\/fr\/wp-json\/wp\/v2\/users\/1"}],"replies":[{"embeddable":true,"href":"https:\/\/saffir.ma\/fr\/wp-json\/wp\/v2\/comments?post=3319"}],"version-history":[{"count":20,"href":"https:\/\/saffir.ma\/fr\/wp-json\/wp\/v2\/pages\/3319\/revisions"}],"predecessor-version":[{"id":4984,"href":"https:\/\/saffir.ma\/fr\/wp-json\/wp\/v2\/pages\/3319\/revisions\/4984"}],"wp:attachment":[{"href":"https:\/\/saffir.ma\/fr\/wp-json\/wp\/v2\/media?parent=3319"}],"curies":[{"name":"wp","href":"https:\/\/api.w.org\/{rel}","templated":true}]}}