{"id":3386,"date":"2024-02-23T21:06:55","date_gmt":"2024-02-23T21:06:55","guid":{"rendered":"https:\/\/saffir.ma\/?page_id=3386"},"modified":"2026-01-10T20:12:35","modified_gmt":"2026-01-10T20:12:35","slug":"privacy-policy","status":"publish","type":"page","link":"https:\/\/saffir.ma\/fr\/privacy-policy\/","title":{"rendered":"Politique de confidentialit\u00e9"},"content":{"rendered":"<div data-elementor-type=\"wp-page\" data-elementor-id=\"3386\" class=\"elementor elementor-3386\">\n\t\t\t\t<div class=\"elementor-element elementor-element-221a54e e-flex e-con-boxed e-con e-parent\" data-id=\"221a54e\" data-element_type=\"container\" data-e-type=\"container\">\r\n\t\t\t\t\t<div class=\"e-con-inner\">\r\n\t\t\t\t<div class=\"elementor-element elementor-element-edfd703 elementor-widget elementor-widget-porto_ultimate_heading\" data-id=\"edfd703\" data-element_type=\"widget\" data-e-type=\"widget\" data-widget_type=\"porto_ultimate_heading.default\">\n\t\t\t\t<div class=\"elementor-widget-container\">\n\t\t\t\t\t<div class=\"porto-u-heading  porto-u-5fa6dc1570f29db4b7a02c93678c7a3a\"><div class=\"porto-u-main-heading\"><h2   > Politique de confidentialit\u00e9<\/h2><\/div><style>.porto-u-5fa6dc1570f29db4b7a02c93678c7a3a.porto-u-heading{text-align:right}<\/style><\/div>\t\t\t\t<\/div>\n\t\t\t\t<\/div>\n\t\t\t\t\t<\/div>\n\t\t\t\t<\/div>\n\t\t<div class=\"elementor-element elementor-element-76240f5 e-flex e-con-boxed e-con e-parent\" data-id=\"76240f5\" data-element_type=\"container\" data-e-type=\"container\">\r\n\t\t\t\t\t<div class=\"e-con-inner\">\r\n\t\t\t\t<div class=\"elementor-element elementor-element-ba8b2bc elementor-widget elementor-widget-text-editor\" data-id=\"ba8b2bc\" data-element_type=\"widget\" data-e-type=\"widget\" data-widget_type=\"text-editor.default\">\n\t\t\t\t<div class=\"elementor-widget-container\">\n\t\t\t\t\t\t\t\t\t<p>La pr\u00e9sente politique de confidentialit\u00e9 d\u00e9finit la mani\u00e8re dont nous collectons, utilisons et prot\u00e9geons les informations que vous nous fournissez lorsque vous utilisez ce site web (www.saffir.ma\n).<\/p>\t\t\t\t\t\t\t\t<\/div>\n\t\t\t\t<\/div>\n\t\t\t\t\t<\/div>\n\t\t\t\t<\/div>\n\t\t<div class=\"elementor-element elementor-element-855e792 e-flex e-con-boxed e-con e-parent\" data-id=\"855e792\" data-element_type=\"container\" data-e-type=\"container\">\r\n\t\t\t\t\t<div class=\"e-con-inner\">\r\n\t\t\t\t<div class=\"elementor-element elementor-element-5aea6d6 elementor-widget elementor-widget-porto_ultimate_heading\" data-id=\"5aea6d6\" data-element_type=\"widget\" data-e-type=\"widget\" data-widget_type=\"porto_ultimate_heading.default\">\n\t\t\t\t<div class=\"elementor-widget-container\">\n\t\t\t\t\t<div class=\"porto-u-heading  porto-u-5fa6dc1570f29db4b7a02c93678c7a3a\"><div class=\"porto-u-main-heading\"><h4   >Collecte et utilisation des informations<\/h4><\/div><style>.porto-u-5fa6dc1570f29db4b7a02c93678c7a3a.porto-u-heading{text-align:right}<\/style><\/div>\t\t\t\t<\/div>\n\t\t\t\t<\/div>\n\t\t\t\t\t<\/div>\n\t\t\t\t<\/div>\n\t\t<div class=\"elementor-element elementor-element-472cdf5 e-flex e-con-boxed e-con e-parent\" data-id=\"472cdf5\" data-element_type=\"container\" data-e-type=\"container\">\r\n\t\t\t\t\t<div class=\"e-con-inner\">\r\n\t\t\t\t<div class=\"elementor-element elementor-element-6c561bf elementor-widget elementor-widget-text-editor\" data-id=\"6c561bf\" data-element_type=\"widget\" data-e-type=\"widget\" data-widget_type=\"text-editor.default\">\n\t\t\t\t<div class=\"elementor-widget-container\">\n\t\t\t\t\t\t\t\t\t<p class=\" translation-block\">Nous collectons certaines informations lorsque vous visitez notre site web ou interagissez avec nous. Ces informations peuvent inclure votre nom, adresse e-mail, adresse postale, num\u00e9ro de t\u00e9l\u00e9phone, adresse IP, ainsi que des informations d\u00e9mographiques telles que l\u2019\u00e2ge, le sexe, les pr\u00e9f\u00e9rences et les centres d\u2019int\u00e9r\u00eat.\n<br>\nNous utilisons ces informations afin de mieux comprendre vos besoins et de vous offrir un service de qualit\u00e9, notamment pour les raisons suivantes :<\/p>\t\t\t\t\t\t\t\t<\/div>\n\t\t\t\t<\/div>\n\t\t\t\t\t<\/div>\n\t\t\t\t<\/div>\n\t\t<div class=\"elementor-element elementor-element-0dc9c07 e-flex e-con-boxed e-con e-parent\" data-id=\"0dc9c07\" data-element_type=\"container\" data-e-type=\"container\">\r\n\t\t\t\t\t<div class=\"e-con-inner\">\r\n\t\t\t\t<div class=\"elementor-element elementor-element-05ebd4f elementor-widget elementor-widget-porto_ultimate_heading\" data-id=\"05ebd4f\" data-element_type=\"widget\" data-e-type=\"widget\" data-widget_type=\"porto_ultimate_heading.default\">\n\t\t\t\t<div class=\"elementor-widget-container\">\n\t\t\t\t\t<div class=\"porto-u-heading  porto-u-5fa6dc1570f29db4b7a02c93678c7a3a\"><div class=\"porto-u-main-heading\"><h4   >.<\/h4><\/div><style>.porto-u-5fa6dc1570f29db4b7a02c93678c7a3a.porto-u-heading{text-align:right}<\/style><\/div>\t\t\t\t<\/div>\n\t\t\t\t<\/div>\n\t\t\t\t\t<\/div>\n\t\t\t\t<\/div>\n\t\t<div class=\"elementor-element elementor-element-2391e2a e-flex e-con-boxed e-con e-parent\" data-id=\"2391e2a\" data-element_type=\"container\" data-e-type=\"container\">\r\n\t\t\t\t\t<div class=\"e-con-inner\">\r\n\t\t\t\t<div class=\"elementor-element elementor-element-5746f2d elementor-widget elementor-widget-text-editor\" data-id=\"5746f2d\" data-element_type=\"widget\" data-e-type=\"widget\" data-widget_type=\"text-editor.default\">\n\t\t\t\t<div class=\"elementor-widget-container\">\n\t\t\t\t\t\t\t\t\t<p class=\" translation-block\">Tenue de registres internes\n<br>\nAm\u00e9lioration de nos produits et services\n<br>\nEnvoi p\u00e9riodique d\u2019e-mails promotionnels concernant de nouveaux produits, des offres sp\u00e9ciales ou toute autre information susceptible de vous int\u00e9resser\n<br>\nPersonnalisation de notre site web en fonction de vos int\u00e9r\u00eats<\/p>\t\t\t\t\t\t\t\t<\/div>\n\t\t\t\t<\/div>\n\t\t\t\t\t<\/div>\n\t\t\t\t<\/div>\n\t\t<div class=\"elementor-element elementor-element-6180c7d e-flex e-con-boxed e-con e-parent\" data-id=\"6180c7d\" data-element_type=\"container\" data-e-type=\"container\">\r\n\t\t\t\t\t<div class=\"e-con-inner\">\r\n\t\t\t\t<div class=\"elementor-element elementor-element-4fff373 elementor-widget elementor-widget-porto_ultimate_heading\" data-id=\"4fff373\" data-element_type=\"widget\" data-e-type=\"widget\" data-widget_type=\"porto_ultimate_heading.default\">\n\t\t\t\t<div class=\"elementor-widget-container\">\n\t\t\t\t\t<div class=\"porto-u-heading  porto-u-5fa6dc1570f29db4b7a02c93678c7a3a\"><div class=\"porto-u-main-heading\"><h4   >S\u00e9curit\u00e9<\/h4><\/div><style>.porto-u-5fa6dc1570f29db4b7a02c93678c7a3a.porto-u-heading{text-align:right}<\/style><\/div>\t\t\t\t<\/div>\n\t\t\t\t<\/div>\n\t\t\t\t\t<\/div>\n\t\t\t\t<\/div>\n\t\t<div class=\"elementor-element elementor-element-3acd1c8 e-flex e-con-boxed e-con e-parent\" data-id=\"3acd1c8\" data-element_type=\"container\" data-e-type=\"container\">\r\n\t\t\t\t\t<div class=\"e-con-inner\">\r\n\t\t\t\t<div class=\"elementor-element elementor-element-b871477 elementor-widget elementor-widget-text-editor\" data-id=\"b871477\" data-element_type=\"widget\" data-e-type=\"widget\" data-widget_type=\"text-editor.default\">\n\t\t\t\t<div class=\"elementor-widget-container\">\n\t\t\t\t\t\t\t\t\t<p>Nous nous engageons \u00e0 garantir la s\u00e9curit\u00e9 de vos informations.<br \/>Afin de pr\u00e9venir tout acc\u00e8s ou divulgation non autoris\u00e9s, nous avons mis en place des mesures physiques, \u00e9lectroniques et administratives appropri\u00e9es pour prot\u00e9ger et s\u00e9curiser les informations collect\u00e9es en ligne.<\/p>\t\t\t\t\t\t\t\t<\/div>\n\t\t\t\t<\/div>\n\t\t\t\t\t<\/div>\n\t\t\t\t<\/div>\n\t\t<div class=\"elementor-element elementor-element-a8f7a92 e-flex e-con-boxed e-con e-parent\" data-id=\"a8f7a92\" data-element_type=\"container\" data-e-type=\"container\">\r\n\t\t\t\t\t<div class=\"e-con-inner\">\r\n\t\t\t\t<div class=\"elementor-element elementor-element-821fb7c elementor-widget elementor-widget-porto_ultimate_heading\" data-id=\"821fb7c\" data-element_type=\"widget\" data-e-type=\"widget\" data-widget_type=\"porto_ultimate_heading.default\">\n\t\t\t\t<div class=\"elementor-widget-container\">\n\t\t\t\t\t<div class=\"porto-u-heading  porto-u-5fa6dc1570f29db4b7a02c93678c7a3a\"><div class=\"porto-u-main-heading\"><h4   >Cookies<\/h4><\/div><style>.porto-u-5fa6dc1570f29db4b7a02c93678c7a3a.porto-u-heading{text-align:right}<\/style><\/div>\t\t\t\t<\/div>\n\t\t\t\t<\/div>\n\t\t\t\t\t<\/div>\n\t\t\t\t<\/div>\n\t\t<div class=\"elementor-element elementor-element-75f4b30 e-flex e-con-boxed e-con e-parent\" data-id=\"75f4b30\" data-element_type=\"container\" data-e-type=\"container\">\r\n\t\t\t\t\t<div class=\"e-con-inner\">\r\n\t\t\t\t<div class=\"elementor-element elementor-element-9effd9a elementor-widget elementor-widget-text-editor\" data-id=\"9effd9a\" data-element_type=\"widget\" data-e-type=\"widget\" data-widget_type=\"text-editor.default\">\n\t\t\t\t<div class=\"elementor-widget-container\">\n\t\t\t\t\t\t\t\t\t<p>Un cookie est un petit fichier qui demande l\u2019autorisation d\u2019\u00eatre stock\u00e9 sur le disque dur de votre ordinateur.<br \/>Une fois accept\u00e9, le cookie aide \u00e0 analyser le trafic web ou vous informe lorsque vous visitez un site particulier.<br \/>Les cookies permettent aux applications web de vous r\u00e9pondre de mani\u00e8re personnalis\u00e9e.<br \/>Une application web peut adapter son fonctionnement \u00e0 vos besoins, pr\u00e9f\u00e9rences et centres d\u2019int\u00e9r\u00eat en collectant et m\u00e9morisant certaines informations.<br \/>Nous utilisons des cookies de suivi pour identifier les pages les plus consult\u00e9es.<br \/>Cela nous aide \u00e0 analyser les donn\u00e9es relatives au trafic du site et \u00e0 am\u00e9liorer notre site web afin de mieux r\u00e9pondre aux besoins de nos clients. Ces informations sont utilis\u00e9es uniquement \u00e0 des fins d\u2019analyse statistique, puis supprim\u00e9es du syst\u00e8me.<\/p>\t\t\t\t\t\t\t\t<\/div>\n\t\t\t\t<\/div>\n\t\t\t\t\t<\/div>\n\t\t\t\t<\/div>\n\t\t<div class=\"elementor-element elementor-element-24a6a09 e-flex e-con-boxed e-con e-parent\" data-id=\"24a6a09\" data-element_type=\"container\" data-e-type=\"container\">\r\n\t\t\t\t\t<div class=\"e-con-inner\">\r\n\t\t\t\t<div class=\"elementor-element elementor-element-37b59ec elementor-widget elementor-widget-porto_ultimate_heading\" data-id=\"37b59ec\" data-element_type=\"widget\" data-e-type=\"widget\" data-widget_type=\"porto_ultimate_heading.default\">\n\t\t\t\t<div class=\"elementor-widget-container\">\n\t\t\t\t\t<div class=\"porto-u-heading  porto-u-5fa6dc1570f29db4b7a02c93678c7a3a\"><div class=\"porto-u-main-heading\"><h4   >Contr\u00f4le de vos informations personnelles<\/h4><\/div><style>.porto-u-5fa6dc1570f29db4b7a02c93678c7a3a.porto-u-heading{text-align:right}<\/style><\/div>\t\t\t\t<\/div>\n\t\t\t\t<\/div>\n\t\t\t\t\t<\/div>\n\t\t\t\t<\/div>\n\t\t<div class=\"elementor-element elementor-element-f9f47c0 e-flex e-con-boxed e-con e-parent\" data-id=\"f9f47c0\" data-element_type=\"container\" data-e-type=\"container\">\r\n\t\t\t\t\t<div class=\"e-con-inner\">\r\n\t\t\t\t<div class=\"elementor-element elementor-element-cdffae7 elementor-widget elementor-widget-text-editor\" data-id=\"cdffae7\" data-element_type=\"widget\" data-e-type=\"widget\" data-widget_type=\"text-editor.default\">\n\t\t\t\t<div class=\"elementor-widget-container\">\n\t\t\t\t\t\t\t\t\t<p>Vous pouvez choisir de restreindre la collecte ou l\u2019utilisation de vos informations personnelles de la mani\u00e8re suivante :<br \/>Lorsqu\u2019un formulaire vous est propos\u00e9 sur le site, recherchez la case \u00e0 cocher indiquant que vous ne souhaitez pas que vos informations soient utilis\u00e9es \u00e0 des fins de marketing direct.<br \/>Si vous avez pr\u00e9c\u00e9demment accept\u00e9 l\u2019utilisation de vos informations personnelles \u00e0 des fins de marketing direct, vous pouvez changer d\u2019avis \u00e0 tout moment en nous contactant par \u00e9crit ou par e-mail \u00e0 l\u2019adresse suivante : contact@saffir.ma\n.<br \/>Nous ne vendrons, ne distribuerons ni ne louerons vos informations personnelles \u00e0 des tiers sans votre consentement, sauf si la loi nous y oblige.<\/p>\t\t\t\t\t\t\t\t<\/div>\n\t\t\t\t<\/div>\n\t\t\t\t\t<\/div>\n\t\t\t\t<\/div>\n\t\t<div class=\"elementor-element elementor-element-8d96ebe e-flex e-con-boxed e-con e-parent\" data-id=\"8d96ebe\" data-element_type=\"container\" data-e-type=\"container\">\r\n\t\t\t\t\t<div class=\"e-con-inner\">\r\n\t\t\t\t<div class=\"elementor-element elementor-element-8ebee06 elementor-widget elementor-widget-porto_ultimate_heading\" data-id=\"8ebee06\" data-element_type=\"widget\" data-e-type=\"widget\" data-widget_type=\"porto_ultimate_heading.default\">\n\t\t\t\t<div class=\"elementor-widget-container\">\n\t\t\t\t\t<div class=\"porto-u-heading  porto-u-5fa6dc1570f29db4b7a02c93678c7a3a\"><div class=\"porto-u-main-heading\"><h4   >Liens vers d\u2019autres sites web<\/h4><\/div><style>.porto-u-5fa6dc1570f29db4b7a02c93678c7a3a.porto-u-heading{text-align:right}<\/style><\/div>\t\t\t\t<\/div>\n\t\t\t\t<\/div>\n\t\t\t\t\t<\/div>\n\t\t\t\t<\/div>\n\t\t<div class=\"elementor-element elementor-element-6f5e733 e-flex e-con-boxed e-con e-parent\" data-id=\"6f5e733\" data-element_type=\"container\" data-e-type=\"container\">\r\n\t\t\t\t\t<div class=\"e-con-inner\">\r\n\t\t\t\t<div class=\"elementor-element elementor-element-de59796 elementor-widget elementor-widget-text-editor\" data-id=\"de59796\" data-element_type=\"widget\" data-e-type=\"widget\" data-widget_type=\"text-editor.default\">\n\t\t\t\t<div class=\"elementor-widget-container\">\n\t\t\t\t\t\t\t\t\t<p>Notre site web peut contenir des liens vers d\u2019autres sites web susceptibles de vous int\u00e9resser. Toutefois, une fois que vous utilisez ces liens pour quitter notre site, veuillez noter que nous n\u2019avons aucun contr\u00f4le sur ces sites externes.<br \/>Par cons\u00e9quent, nous ne pouvons \u00eatre tenus responsables de la protection et de la confidentialit\u00e9 des informations que vous fournissez lors de votre visite sur ces sites.<br \/>Ces sites ne sont pas r\u00e9gis par la pr\u00e9sente politique de confidentialit\u00e9. Nous vous invitons \u00e0 consulter la politique de confidentialit\u00e9 applicable sur le site concern\u00e9.<\/p>\t\t\t\t\t\t\t\t<\/div>\n\t\t\t\t<\/div>\n\t\t\t\t\t<\/div>\n\t\t\t\t<\/div>\n\t\t<div class=\"elementor-element elementor-element-10e7cc6 e-flex e-con-boxed e-con e-parent\" data-id=\"10e7cc6\" data-element_type=\"container\" data-e-type=\"container\">\r\n\t\t\t\t\t<div class=\"e-con-inner\">\r\n\t\t\t\t<div class=\"elementor-element elementor-element-f55e656 elementor-widget elementor-widget-porto_ultimate_heading\" data-id=\"f55e656\" data-element_type=\"widget\" data-e-type=\"widget\" data-widget_type=\"porto_ultimate_heading.default\">\n\t\t\t\t<div class=\"elementor-widget-container\">\n\t\t\t\t\t<div class=\"porto-u-heading  porto-u-5fa6dc1570f29db4b7a02c93678c7a3a\"><div class=\"porto-u-main-heading\"><h4   >Modifications de la politique de confidentialit\u00e9<\/h4><\/div><style>.porto-u-5fa6dc1570f29db4b7a02c93678c7a3a.porto-u-heading{text-align:right}<\/style><\/div>\t\t\t\t<\/div>\n\t\t\t\t<\/div>\n\t\t\t\t\t<\/div>\n\t\t\t\t<\/div>\n\t\t<div class=\"elementor-element elementor-element-d231c30 e-flex e-con-boxed e-con e-parent\" data-id=\"d231c30\" data-element_type=\"container\" data-e-type=\"container\">\r\n\t\t\t\t\t<div class=\"e-con-inner\">\r\n\t\t\t\t<div class=\"elementor-element elementor-element-732799f elementor-widget elementor-widget-text-editor\" data-id=\"732799f\" data-element_type=\"widget\" data-e-type=\"widget\" data-widget_type=\"text-editor.default\">\n\t\t\t\t<div class=\"elementor-widget-container\">\n\t\t\t\t\t\t\t\t\t<p>Nous nous r\u00e9servons le droit de modifier cette politique de confidentialit\u00e9 \u00e0 tout moment en mettant \u00e0 jour cette page. Nous vous recommandons de consulter r\u00e9guli\u00e8rement cette page afin de rester inform\u00e9 des \u00e9ventuelles modifications.<\/p>\t\t\t\t\t\t\t\t<\/div>\n\t\t\t\t<\/div>\n\t\t\t\t\t<\/div>\n\t\t\t\t<\/div>\n\t\t\t\t<\/div>","protected":false},"excerpt":{"rendered":"<p>\u0633\u064a\u0627\u0633\u0629 \u0627\u0644\u062e\u0635\u0648\u0635\u064a\u0629 \u062a\u062d\u062f\u062f \u0633\u064a\u0627\u0633\u0629 \u0627\u0644\u062e\u0635\u0648\u0635\u064a\u0629 \u0647\u0630\u0647 \u0643\u064a\u0641\u064a\u0629 \u062c\u0645\u0639 \u0648\u0627\u0633\u062a\u062e\u062f\u0627\u0645 \u0648\u062d\u0645\u0627\u064a\u0629 \u0627\u0644\u0645\u0639\u0644\u0648\u0645\u0627\u062a \u0627\u0644\u062a\u064a \u062a\u0642\u062f\u0645\u0647\u0627 \u0644\u0646\u0627 \u0639\u0646\u062f \u0627\u0633\u062a\u062e\u062f\u0627\u0645\u0643 \u0644\u0647\u0630\u0627 \u0627\u0644\u0645\u0648\u0642\u0639 \u0627\u0644\u0625\u0644\u0643\u062a\u0631\u0648\u0646\u064a (www.saffir.ma). \u062c\u0645\u0639 \u0627\u0644\u0645\u0639\u0644\u0648\u0645\u0627\u062a \u0648\u0627\u0633\u062a\u062e\u062f\u0627\u0645\u0647\u0627 \u0646\u062c\u0645\u0639 \u0645\u0639\u0644\u0648\u0645\u0627\u062a \u0645\u0639\u064a\u0646\u0629 \u0639\u0646\u062f \u0632\u064a\u0627\u0631\u062a\u0643 \u0644\u0645\u0648\u0642\u0639\u0646\u0627 \u0627\u0644\u0625\u0644\u0643\u062a\u0631\u0648\u0646\u064a \u0623\u0648 \u062a\u0641\u0627\u0639\u0644\u0643 \u0645\u0639\u0646\u0627. \u0642\u062f \u062a\u062a\u0636\u0645\u0646 \u0647\u0630\u0647 \u0627\u0644\u0645\u0639\u0644\u0648\u0645\u0627\u062a \u0627\u0633\u0645\u0643 \u0648\u0639\u0646\u0648\u0627\u0646 \u0628\u0631\u064a\u062f\u0643 \u0627\u0644\u0625\u0644\u0643\u062a\u0631\u0648\u0646\u064a \u0648\u0639\u0646\u0648\u0627\u0646\u0643 \u0627\u0644\u0628\u0631\u064a\u062f\u064a \u0648\u0639\u0646\u0648\u0627\u0646\u0643 \u0627\u0644\u0628\u0631\u064a\u062f\u064a \u0648\u0631\u0642\u0645 \u0647\u0627\u062a\u0641\u0643 \u0648\u0639\u0646\u0648\u0627\u0646 \u0628\u0631\u0648\u062a\u0648\u0643\u0648\u0644 \u0627\u0644\u0625\u0646\u062a\u0631\u0646\u062a \u0648\u0627\u0644\u0645\u0639\u0644\u0648\u0645\u0627\u062a \u0627\u0644\u062f\u064a\u0645\u0648\u063a\u0631\u0627\u0641\u064a\u0629 \u0648\u0627\u0644\u062f\u064a\u0645\u0648\u063a\u0631\u0627\u0641\u064a\u0629 \u0645\u062b\u0644 \u0627\u0644\u0639\u0645\u0631 [&hellip;]<\/p>","protected":false},"author":1,"featured_media":0,"parent":0,"menu_order":0,"comment_status":"closed","ping_status":"closed","template":"","meta":{"_acf_changed":false,"content-type":"","footnotes":""},"class_list":["post-3386","page","type-page","status-publish","hentry"],"acf":[],"jetpack_sharing_enabled":true,"_links":{"self":[{"href":"https:\/\/saffir.ma\/fr\/wp-json\/wp\/v2\/pages\/3386","targetHints":{"allow":["GET"]}}],"collection":[{"href":"https:\/\/saffir.ma\/fr\/wp-json\/wp\/v2\/pages"}],"about":[{"href":"https:\/\/saffir.ma\/fr\/wp-json\/wp\/v2\/types\/page"}],"author":[{"embeddable":true,"href":"https:\/\/saffir.ma\/fr\/wp-json\/wp\/v2\/users\/1"}],"replies":[{"embeddable":true,"href":"https:\/\/saffir.ma\/fr\/wp-json\/wp\/v2\/comments?post=3386"}],"version-history":[{"count":23,"href":"https:\/\/saffir.ma\/fr\/wp-json\/wp\/v2\/pages\/3386\/revisions"}],"predecessor-version":[{"id":4978,"href":"https:\/\/saffir.ma\/fr\/wp-json\/wp\/v2\/pages\/3386\/revisions\/4978"}],"wp:attachment":[{"href":"https:\/\/saffir.ma\/fr\/wp-json\/wp\/v2\/media?parent=3386"}],"curies":[{"name":"wp","href":"https:\/\/api.w.org\/{rel}","templated":true}]}}