{"id":3059,"date":"2024-02-08T13:56:48","date_gmt":"2024-02-08T13:56:48","guid":{"rendered":"https:\/\/saffir.ma\/?post_type=product&#038;p=3059"},"modified":"2026-02-25T01:43:17","modified_gmt":"2026-02-25T01:43:17","slug":"product1-5","status":"publish","type":"product","link":"https:\/\/saffir.ma\/fr\/produit\/product1-5\/","title":{"rendered":"Huile d\u2019argan naturelle pour cosm\u00e9tiques \u2013  Saffir"},"content":{"rendered":"<p data-start=\"468\" data-end=\"639\">Offrez \u00e0 votre routine beaut\u00e9 le <strong data-start=\"501\" data-end=\"533\">tr\u00e9sor de la femme marocaine<\/strong> avec l\u2019<strong data-start=\"541\" data-end=\"575\">huile d\u2019argan naturelle Saffir<\/strong>, un soin polyvalent issu des traditions ancestrales berb\u00e8res.<\/p>\n<p data-start=\"641\" data-end=\"668\">Cette huile pr\u00e9cieuse est :<\/p>\n<ul data-start=\"670\" data-end=\"1031\">\n<li data-start=\"670\" data-end=\"791\">\n<p data-start=\"672\" data-end=\"791\"><strong data-start=\"672\" data-end=\"702\">Hydratante et nourrissante<\/strong> : p\u00e9n\u00e8tre profond\u00e9ment dans la peau et les cheveux pour restaurer souplesse et confort<\/p>\n<\/li>\n<li data-start=\"792\" data-end=\"892\">\n<p data-start=\"794\" data-end=\"892\"><strong data-start=\"794\" data-end=\"809\">R\u00e9g\u00e9n\u00e9rante<\/strong> : aide \u00e0 r\u00e9duire les signes de l\u2019\u00e2ge tels que les ridules et les premi\u00e8res rides<\/p>\n<\/li>\n<li data-start=\"893\" data-end=\"963\">\n<p data-start=\"895\" data-end=\"963\"><strong data-start=\"895\" data-end=\"908\">\u00c9clatante<\/strong> : redonne un teint lumineux et une chevelure soyeuse<\/p>\n<\/li>\n<li data-start=\"964\" data-end=\"1031\">\n<p data-start=\"966\" data-end=\"1031\"><strong data-start=\"966\" data-end=\"980\">Non grasse<\/strong> : texture l\u00e9g\u00e8re id\u00e9ale pour tous types de peaux<\/p>\n<\/li>\n<\/ul>\n<p data-start=\"1033\" data-end=\"1262\"><strong data-start=\"1033\" data-end=\"1066\">Production \u00e9thique et durable<\/strong> : r\u00e9colt\u00e9e \u00e0 la main par les femmes berb\u00e8res selon des m\u00e9thodes traditionnelles, chaque goutte de cette huile est concentr\u00e9e en bienfaits naturels, garantissant qualit\u00e9 et puret\u00e9 exceptionnelles.<\/p>\n<p data-start=\"1264\" data-end=\"1394\">\ud83d\udc9b R\u00e9sultat : une peau douce, lumineuse et revitalis\u00e9e, des cheveux nourris et brillants, pour une beaut\u00e9 naturellement \u00e9clatante.<\/p>\n<p data-start=\"1396\" data-end=\"1628\"><strong data-start=\"1396\" data-end=\"1412\">Convient \u00e0 :<\/strong> tous types de peaux et cheveux<br data-start=\"1443\" data-end=\"1446\" \/><strong data-start=\"1446\" data-end=\"1468\">Usage recommand\u00e9 :<\/strong> appliquer quelques gouttes sur la peau ou les cheveux, masser d\u00e9licatement jusqu\u2019\u00e0 absorption compl\u00e8te, \u00e0 utiliser quotidiennement pour de meilleurs r\u00e9sultats.<\/p>\n<h3 data-start=\"1635\" data-end=\"1653\">\ud83e\uddea Ingr\u00e9dients<\/h3>\n<p data-start=\"1655\" data-end=\"1713\">100\u202f% Huile d\u2019argan naturelle press\u00e9e \u00e0 froid, vitamine E.<\/p>\n<h3 data-start=\"1720\" data-end=\"1751\">\ud83d\udce6 Conseils de conservation<\/h3>\n<p data-start=\"1753\" data-end=\"1823\">\u00c0 conserver \u00e0 l\u2019abri de la lumi\u00e8re directe du soleil et de la chaleur.<\/p>","protected":false},"excerpt":{"rendered":"<p class=\"p1\" dir=\"rtl\" style=\"text-align: left;\">D\u00e9couvrez l\u2019<strong data-start=\"152\" data-end=\"186\">huile d\u2019argan naturelle Saffir<\/strong>, un soin pr\u00e9cieux pour la peau et les cheveux. Riche en acides gras essentiels, vitamine E et antioxydants, elle hydrate, nourrit et r\u00e9g\u00e9n\u00e8re en profondeur, tout en apportant \u00e9clat et douceur. Id\u00e9ale pour tous types de peaux et cheveux<\/p>","protected":false},"featured_media":4032,"comment_status":"open","ping_status":"closed","template":"","meta":{"_acf_changed":false,"content-type":""},"product_brand":[],"product_cat":[105,75],"product_tag":[],"class_list":{"0":"post-3059","1":"product","2":"type-product","3":"status-publish","4":"has-post-thumbnail","6":"product_cat-vegetable-oils","7":"product_cat-cosmitics","9":"first","10":"instock","11":"shipping-taxable","12":"purchasable","13":"product-type-variable"},"acf":[],"jetpack_sharing_enabled":true,"_links":{"self":[{"href":"https:\/\/saffir.ma\/fr\/wp-json\/wp\/v2\/product\/3059","targetHints":{"allow":["GET"]}}],"collection":[{"href":"https:\/\/saffir.ma\/fr\/wp-json\/wp\/v2\/product"}],"about":[{"href":"https:\/\/saffir.ma\/fr\/wp-json\/wp\/v2\/types\/product"}],"replies":[{"embeddable":true,"href":"https:\/\/saffir.ma\/fr\/wp-json\/wp\/v2\/comments?post=3059"}],"wp:featuredmedia":[{"embeddable":true,"href":"https:\/\/saffir.ma\/fr\/wp-json\/wp\/v2\/media\/4032"}],"wp:attachment":[{"href":"https:\/\/saffir.ma\/fr\/wp-json\/wp\/v2\/media?parent=3059"}],"wp:term":[{"taxonomy":"product_brand","embeddable":true,"href":"https:\/\/saffir.ma\/fr\/wp-json\/wp\/v2\/product_brand?post=3059"},{"taxonomy":"product_cat","embeddable":true,"href":"https:\/\/saffir.ma\/fr\/wp-json\/wp\/v2\/product_cat?post=3059"},{"taxonomy":"product_tag","embeddable":true,"href":"https:\/\/saffir.ma\/fr\/wp-json\/wp\/v2\/product_tag?post=3059"}],"curies":[{"name":"wp","href":"https:\/\/api.w.org\/{rel}","templated":true}]}}