{"id":3614,"date":"2024-03-12T23:40:49","date_gmt":"2024-03-12T23:40:49","guid":{"rendered":"https:\/\/saffir.ma\/?post_type=product&#038;p=3614"},"modified":"2026-02-25T01:38:17","modified_gmt":"2026-02-25T01:38:17","slug":"encens-oliban-face-scrub-100-gr","status":"publish","type":"product","link":"https:\/\/saffir.ma\/fr\/produit\/encens-oliban-face-scrub-100-gr\/","title":{"rendered":"Gommage visage naturel au Loubane Dakar (Oliban) \u2013 Saffir"},"content":{"rendered":"<p data-start=\"443\" data-end=\"638\">Plongez dans un rituel de beaut\u00e9 ancestral avec le <strong data-start=\"494\" data-end=\"544\">gommage visage naturel au Loubane Dakar Saffir<\/strong>, un soin exfoliant inspir\u00e9 des traditions orientales pour r\u00e9v\u00e9ler l\u2019\u00e9clat naturel de la peau.<\/p>\n<p data-start=\"640\" data-end=\"777\">Gr\u00e2ce \u00e0 la <strong data-start=\"651\" data-end=\"688\">r\u00e9sine sacr\u00e9e de Loubane (Oliban)<\/strong>, reconnue pour ses vertus aromatiques et r\u00e9g\u00e9n\u00e9rantes, ce gommage agit en douceur pour :<\/p>\n<ul data-start=\"779\" data-end=\"992\">\n<li data-start=\"779\" data-end=\"811\">\n<p data-start=\"781\" data-end=\"811\">purifier et nettoyer la peau<\/p>\n<\/li>\n<li data-start=\"812\" data-end=\"857\">\n<p data-start=\"814\" data-end=\"857\">\u00e9liminer les cellules mortes et impuret\u00e9s<\/p>\n<\/li>\n<li data-start=\"858\" data-end=\"896\">\n<p data-start=\"860\" data-end=\"896\">lisser et adoucir le grain de peau<\/p>\n<\/li>\n<li data-start=\"897\" data-end=\"941\">\n<p data-start=\"899\" data-end=\"941\">raviver l\u2019\u00e9clat naturel et la luminosit\u00e9<\/p>\n<\/li>\n<li data-start=\"942\" data-end=\"992\">\n<p data-start=\"944\" data-end=\"992\">procurer un moment de soin luxueux et apaisant<\/p>\n<\/li>\n<\/ul>\n<p data-start=\"994\" data-end=\"1155\">Sa formule enrichie en <strong data-start=\"1017\" data-end=\"1035\">cire d\u2019abeille<\/strong>, huile aromatique et vitamine E nourrit et prot\u00e8ge la peau tout en offrant un soin d\u00e9licat, adapt\u00e9 \u00e0 un usage r\u00e9gulier.<\/p>\n<p data-start=\"1157\" data-end=\"1235\">\u2728 R\u00e9sultat : une peau visiblement plus douce, lisse, revitalis\u00e9e et \u00e9clatante.<\/p>\n<p data-start=\"1237\" data-end=\"1415\"><strong data-start=\"1237\" data-end=\"1253\">Convient \u00e0 :<\/strong> tous types de peaux, particuli\u00e8rement les peaux ternes ou fatigu\u00e9es.<br data-start=\"1322\" data-end=\"1325\" \/><strong data-start=\"1325\" data-end=\"1365\">Fr\u00e9quence d\u2019utilisation conseill\u00e9e :<\/strong> 1 \u00e0 2 fois par semaine sur peau propre et humide.<\/p>\n<h3 data-start=\"1422\" data-end=\"1440\">\ud83e\uddea Ingr\u00e9dients<\/h3>\n<p data-start=\"1442\" data-end=\"1560\">Cire d\u2019abeille, Huile aromatique, Loubane (Oliban), Tocoph\u00e9rol (Vitamine E), Benzoate de sodium, Sorbate de potassium.<\/p>\n<h3 data-start=\"1567\" data-end=\"1598\">\ud83d\udce6 Conseils de conservation<\/h3>\n<p data-start=\"1600\" data-end=\"1670\">\u00c0 conserver \u00e0 l\u2019abri de la lumi\u00e8re directe du soleil et de l\u2019humidit\u00e9<\/p>","protected":false},"excerpt":{"rendered":"<p class=\"p1\" dir=\"rtl\" style=\"text-align: left;\">Offrez \u00e0 votre peau un soin purifiant d\u2019exception avec le <strong data-start=\"205\" data-end=\"255\">gommage visage naturel au Loubane Dakar Saffir<\/strong>. Enrichi en oliban sacr\u00e9, ce soin exfolie d\u00e9licatement, \u00e9limine les impuret\u00e9s et cellules mortes, et laisse la peau douce, lisse et lumineuse<\/p>","protected":false},"featured_media":3722,"comment_status":"open","ping_status":"closed","template":"","meta":{"_acf_changed":false,"content-type":""},"product_brand":[],"product_cat":[106,75],"product_tag":[],"class_list":{"0":"post-3614","1":"product","2":"type-product","3":"status-publish","4":"has-post-thumbnail","6":"product_cat-body-care","7":"product_cat-cosmitics","9":"first","10":"instock","11":"shipping-taxable","12":"purchasable","13":"product-type-simple"},"acf":[],"jetpack_sharing_enabled":true,"_links":{"self":[{"href":"https:\/\/saffir.ma\/fr\/wp-json\/wp\/v2\/product\/3614","targetHints":{"allow":["GET"]}}],"collection":[{"href":"https:\/\/saffir.ma\/fr\/wp-json\/wp\/v2\/product"}],"about":[{"href":"https:\/\/saffir.ma\/fr\/wp-json\/wp\/v2\/types\/product"}],"replies":[{"embeddable":true,"href":"https:\/\/saffir.ma\/fr\/wp-json\/wp\/v2\/comments?post=3614"}],"wp:featuredmedia":[{"embeddable":true,"href":"https:\/\/saffir.ma\/fr\/wp-json\/wp\/v2\/media\/3722"}],"wp:attachment":[{"href":"https:\/\/saffir.ma\/fr\/wp-json\/wp\/v2\/media?parent=3614"}],"wp:term":[{"taxonomy":"product_brand","embeddable":true,"href":"https:\/\/saffir.ma\/fr\/wp-json\/wp\/v2\/product_brand?post=3614"},{"taxonomy":"product_cat","embeddable":true,"href":"https:\/\/saffir.ma\/fr\/wp-json\/wp\/v2\/product_cat?post=3614"},{"taxonomy":"product_tag","embeddable":true,"href":"https:\/\/saffir.ma\/fr\/wp-json\/wp\/v2\/product_tag?post=3614"}],"curies":[{"name":"wp","href":"https:\/\/api.w.org\/{rel}","templated":true}]}}