{"id":3615,"date":"2024-03-12T23:54:07","date_gmt":"2024-03-12T23:54:07","guid":{"rendered":"https:\/\/saffir.ma\/?post_type=product&#038;p=3615"},"modified":"2026-02-25T01:34:11","modified_gmt":"2026-02-25T01:34:11","slug":"nila-sahraouia-face-scrub-100-gr","status":"publish","type":"product","link":"https:\/\/saffir.ma\/fr\/produit\/nila-sahraouia-face-scrub-100-gr\/","title":{"rendered":"Gommage visage naturel \u00e0 la Nila bleue \u2013 Saffir"},"content":{"rendered":"<p data-start=\"417\" data-end=\"592\">D\u00e9couvrez la puissance r\u00e9g\u00e9n\u00e9rante du d\u00e9sert avec le <strong data-start=\"470\" data-end=\"519\">gommage visage naturel \u00e0 la Nila bleue Saffir<\/strong>, un soin exfoliant con\u00e7u pour r\u00e9v\u00e9ler la beaut\u00e9 naturelle de votre peau.<\/p>\n<p data-start=\"594\" data-end=\"725\">Gr\u00e2ce \u00e0 la <strong data-start=\"605\" data-end=\"619\">Nila bleue<\/strong>, plante saharienne pr\u00e9cieuse aux propri\u00e9t\u00e9s nutritives et r\u00e9g\u00e9n\u00e9rantes, ce gommage agit en douceur pour :<\/p>\n<ul data-start=\"727\" data-end=\"931\">\n<li data-start=\"727\" data-end=\"772\">\n<p data-start=\"729\" data-end=\"772\">\u00e9liminer les impuret\u00e9s et cellules mortes<\/p>\n<\/li>\n<li data-start=\"773\" data-end=\"809\">\n<p data-start=\"775\" data-end=\"809\">stimuler la r\u00e9g\u00e9n\u00e9ration cutan\u00e9e<\/p>\n<\/li>\n<li data-start=\"810\" data-end=\"839\">\n<p data-start=\"812\" data-end=\"839\">lisser et adoucir la peau<\/p>\n<\/li>\n<li data-start=\"840\" data-end=\"876\">\n<p data-start=\"842\" data-end=\"876\">raviver l\u2019\u00e9clat naturel du teint<\/p>\n<\/li>\n<li data-start=\"877\" data-end=\"931\">\n<p data-start=\"879\" data-end=\"931\">procurer une sensation de fra\u00eecheur et de vitalit\u00e9<\/p>\n<\/li>\n<\/ul>\n<p data-start=\"933\" data-end=\"1080\">Sa formule, enrichie en <strong data-start=\"957\" data-end=\"975\">cire d\u2019abeille<\/strong>, huile aromatique et vitamine E, nourrit et prot\u00e8ge la peau tout en offrant un soin d\u00e9licat et efficace.<\/p>\n<p data-start=\"1082\" data-end=\"1156\">\u2728 R\u00e9sultat : une peau douce, revitalis\u00e9e, lumineuse et \u00e9clatante de sant\u00e9.<\/p>\n<p data-start=\"1158\" data-end=\"1336\"><strong data-start=\"1158\" data-end=\"1174\">Convient \u00e0 :<\/strong> tous types de peaux, particuli\u00e8rement les peaux fatigu\u00e9es ou ternes.<br data-start=\"1243\" data-end=\"1246\" \/><strong data-start=\"1246\" data-end=\"1286\">Fr\u00e9quence d\u2019utilisation conseill\u00e9e :<\/strong> 1 \u00e0 2 fois par semaine sur peau propre et humide.<\/p>\n<h3 data-start=\"1343\" data-end=\"1361\">\ud83e\uddea Ingr\u00e9dients<\/h3>\n<p data-start=\"1363\" data-end=\"1485\">Cire d\u2019abeille, Huile aromatique, Poudre de Nila bleue, Benzoate de sodium, Tocoph\u00e9rol (Vitamine E), Sorbate de potassium.<\/p>\n<h3 data-start=\"1492\" data-end=\"1523\">\ud83d\udce6 Conseils de conservation<\/h3>\n<p data-start=\"1525\" data-end=\"1595\">\u00c0 conserver \u00e0 l\u2019abri de la lumi\u00e8re directe du soleil et de l\u2019humidit\u00e9.<\/p>","protected":false},"excerpt":{"rendered":"<p class=\"p1\" dir=\"rtl\" style=\"text-align: left;\">R\u00e9veillez l\u2019\u00e9clat naturel de votre peau avec le <strong data-start=\"185\" data-end=\"234\">gommage visage naturel \u00e0 la Nila bleue Saffir<\/strong>. Enrichi en Nila saharienne rare, ce soin exfolie en douceur, revitalise la peau et laisse le teint frais, lumineux et parfaitement doux<\/p>","protected":false},"featured_media":3721,"comment_status":"open","ping_status":"closed","template":"","meta":{"_acf_changed":false,"content-type":""},"product_brand":[],"product_cat":[106,75],"product_tag":[],"class_list":{"0":"post-3615","1":"product","2":"type-product","3":"status-publish","4":"has-post-thumbnail","6":"product_cat-body-care","7":"product_cat-cosmitics","9":"first","10":"instock","11":"shipping-taxable","12":"purchasable","13":"product-type-simple"},"acf":[],"jetpack_sharing_enabled":true,"_links":{"self":[{"href":"https:\/\/saffir.ma\/fr\/wp-json\/wp\/v2\/product\/3615","targetHints":{"allow":["GET"]}}],"collection":[{"href":"https:\/\/saffir.ma\/fr\/wp-json\/wp\/v2\/product"}],"about":[{"href":"https:\/\/saffir.ma\/fr\/wp-json\/wp\/v2\/types\/product"}],"replies":[{"embeddable":true,"href":"https:\/\/saffir.ma\/fr\/wp-json\/wp\/v2\/comments?post=3615"}],"wp:featuredmedia":[{"embeddable":true,"href":"https:\/\/saffir.ma\/fr\/wp-json\/wp\/v2\/media\/3721"}],"wp:attachment":[{"href":"https:\/\/saffir.ma\/fr\/wp-json\/wp\/v2\/media?parent=3615"}],"wp:term":[{"taxonomy":"product_brand","embeddable":true,"href":"https:\/\/saffir.ma\/fr\/wp-json\/wp\/v2\/product_brand?post=3615"},{"taxonomy":"product_cat","embeddable":true,"href":"https:\/\/saffir.ma\/fr\/wp-json\/wp\/v2\/product_cat?post=3615"},{"taxonomy":"product_tag","embeddable":true,"href":"https:\/\/saffir.ma\/fr\/wp-json\/wp\/v2\/product_tag?post=3615"}],"curies":[{"name":"wp","href":"https:\/\/api.w.org\/{rel}","templated":true}]}}