{"id":3616,"date":"2024-03-12T23:54:34","date_gmt":"2024-03-12T23:54:34","guid":{"rendered":"https:\/\/saffir.ma\/?post_type=product&#038;p=3616"},"modified":"2026-02-25T01:16:46","modified_gmt":"2026-02-25T01:16:46","slug":"saffron-face-scrub-100-gr","status":"publish","type":"product","link":"https:\/\/saffir.ma\/fr\/produit\/saffron-face-scrub-100-gr\/","title":{"rendered":"Gommage visage naturel au Safran pur \u2013 Saffir"},"content":{"rendered":"<p data-start=\"424\" data-end=\"584\">Offrez \u00e0 votre peau un moment de soin digne d\u2019un spa avec le <strong data-start=\"485\" data-end=\"532\">gommage visage naturel au safran pur Saffir<\/strong>, un exfoliant d\u00e9licat con\u00e7u pour sublimer le teint.<\/p>\n<p data-start=\"586\" data-end=\"745\">Formul\u00e9 \u00e0 base de <strong data-start=\"604\" data-end=\"625\">safran biologique<\/strong>, ingr\u00e9dient pr\u00e9cieux reconnu pour ses propri\u00e9t\u00e9s \u00e9claircissantes et revitalisantes, ce gommage agit efficacement pour :<\/p>\n<ul data-start=\"747\" data-end=\"919\">\n<li data-start=\"747\" data-end=\"778\">\n<p data-start=\"749\" data-end=\"778\">exfolier la peau en douceur<\/p>\n<\/li>\n<li data-start=\"779\" data-end=\"824\">\n<p data-start=\"781\" data-end=\"824\">\u00e9liminer les impuret\u00e9s et cellules mortes<\/p>\n<\/li>\n<li data-start=\"825\" data-end=\"853\">\n<p data-start=\"827\" data-end=\"853\">affiner le grain de peau<\/p>\n<\/li>\n<li data-start=\"854\" data-end=\"882\">\n<p data-start=\"856\" data-end=\"882\">raviver l\u2019\u00e9clat du teint<\/p>\n<\/li>\n<li data-start=\"883\" data-end=\"919\">\n<p data-start=\"885\" data-end=\"919\">laisser la peau douce et soyeuse<\/p>\n<\/li>\n<\/ul>\n<p data-start=\"921\" data-end=\"1085\">Sa texture enrichie en <strong data-start=\"944\" data-end=\"962\">cire d\u2019abeille<\/strong> et en <strong data-start=\"969\" data-end=\"983\">vitamine E<\/strong> aide \u00e0 prot\u00e9ger la peau du dess\u00e8chement tout en apportant confort et nutrition pendant l\u2019exfoliation.<\/p>\n<p data-start=\"1087\" data-end=\"1180\">\u2728 R\u00e9sultat : une peau nette, lumineuse et visiblement plus lisse d\u00e8s la premi\u00e8re utilisation.<\/p>\n<p data-start=\"1182\" data-end=\"1312\"><strong data-start=\"1182\" data-end=\"1198\">Convient \u00e0 :<\/strong> tous types de peaux.<br data-start=\"1219\" data-end=\"1222\" \/><strong data-start=\"1222\" data-end=\"1262\">Fr\u00e9quence d\u2019utilisation conseill\u00e9e :<\/strong> 1 \u00e0 2 fois par semaine sur peau propre et humide.<\/p>\n<h3 data-start=\"1319\" data-end=\"1337\">\ud83e\uddea Ingr\u00e9dients<\/h3>\n<p data-start=\"1339\" data-end=\"1458\">Cire d\u2019abeille, Huile aromatique, Safran biologique, Tocoph\u00e9rol (Vitamine E), Benzoate de sodium, Sorbate de potassium.<\/p>\n<h3 data-start=\"1465\" data-end=\"1496\">\ud83d\udce6 Conseils de conservation<\/h3>\n<p data-start=\"1498\" data-end=\"1568\">\u00c0 conserver \u00e0 l\u2019abri de la lumi\u00e8re directe du soleil et de l\u2019humidit\u00e9.<\/p>","protected":false},"excerpt":{"rendered":"<p class=\"p1\" dir=\"rtl\" style=\"text-align: left;\">R\u00e9v\u00e9lez l\u2019\u00e9clat naturel de votre peau avec le <strong data-start=\"181\" data-end=\"224\">gommage visage naturel au safran Saffir<\/strong>. Enrichi en safran bio aux propri\u00e9t\u00e9s illuminatrices, ce soin exfolie en douceur, \u00e9limine les cellules mortes et laisse la peau douce, lisse et lumineuse<\/p>","protected":false},"featured_media":3720,"comment_status":"open","ping_status":"closed","template":"","meta":{"_acf_changed":false,"content-type":""},"product_brand":[],"product_cat":[106,75],"product_tag":[],"class_list":{"0":"post-3616","1":"product","2":"type-product","3":"status-publish","4":"has-post-thumbnail","6":"product_cat-body-care","7":"product_cat-cosmitics","9":"first","10":"instock","11":"shipping-taxable","12":"purchasable","13":"product-type-simple"},"acf":[],"jetpack_sharing_enabled":true,"_links":{"self":[{"href":"https:\/\/saffir.ma\/fr\/wp-json\/wp\/v2\/product\/3616","targetHints":{"allow":["GET"]}}],"collection":[{"href":"https:\/\/saffir.ma\/fr\/wp-json\/wp\/v2\/product"}],"about":[{"href":"https:\/\/saffir.ma\/fr\/wp-json\/wp\/v2\/types\/product"}],"replies":[{"embeddable":true,"href":"https:\/\/saffir.ma\/fr\/wp-json\/wp\/v2\/comments?post=3616"}],"wp:featuredmedia":[{"embeddable":true,"href":"https:\/\/saffir.ma\/fr\/wp-json\/wp\/v2\/media\/3720"}],"wp:attachment":[{"href":"https:\/\/saffir.ma\/fr\/wp-json\/wp\/v2\/media?parent=3616"}],"wp:term":[{"taxonomy":"product_brand","embeddable":true,"href":"https:\/\/saffir.ma\/fr\/wp-json\/wp\/v2\/product_brand?post=3616"},{"taxonomy":"product_cat","embeddable":true,"href":"https:\/\/saffir.ma\/fr\/wp-json\/wp\/v2\/product_cat?post=3616"},{"taxonomy":"product_tag","embeddable":true,"href":"https:\/\/saffir.ma\/fr\/wp-json\/wp\/v2\/product_tag?post=3616"}],"curies":[{"name":"wp","href":"https:\/\/api.w.org\/{rel}","templated":true}]}}