{"id":3617,"date":"2024-03-13T00:09:15","date_gmt":"2024-03-13T00:09:15","guid":{"rendered":"https:\/\/saffir.ma\/?post_type=product&#038;p=3617"},"modified":"2026-02-25T01:09:05","modified_gmt":"2026-02-25T01:09:05","slug":"encens-oliban-face-mask-100-gr","status":"publish","type":"product","link":"https:\/\/saffir.ma\/fr\/produit\/encens-oliban-face-mask-100-gr\/","title":{"rendered":"Masque visage naturel \u00e0 l\u2019Oliban (Loubane Dakar) \u2013Saffir"},"content":{"rendered":"<p data-start=\"483\" data-end=\"646\">Plongez dans un rituel de beaut\u00e9 ancestral avec le <strong data-start=\"534\" data-end=\"583\">masque visage naturel au Loubane Dakar Saffir<\/strong>, un soin inspir\u00e9 des traditions orientales de soin de la peau.<\/p>\n<p data-start=\"648\" data-end=\"795\">Formul\u00e9 \u00e0 base de <strong data-start=\"666\" data-end=\"707\">r\u00e9sine d\u2019oliban (Loubane Dakar) brute<\/strong>, r\u00e9put\u00e9e pour ses vertus aromatiques et purifiantes, ce masque agit efficacement pour :<\/p>\n<ul data-start=\"797\" data-end=\"972\">\n<li data-start=\"797\" data-end=\"833\">\n<p data-start=\"799\" data-end=\"833\">apaiser les irritations cutan\u00e9es<\/p>\n<\/li>\n<li data-start=\"834\" data-end=\"865\">\n<p data-start=\"836\" data-end=\"865\">purifier la peau en douceur<\/p>\n<\/li>\n<li data-start=\"866\" data-end=\"899\">\n<p data-start=\"868\" data-end=\"899\">r\u00e9duire l\u2019apparence des pores<\/p>\n<\/li>\n<li data-start=\"900\" data-end=\"935\">\n<p data-start=\"902\" data-end=\"935\">am\u00e9liorer la fermet\u00e9 de la peau<\/p>\n<\/li>\n<li data-start=\"936\" data-end=\"972\">\n<p data-start=\"938\" data-end=\"972\">raviver l\u2019\u00e9clat naturel du teint<\/p>\n<\/li>\n<\/ul>\n<p data-start=\"974\" data-end=\"1115\">Sa formule enrichie en miel, glyc\u00e9rine et extrait d\u2019aloe vera hydrate et nourrit la peau tout en procurant une sensation de confort imm\u00e9diat.<\/p>\n<p data-start=\"1117\" data-end=\"1198\">\u2728 R\u00e9sultat : une peau plus nette, plus douce, visiblement raffermie et lumineuse.<\/p>\n<p data-start=\"1200\" data-end=\"1379\"><strong data-start=\"1200\" data-end=\"1216\">Convient \u00e0 :<\/strong> tous types de peaux, particuli\u00e8rement les peaux mixtes \u00e0 grasses ou sujettes aux imperfections.<br data-start=\"1312\" data-end=\"1315\" \/><strong data-start=\"1315\" data-end=\"1355\">Fr\u00e9quence d\u2019utilisation conseill\u00e9e :<\/strong> 1 \u00e0 2 fois par semaine.<\/p>\n<h3 data-start=\"1386\" data-end=\"1404\">\ud83e\uddea Ingr\u00e9dients<\/h3>\n<p data-start=\"1406\" data-end=\"1546\">Eau, Miel, Glyc\u00e9rine, T\u00e9traborate de sodium, Extrait d\u2019aloe vera, Eau florale, Parfum, Oliban brut (Loubane Dakar), Tocoph\u00e9rol (Vitamine E).<\/p>\n<h3 data-start=\"1553\" data-end=\"1584\">\ud83d\udce6 Conseils de conservation<\/h3>\n<p data-start=\"1586\" data-end=\"1656\">\u00c0 conserver \u00e0 l\u2019abri de la lumi\u00e8re directe du soleil et de l\u2019humidit\u00e9.<\/p>","protected":false},"excerpt":{"rendered":"<p>Offrez \u00e0 votre peau un soin purifiant d\u2019exception avec le <strong data-start=\"205\" data-end=\"254\">masque visage naturel au Loubane Dakar Saffir<\/strong>. Enrichi en oliban brut reconnu pour ses propri\u00e9t\u00e9s apaisantes et resserrantes, ce masque aide \u00e0 purifier la peau, r\u00e9duire l\u2019apparence des pores et r\u00e9v\u00e9ler un teint frais et lumineux.<\/p>","protected":false},"featured_media":3719,"comment_status":"open","ping_status":"closed","template":"","meta":{"_acf_changed":false,"content-type":""},"product_brand":[],"product_cat":[106,75],"product_tag":[],"class_list":{"0":"post-3617","1":"product","2":"type-product","3":"status-publish","4":"has-post-thumbnail","6":"product_cat-body-care","7":"product_cat-cosmitics","9":"first","10":"instock","11":"shipping-taxable","12":"purchasable","13":"product-type-simple"},"acf":[],"jetpack_sharing_enabled":true,"_links":{"self":[{"href":"https:\/\/saffir.ma\/fr\/wp-json\/wp\/v2\/product\/3617","targetHints":{"allow":["GET"]}}],"collection":[{"href":"https:\/\/saffir.ma\/fr\/wp-json\/wp\/v2\/product"}],"about":[{"href":"https:\/\/saffir.ma\/fr\/wp-json\/wp\/v2\/types\/product"}],"replies":[{"embeddable":true,"href":"https:\/\/saffir.ma\/fr\/wp-json\/wp\/v2\/comments?post=3617"}],"wp:featuredmedia":[{"embeddable":true,"href":"https:\/\/saffir.ma\/fr\/wp-json\/wp\/v2\/media\/3719"}],"wp:attachment":[{"href":"https:\/\/saffir.ma\/fr\/wp-json\/wp\/v2\/media?parent=3617"}],"wp:term":[{"taxonomy":"product_brand","embeddable":true,"href":"https:\/\/saffir.ma\/fr\/wp-json\/wp\/v2\/product_brand?post=3617"},{"taxonomy":"product_cat","embeddable":true,"href":"https:\/\/saffir.ma\/fr\/wp-json\/wp\/v2\/product_cat?post=3617"},{"taxonomy":"product_tag","embeddable":true,"href":"https:\/\/saffir.ma\/fr\/wp-json\/wp\/v2\/product_tag?post=3617"}],"curies":[{"name":"wp","href":"https:\/\/api.w.org\/{rel}","templated":true}]}}