{"id":3725,"date":"2024-03-19T23:44:20","date_gmt":"2024-03-19T23:44:20","guid":{"rendered":"https:\/\/saffir.ma\/?post_type=product&#038;p=3725"},"modified":"2026-02-26T00:57:02","modified_gmt":"2026-02-26T00:57:02","slug":"blush-natural-cheeks-and-lips-supply","status":"publish","type":"product","link":"https:\/\/saffir.ma\/fr\/produit\/blush-natural-cheeks-and-lips-supply\/","title":{"rendered":"Blush Naturel Joues &#038; L\u00e8vres \u2013 Saffir"},"content":{"rendered":"<h2 data-start=\"415\" data-end=\"450\"><\/h2>\n<p data-start=\"452\" data-end=\"599\">Sublimez votre beaut\u00e9 avec le <strong data-start=\"482\" data-end=\"518\">Blush naturel multi-usage Saffir<\/strong>, une solution 2-en-1 con\u00e7ue pour rehausser d\u00e9licatement vos joues et vos l\u00e8vres.<\/p>\n<p data-start=\"601\" data-end=\"753\">Sa formule unique, inspir\u00e9e des tr\u00e9sors naturels marocains, associe <strong data-start=\"669\" data-end=\"703\">extraits v\u00e9g\u00e9taux nourrissants<\/strong> et <strong data-start=\"707\" data-end=\"739\">pigments d\u2019origine naturelle<\/strong> pour offrir :<\/p>\n<p data-start=\"755\" data-end=\"955\">\ud83d\udc97 Une couleur douce et lumineuse adapt\u00e9e \u00e0 toutes les carnations<br data-start=\"820\" data-end=\"823\" \/>\ud83d\udc84 Une texture l\u00e9g\u00e8re et facile \u00e0 estomper<br data-start=\"865\" data-end=\"868\" \/>\ud83c\udf3f Une hydratation confortable pour les l\u00e8vres<br data-start=\"914\" data-end=\"917\" \/>\u2728 Un fini frais, naturel et \u00e9clatant<\/p>\n<p data-start=\"957\" data-end=\"1084\">Facile \u00e0 appliquer, sa texture fond d\u00e9licatement sur la peau et se m\u00e9lange harmonieusement pour un effet bonne mine instantan\u00e9.<\/p>\n<h3 data-start=\"1091\" data-end=\"1108\">\ud83d\udc84 Id\u00e9al pour<\/h3>\n<ul data-start=\"1110\" data-end=\"1242\">\n<li data-start=\"1110\" data-end=\"1145\">\n<p data-start=\"1112\" data-end=\"1145\">Un maquillage naturel quotidien<\/p>\n<\/li>\n<li data-start=\"1146\" data-end=\"1181\">\n<p data-start=\"1148\" data-end=\"1181\">Un look lumineux et sophistiqu\u00e9<\/p>\n<\/li>\n<li data-start=\"1182\" data-end=\"1216\">\n<p data-start=\"1184\" data-end=\"1216\">Une routine beaut\u00e9 minimaliste<\/p>\n<\/li>\n<li data-start=\"1217\" data-end=\"1242\">\n<p data-start=\"1219\" data-end=\"1242\">Toutes les carnations<\/p>\n<\/li>\n<\/ul>\n<h3 data-start=\"1249\" data-end=\"1273\">\ud83c\udf31 Les atouts Saffir<\/h3>\n<ul data-start=\"1275\" data-end=\"1414\">\n<li data-start=\"1275\" data-end=\"1318\">\n<p data-start=\"1277\" data-end=\"1318\">Formule inspir\u00e9e de la nature marocaine<\/p>\n<\/li>\n<li data-start=\"1319\" data-end=\"1351\">\n<p data-start=\"1321\" data-end=\"1351\">Multi-usage : joues &amp; l\u00e8vres<\/p>\n<\/li>\n<li data-start=\"1352\" data-end=\"1385\">\n<p data-start=\"1354\" data-end=\"1385\">Texture l\u00e9g\u00e8re et confortable<\/p>\n<\/li>\n<li data-start=\"1386\" data-end=\"1414\">\n<p data-start=\"1388\" data-end=\"1414\">Fini naturel et \u00e9clatant<\/p>\n<\/li>\n<\/ul>","protected":false},"excerpt":{"rendered":"<p style=\"font-weight: 400; text-align: left;\">D\u00e9couvrez le <strong data-start=\"184\" data-end=\"229\">Blush naturel Saffir pour joues et l\u00e8vres<\/strong>, une formule enrichie en extraits v\u00e9g\u00e9taux et pigments naturels. Il apporte une touche de couleur fra\u00eeche et lumineuse tout en hydratant la peau pour un fini naturel et \u00e9clatant.<\/p>","protected":false},"featured_media":4272,"comment_status":"open","ping_status":"closed","template":"","meta":{"_acf_changed":false,"content-type":""},"product_brand":[],"product_cat":[106],"product_tag":[],"class_list":{"0":"post-3725","1":"product","2":"type-product","3":"status-publish","4":"has-post-thumbnail","6":"product_cat-body-care","8":"first","9":"instock","10":"shipping-taxable","11":"purchasable","12":"product-type-simple"},"acf":[],"jetpack_sharing_enabled":true,"_links":{"self":[{"href":"https:\/\/saffir.ma\/fr\/wp-json\/wp\/v2\/product\/3725","targetHints":{"allow":["GET"]}}],"collection":[{"href":"https:\/\/saffir.ma\/fr\/wp-json\/wp\/v2\/product"}],"about":[{"href":"https:\/\/saffir.ma\/fr\/wp-json\/wp\/v2\/types\/product"}],"replies":[{"embeddable":true,"href":"https:\/\/saffir.ma\/fr\/wp-json\/wp\/v2\/comments?post=3725"}],"wp:featuredmedia":[{"embeddable":true,"href":"https:\/\/saffir.ma\/fr\/wp-json\/wp\/v2\/media\/4272"}],"wp:attachment":[{"href":"https:\/\/saffir.ma\/fr\/wp-json\/wp\/v2\/media?parent=3725"}],"wp:term":[{"taxonomy":"product_brand","embeddable":true,"href":"https:\/\/saffir.ma\/fr\/wp-json\/wp\/v2\/product_brand?post=3725"},{"taxonomy":"product_cat","embeddable":true,"href":"https:\/\/saffir.ma\/fr\/wp-json\/wp\/v2\/product_cat?post=3725"},{"taxonomy":"product_tag","embeddable":true,"href":"https:\/\/saffir.ma\/fr\/wp-json\/wp\/v2\/product_tag?post=3725"}],"curies":[{"name":"wp","href":"https:\/\/api.w.org\/{rel}","templated":true}]}}