{"id":3744,"date":"2024-03-20T20:57:29","date_gmt":"2024-03-20T20:57:29","guid":{"rendered":"https:\/\/saffir.ma\/?post_type=product&#038;p=3744"},"modified":"2026-02-26T00:44:16","modified_gmt":"2026-02-26T00:44:16","slug":"black-soap-with-aker-fassi-200-gr","status":"publish","type":"product","link":"https:\/\/saffir.ma\/fr\/produit\/black-soap-with-aker-fassi-200-gr\/","title":{"rendered":"Savon Noir au Aker Fassi 200 g -Saffir"},"content":{"rendered":"<p data-start=\"427\" data-end=\"669\">Plongez dans l\u2019univers authentique du hammam marocain avec le <strong data-start=\"489\" data-end=\"524\">savon noir au Aker Fassi Saffir<\/strong>, une alliance raffin\u00e9e entre le savon noir traditionnel et les bienfaits du c\u00e9l\u00e8bre Aker Fassi, m\u00e9lange naturel \u00e0 base de p\u00e9tales de coquelicot.<\/p>\n<p data-start=\"671\" data-end=\"712\">Ce soin corporel agit efficacement pour :<\/p>\n<p data-start=\"714\" data-end=\"948\">\ud83d\udda4 Nettoyer la peau en profondeur<br data-start=\"747\" data-end=\"750\" \/>\ud83c\udf3f \u00c9liminer les impuret\u00e9s et cellules mortes<br data-start=\"794\" data-end=\"797\" \/>\u2728 Raviver l\u2019\u00e9clat naturel du teint<br data-start=\"831\" data-end=\"834\" \/>\ud83e\udd0d Adoucir et lisser la texture de la peau<br data-start=\"876\" data-end=\"879\" \/>\ud83c\udf38 Offrir une exp\u00e9rience sensorielle inspir\u00e9e des rituels marocains<\/p>\n<p data-start=\"950\" data-end=\"1062\">Sa texture riche et onctueuse facilite le gommage au gant kessa et pr\u00e9pare parfaitement la peau \u00e0 l\u2019exfoliation.<\/p>\n<h3 data-start=\"1069\" data-end=\"1086\">\ud83d\udec1 Id\u00e9al pour<\/h3>\n<ul data-start=\"1088\" data-end=\"1200\">\n<li data-start=\"1088\" data-end=\"1118\">\n<p data-start=\"1090\" data-end=\"1118\">Rituel hammam traditionnel<\/p>\n<\/li>\n<li data-start=\"1119\" data-end=\"1146\">\n<p data-start=\"1121\" data-end=\"1146\">Soin exfoliant corporel<\/p>\n<\/li>\n<li data-start=\"1147\" data-end=\"1176\">\n<p data-start=\"1149\" data-end=\"1176\">Pr\u00e9paration avant gommage<\/p>\n<\/li>\n<li data-start=\"1177\" data-end=\"1200\">\n<p data-start=\"1179\" data-end=\"1200\">Tous types de peaux<\/p>\n<\/li>\n<\/ul>\n<h3 data-start=\"1207\" data-end=\"1219\">\ud83d\udce6 Poids<\/h3>\n<p data-start=\"1221\" data-end=\"1255\">200 g \u2013 Soin corporel traditionnel<\/p>\n<h3 data-start=\"1262\" data-end=\"1294\">\ud83c\udf31 Engagement qualit\u00e9 Saffir<\/h3>\n<ul data-start=\"1296\" data-end=\"1408\">\n<li data-start=\"1296\" data-end=\"1333\">\n<p data-start=\"1298\" data-end=\"1333\">Inspir\u00e9 des traditions marocaines<\/p>\n<\/li>\n<li data-start=\"1334\" data-end=\"1369\">\n<p data-start=\"1336\" data-end=\"1369\">Formule d\u2019inspiration naturelle<\/p>\n<\/li>\n<li data-start=\"1370\" data-end=\"1408\">\n<p data-start=\"1372\" data-end=\"1408\">Adapt\u00e9 \u00e0 une utilisation r\u00e9guli\u00e8re<\/p>\n<\/li>\n<\/ul>","protected":false},"excerpt":{"rendered":"<p style=\"text-align: left;\">D\u00e9couvrez le <strong data-start=\"190\" data-end=\"225\">savon noir au Aker Fassi Saffir<\/strong>, un soin traditionnel marocain inspir\u00e9 du rituel du hammam. Il nettoie en profondeur, exfolie d\u00e9licatement et laisse la peau douce, lumineuse et revitalis\u00e9e.<\/p>","protected":false},"featured_media":3745,"comment_status":"open","ping_status":"closed","template":"","meta":{"_acf_changed":false,"content-type":""},"product_brand":[],"product_cat":[106],"product_tag":[],"class_list":{"0":"post-3744","1":"product","2":"type-product","3":"status-publish","4":"has-post-thumbnail","6":"product_cat-body-care","8":"first","9":"instock","10":"shipping-taxable","11":"purchasable","12":"product-type-simple"},"acf":[],"jetpack_sharing_enabled":true,"_links":{"self":[{"href":"https:\/\/saffir.ma\/fr\/wp-json\/wp\/v2\/product\/3744","targetHints":{"allow":["GET"]}}],"collection":[{"href":"https:\/\/saffir.ma\/fr\/wp-json\/wp\/v2\/product"}],"about":[{"href":"https:\/\/saffir.ma\/fr\/wp-json\/wp\/v2\/types\/product"}],"replies":[{"embeddable":true,"href":"https:\/\/saffir.ma\/fr\/wp-json\/wp\/v2\/comments?post=3744"}],"wp:featuredmedia":[{"embeddable":true,"href":"https:\/\/saffir.ma\/fr\/wp-json\/wp\/v2\/media\/3745"}],"wp:attachment":[{"href":"https:\/\/saffir.ma\/fr\/wp-json\/wp\/v2\/media?parent=3744"}],"wp:term":[{"taxonomy":"product_brand","embeddable":true,"href":"https:\/\/saffir.ma\/fr\/wp-json\/wp\/v2\/product_brand?post=3744"},{"taxonomy":"product_cat","embeddable":true,"href":"https:\/\/saffir.ma\/fr\/wp-json\/wp\/v2\/product_cat?post=3744"},{"taxonomy":"product_tag","embeddable":true,"href":"https:\/\/saffir.ma\/fr\/wp-json\/wp\/v2\/product_tag?post=3744"}],"curies":[{"name":"wp","href":"https:\/\/api.w.org\/{rel}","templated":true}]}}