{"id":3753,"date":"2024-03-20T23:05:33","date_gmt":"2024-03-20T23:05:33","guid":{"rendered":"https:\/\/saffir.ma\/?post_type=product&#038;p=3753"},"modified":"2026-02-26T00:31:27","modified_gmt":"2026-02-26T00:31:27","slug":"natural-nila-soap-100-gr","status":"publish","type":"product","link":"https:\/\/saffir.ma\/fr\/produit\/natural-nila-soap-100-gr\/","title":{"rendered":"Savon naturel \u00e0 la Nila \u2013 100 g | Saffir"},"content":{"rendered":"<div class=\"flex h-svh w-screen flex-col\">\n<div class=\"relative z-0 flex min-h-0 w-full flex-1\">\n<div class=\"relative flex min-h-0 w-full flex-1\">\n<div class=\"@container\/main relative flex min-w-0 flex-1 flex-col -translate-y-[calc(env(safe-area-inset-bottom,0px)\/2)] pt-[calc(env(safe-area-inset-bottom,0px)\/2)]\">\n<div class=\"@w-sm\/main:[scrollbar-gutter:stable_both-edges] touch:[scrollbar-width:none] relative flex min-h-0 min-w-0 flex-1 flex-col [scrollbar-gutter:stable] not-print:overflow-x-clip not-print:overflow-y-auto scroll-pt-(--header-height) [--sticky-padding-top:var(--header-height)] has-data-[fixed-header=less-than-xl]:@w-xl\/main:scroll-pt-0 has-data-[fixed-header=less-than-xl]:@w-xl\/main:[--sticky-padding-top:0px] has-data-[fixed-header=less-than-xxl]:@w-2xl\/main:scroll-pt-0 has-data-[fixed-header=less-than-xxl]:@w-2xl\/main:[--sticky-padding-top:0px]\" data-scroll-root=\"\">\n<p>&nbsp;<\/p>\n<div id=\"thread\" class=\"group\/thread flex flex-col min-h-full\">\n<div class=\"composer-parent flex flex-1 flex-col focus-visible:outline-0\" role=\"presentation\">\n<div class=\"relative basis-auto flex-col -mb-(--composer-overlap-px) [--composer-overlap-px:28px] grow flex\">\n<div class=\"flex flex-col text-sm pb-25\">\n<article class=\"text-token-text-primary w-full focus:outline-none [--shadow-height:45px] has-data-writing-block:pointer-events-none has-data-writing-block:-mt-(--shadow-height) has-data-writing-block:pt-(--shadow-height) [&amp;:has([data-writing-block])&gt;*]:pointer-events-auto scroll-mt-[calc(var(--header-height)+min(200px,max(70px,20svh)))]\" dir=\"auto\" tabindex=\"-1\" data-turn-id=\"request-69977c65-2d58-832b-88dd-f4670280a04c-1\" data-testid=\"conversation-turn-166\" data-scroll-anchor=\"true\" data-turn=\"assistant\">\n<div class=\"text-base my-auto mx-auto pb-10 [--thread-content-margin:--spacing(4)] @w-sm\/main:[--thread-content-margin:--spacing(6)] @w-lg\/main:[--thread-content-margin:--spacing(16)] px-(--thread-content-margin)\">\n<div class=\"[--thread-content-max-width:40rem] @w-lg\/main:[--thread-content-max-width:48rem] mx-auto max-w-(--thread-content-max-width) flex-1 group\/turn-messages focus-visible:outline-hidden relative flex w-full min-w-0 flex-col agent-turn\" tabindex=\"-1\">\n<div class=\"flex max-w-full flex-col grow\">\n<div class=\"min-h-8 text-message relative flex w-full flex-col items-end gap-2 text-start break-words whitespace-normal [.text-message+&amp;]:mt-1\" dir=\"auto\" data-message-author-role=\"assistant\" data-message-id=\"14c319ff-9a0c-42ff-aeb4-9375dfe17b81\" data-message-model-slug=\"gpt-5-2\">\n<div class=\"flex w-full flex-col gap-1 empty:hidden first:pt-[1px]\">\n<div class=\"markdown prose dark:prose-invert w-full wrap-break-word light markdown-new-styling\">\n<p data-start=\"458\" data-end=\"623\">Plongez dans un rituel de beaut\u00e9 traditionnel avec le <strong data-start=\"512\" data-end=\"546\">savon naturel \u00e0 la Nila Saffir<\/strong>, fabriqu\u00e9 artisanalement avec soin pour offrir \u00e0 votre peau puret\u00e9 et \u00e9clat.<\/p>\n<p data-start=\"625\" data-end=\"712\">Formul\u00e9 \u00e0 base de <strong data-start=\"643\" data-end=\"660\">Nila v\u00e9g\u00e9tale<\/strong>, r\u00e9put\u00e9e pour ses bienfaits cosm\u00e9tiques, ce savon :<\/p>\n<p data-start=\"714\" data-end=\"921\">\ud83d\udca7 Nettoie d\u00e9licatement sans agresser la peau<br data-start=\"759\" data-end=\"762\" \/>\u2728 Contribue \u00e0 unifier le teint<br data-start=\"792\" data-end=\"795\" \/>\ud83c\udf3f Aide \u00e0 raviver l\u2019\u00e9clat naturel<br data-start=\"828\" data-end=\"831\" \/>\ud83e\udd0d Laisse la peau douce et confortable<br data-start=\"869\" data-end=\"872\" \/>\ud83c\udf38 Apporte une sensation de fra\u00eecheur apaisante<\/p>\n<p data-start=\"923\" data-end=\"1065\">Sa richesse en actifs naturels et agents hydratants aide \u00e0 pr\u00e9server l\u2019\u00e9quilibre cutan\u00e9 tout en procurant une exp\u00e9rience sensorielle agr\u00e9able.<\/p>\n<h3 data-start=\"1072\" data-end=\"1089\">\ud83e\uddf4 Id\u00e9al pour<\/h3>\n<ul data-start=\"1091\" data-end=\"1208\">\n<li data-start=\"1091\" data-end=\"1131\">\n<p data-start=\"1093\" data-end=\"1131\">Soin quotidien du visage et du corps<\/p>\n<\/li>\n<li data-start=\"1132\" data-end=\"1164\">\n<p data-start=\"1134\" data-end=\"1164\">Peaux ternes ou irr\u00e9guli\u00e8res<\/p>\n<\/li>\n<li data-start=\"1165\" data-end=\"1208\">\n<p data-start=\"1167\" data-end=\"1208\">Routine hammam ou rituels traditionnels<\/p>\n<\/li>\n<\/ul>\n<h3 data-start=\"1215\" data-end=\"1227\">\ud83d\udce6 Poids<\/h3>\n<p data-start=\"1229\" data-end=\"1259\">100 g \u2013 Fabrication artisanale<\/p>\n<h3 data-start=\"1266\" data-end=\"1298\">\ud83c\udf31 Engagement qualit\u00e9 Saffir<\/h3>\n<ul data-start=\"1300\" data-end=\"1390\">\n<li data-start=\"1300\" data-end=\"1335\">\n<p data-start=\"1302\" data-end=\"1335\">Formule d\u2019inspiration naturelle<\/p>\n<\/li>\n<li data-start=\"1336\" data-end=\"1362\">\n<p data-start=\"1338\" data-end=\"1362\">Fabrication artisanale<\/p>\n<\/li>\n<li data-start=\"1363\" data-end=\"1390\">\n<p data-start=\"1365\" data-end=\"1390\">Sans additifs agressifs<\/p>\n<\/li>\n<\/ul>\n<p data-start=\"1419\" data-end=\"1564\">\n<\/div>\n<\/div>\n<\/div>\n<\/div>\n<\/div>\n<\/div>\n<\/article>\n<\/div>\n<\/div>\n<\/div>\n<\/div>\n<p>&nbsp;<\/p>\n<\/div>\n<\/div>\n<\/div>\n<\/div>\n<\/div>","protected":false},"excerpt":{"rendered":"<p style=\"text-align: left;\">D\u00e9couvrez le <strong data-start=\"198\" data-end=\"232\">savon naturel \u00e0 la Nila Saffir<\/strong>, un savon artisanal enrichi en Nila v\u00e9g\u00e9tale reconnue pour ses propri\u00e9t\u00e9s purifiantes et illuminatrices. Il nettoie en douceur, nourrit la peau et laisse un teint frais et \u00e9clatant.<\/p>","protected":false},"featured_media":3754,"comment_status":"open","ping_status":"closed","template":"","meta":{"_acf_changed":false,"content-type":""},"product_brand":[],"product_cat":[106],"product_tag":[],"class_list":{"0":"post-3753","1":"product","2":"type-product","3":"status-publish","4":"has-post-thumbnail","6":"product_cat-body-care","8":"first","9":"instock","10":"shipping-taxable","11":"purchasable","12":"product-type-simple"},"acf":[],"jetpack_sharing_enabled":true,"_links":{"self":[{"href":"https:\/\/saffir.ma\/fr\/wp-json\/wp\/v2\/product\/3753","targetHints":{"allow":["GET"]}}],"collection":[{"href":"https:\/\/saffir.ma\/fr\/wp-json\/wp\/v2\/product"}],"about":[{"href":"https:\/\/saffir.ma\/fr\/wp-json\/wp\/v2\/types\/product"}],"replies":[{"embeddable":true,"href":"https:\/\/saffir.ma\/fr\/wp-json\/wp\/v2\/comments?post=3753"}],"wp:featuredmedia":[{"embeddable":true,"href":"https:\/\/saffir.ma\/fr\/wp-json\/wp\/v2\/media\/3754"}],"wp:attachment":[{"href":"https:\/\/saffir.ma\/fr\/wp-json\/wp\/v2\/media?parent=3753"}],"wp:term":[{"taxonomy":"product_brand","embeddable":true,"href":"https:\/\/saffir.ma\/fr\/wp-json\/wp\/v2\/product_brand?post=3753"},{"taxonomy":"product_cat","embeddable":true,"href":"https:\/\/saffir.ma\/fr\/wp-json\/wp\/v2\/product_cat?post=3753"},{"taxonomy":"product_tag","embeddable":true,"href":"https:\/\/saffir.ma\/fr\/wp-json\/wp\/v2\/product_tag?post=3753"}],"curies":[{"name":"wp","href":"https:\/\/api.w.org\/{rel}","templated":true}]}}