{"id":3782,"date":"2024-04-20T14:02:40","date_gmt":"2024-04-20T14:02:40","guid":{"rendered":"https:\/\/saffir.ma\/?post_type=product&#038;p=3782"},"modified":"2026-02-25T23:08:24","modified_gmt":"2026-02-25T23:08:24","slug":"oud-al-cheikh-reed-diffuser-50-ml","status":"publish","type":"product","link":"https:\/\/saffir.ma\/fr\/produit\/oud-al-cheikh-reed-diffuser-50-ml\/","title":{"rendered":"Diffuseur de parfum Oud Al Sheikh"},"content":{"rendered":"<ul data-start=\"264\" data-end=\"634\">\n<li data-start=\"264\" data-end=\"371\">\n<p data-start=\"266\" data-end=\"371\"><strong data-start=\"266\" data-end=\"286\">Parfum luxueux :<\/strong> La richesse de l\u2019oud diffuse une aura \u00e9l\u00e9gante et myst\u00e9rieuse dans toute la pi\u00e8ce.<\/p>\n<\/li>\n<li data-start=\"372\" data-end=\"531\">\n<p data-start=\"374\" data-end=\"531\"><strong data-start=\"374\" data-end=\"394\">Design \u00e9l\u00e9gant :<\/strong> Pr\u00e9sent\u00e9 dans un flacon en verre sophistiqu\u00e9, accompagn\u00e9 de tiges en rotin naturel qui s\u2019int\u00e8grent harmonieusement \u00e0 votre d\u00e9coration.<\/p>\n<\/li>\n<li data-start=\"532\" data-end=\"634\">\n<p data-start=\"534\" data-end=\"634\"><strong data-start=\"534\" data-end=\"552\">Longue dur\u00e9e :<\/strong> Diffusion continue pendant plusieurs semaines pour une ambiance parfum\u00e9e durable.<\/p>\n<\/li>\n<\/ul>\n<p data-start=\"636\" data-end=\"795\"><strong data-start=\"636\" data-end=\"665\">\ud83e\udeb5 Facilit\u00e9 d\u2019utilisation<\/strong><br data-start=\"665\" data-end=\"668\" \/>Ins\u00e9rez simplement les tiges dans le flacon pour que le parfum se diffuse naturellement dans l\u2019air, sans \u00e9lectricit\u00e9 ni flamme.<\/p>\n<p data-start=\"797\" data-end=\"1007\"><strong data-start=\"797\" data-end=\"822\">\ud83c\udfe1 Parfum d\u2019int\u00e9rieur<\/strong><br data-start=\"822\" data-end=\"825\" \/>Une composition ma\u00eetris\u00e9e autour de l\u2019oud, r\u00e9v\u00e9lant une symphonie captivante de notes bois\u00e9es profondes, \u00e9voquant le charme des souks anciens et la s\u00e9r\u00e9nit\u00e9 des paysages d\u00e9sertiques.<\/p>","protected":false},"excerpt":{"rendered":"<p style=\"text-align: left;\">Apportez une touche de prestige \u00e0 votre int\u00e9rieur avec le diffuseur Oud Al Sheikh, un parfum d\u2019ambiance raffin\u00e9 qui enveloppe votre espace d\u2019une signature olfactive bois\u00e9e et envo\u00fbtante.<\/p>","protected":false},"featured_media":4035,"comment_status":"open","ping_status":"closed","template":"","meta":{"_acf_changed":false,"content-type":""},"product_brand":[],"product_cat":[161,73],"product_tag":[],"class_list":{"0":"post-3782","1":"product","2":"type-product","3":"status-publish","4":"has-post-thumbnail","6":"product_cat-ambiances","7":"product_cat-encens-ambiances","9":"first","10":"instock","11":"shipping-taxable","12":"purchasable","13":"product-type-simple"},"acf":[],"jetpack_sharing_enabled":true,"_links":{"self":[{"href":"https:\/\/saffir.ma\/fr\/wp-json\/wp\/v2\/product\/3782","targetHints":{"allow":["GET"]}}],"collection":[{"href":"https:\/\/saffir.ma\/fr\/wp-json\/wp\/v2\/product"}],"about":[{"href":"https:\/\/saffir.ma\/fr\/wp-json\/wp\/v2\/types\/product"}],"replies":[{"embeddable":true,"href":"https:\/\/saffir.ma\/fr\/wp-json\/wp\/v2\/comments?post=3782"}],"wp:featuredmedia":[{"embeddable":true,"href":"https:\/\/saffir.ma\/fr\/wp-json\/wp\/v2\/media\/4035"}],"wp:attachment":[{"href":"https:\/\/saffir.ma\/fr\/wp-json\/wp\/v2\/media?parent=3782"}],"wp:term":[{"taxonomy":"product_brand","embeddable":true,"href":"https:\/\/saffir.ma\/fr\/wp-json\/wp\/v2\/product_brand?post=3782"},{"taxonomy":"product_cat","embeddable":true,"href":"https:\/\/saffir.ma\/fr\/wp-json\/wp\/v2\/product_cat?post=3782"},{"taxonomy":"product_tag","embeddable":true,"href":"https:\/\/saffir.ma\/fr\/wp-json\/wp\/v2\/product_tag?post=3782"}],"curies":[{"name":"wp","href":"https:\/\/api.w.org\/{rel}","templated":true}]}}