{"id":4301,"date":"2025-04-16T22:20:28","date_gmt":"2025-04-16T22:20:28","guid":{"rendered":"https:\/\/saffir.ma\/?post_type=product&#038;p=4301"},"modified":"2026-02-26T15:21:33","modified_gmt":"2026-02-26T15:21:33","slug":"%d8%a5%d9%83%d9%84%d9%8a%d8%b1","status":"publish","type":"product","link":"https:\/\/saffir.ma\/fr\/produit\/%d8%a5%d9%83%d9%84%d9%8a%d8%b1\/","title":{"rendered":"Parfum \u00c9claire \u2013 Lattafa"},"content":{"rendered":"<p data-start=\"438\" data-end=\"553\">Le <strong data-start=\"441\" data-end=\"469\">Parfum \u00c9claire \u2013 Lattafa<\/strong> est une cr\u00e9ation f\u00e9minine moderne qui s\u00e9duit par son caract\u00e8re gourmand et raffin\u00e9.<\/p>\n<p data-start=\"555\" data-end=\"786\">D\u00e8s l\u2019ouverture, la fragrance d\u00e9voile des accords sucr\u00e9s et d\u00e9licats qui captivent instantan\u00e9ment. Le c\u0153ur floral apporte douceur et f\u00e9minit\u00e9, tandis que la base musqu\u00e9e et vanill\u00e9e laisse une empreinte chaleureuse et enveloppante.<\/p>\n<p data-start=\"788\" data-end=\"893\">\u00c9claire est id\u00e9al pour celles qui aiment les parfums gourmands subtils, \u00e0 la fois \u00e9l\u00e9gants et s\u00e9duisants.<\/p>\n<h2 data-start=\"900\" data-end=\"921\">\ud83d\udd25 Profil olfactif<\/h2>\n<p data-start=\"923\" data-end=\"1046\">Famille : Gourmande \u2013 Florale \u2013 Musqu\u00e9e<br data-start=\"962\" data-end=\"965\" \/>Caract\u00e8re : Doux \u2013 F\u00e9minin \u2013 Lumineux<br data-start=\"1002\" data-end=\"1005\" \/>Sillage : Mod\u00e9r\u00e9<br data-start=\"1021\" data-end=\"1024\" \/>Tenue : Longue dur\u00e9e<\/p>\n<h2 data-start=\"1143\" data-end=\"1159\">\ud83c\udfaf Id\u00e9al pour<\/h2>\n<ul data-start=\"1161\" data-end=\"1262\">\n<li data-start=\"1161\" data-end=\"1180\">\n<p data-start=\"1163\" data-end=\"1180\">Usage quotidien<\/p>\n<\/li>\n<li data-start=\"1181\" data-end=\"1204\">\n<p data-start=\"1183\" data-end=\"1204\">Soir\u00e9es romantiques<\/p>\n<\/li>\n<li data-start=\"1205\" data-end=\"1234\">\n<p data-start=\"1207\" data-end=\"1234\">Femme \u00e9l\u00e9gante et moderne<\/p>\n<\/li>\n<li data-start=\"1235\" data-end=\"1262\">\n<p data-start=\"1237\" data-end=\"1262\">Cadeau f\u00e9minin tendance<\/p>\n<\/li>\n<\/ul>\n<h2 data-start=\"1269\" data-end=\"1281\">\ud83d\udce6 Format<\/h2>\n<p data-start=\"1283\" data-end=\"1307\">Eau de Parfum \u2013 100 ml<\/p>","protected":false},"excerpt":{"rendered":"<p style=\"font-weight: 400; text-align: left;\">D\u00e9couvrez le <strong data-start=\"184\" data-end=\"222\">parfum \u00c9claire de Lattafa Perfumes<\/strong>, une eau de parfum f\u00e9minine gourmande et lumineuse. Une fragrance douce et irr\u00e9sistible m\u00ealant notes sucr\u00e9es, florales et musqu\u00e9es pour un sillage \u00e9l\u00e9gant et longue tenue.<\/p>","protected":false},"featured_media":4302,"comment_status":"open","ping_status":"closed","template":"","meta":{"_acf_changed":false,"content-type":""},"product_brand":[],"product_cat":[78,115],"product_tag":[],"class_list":{"0":"post-4301","1":"product","2":"type-product","3":"status-publish","4":"has-post-thumbnail","6":"product_cat-parfums","7":"product_cat-for-women","9":"first","10":"instock","11":"sale","12":"shipping-taxable","13":"purchasable","14":"product-type-simple"},"acf":[],"jetpack_sharing_enabled":true,"_links":{"self":[{"href":"https:\/\/saffir.ma\/fr\/wp-json\/wp\/v2\/product\/4301","targetHints":{"allow":["GET"]}}],"collection":[{"href":"https:\/\/saffir.ma\/fr\/wp-json\/wp\/v2\/product"}],"about":[{"href":"https:\/\/saffir.ma\/fr\/wp-json\/wp\/v2\/types\/product"}],"replies":[{"embeddable":true,"href":"https:\/\/saffir.ma\/fr\/wp-json\/wp\/v2\/comments?post=4301"}],"wp:featuredmedia":[{"embeddable":true,"href":"https:\/\/saffir.ma\/fr\/wp-json\/wp\/v2\/media\/4302"}],"wp:attachment":[{"href":"https:\/\/saffir.ma\/fr\/wp-json\/wp\/v2\/media?parent=4301"}],"wp:term":[{"taxonomy":"product_brand","embeddable":true,"href":"https:\/\/saffir.ma\/fr\/wp-json\/wp\/v2\/product_brand?post=4301"},{"taxonomy":"product_cat","embeddable":true,"href":"https:\/\/saffir.ma\/fr\/wp-json\/wp\/v2\/product_cat?post=4301"},{"taxonomy":"product_tag","embeddable":true,"href":"https:\/\/saffir.ma\/fr\/wp-json\/wp\/v2\/product_tag?post=4301"}],"curies":[{"name":"wp","href":"https:\/\/api.w.org\/{rel}","templated":true}]}}