{"id":4410,"date":"2025-08-23T19:18:30","date_gmt":"2025-08-23T19:18:30","guid":{"rendered":"https:\/\/saffir.ma\/?post_type=product&#038;p=4410"},"modified":"2026-02-26T21:33:12","modified_gmt":"2026-02-26T21:33:12","slug":"khamrah-dukhan","status":"publish","type":"product","link":"https:\/\/saffir.ma\/fr\/produit\/khamrah-dukhan\/","title":{"rendered":"Parfum Khamrah Dukhan \u2013 Lattafa"},"content":{"rendered":"<p data-start=\"532\" data-end=\"862\">Le <strong data-start=\"535\" data-end=\"579\">Parfum Khamrah Dukhan \u2013 Lattafa Perfumes<\/strong> est une cr\u00e9ation olfactive qui transforme la tradition orientale du <em data-start=\"648\" data-end=\"656\">dukhan<\/em> (fum\u00e9e) en une exp\u00e9rience moderne et \u00e9l\u00e9gante. Cette fragrance \u00e9voque le r\u00f4le hypnotique de la fum\u00e9e parfum\u00e9e, offrant une signature aromatique profonde et captivante.<\/p>\n<p data-start=\"864\" data-end=\"1321\">La composition s\u2019ouvre sur une explosion d\u2019accords \u00e9pic\u00e9s, de piment et de mandarine, apportant une premi\u00e8re impression vibrante et audacieuse. Le c\u0153ur combine l\u2019encens r\u00e9sineux, le ciste, la fleur d\u2019oranger et le patchouli pour une sensation riche et enveloppante. Enfin, la base profonde et addictive m\u00eale tabac, ambre chaud, f\u00e8ve tonka, benjoin et pralin\u00e9, cr\u00e9ant une empreinte olfactive persistante et sophistiqu\u00e9e.<\/p>\n<p data-start=\"1323\" data-end=\"1551\">Cette fragrance unisexe est con\u00e7ue pour celles et ceux qui recherchent une senteur puissante, \u00e9l\u00e9gante et unique \u2014 parfaite pour les saisons fra\u00eeches, les soir\u00e9es et les occasions sp\u00e9ciales.<\/p>\n<h2 data-start=\"1558\" data-end=\"1582\">\ud83d\udd25 Pyramide olfactive<\/h2>\n<p data-start=\"1584\" data-end=\"1603\"><strong data-start=\"1584\" data-end=\"1603\">Notes de t\u00eate :<\/strong><\/p>\n<ul data-start=\"1604\" data-end=\"1683\">\n<li data-start=\"1604\" data-end=\"1617\">\n<p data-start=\"1606\" data-end=\"1617\">Mandarine<\/p>\n<\/li>\n<li data-start=\"1618\" data-end=\"1629\">\n<p data-start=\"1620\" data-end=\"1629\">Pimento<\/p>\n<\/li>\n<li data-start=\"1630\" data-end=\"1683\">\n<p data-start=\"1632\" data-end=\"1683\">\u00c9pices fum\u00e9es<\/p>\n<\/li>\n<\/ul>\n<p data-start=\"1685\" data-end=\"1704\"><strong data-start=\"1685\" data-end=\"1704\">Notes de c\u0153ur :<\/strong><\/p>\n<ul data-start=\"1705\" data-end=\"1806\">\n<li data-start=\"1705\" data-end=\"1715\">\n<p data-start=\"1707\" data-end=\"1715\">Encens<\/p>\n<\/li>\n<li data-start=\"1716\" data-end=\"1736\">\n<p data-start=\"1718\" data-end=\"1736\">Ciste (labdanum)<\/p>\n<\/li>\n<li data-start=\"1737\" data-end=\"1756\">\n<p data-start=\"1739\" data-end=\"1756\">Fleur d\u2019oranger<\/p>\n<\/li>\n<li data-start=\"1757\" data-end=\"1806\">\n<p data-start=\"1759\" data-end=\"1806\">Patchouli<\/p>\n<\/li>\n<\/ul>\n<p data-start=\"1808\" data-end=\"1827\"><strong data-start=\"1808\" data-end=\"1827\">Notes de fond :<\/strong><\/p>\n<ul data-start=\"1828\" data-end=\"1922\">\n<li data-start=\"1828\" data-end=\"1837\">\n<p data-start=\"1830\" data-end=\"1837\">Tabac<\/p>\n<\/li>\n<li data-start=\"1838\" data-end=\"1847\">\n<p data-start=\"1840\" data-end=\"1847\">Ambre<\/p>\n<\/li>\n<li data-start=\"1848\" data-end=\"1862\">\n<p data-start=\"1850\" data-end=\"1862\">F\u00e8ve tonka<\/p>\n<\/li>\n<li data-start=\"1863\" data-end=\"1874\">\n<p data-start=\"1865\" data-end=\"1874\">Benjoin<\/p>\n<\/li>\n<li data-start=\"1875\" data-end=\"1922\">\n<p data-start=\"1877\" data-end=\"1922\">Pralin\u00e9<\/p>\n<\/li>\n<\/ul>\n<h2 data-start=\"1929\" data-end=\"1954\">\ud83d\udc8e Caract\u00e8re du parfum<\/h2>\n<p data-start=\"1956\" data-end=\"2178\">Famille : Orientale \u2013 \u00c9pic\u00e9e \u2013 Ambr\u00e9e \u2013 Gourmande<br data-start=\"2005\" data-end=\"2008\" \/>Genre : Unisexe (tonique masculin prononc\u00e9)<br data-start=\"2051\" data-end=\"2054\" \/>Sillage : Intense<br data-start=\"2071\" data-end=\"2074\" \/>Tenue : Tr\u00e8s longue dur\u00e9e<br data-start=\"2099\" data-end=\"2102\" \/>Style : Envo\u00fbtant \u2013 Fum\u00e9 \u2013 Sophistiqu\u00e9<\/p>\n<h2 data-start=\"2185\" data-end=\"2201\">\ud83c\udfaf Id\u00e9al pour<\/h2>\n<ul data-start=\"2203\" data-end=\"2349\">\n<li data-start=\"2203\" data-end=\"2237\">\n<p data-start=\"2205\" data-end=\"2237\">Soir\u00e9es et occasions sp\u00e9ciales<\/p>\n<\/li>\n<li data-start=\"2238\" data-end=\"2257\">\n<p data-start=\"2240\" data-end=\"2257\">Automne &amp; hiver<\/p>\n<\/li>\n<li data-start=\"2258\" data-end=\"2320\">\n<p data-start=\"2260\" data-end=\"2320\">Personnes recherchant une fragrance profonde et captivante<\/p>\n<\/li>\n<li data-start=\"2321\" data-end=\"2349\">\n<p data-start=\"2323\" data-end=\"2349\">Cadeau parfum\u00e9 remarquable<\/p>\n<\/li>\n<\/ul>\n<h2 data-start=\"2356\" data-end=\"2368\">\ud83d\udce6 Format<\/h2>\n<p data-start=\"2370\" data-end=\"2515\">Eau de Parfum \u2013 <strong data-start=\"2386\" data-end=\"2396\">100 ml<\/strong><br data-start=\"2396\" data-end=\"2399\" \/>Maison : Lattafa Perfumes<br data-start=\"2424\" data-end=\"2427\" \/>Inspir\u00e9 par la tradition du parfum fum\u00e9 (<em data-start=\"2468\" data-end=\"2476\">dukhan<\/em>)<\/p>","protected":false},"excerpt":{"rendered":"<div style=\"text-align: left;\">D\u00e9couvrez le <strong data-start=\"231\" data-end=\"276\">parfum Khamrah Dukhan de Lattafa Perfumes<\/strong>, une eau de parfum orientale fum\u00e9e et captivante aux accords \u00e9pic\u00e9s, bois\u00e9s, ambr\u00e9s et gourmands. Une fragrance unisexe intense, inspir\u00e9e par l\u2019art ancestral du parfum fum\u00e9.<\/div>","protected":false},"featured_media":4412,"comment_status":"open","ping_status":"closed","template":"","meta":{"_acf_changed":false,"content-type":""},"product_brand":[],"product_cat":[78,114],"product_tag":[],"class_list":{"0":"post-4410","1":"product","2":"type-product","3":"status-publish","4":"has-post-thumbnail","6":"product_cat-parfums","7":"product_cat-for-men","9":"first","10":"instock","11":"shipping-taxable","12":"purchasable","13":"product-type-simple"},"acf":[],"jetpack_sharing_enabled":true,"_links":{"self":[{"href":"https:\/\/saffir.ma\/fr\/wp-json\/wp\/v2\/product\/4410","targetHints":{"allow":["GET"]}}],"collection":[{"href":"https:\/\/saffir.ma\/fr\/wp-json\/wp\/v2\/product"}],"about":[{"href":"https:\/\/saffir.ma\/fr\/wp-json\/wp\/v2\/types\/product"}],"replies":[{"embeddable":true,"href":"https:\/\/saffir.ma\/fr\/wp-json\/wp\/v2\/comments?post=4410"}],"wp:featuredmedia":[{"embeddable":true,"href":"https:\/\/saffir.ma\/fr\/wp-json\/wp\/v2\/media\/4412"}],"wp:attachment":[{"href":"https:\/\/saffir.ma\/fr\/wp-json\/wp\/v2\/media?parent=4410"}],"wp:term":[{"taxonomy":"product_brand","embeddable":true,"href":"https:\/\/saffir.ma\/fr\/wp-json\/wp\/v2\/product_brand?post=4410"},{"taxonomy":"product_cat","embeddable":true,"href":"https:\/\/saffir.ma\/fr\/wp-json\/wp\/v2\/product_cat?post=4410"},{"taxonomy":"product_tag","embeddable":true,"href":"https:\/\/saffir.ma\/fr\/wp-json\/wp\/v2\/product_tag?post=4410"}],"curies":[{"name":"wp","href":"https:\/\/api.w.org\/{rel}","templated":true}]}}