{"id":4448,"date":"2025-10-11T18:45:40","date_gmt":"2025-10-11T18:45:40","guid":{"rendered":"https:\/\/saffir.ma\/?post_type=product&#038;p=4448"},"modified":"2026-03-23T19:46:41","modified_gmt":"2026-03-23T19:46:41","slug":"dentifrice-en-poudre-au-charbon-girofle","status":"publish","type":"product","link":"https:\/\/saffir.ma\/fr\/produit\/dentifrice-en-poudre-au-charbon-girofle\/","title":{"rendered":"Dentifrice en poudre au Charbon &#038; Girofle"},"content":{"rendered":"<p style=\"font-weight: 400;\">D\u00e9couvrez le Dentifrice en poudre au Charbon &amp; Girofle Saffir, votre alli\u00e9 naturel pour des dents saines et \u00e9clatantes.<\/p>\n<p style=\"font-weight: 400;\">Bienfaits :<\/p>\n<ul>\n<li>Charbon v\u00e9g\u00e9tal : aide \u00e0 blanchir naturellement les dents et \u00e9liminer les impuret\u00e9s.<\/li>\n<li>Clou de girofle : poss\u00e8de des propri\u00e9t\u00e9s antibact\u00e9riennes et rafra\u00eechit l\u2019haleine.<\/li>\n<\/ul>\n<p style=\"font-weight: 400;\">Mode d\u2019emploi :<\/p>\n<p style=\"font-weight: 400;\">Trempez votre brosse \u00e0 dents humide dans la poudre et brossez d\u00e9licatement vos dents. \u00c0 utiliser quotidiennement pour un sourire sain et \u00e9clatant.<\/p>\n<p style=\"font-weight: 400;\">Caract\u00e9ristiques :<\/p>\n<ul>\n<li>Poids : 40 g<\/li>\n<li>100% naturel, sans fluor, sans additifs chimiques<\/li>\n<\/ul>","protected":false},"excerpt":{"rendered":"<div>\n<p class=\"p3\"><span class=\"s2\">Naturel et efficace, ce dentifrice en poudre associe <\/span><span class=\"s3\">charbon v\u00e9g\u00e9tal<\/span><span class=\"s2\"> et <\/span><span class=\"s3\">clou de girofle<\/span><span class=\"s2\"> pour un <\/span><span class=\"s3\">sourire \u00e9clatant<\/span><span class=\"s2\">, une <\/span><span class=\"s3\">haleine fra\u00eeche<\/span><span class=\"s2\"> et une <\/span><span class=\"s3\">hygi\u00e8ne bucco-dentaire optimale<\/span><span class=\"s2\">.<\/span><\/p>\n<\/div>","protected":false},"featured_media":4450,"comment_status":"open","ping_status":"closed","template":"","meta":{"_acf_changed":false,"content-type":""},"product_brand":[],"product_cat":[106],"product_tag":[],"class_list":{"0":"post-4448","1":"product","2":"type-product","3":"status-publish","4":"has-post-thumbnail","6":"product_cat-body-care","8":"first","9":"instock","10":"shipping-taxable","11":"purchasable","12":"product-type-simple"},"acf":[],"jetpack_sharing_enabled":true,"_links":{"self":[{"href":"https:\/\/saffir.ma\/fr\/wp-json\/wp\/v2\/product\/4448","targetHints":{"allow":["GET"]}}],"collection":[{"href":"https:\/\/saffir.ma\/fr\/wp-json\/wp\/v2\/product"}],"about":[{"href":"https:\/\/saffir.ma\/fr\/wp-json\/wp\/v2\/types\/product"}],"replies":[{"embeddable":true,"href":"https:\/\/saffir.ma\/fr\/wp-json\/wp\/v2\/comments?post=4448"}],"wp:featuredmedia":[{"embeddable":true,"href":"https:\/\/saffir.ma\/fr\/wp-json\/wp\/v2\/media\/4450"}],"wp:attachment":[{"href":"https:\/\/saffir.ma\/fr\/wp-json\/wp\/v2\/media?parent=4448"}],"wp:term":[{"taxonomy":"product_brand","embeddable":true,"href":"https:\/\/saffir.ma\/fr\/wp-json\/wp\/v2\/product_brand?post=4448"},{"taxonomy":"product_cat","embeddable":true,"href":"https:\/\/saffir.ma\/fr\/wp-json\/wp\/v2\/product_cat?post=4448"},{"taxonomy":"product_tag","embeddable":true,"href":"https:\/\/saffir.ma\/fr\/wp-json\/wp\/v2\/product_tag?post=4448"}],"curies":[{"name":"wp","href":"https:\/\/api.w.org\/{rel}","templated":true}]}}