{"id":4452,"date":"2025-10-15T22:02:01","date_gmt":"2025-10-15T22:02:01","guid":{"rendered":"https:\/\/saffir.ma\/?post_type=product&#038;p=4452"},"modified":"2026-01-13T23:02:00","modified_gmt":"2026-01-13T23:02:00","slug":"%d8%a7%d9%84%d8%ae%d9%84%d8%b7%d8%a9-%d8%a7%d9%84%d8%b1%d8%a8%d8%a7%d8%b9%d9%8a%d8%a9","status":"publish","type":"product","link":"https:\/\/saffir.ma\/fr\/produit\/%d8%a7%d9%84%d8%ae%d9%84%d8%b7%d8%a9-%d8%a7%d9%84%d8%b1%d8%a8%d8%a7%d8%b9%d9%8a%d8%a9\/","title":{"rendered":"\u0627\u0644\u062e\u0644\u0637\u0629 \u0627\u0644\u0631\u0628\u0627\u0639\u064a\u0629"},"content":{"rendered":"<p data-start=\"698\" data-end=\"806\"><strong data-start=\"698\" data-end=\"724\">\u0627\u0644\u062e\u0644\u0637\u0629 \u0627\u0644\u0631\u0628\u0627\u0639\u064a\u0629 Saffir<\/strong> est un <strong data-start=\"732\" data-end=\"757\">super-aliment naturel<\/strong> aux multiples bienfaits, \u00e9labor\u00e9 \u00e0 partir de :<\/p>\n<ul data-start=\"808\" data-end=\"1300\">\n<li data-start=\"808\" data-end=\"944\">\n<p data-start=\"810\" data-end=\"944\"><strong data-start=\"810\" data-end=\"839\">Miel d\u2019herbes de montagne<\/strong> : riche en antioxydants et nutriments essentiels, il renforce l\u2019immunit\u00e9 et soutient le tonus g\u00e9n\u00e9ral.<\/p>\n<\/li>\n<li data-start=\"945\" data-end=\"1066\">\n<p data-start=\"947\" data-end=\"1066\"><strong data-start=\"947\" data-end=\"973\">Pollen de miel naturel<\/strong> : am\u00e9liore l\u2019\u00e9nergie et la vitalit\u00e9, favorise la sant\u00e9 sexuelle et le bien-\u00eatre quotidien.<\/p>\n<\/li>\n<li data-start=\"1067\" data-end=\"1191\">\n<p data-start=\"1069\" data-end=\"1191\"><strong data-start=\"1069\" data-end=\"1090\">Gel\u00e9e royale pure<\/strong> : contribue \u00e0 la sant\u00e9 g\u00e9n\u00e9rale, soutient le syst\u00e8me immunitaire et am\u00e9liore la vitalit\u00e9 sexuelle.<\/p>\n<\/li>\n<li data-start=\"1192\" data-end=\"1300\">\n<p data-start=\"1194\" data-end=\"1300\"><strong data-start=\"1194\" data-end=\"1212\">Talaa annakhil<\/strong> : un tr\u00e9sor traditionnel pour renforcer l\u2019\u00e9nergie, la force et l\u2019endurance naturelle.<\/p>\n<\/li>\n<\/ul>\n<p data-start=\"1302\" data-end=\"1350\">Cette <strong data-start=\"1308\" data-end=\"1330\">synergie naturelle<\/strong> est id\u00e9ale pour :<\/p>\n<ul data-start=\"1351\" data-end=\"1532\">\n<li data-start=\"1351\" data-end=\"1418\">\n<p data-start=\"1353\" data-end=\"1418\">Renforcer le <strong data-start=\"1366\" data-end=\"1389\">syst\u00e8me immunitaire<\/strong> de l\u2019homme et de la femme.<\/p>\n<\/li>\n<li data-start=\"1419\" data-end=\"1467\">\n<p data-start=\"1421\" data-end=\"1467\">Soutenir la <strong data-start=\"1433\" data-end=\"1464\">sant\u00e9 sexuelle et la libido<\/strong>.<\/p>\n<\/li>\n<li data-start=\"1468\" data-end=\"1532\">\n<p data-start=\"1470\" data-end=\"1532\">Booster l\u2019<strong data-start=\"1480\" data-end=\"1516\">\u00e9nergie, le tonus et la vitalit\u00e9<\/strong> au quotidien.<\/p>\n<\/li>\n<\/ul>\n<p data-start=\"1534\" data-end=\"1700\">Parfait comme <strong data-start=\"1548\" data-end=\"1582\">compl\u00e9ment alimentaire naturel<\/strong>, ce m\u00e9lange combine les vertus du miel, du pollen et de la gel\u00e9e royale pour un effet tonique et revitalisant global.<\/p>\n<hr data-start=\"1702\" data-end=\"1705\" \/>\n<h3 data-start=\"1707\" data-end=\"1741\"><strong data-start=\"1711\" data-end=\"1739\">Conseils d\u2019utilisation :<\/strong><\/h3>\n<p data-start=\"1742\" data-end=\"1916\">Prenez <strong data-start=\"1749\" data-end=\"1788\">une petite cuill\u00e8re le matin \u00e0 jeun<\/strong>, ou ajoutez-la \u00e0 vos infusions ou smoothies pour profiter pleinement de ses <strong data-start=\"1865\" data-end=\"1915\">bienfaits pour l\u2019immunit\u00e9 et la sant\u00e9 sexuelle<\/strong>.<\/p>\n<hr data-start=\"1918\" data-end=\"1921\" \/>\n<h3 data-start=\"1923\" data-end=\"1946\"><strong data-start=\"1927\" data-end=\"1944\">Ingr\u00e9dients :<\/strong><\/h3>\n<p data-start=\"1947\" data-end=\"2034\">Miel d\u2019herbes de montagne, pollen de miel naturel, gel\u00e9e royale pure, talaa annakhil.<\/p>","protected":false},"excerpt":{"rendered":"<p>D\u00e9couvrez <strong data-start=\"418\" data-end=\"444\">\u0627\u0644\u062e\u0644\u0637\u0629 \u0627\u0644\u0631\u0628\u0627\u0639\u064a\u0629 Saffir<\/strong>, un m\u00e9lange naturel et artisanal de <strong data-start=\"481\" data-end=\"557\">miel des montagnes du Maroc, gel\u00e9e royale pure et pollen de miel naturel<\/strong>, sp\u00e9cialement con\u00e7u pour <strong data-start=\"583\" data-end=\"631\">booster la vitalit\u00e9, l\u2019\u00e9nergie et l\u2019immunit\u00e9<\/strong> chez l\u2019homme et la femme.<\/p>","protected":false},"featured_media":4455,"comment_status":"open","ping_status":"closed","template":"","meta":{"_acf_changed":false,"content-type":""},"product_brand":[],"product_cat":[74],"product_tag":[],"class_list":{"0":"post-4452","1":"product","2":"type-product","3":"status-publish","4":"has-post-thumbnail","6":"product_cat-honeys","8":"first","9":"instock","10":"shipping-taxable","11":"purchasable","12":"product-type-simple"},"acf":[],"jetpack_sharing_enabled":true,"_links":{"self":[{"href":"https:\/\/saffir.ma\/fr\/wp-json\/wp\/v2\/product\/4452","targetHints":{"allow":["GET"]}}],"collection":[{"href":"https:\/\/saffir.ma\/fr\/wp-json\/wp\/v2\/product"}],"about":[{"href":"https:\/\/saffir.ma\/fr\/wp-json\/wp\/v2\/types\/product"}],"replies":[{"embeddable":true,"href":"https:\/\/saffir.ma\/fr\/wp-json\/wp\/v2\/comments?post=4452"}],"wp:featuredmedia":[{"embeddable":true,"href":"https:\/\/saffir.ma\/fr\/wp-json\/wp\/v2\/media\/4455"}],"wp:attachment":[{"href":"https:\/\/saffir.ma\/fr\/wp-json\/wp\/v2\/media?parent=4452"}],"wp:term":[{"taxonomy":"product_brand","embeddable":true,"href":"https:\/\/saffir.ma\/fr\/wp-json\/wp\/v2\/product_brand?post=4452"},{"taxonomy":"product_cat","embeddable":true,"href":"https:\/\/saffir.ma\/fr\/wp-json\/wp\/v2\/product_cat?post=4452"},{"taxonomy":"product_tag","embeddable":true,"href":"https:\/\/saffir.ma\/fr\/wp-json\/wp\/v2\/product_tag?post=4452"}],"curies":[{"name":"wp","href":"https:\/\/api.w.org\/{rel}","templated":true}]}}