{"id":4647,"date":"2026-01-03T23:30:36","date_gmt":"2026-01-03T23:30:36","guid":{"rendered":"https:\/\/saffir.ma\/?post_type=product&#038;p=4647"},"modified":"2026-01-16T00:41:21","modified_gmt":"2026-01-16T00:41:21","slug":"parfum-fatma-100-ml-zimaya","status":"publish","type":"product","link":"https:\/\/saffir.ma\/fr\/produit\/parfum-fatma-100-ml-zimaya\/","title":{"rendered":"Parfum Fatima 100 ml \u2013 Zimaya"},"content":{"rendered":"<p style=\"text-align: left;\">Le <strong data-start=\"575\" data-end=\"608\">Parfum Fatma 100 ml de Zimaya<\/strong> est une eau de parfum pour femme qui s\u00e9duit par son \u00e9quilibre parfait entre fra\u00eecheur et douceur. L\u2019ouverture d\u00e9voile des notes fruit\u00e9es et lumineuses d\u2019agrumes et de fruits rouges, apportant une sensation p\u00e9tillante et f\u00e9minine.<br data-start=\"838\" data-end=\"841\" \/>Son c\u0153ur floral \u00e9l\u00e9gant associe la fleur d\u2019oranger, le jasmin et la rose, cr\u00e9ant une fragrance d\u00e9licate et harmonieuse. En fond, la vanille, le musc blanc et les bois ambr\u00e9s enveloppent la peau d\u2019un sillage chaleureux et durable.<br data-start=\"1070\" data-end=\"1073\" \/>Ce parfum femme Zimaya est id\u00e9al pour celles qui recherchent une fragrance raffin\u00e9e, f\u00e9minine et \u00e0 la tenue longue dur\u00e9e.<\/p>","protected":false},"excerpt":{"rendered":"<p style=\"text-align: left;\" data-start=\"266\" data-end=\"514\">Le <strong data-start=\"269\" data-end=\"302\">Parfum Fatma 100 ml de Zimaya<\/strong> est une eau de parfum f\u00e9minine \u00e9l\u00e9gante aux notes fruit\u00e9es et florales, sublim\u00e9es par une base douce de vanille et de musc blanc. Un parfum raffin\u00e9, id\u00e9al pour un usage quotidien ou pour les occasions sp\u00e9ciales.<\/p>","protected":false},"featured_media":4658,"comment_status":"open","ping_status":"closed","template":"","meta":{"_acf_changed":false,"content-type":""},"product_brand":[],"product_cat":[78,115],"product_tag":[],"class_list":{"0":"post-4647","1":"product","2":"type-product","3":"status-publish","4":"has-post-thumbnail","6":"product_cat-parfums","7":"product_cat-for-women","9":"first","10":"instock","11":"sale","12":"shipping-taxable","13":"purchasable","14":"product-type-simple"},"acf":[],"jetpack_sharing_enabled":true,"_links":{"self":[{"href":"https:\/\/saffir.ma\/fr\/wp-json\/wp\/v2\/product\/4647","targetHints":{"allow":["GET"]}}],"collection":[{"href":"https:\/\/saffir.ma\/fr\/wp-json\/wp\/v2\/product"}],"about":[{"href":"https:\/\/saffir.ma\/fr\/wp-json\/wp\/v2\/types\/product"}],"replies":[{"embeddable":true,"href":"https:\/\/saffir.ma\/fr\/wp-json\/wp\/v2\/comments?post=4647"}],"wp:featuredmedia":[{"embeddable":true,"href":"https:\/\/saffir.ma\/fr\/wp-json\/wp\/v2\/media\/4658"}],"wp:attachment":[{"href":"https:\/\/saffir.ma\/fr\/wp-json\/wp\/v2\/media?parent=4647"}],"wp:term":[{"taxonomy":"product_brand","embeddable":true,"href":"https:\/\/saffir.ma\/fr\/wp-json\/wp\/v2\/product_brand?post=4647"},{"taxonomy":"product_cat","embeddable":true,"href":"https:\/\/saffir.ma\/fr\/wp-json\/wp\/v2\/product_cat?post=4647"},{"taxonomy":"product_tag","embeddable":true,"href":"https:\/\/saffir.ma\/fr\/wp-json\/wp\/v2\/product_tag?post=4647"}],"curies":[{"name":"wp","href":"https:\/\/api.w.org\/{rel}","templated":true}]}}