{"id":4665,"date":"2026-01-04T00:49:27","date_gmt":"2026-01-04T00:49:27","guid":{"rendered":"https:\/\/saffir.ma\/?post_type=product&#038;p=4665"},"modified":"2026-01-04T10:39:57","modified_gmt":"2026-01-04T10:39:57","slug":"parfum-cedre-ambre-100-ml-geparlys","status":"publish","type":"product","link":"https:\/\/saffir.ma\/fr\/produit\/parfum-cedre-ambre-100-ml-geparlys\/","title":{"rendered":"Parfum C\u00e8dre Ambr\u00e9 100\u202fml \u2013 Geparlys"},"content":{"rendered":"<p>Le <strong data-start=\"796\" data-end=\"837\">Parfum C\u00e8dre Ambr\u00e9 100\u202fml de Geparlys<\/strong> est une eau de parfum pour homme raffin\u00e9e et intense, issue de la <em data-start=\"904\" data-end=\"923\">Collection Priv\u00e9e<\/em> de la maison Geparlys. Il s\u2019ouvre sur des <strong data-start=\"966\" data-end=\"1016\">notes fra\u00eeches de poire et de fruits exotiques<\/strong> qui apportent une premi\u00e8re impression p\u00e9tillante et lumineuse. En son c\u0153ur, des accords \u00e9l\u00e9gants de <strong data-start=\"1117\" data-end=\"1165\">f\u00e8ve tonka, iris, v\u00e9tiver et fleur d\u2019oranger<\/strong> cr\u00e9ent une profondeur florale et sophistiqu\u00e9e.<br data-start=\"1212\" data-end=\"1215\" \/>La base chaleureuse r\u00e9v\u00e8le <strong data-start=\"1242\" data-end=\"1304\">des notes d\u2019ambre, de vanille, de bois de c\u00e8dre et de musc<\/strong>, offrant un sillage riche, sensuel et durable qui persiste sur la peau. Ce parfum masculin est parfait pour les occasions sp\u00e9ciales ou les soir\u00e9es o\u00f9 l\u2019on souhaite laisser une empreinte olfactive marquante.<\/p>","protected":false},"excerpt":{"rendered":"<p>Le <strong data-start=\"358\" data-end=\"399\">Parfum C\u00e8dre Ambr\u00e9 100\u202fml de Geparlys<\/strong> est une eau de parfum masculine orientale et bois\u00e9e, mariant des notes fruit\u00e9es exotiques \u00e0 un c\u0153ur floral sophistiqu\u00e9 et une base chaude d\u2019ambre, vanille, musc et bois de c\u00e8dre. Une fragrance \u00e9l\u00e9gante et sensuelle, id\u00e9ale pour les hommes modernes \u00e0 la recherche d\u2019un sillage captivant et durable.<\/p>","protected":false},"featured_media":4673,"comment_status":"open","ping_status":"closed","template":"","meta":{"_acf_changed":false,"content-type":""},"product_brand":[],"product_cat":[78,114],"product_tag":[],"class_list":{"0":"post-4665","1":"product","2":"type-product","3":"status-publish","4":"has-post-thumbnail","6":"product_cat-parfums","7":"product_cat-for-men","9":"first","10":"instock","11":"sale","12":"shipping-taxable","13":"purchasable","14":"product-type-simple"},"acf":[],"jetpack_sharing_enabled":true,"_links":{"self":[{"href":"https:\/\/saffir.ma\/fr\/wp-json\/wp\/v2\/product\/4665","targetHints":{"allow":["GET"]}}],"collection":[{"href":"https:\/\/saffir.ma\/fr\/wp-json\/wp\/v2\/product"}],"about":[{"href":"https:\/\/saffir.ma\/fr\/wp-json\/wp\/v2\/types\/product"}],"replies":[{"embeddable":true,"href":"https:\/\/saffir.ma\/fr\/wp-json\/wp\/v2\/comments?post=4665"}],"wp:featuredmedia":[{"embeddable":true,"href":"https:\/\/saffir.ma\/fr\/wp-json\/wp\/v2\/media\/4673"}],"wp:attachment":[{"href":"https:\/\/saffir.ma\/fr\/wp-json\/wp\/v2\/media?parent=4665"}],"wp:term":[{"taxonomy":"product_brand","embeddable":true,"href":"https:\/\/saffir.ma\/fr\/wp-json\/wp\/v2\/product_brand?post=4665"},{"taxonomy":"product_cat","embeddable":true,"href":"https:\/\/saffir.ma\/fr\/wp-json\/wp\/v2\/product_cat?post=4665"},{"taxonomy":"product_tag","embeddable":true,"href":"https:\/\/saffir.ma\/fr\/wp-json\/wp\/v2\/product_tag?post=4665"}],"curies":[{"name":"wp","href":"https:\/\/api.w.org\/{rel}","templated":true}]}}