{"id":4667,"date":"2026-01-04T00:51:53","date_gmt":"2026-01-04T00:51:53","guid":{"rendered":"https:\/\/saffir.ma\/?post_type=product&#038;p=4667"},"modified":"2026-01-04T10:38:33","modified_gmt":"2026-01-04T10:38:33","slug":"parfum-cedre-vert-100-ml-geparlys","status":"publish","type":"product","link":"https:\/\/saffir.ma\/fr\/produit\/parfum-cedre-vert-100-ml-geparlys\/","title":{"rendered":"Parfum C\u00e8dre Vert 100\u202fml \u2013 Geparlys"},"content":{"rendered":"<p>Le <strong data-start=\"753\" data-end=\"793\">Parfum C\u00e8dre Vert 100\u202fml de Geparlys<\/strong> est une eau de parfum pour homme qui incarne l\u2019alliance parfaite entre <strong data-start=\"865\" data-end=\"908\">fra\u00eecheur, dynamisme et caract\u00e8re bois\u00e9<\/strong>. D\u00e8s l\u2019ouverture, il s\u2019\u00e9veille sur des <strong data-start=\"948\" data-end=\"1006\">notes vivifiantes de gingembre, poivre et pamplemousse<\/strong>, apportant une premi\u00e8re impression \u00e9clatante et \u00e9nergique.<br data-start=\"1065\" data-end=\"1068\" \/>Le c\u0153ur olfactif r\u00e9v\u00e8le des accords aromatiques raffin\u00e9s, compos\u00e9s de <strong data-start=\"1138\" data-end=\"1176\">gard\u00e9nia, oliban, sauge et lavande<\/strong>, qui ajoutent une \u00e9l\u00e9gance subtile et une profondeur raffin\u00e9e. Enfin, la base chaleureuse de <strong data-start=\"1270\" data-end=\"1320\">bois de santal, v\u00e9tiver, musc et bois de c\u00e8dre<\/strong> offre un sillage riche, durable et sophistiqu\u00e9.<br data-start=\"1368\" data-end=\"1371\" \/>Cette fragrance masculine bois\u00e9e est id\u00e9ale pour les hommes modernes qui souhaitent affirmer leur personnalit\u00e9 \u2014 parfaite pour une tenue quotidienne tout comme pour les occasions sp\u00e9ciales.<\/p>","protected":false},"excerpt":{"rendered":"<p>Le <strong data-start=\"345\" data-end=\"385\">Parfum C\u00e8dre Vert 100\u202fml de Geparlys<\/strong> est une eau de parfum masculine bois\u00e9e, \u00e9pic\u00e9e et \u00e9l\u00e9gante. Avec des notes fra\u00eeches d\u2019agrumes et d\u2019\u00e9pices, un c\u0153ur aromatique et une base profonde de bois de santal, musc et c\u00e8dre, il offre une fragrance moderne, sophistiqu\u00e9e et durable parfaite pour l\u2019homme confiant.<\/p>","protected":false},"featured_media":4672,"comment_status":"open","ping_status":"closed","template":"","meta":{"_acf_changed":false,"content-type":""},"product_brand":[],"product_cat":[78,114],"product_tag":[],"class_list":{"0":"post-4667","1":"product","2":"type-product","3":"status-publish","4":"has-post-thumbnail","6":"product_cat-parfums","7":"product_cat-for-men","9":"first","10":"instock","11":"sale","12":"shipping-taxable","13":"purchasable","14":"product-type-simple"},"acf":[],"jetpack_sharing_enabled":true,"_links":{"self":[{"href":"https:\/\/saffir.ma\/fr\/wp-json\/wp\/v2\/product\/4667","targetHints":{"allow":["GET"]}}],"collection":[{"href":"https:\/\/saffir.ma\/fr\/wp-json\/wp\/v2\/product"}],"about":[{"href":"https:\/\/saffir.ma\/fr\/wp-json\/wp\/v2\/types\/product"}],"replies":[{"embeddable":true,"href":"https:\/\/saffir.ma\/fr\/wp-json\/wp\/v2\/comments?post=4667"}],"wp:featuredmedia":[{"embeddable":true,"href":"https:\/\/saffir.ma\/fr\/wp-json\/wp\/v2\/media\/4672"}],"wp:attachment":[{"href":"https:\/\/saffir.ma\/fr\/wp-json\/wp\/v2\/media?parent=4667"}],"wp:term":[{"taxonomy":"product_brand","embeddable":true,"href":"https:\/\/saffir.ma\/fr\/wp-json\/wp\/v2\/product_brand?post=4667"},{"taxonomy":"product_cat","embeddable":true,"href":"https:\/\/saffir.ma\/fr\/wp-json\/wp\/v2\/product_cat?post=4667"},{"taxonomy":"product_tag","embeddable":true,"href":"https:\/\/saffir.ma\/fr\/wp-json\/wp\/v2\/product_tag?post=4667"}],"curies":[{"name":"wp","href":"https:\/\/api.w.org\/{rel}","templated":true}]}}