{"id":4669,"date":"2026-01-04T00:54:19","date_gmt":"2026-01-04T00:54:19","guid":{"rendered":"https:\/\/saffir.ma\/?post_type=product&#038;p=4669"},"modified":"2026-01-10T22:22:33","modified_gmt":"2026-01-10T22:22:33","slug":"parfum-cedre-bleu-100-ml-geparlys","status":"publish","type":"product","link":"https:\/\/saffir.ma\/fr\/produit\/parfum-cedre-bleu-100-ml-geparlys\/","title":{"rendered":"Parfum C\u00e8dre Bleu 100\u202fml \u2013 Geparlys"},"content":{"rendered":"<p data-start=\"693\" data-end=\"1076\">Le <strong data-start=\"696\" data-end=\"736\">Parfum C\u00e8dre Bleu 100\u202fml de Geparlys<\/strong> est une eau de parfum bois\u00e9e\u2011fruit\u00e9e captivante con\u00e7ue pour ceux qui recherchent une signature olfactive raffin\u00e9e et m\u00e9morable. Il s\u2019ouvre sur une explosion de <strong data-start=\"897\" data-end=\"926\">notes fruit\u00e9es lumineuses<\/strong>, m\u00ealant mangue juteuse, orange et mandarine, qui apportent une premi\u00e8re impression vivifiante et ensoleill\u00e9e.<\/p>\n<p data-start=\"1078\" data-end=\"1279\">Au c\u0153ur, des accords de <strong data-start=\"1102\" data-end=\"1136\">p\u00eache, d\u2019ananas et de noisette<\/strong> cr\u00e9ent une sensation riche et l\u00e9g\u00e8rement gourmande, \u00e9quilibrant parfaitement la fra\u00eecheur des agrumes.<\/p>\n<p data-start=\"1281\" data-end=\"1500\">La base d\u00e9voile des notes chaleureuses de <strong data-start=\"1323\" data-end=\"1372\">musc, d\u2019ambre, de vanille et de bois pr\u00e9cieux<\/strong>, offrant une profondeur sensuelle et une tenue durable qui laissent un sillage \u00e9l\u00e9gant.<\/p>\n<p data-start=\"1502\" data-end=\"1723\">Polyvalent et sophistiqu\u00e9, ce parfum Geparlys peut \u00eatre port\u00e9 au quotidien ou lors d\u2019occasions sp\u00e9ciales, s\u00e9duisant par son \u00e9quilibre unique entre fra\u00eecheur fruit\u00e9e et chaleur bois\u00e9e.<\/p>","protected":false},"excerpt":{"rendered":"<p>Le <strong data-start=\"256\" data-end=\"296\">Parfum C\u00e8dre Bleu 100\u202fml de Geparlys<\/strong> est une eau de parfum <strong data-start=\"319\" data-end=\"340\">bois\u00e9e et fruit\u00e9e<\/strong>, enrichie de notes de mangue, orange et mandarine en ouverture, suivies de p\u00eache, ananas et noisette, avec une base chaleureuse de musc, ambre, vanille et bois pr\u00e9cieux. Une fragrance \u00e9l\u00e9gante, moderne et polyvalente, parfaite pour les hommes (et unisexe).<\/p>","protected":false},"featured_media":4671,"comment_status":"open","ping_status":"closed","template":"","meta":{"_acf_changed":false,"content-type":""},"product_brand":[],"product_cat":[78,114],"product_tag":[],"class_list":{"0":"post-4669","1":"product","2":"type-product","3":"status-publish","4":"has-post-thumbnail","6":"product_cat-parfums","7":"product_cat-for-men","9":"first","10":"instock","11":"sale","12":"shipping-taxable","13":"purchasable","14":"product-type-simple"},"acf":[],"jetpack_sharing_enabled":true,"_links":{"self":[{"href":"https:\/\/saffir.ma\/fr\/wp-json\/wp\/v2\/product\/4669","targetHints":{"allow":["GET"]}}],"collection":[{"href":"https:\/\/saffir.ma\/fr\/wp-json\/wp\/v2\/product"}],"about":[{"href":"https:\/\/saffir.ma\/fr\/wp-json\/wp\/v2\/types\/product"}],"replies":[{"embeddable":true,"href":"https:\/\/saffir.ma\/fr\/wp-json\/wp\/v2\/comments?post=4669"}],"wp:featuredmedia":[{"embeddable":true,"href":"https:\/\/saffir.ma\/fr\/wp-json\/wp\/v2\/media\/4671"}],"wp:attachment":[{"href":"https:\/\/saffir.ma\/fr\/wp-json\/wp\/v2\/media?parent=4669"}],"wp:term":[{"taxonomy":"product_brand","embeddable":true,"href":"https:\/\/saffir.ma\/fr\/wp-json\/wp\/v2\/product_brand?post=4669"},{"taxonomy":"product_cat","embeddable":true,"href":"https:\/\/saffir.ma\/fr\/wp-json\/wp\/v2\/product_cat?post=4669"},{"taxonomy":"product_tag","embeddable":true,"href":"https:\/\/saffir.ma\/fr\/wp-json\/wp\/v2\/product_tag?post=4669"}],"curies":[{"name":"wp","href":"https:\/\/api.w.org\/{rel}","templated":true}]}}