{"id":4679,"date":"2026-01-04T23:31:35","date_gmt":"2026-01-04T23:31:35","guid":{"rendered":"https:\/\/saffir.ma\/?post_type=product&#038;p=4679"},"modified":"2026-01-10T23:42:13","modified_gmt":"2026-01-10T23:42:13","slug":"parfum-hayaati-rose-100-ml-ard-al-zaafaran","status":"publish","type":"product","link":"https:\/\/saffir.ma\/fr\/produit\/parfum-hayaati-rose-100-ml-ard-al-zaafaran\/","title":{"rendered":"Parfum Hayaati Rose 100 ml \u2013 Ard Al Zaafaran"},"content":{"rendered":"<p data-start=\"1257\" data-end=\"1586\">Le <strong data-start=\"1260\" data-end=\"1308\">Parfum Hayaati Rose 100 ml \u2013 Ard Al Zaafaran<\/strong> est une eau de parfum pour femme qui allie fra\u00eecheur, romance et profondeur. D\u00e8s les premi\u00e8res vaporisations, il s\u2019ouvre sur des <strong data-start=\"1438\" data-end=\"1467\">notes fruit\u00e9es lumineuses<\/strong> de bergamote, mandarine et pomme, apportant une sensation de douceur p\u00e9tillante.<\/p>\n<p data-start=\"1588\" data-end=\"1794\">Le c\u0153ur r\u00e9v\u00e8le un <strong data-start=\"1606\" data-end=\"1632\">bouquet floral raffin\u00e9<\/strong>, port\u00e9 par la <strong data-start=\"1647\" data-end=\"1664\">rose \u00e9l\u00e9gante<\/strong>, le jasmin d\u00e9licat et d\u2019autres fleurs blanches, cr\u00e9ant une harmonie f\u00e9minine et s\u00e9duisante.<\/p>\n<p data-start=\"1796\" data-end=\"2137\">La base est chaleureuse et enveloppante, compos\u00e9e d\u2019<strong data-start=\"1848\" data-end=\"1897\">ambre sensuel, de musc doux et de bois nobles<\/strong>, garantissant une tenue durable tout en laissant un sillage m\u00e9morable. Ce parfum est parfait pour les soir\u00e9es, les rendez-vous romantiques ou les moments o\u00f9 l\u2019on souhaite exprimer \u00e9l\u00e9gance et f\u00e9minit\u00e9.<\/p>","protected":false},"excerpt":{"rendered":"<p>Le <strong data-start=\"823\" data-end=\"871\">Parfum Hayaati Rose 100 ml \u2013 Ard Al Zaafaran<\/strong> est une eau de parfum f\u00e9minine \u00e9l\u00e9gante et raffin\u00e9e, d\u00e9voilant une ouverture fra\u00eeche et fruit\u00e9e suivie d\u2019un c\u0153ur floral domin\u00e9 par la rose, et une base chaleureuse d\u2019ambre, musc et bois. Une fragrance sophistiqu\u00e9e, id\u00e9ale pour la femme moderne qui aime les senteurs florales et sensuelles.<\/p>","protected":false},"featured_media":5153,"comment_status":"open","ping_status":"closed","template":"","meta":{"_acf_changed":false,"content-type":""},"product_brand":[],"product_cat":[78,115],"product_tag":[],"class_list":{"0":"post-4679","1":"product","2":"type-product","3":"status-publish","4":"has-post-thumbnail","6":"product_cat-parfums","7":"product_cat-for-women","9":"first","10":"instock","11":"shipping-taxable","12":"purchasable","13":"product-type-simple"},"acf":[],"jetpack_sharing_enabled":true,"_links":{"self":[{"href":"https:\/\/saffir.ma\/fr\/wp-json\/wp\/v2\/product\/4679","targetHints":{"allow":["GET"]}}],"collection":[{"href":"https:\/\/saffir.ma\/fr\/wp-json\/wp\/v2\/product"}],"about":[{"href":"https:\/\/saffir.ma\/fr\/wp-json\/wp\/v2\/types\/product"}],"replies":[{"embeddable":true,"href":"https:\/\/saffir.ma\/fr\/wp-json\/wp\/v2\/comments?post=4679"}],"wp:featuredmedia":[{"embeddable":true,"href":"https:\/\/saffir.ma\/fr\/wp-json\/wp\/v2\/media\/5153"}],"wp:attachment":[{"href":"https:\/\/saffir.ma\/fr\/wp-json\/wp\/v2\/media?parent=4679"}],"wp:term":[{"taxonomy":"product_brand","embeddable":true,"href":"https:\/\/saffir.ma\/fr\/wp-json\/wp\/v2\/product_brand?post=4679"},{"taxonomy":"product_cat","embeddable":true,"href":"https:\/\/saffir.ma\/fr\/wp-json\/wp\/v2\/product_cat?post=4679"},{"taxonomy":"product_tag","embeddable":true,"href":"https:\/\/saffir.ma\/fr\/wp-json\/wp\/v2\/product_tag?post=4679"}],"curies":[{"name":"wp","href":"https:\/\/api.w.org\/{rel}","templated":true}]}}