{"id":5210,"date":"2026-01-14T18:41:18","date_gmt":"2026-01-14T18:41:18","guid":{"rendered":"https:\/\/saffir.ma\/?post_type=product&#038;p=5210"},"modified":"2026-03-23T19:48:22","modified_gmt":"2026-03-23T19:48:22","slug":"parfum-jubilant-noir-100-ml-al-hambra","status":"publish","type":"product","link":"https:\/\/saffir.ma\/fr\/produit\/parfum-jubilant-noir-100-ml-al-hambra\/","title":{"rendered":"Parfum Jubilant Noir 100 ml \u2013 Al Hambra"},"content":{"rendered":"<div class=\"relative basis-auto flex-col -mb-(--composer-overlap-px) [--composer-overlap-px:28px] grow flex\">\n<div class=\"flex flex-col text-sm\">\n<article class=\"text-token-text-primary w-full focus:outline-none [--shadow-height:45px] has-data-writing-block:pointer-events-none has-data-writing-block:-mt-(--shadow-height) has-data-writing-block:pt-(--shadow-height) [&amp;:has([data-writing-block])&gt;*]:pointer-events-auto scroll-mt-[calc(var(--header-height)+min(200px,max(70px,20svh)))]\" dir=\"auto\" tabindex=\"-1\" data-turn-id=\"request-WEB:ee448529-eebc-44ab-936d-8d091ac8fe90-9\" data-testid=\"conversation-turn-20\" data-scroll-anchor=\"true\" data-turn=\"assistant\">\n<div class=\"text-base my-auto mx-auto pb-10 [--thread-content-margin:--spacing(4)] @w-sm\/main:[--thread-content-margin:--spacing(6)] @w-lg\/main:[--thread-content-margin:--spacing(16)] px-(--thread-content-margin)\">\n<div class=\"[--thread-content-max-width:40rem] @w-lg\/main:[--thread-content-max-width:48rem] mx-auto max-w-(--thread-content-max-width) flex-1 group\/turn-messages focus-visible:outline-hidden relative flex w-full min-w-0 flex-col agent-turn\" tabindex=\"-1\">\n<div class=\"flex max-w-full flex-col grow\">\n<div class=\"min-h-8 text-message relative flex w-full flex-col items-end gap-2 text-start break-words whitespace-normal [.text-message+&amp;]:mt-1\" dir=\"auto\" data-message-author-role=\"assistant\" data-message-id=\"82c54449-a660-4132-9509-b4c112a8c576\" data-message-model-slug=\"gpt-5-2\">\n<div class=\"flex w-full flex-col gap-1 empty:hidden first:pt-[1px]\">\n<div class=\"markdown prose dark:prose-invert w-full break-words light markdown-new-styling\">\n<p data-start=\"505\" data-end=\"752\">Le <strong data-start=\"508\" data-end=\"544\">Parfum Jubilant Noir \u2013 Al Hambra<\/strong> est une fragrance de caract\u00e8re, pens\u00e9e pour celles et ceux qui appr\u00e9cient les parfums profonds et sophistiqu\u00e9s. L\u2019ouverture fra\u00eeche et l\u00e9g\u00e8rement \u00e9pic\u00e9e apporte une premi\u00e8re impression dynamique et \u00e9l\u00e9gante.<\/p>\n<p data-start=\"754\" data-end=\"986\">Le c\u0153ur d\u00e9voile des accords bois\u00e9s subtils accompagn\u00e9s de lavande, offrant une sensation \u00e0 la fois raffin\u00e9e et apaisante. En fond, l\u2019ambre et le musc se m\u00ealent \u00e0 des bois chauds pour cr\u00e9er un sillage intense, enveloppant et durable.<\/p>\n<p data-start=\"988\" data-end=\"1238\">Polyvalent et \u00e9l\u00e9gant, <strong data-start=\"1011\" data-end=\"1028\">Jubilant Noir<\/strong> est parfait pour les soir\u00e9es, les occasions sp\u00e9ciales ou pour affirmer une personnalit\u00e9 forte au quotidien. Un parfum id\u00e9al pour ceux qui recherchent une fragrance \u00e0 la fois puissante, moderne et intemporelle.<\/p>\n<\/div>\n<\/div>\n<\/div>\n<\/div>\n<div class=\"mt-3 w-full empty:hidden\">\n<div class=\"text-center\"><\/div>\n<\/div>\n<\/div>\n<\/div>\n<\/article>\n<\/div>\n<div class=\"pointer-events-none h-px w-px absolute bottom-0\" aria-hidden=\"true\" data-edge=\"true\"><\/div>\n<\/div>\n<div id=\"thread-bottom-container\" class=\"sticky bottom-0 group\/thread-bottom-container relative isolate z-10 w-full basis-auto has-data-has-thread-error:pt-2 has-data-has-thread-error:[box-shadow:var(--sharp-edge-bottom-shadow)] md:border-transparent md:pt-0 dark:border-white\/20 md:dark:border-transparent print:hidden content-fade single-line flex flex-col\">\n<div class=\"relative h-0\">\n<div><\/div>\n<\/div>\n<div id=\"thread-bottom\">\n<div class=\"text-base mx-auto [--thread-content-margin:--spacing(4)] @w-sm\/main:[--thread-content-margin:--spacing(6)] @w-lg\/main:[--thread-content-margin:--spacing(16)] px-(--thread-content-margin)\">\n<div class=\"[--thread-content-max-width:40rem] @w-lg\/main:[--thread-content-max-width:48rem] mx-auto max-w-(--thread-content-max-width) flex-1 mb-4\">\n<div class=\"flex justify-center empty:hidden\"><\/div>\n<div class=\"pointer-events-auto relative z-1 flex h-(--composer-container-height,100%) max-w-full flex-(--composer-container-flex,1) flex-col\">\n<p><button class=\"invisible absolute self-center\" tabindex=\"-1\" name=\"context-connector-pasted-link-popover-trigger\" type=\"button\" aria-hidden=\"true\" aria-haspopup=\"dialog\" aria-expanded=\"false\" aria-controls=\"radix-_r_ri_\" data-state=\"closed\"><\/button><\/p>\n<div class=\"absolute start-0 end-0 bottom-full -z-1\">\n<div class=\"relative h-full w-full\">\n<div class=\"mb-2 flex flex-col gap-3.5 pt-2\">\n<div>\n<div class=\"relative\">\n<aside class=\"flex w-full items-start gap-4 rounded-3xl border py-4 ps-5 pe-3 text-sm [text-wrap:pretty] lg:mx-auto dark:border-transparent md:items-center border-token-border-default bg-token-main-surface-primary text-token-text-primary dark:bg-token-main-surface-secondary relative -mb-9 ps-4! pe-2.5! pt-2.5 pb-9! rounded-t-[32px] rounded-b-none border border-b-0 bg-token-bg-tertiary! dark:bg-token-bg-tertiary! border-token-border-strong\/60 dark:border-token-border-strong\/60\">\n<div class=\"flex h-full w-full gap-3 md:items-center\">\n<div class=\"flex grow flex-col md:flex-row md:items-center md:justify-between md:gap-8\">\n<div class=\"flex flex-col\">\n<div class=\"\">\n<div class=\"text-token-text-secondary text-sm\"><\/div>\n<\/div>\n<\/div>\n<\/div>\n<\/div>\n<\/aside>\n<\/div>\n<\/div>\n<\/div>\n<\/div>\n<\/div>\n<\/div>\n<\/div>\n<\/div>\n<\/div>\n<\/div>","protected":false},"excerpt":{"rendered":"<p data-start=\"167\" data-end=\"294\">Un parfum pour homme intense et myst\u00e9rieux, aux notes bois\u00e9es et orientales, id\u00e9al pour les amateurs de fragrances profondes et \u00e9l\u00e9gantes.<\/p>\n<h3 data-start=\"296\" data-end=\"322\"><strong data-start=\"300\" data-end=\"320\">Notes olfactives<\/strong><\/h3>\n<ul data-start=\"323\" data-end=\"466\">\n<li data-start=\"323\" data-end=\"369\">\n<p data-start=\"325\" data-end=\"369\"><strong data-start=\"325\" data-end=\"342\">Notes de t\u00eate<\/strong> : Agrumes, notes \u00e9pic\u00e9es<\/p>\n<\/li>\n<li data-start=\"370\" data-end=\"417\">\n<p data-start=\"372\" data-end=\"417\"><strong data-start=\"372\" data-end=\"389\">Notes de c\u0153ur<\/strong> : Lavande, accords bois\u00e9s<\/p>\n<\/li>\n<li data-start=\"418\" data-end=\"466\">\n<p data-start=\"420\" data-end=\"466\"><strong data-start=\"420\" data-end=\"437\">Notes de fond<\/strong> : Ambre, musc, bois chauds<\/p>\n<\/li>\n<\/ul>","protected":false},"featured_media":5254,"comment_status":"open","ping_status":"closed","template":"","meta":{"_acf_changed":false,"content-type":""},"product_brand":[],"product_cat":[78,114],"product_tag":[],"class_list":{"0":"post-5210","1":"product","2":"type-product","3":"status-publish","4":"has-post-thumbnail","6":"product_cat-parfums","7":"product_cat-for-men","9":"first","10":"instock","11":"shipping-taxable","12":"purchasable","13":"product-type-simple"},"acf":[],"jetpack_sharing_enabled":true,"_links":{"self":[{"href":"https:\/\/saffir.ma\/fr\/wp-json\/wp\/v2\/product\/5210","targetHints":{"allow":["GET"]}}],"collection":[{"href":"https:\/\/saffir.ma\/fr\/wp-json\/wp\/v2\/product"}],"about":[{"href":"https:\/\/saffir.ma\/fr\/wp-json\/wp\/v2\/types\/product"}],"replies":[{"embeddable":true,"href":"https:\/\/saffir.ma\/fr\/wp-json\/wp\/v2\/comments?post=5210"}],"wp:featuredmedia":[{"embeddable":true,"href":"https:\/\/saffir.ma\/fr\/wp-json\/wp\/v2\/media\/5254"}],"wp:attachment":[{"href":"https:\/\/saffir.ma\/fr\/wp-json\/wp\/v2\/media?parent=5210"}],"wp:term":[{"taxonomy":"product_brand","embeddable":true,"href":"https:\/\/saffir.ma\/fr\/wp-json\/wp\/v2\/product_brand?post=5210"},{"taxonomy":"product_cat","embeddable":true,"href":"https:\/\/saffir.ma\/fr\/wp-json\/wp\/v2\/product_cat?post=5210"},{"taxonomy":"product_tag","embeddable":true,"href":"https:\/\/saffir.ma\/fr\/wp-json\/wp\/v2\/product_tag?post=5210"}],"curies":[{"name":"wp","href":"https:\/\/api.w.org\/{rel}","templated":true}]}}