{"id":5211,"date":"2026-01-14T18:48:17","date_gmt":"2026-01-14T18:48:17","guid":{"rendered":"https:\/\/saffir.ma\/?post_type=product&#038;p=5211"},"modified":"2026-03-23T19:41:34","modified_gmt":"2026-03-23T19:41:34","slug":"parfum-now-black-rave-100-ml-lattafa","status":"publish","type":"product","link":"https:\/\/saffir.ma\/fr\/produit\/parfum-now-black-rave-100-ml-lattafa\/","title":{"rendered":"Parfum Now Black Rave 100 ml \u2013 Lattafa"},"content":{"rendered":"<p data-start=\"686\" data-end=\"967\">Le <strong data-start=\"689\" data-end=\"724\">Parfum Now Black Rave \u2013 Lattafa<\/strong> est une fragrance moderne et envo\u00fbtante qui s\u00e9duit d\u00e8s les premi\u00e8res notes. L\u2019ouverture fra\u00eeche et l\u00e9g\u00e8rement \u00e9pic\u00e9e attire l\u2019attention, tandis que le c\u0153ur floral m\u00ealant rose, jasmin et patchouli apporte une \u00e9l\u00e9gance raffin\u00e9e et \u00e9quilibr\u00e9e.<\/p>\n<p data-start=\"969\" data-end=\"1270\">Le fond chaud et sensuel, compos\u00e9 de bois de santal, vanille, ambre et musc, laisse un sillage profond et durable, qui marque subtilement votre pr\u00e9sence. <strong data-start=\"1123\" data-end=\"1141\">Now Black Rave<\/strong> est id\u00e9al pour les soir\u00e9es, les \u00e9v\u00e9nements sp\u00e9ciaux ou pour ceux qui aiment affirmer leur style avec audace et sophistication.<\/p>\n<p data-start=\"1272\" data-end=\"1365\">Un parfum <strong data-start=\"1282\" data-end=\"1293\">unisexe<\/strong> qui combine modernit\u00e9, intensit\u00e9 et \u00e9l\u00e9gance pour un effet m\u00e9morable.<\/p>","protected":false},"excerpt":{"rendered":"<p data-start=\"335\" data-end=\"452\">Une fragrance unisex sophistiqu\u00e9e et captivante, alliant notes bois\u00e9es et orientales pour un sillage durable et m\u00e9morable.<\/p>\n<h3 data-start=\"454\" data-end=\"480\"><strong data-start=\"458\" data-end=\"478\">Notes olfactives<\/strong><\/h3>\n<ul data-start=\"481\" data-end=\"647\">\n<li data-start=\"481\" data-end=\"538\">\n<p data-start=\"483\" data-end=\"538\"><strong data-start=\"483\" data-end=\"500\">Notes de t\u00eate<\/strong> : Bergamote, citron, \u00e9pices l\u00e9g\u00e8res<\/p>\n<\/li>\n<li data-start=\"539\" data-end=\"586\">\n<p data-start=\"541\" data-end=\"586\"><strong data-start=\"541\" data-end=\"558\">Notes de c\u0153ur<\/strong> : Rose, jasmin, patchouli<\/p>\n<\/li>\n<li data-start=\"587\" data-end=\"647\">\n<p data-start=\"589\" data-end=\"647\"><strong data-start=\"589\" data-end=\"606\">Notes de fond<\/strong> : Bois de santal, vanille, ambre, musc<\/p>\n<\/li>\n<\/ul>","protected":false},"featured_media":5253,"comment_status":"open","ping_status":"closed","template":"","meta":{"_acf_changed":false,"content-type":""},"product_brand":[],"product_cat":[78,116],"product_tag":[],"class_list":{"0":"post-5211","1":"product","2":"type-product","3":"status-publish","4":"has-post-thumbnail","6":"product_cat-parfums","7":"product_cat-unisex","9":"first","10":"instock","11":"shipping-taxable","12":"purchasable","13":"product-type-simple"},"acf":[],"jetpack_sharing_enabled":true,"_links":{"self":[{"href":"https:\/\/saffir.ma\/fr\/wp-json\/wp\/v2\/product\/5211","targetHints":{"allow":["GET"]}}],"collection":[{"href":"https:\/\/saffir.ma\/fr\/wp-json\/wp\/v2\/product"}],"about":[{"href":"https:\/\/saffir.ma\/fr\/wp-json\/wp\/v2\/types\/product"}],"replies":[{"embeddable":true,"href":"https:\/\/saffir.ma\/fr\/wp-json\/wp\/v2\/comments?post=5211"}],"wp:featuredmedia":[{"embeddable":true,"href":"https:\/\/saffir.ma\/fr\/wp-json\/wp\/v2\/media\/5253"}],"wp:attachment":[{"href":"https:\/\/saffir.ma\/fr\/wp-json\/wp\/v2\/media?parent=5211"}],"wp:term":[{"taxonomy":"product_brand","embeddable":true,"href":"https:\/\/saffir.ma\/fr\/wp-json\/wp\/v2\/product_brand?post=5211"},{"taxonomy":"product_cat","embeddable":true,"href":"https:\/\/saffir.ma\/fr\/wp-json\/wp\/v2\/product_cat?post=5211"},{"taxonomy":"product_tag","embeddable":true,"href":"https:\/\/saffir.ma\/fr\/wp-json\/wp\/v2\/product_tag?post=5211"}],"curies":[{"name":"wp","href":"https:\/\/api.w.org\/{rel}","templated":true}]}}