{"id":5215,"date":"2026-01-14T19:32:31","date_gmt":"2026-01-14T19:32:31","guid":{"rendered":"https:\/\/saffir.ma\/?post_type=product&#038;p=5215"},"modified":"2026-01-20T22:44:43","modified_gmt":"2026-01-20T22:44:43","slug":"parfum-intrude-pour-femme-100-ml-maison-al-hambra","status":"publish","type":"product","link":"https:\/\/saffir.ma\/fr\/produit\/parfum-intrude-pour-femme-100-ml-maison-al-hambra\/","title":{"rendered":"Parfum Intrude pour Femme 100 ml \u2013 Maison Al Hambra"},"content":{"rendered":"<p data-start=\"1296\" data-end=\"1480\">Le <strong data-start=\"1299\" data-end=\"1347\">Parfum Intrude pour Femme \u2013 Maison Al Hambra<\/strong> est une cr\u00e9ation florale\u2011orientale \u00e9l\u00e9gante et sensuelle, con\u00e7ue pour les femmes qui aiment affirmer leur pr\u00e9sence avec subtilit\u00e9.<\/p>\n<p data-start=\"1482\" data-end=\"1770\">L\u2019ouverture est <strong data-start=\"1498\" data-end=\"1523\">lumineuse et d\u00e9licate<\/strong>, domin\u00e9e par la poire juteuse et la bergamote fra\u00eeche qui \u00e9veillent les sens. Le c\u0153ur floral combine la <strong data-start=\"1628\" data-end=\"1651\">tub\u00e9reuse enivrante<\/strong>, la <strong data-start=\"1656\" data-end=\"1684\">fleur d\u2019oranger d\u00e9licate<\/strong> et le <strong data-start=\"1691\" data-end=\"1716\">jasmin Sambac \u00e9l\u00e9gant<\/strong>, formant un bouquet f\u00e9minin intense et sophistiqu\u00e9.<\/p>\n<p data-start=\"1772\" data-end=\"2007\">En fond, les <strong data-start=\"1785\" data-end=\"1817\">notes profondes de patchouli<\/strong>, l\u2019<strong data-start=\"1821\" data-end=\"1849\">ambre moderne d\u2019ambroxan<\/strong>, la <strong data-start=\"1854\" data-end=\"1871\">vanille douce<\/strong> et le <strong data-start=\"1878\" data-end=\"1897\">v\u00e9tiver raffin\u00e9<\/strong> cr\u00e9ent un sillage durable et chaleureux, qui accompagne la peau tout au long de la journ\u00e9e et de la soir\u00e9e.<\/p>\n<p data-start=\"2009\" data-end=\"2171\"><strong data-start=\"2009\" data-end=\"2020\">Intrude<\/strong> est parfait pour :<br data-start=\"2039\" data-end=\"2042\" \/>\u2728 les moments sp\u00e9ciaux,<br data-start=\"2065\" data-end=\"2068\" \/>\u2728 les sorties \u00e9l\u00e9gantes,<br data-start=\"2092\" data-end=\"2095\" \/>\u2728 ou tout simplement sublimer votre quotidien avec une fragrance raffin\u00e9e.<\/p>","protected":false},"excerpt":{"rendered":"<p data-start=\"875\" data-end=\"1009\">Un parfum <strong data-start=\"885\" data-end=\"924\">f\u00e9minin floral\u2011oriental sophistiqu\u00e9<\/strong>, captivant et sensuel, pens\u00e9 pour sublimer la f\u00e9minit\u00e9 avec \u00e9l\u00e9gance et raffinement.<\/p>\n<h3 data-start=\"1016\" data-end=\"1053\"><strong data-start=\"1020\" data-end=\"1051\">Notes olfactives confirm\u00e9es<\/strong><\/h3>\n<p data-start=\"1054\" data-end=\"1252\"><strong data-start=\"1054\" data-end=\"1073\">Notes de t\u00eate :<\/strong> Poire, Bergamote<br data-start=\"1090\" data-end=\"1093\" \/><strong data-start=\"1093\" data-end=\"1112\">Notes de c\u0153ur :<\/strong> Tub\u00e9reuse, Fleur d\u2019oranger, Jasmin Sambac<br data-start=\"1154\" data-end=\"1157\" \/><strong data-start=\"1157\" data-end=\"1176\">Notes de fond :<\/strong> Patchouli, Ambroxan, Vanille, V\u00e9tiver<\/p>","protected":false},"featured_media":5393,"comment_status":"open","ping_status":"closed","template":"","meta":{"_acf_changed":false,"content-type":""},"product_brand":[],"product_cat":[78,115],"product_tag":[],"class_list":{"0":"post-5215","1":"product","2":"type-product","3":"status-publish","4":"has-post-thumbnail","6":"product_cat-parfums","7":"product_cat-for-women","9":"first","10":"instock","11":"shipping-taxable","12":"purchasable","13":"product-type-simple"},"acf":[],"jetpack_sharing_enabled":true,"_links":{"self":[{"href":"https:\/\/saffir.ma\/fr\/wp-json\/wp\/v2\/product\/5215","targetHints":{"allow":["GET"]}}],"collection":[{"href":"https:\/\/saffir.ma\/fr\/wp-json\/wp\/v2\/product"}],"about":[{"href":"https:\/\/saffir.ma\/fr\/wp-json\/wp\/v2\/types\/product"}],"replies":[{"embeddable":true,"href":"https:\/\/saffir.ma\/fr\/wp-json\/wp\/v2\/comments?post=5215"}],"wp:featuredmedia":[{"embeddable":true,"href":"https:\/\/saffir.ma\/fr\/wp-json\/wp\/v2\/media\/5393"}],"wp:attachment":[{"href":"https:\/\/saffir.ma\/fr\/wp-json\/wp\/v2\/media?parent=5215"}],"wp:term":[{"taxonomy":"product_brand","embeddable":true,"href":"https:\/\/saffir.ma\/fr\/wp-json\/wp\/v2\/product_brand?post=5215"},{"taxonomy":"product_cat","embeddable":true,"href":"https:\/\/saffir.ma\/fr\/wp-json\/wp\/v2\/product_cat?post=5215"},{"taxonomy":"product_tag","embeddable":true,"href":"https:\/\/saffir.ma\/fr\/wp-json\/wp\/v2\/product_tag?post=5215"}],"curies":[{"name":"wp","href":"https:\/\/api.w.org\/{rel}","templated":true}]}}