{"id":5216,"date":"2026-01-14T19:36:55","date_gmt":"2026-01-14T19:36:55","guid":{"rendered":"https:\/\/saffir.ma\/?post_type=product&#038;p=5216"},"modified":"2026-01-15T10:41:43","modified_gmt":"2026-01-15T10:41:43","slug":"parfum-ana-abiyedh-scarlet-60-ml-lattafa","status":"publish","type":"product","link":"https:\/\/saffir.ma\/fr\/produit\/parfum-ana-abiyedh-scarlet-60-ml-lattafa\/","title":{"rendered":"Parfum Ana Abiyedh Scarlet 60\u202fml \u2013 Lattafa"},"content":{"rendered":"<p data-start=\"952\" data-end=\"1301\">Le <strong data-start=\"955\" data-end=\"995\">Parfum Ana Abiyedh Scarlet \u2013 Lattafa<\/strong> est une fragrance <strong data-start=\"1014\" data-end=\"1043\">florale\u2011fruit\u00e9e gourmande<\/strong> con\u00e7ue pour les femmes affirm\u00e9es et \u00e9l\u00e9gantes. D\u00e8s le premier contact, il s\u00e9duit par une <strong data-start=\"1133\" data-end=\"1189\">ouverture vibrante de cerise noire et de poivre rose<\/strong>, apportant une premi\u00e8re impression fruit\u00e9e, juteuse et l\u00e9g\u00e8rement \u00e9pic\u00e9e.<\/p>\n<p data-start=\"1303\" data-end=\"1564\">Au c\u0153ur, un bouquet floral sophistiqu\u00e9 m\u00eale <strong data-start=\"1347\" data-end=\"1372\">rose blanche d\u00e9licate<\/strong>, <strong data-start=\"1374\" data-end=\"1395\">pivoine lumineuse<\/strong>, et des touches chaudes et \u00e9pic\u00e9es de <strong data-start=\"1434\" data-end=\"1451\">f\u00e8ve de tonka<\/strong> et <strong data-start=\"1455\" data-end=\"1474\">noix de muscade<\/strong>, cr\u00e9ant une harmonie riche, f\u00e9minine et s\u00e9duisante.<\/p>\n<p data-start=\"1566\" data-end=\"1968\">En fond, la combinaison gourmande de <strong data-start=\"1603\" data-end=\"1632\">sucre, vanille et caramel<\/strong> se fond dans la profondeur du <strong data-start=\"1663\" data-end=\"1676\">patchouli<\/strong>, offrant un sillage doux, chaleureux et intens\u00e9ment captivant. Ce mariage olfactif assure une <strong data-start=\"1771\" data-end=\"1815\">longue tenue et une projection g\u00e9n\u00e9reuse<\/strong>, parfaite pour les soir\u00e9es, les occasions sp\u00e9ciales ou tout simplement pour affirmer votre pr\u00e9sence avec \u00e9l\u00e9gance.<\/p>\n<p data-start=\"1970\" data-end=\"2166\"><strong data-start=\"1970\" data-end=\"1993\">Ana Abiyedh Scarlet<\/strong> est une signature olfactive moderne qui incarne f\u00e9minit\u00e9, sophistication et s\u00e9duction \u2014 un choix parfait pour une client\u00e8le exigeante.<\/p>","protected":false},"excerpt":{"rendered":"<p data-start=\"245\" data-end=\"427\">Un parfum <strong data-start=\"255\" data-end=\"293\">f\u00e9minin floral, fruit\u00e9 et gourmand<\/strong>, con\u00e7u pour les femmes modernes qui aiment les fragrances \u00e9l\u00e9gantes, sensuelles et captivantes.<\/p>\n<h3 data-start=\"429\" data-end=\"463\"><strong data-start=\"433\" data-end=\"461\">Description courte (SEO)<\/strong><\/h3>\n<p data-start=\"464\" data-end=\"651\">Une fragrance f\u00e9minine irr\u00e9sistible aux notes fruit\u00e9es, florales et gourmandes, parfaite pour sublimer chaque instant avec douceur et sophistication.<\/p>\n<h3 data-start=\"653\" data-end=\"690\"><strong data-start=\"657\" data-end=\"688\">Notes olfactives confirm\u00e9es<\/strong><\/h3>\n<ul data-start=\"691\" data-end=\"913\">\n<li data-start=\"691\" data-end=\"740\">\n<p data-start=\"693\" data-end=\"740\"><strong data-start=\"693\" data-end=\"712\">Notes de t\u00eate :<\/strong> Cerise noire, Poivre rose<\/p>\n<\/li>\n<li data-start=\"741\" data-end=\"818\">\n<p data-start=\"743\" data-end=\"818\"><strong data-start=\"743\" data-end=\"762\">Notes de c\u0153ur :<\/strong> Rose blanche, Pivoine, F\u00e8ve de tonka, Noix de muscade<\/p>\n<\/li>\n<li data-start=\"819\" data-end=\"913\">\n<p data-start=\"821\" data-end=\"913\"><strong data-start=\"821\" data-end=\"840\">Notes de fond :<\/strong> Sucre, Vanille, Caramel, Patchouli<\/p>\n<\/li>\n<\/ul>","protected":false},"featured_media":5243,"comment_status":"open","ping_status":"closed","template":"","meta":{"_acf_changed":false,"content-type":""},"product_brand":[],"product_cat":[78,115],"product_tag":[],"class_list":{"0":"post-5216","1":"product","2":"type-product","3":"status-publish","4":"has-post-thumbnail","6":"product_cat-parfums","7":"product_cat-for-women","9":"first","10":"instock","11":"shipping-taxable","12":"purchasable","13":"product-type-simple"},"acf":[],"jetpack_sharing_enabled":true,"_links":{"self":[{"href":"https:\/\/saffir.ma\/fr\/wp-json\/wp\/v2\/product\/5216","targetHints":{"allow":["GET"]}}],"collection":[{"href":"https:\/\/saffir.ma\/fr\/wp-json\/wp\/v2\/product"}],"about":[{"href":"https:\/\/saffir.ma\/fr\/wp-json\/wp\/v2\/types\/product"}],"replies":[{"embeddable":true,"href":"https:\/\/saffir.ma\/fr\/wp-json\/wp\/v2\/comments?post=5216"}],"wp:featuredmedia":[{"embeddable":true,"href":"https:\/\/saffir.ma\/fr\/wp-json\/wp\/v2\/media\/5243"}],"wp:attachment":[{"href":"https:\/\/saffir.ma\/fr\/wp-json\/wp\/v2\/media?parent=5216"}],"wp:term":[{"taxonomy":"product_brand","embeddable":true,"href":"https:\/\/saffir.ma\/fr\/wp-json\/wp\/v2\/product_brand?post=5216"},{"taxonomy":"product_cat","embeddable":true,"href":"https:\/\/saffir.ma\/fr\/wp-json\/wp\/v2\/product_cat?post=5216"},{"taxonomy":"product_tag","embeddable":true,"href":"https:\/\/saffir.ma\/fr\/wp-json\/wp\/v2\/product_tag?post=5216"}],"curies":[{"name":"wp","href":"https:\/\/api.w.org\/{rel}","templated":true}]}}