{"id":5217,"date":"2026-01-14T20:08:35","date_gmt":"2026-01-14T20:08:35","guid":{"rendered":"https:\/\/saffir.ma\/?post_type=product&#038;p=5217"},"modified":"2026-01-15T10:40:54","modified_gmt":"2026-01-15T10:40:54","slug":"parfum-maahir-black-edition-100-ml-lattafa","status":"publish","type":"product","link":"https:\/\/saffir.ma\/fr\/produit\/parfum-maahir-black-edition-100-ml-lattafa\/","title":{"rendered":"Parfum Maahir Black Edition 100\u202fml \u2013 Lattafa"},"content":{"rendered":"<p data-start=\"996\" data-end=\"1351\">Le <strong data-start=\"999\" data-end=\"1040\">Parfum Maahir Black Edition \u2013 Lattafa<\/strong> est une fragrance <strong data-start=\"1059\" data-end=\"1089\">orientale bois\u00e9e et \u00e9pic\u00e9e<\/strong> qui exprime force, \u00e9l\u00e9gance et myst\u00e8re. La fragrance s\u2019ouvre sur une <strong data-start=\"1159\" data-end=\"1203\">pointe audacieuse de poivre noir et rose<\/strong>, rehauss\u00e9e par la chaleur luxueuse du safran, cr\u00e9ant une premi\u00e8re impression \u00e0 la fois puissante et raffin\u00e9e.<\/p>\n<p data-start=\"1353\" data-end=\"1606\">Au c\u0153ur, un m\u00e9lange complexe de <strong data-start=\"1385\" data-end=\"1406\">labdanum r\u00e9sineux<\/strong>, <strong data-start=\"1408\" data-end=\"1430\">huile de gen\u00e9vrier<\/strong>, <strong data-start=\"1432\" data-end=\"1448\">baume gurjum<\/strong> et <strong data-start=\"1452\" data-end=\"1464\">rhubarbe<\/strong> ajoute une dimension riche, fum\u00e9e et l\u00e9g\u00e8rement terreuse, qui approfondit le caract\u00e8re de la fragrance.<\/p>\n<p data-start=\"1608\" data-end=\"1866\">Enfin, les <strong data-start=\"1619\" data-end=\"1646\">notes de fond profondes<\/strong> de cuir, bois de c\u00e8dre, patchouli, bois de ga\u00efac, musc et mousse cr\u00e9ent un sillage durable, chaud et sophistiqu\u00e9, id\u00e9al pour les soir\u00e9es, les occasions sp\u00e9ciales ou les temps frais.<\/p>\n<p data-start=\"1868\" data-end=\"2055\"><strong data-start=\"1868\" data-end=\"1892\">Maahir Black Edition<\/strong> est con\u00e7u pour les hommes qui veulent une signature olfactive puissante, \u00e9l\u00e9gante et captivante, qui ne passe pas inaper\u00e7ue.<\/p>","protected":false},"excerpt":{"rendered":"<p data-start=\"188\" data-end=\"439\">Un parfum <strong data-start=\"198\" data-end=\"233\">masculin intense et sophistiqu\u00e9<\/strong> (souvent per\u00e7u comme unisexe mais majoritairement masculin), parfait pour les hommes confiants qui aiment les fragrances <strong data-start=\"355\" data-end=\"400\">bois\u00e9es, \u00e9pic\u00e9es et orientales puissantes<\/strong>.<\/p>\n<p data-start=\"481\" data-end=\"647\">Une fragrance orientale bois\u00e9e \u00e9pic\u00e9e captivante, combinant cuir, \u00e9pices et bois profonds pour un sillage intense et distinctif.<\/p>\n<hr data-start=\"649\" data-end=\"652\" \/>\n<h3 data-start=\"654\" data-end=\"691\"><strong data-start=\"658\" data-end=\"689\">Notes olfactives confirm\u00e9es<\/strong><\/h3>\n<p data-start=\"692\" data-end=\"952\"><strong data-start=\"692\" data-end=\"711\">Notes de t\u00eate :<\/strong> Poivre noir, Poivre rose, Safran<br data-start=\"744\" data-end=\"747\" \/><strong data-start=\"747\" data-end=\"766\">Notes de c\u0153ur :<\/strong> Labdanum, Cade oil \/ huile de gen\u00e9vrier, Baume gurjum, Rhubarbe<br data-start=\"830\" data-end=\"833\" \/><strong data-start=\"833\" data-end=\"852\">Notes de fond :<\/strong> Cuir, C\u00e8dre, Patchouli, Bois de ga\u00efac, Musc, Mousse \/ Oakmoss<\/p>","protected":false},"featured_media":5248,"comment_status":"open","ping_status":"closed","template":"","meta":{"_acf_changed":false,"content-type":""},"product_brand":[],"product_cat":[78,114],"product_tag":[],"class_list":{"0":"post-5217","1":"product","2":"type-product","3":"status-publish","4":"has-post-thumbnail","6":"product_cat-parfums","7":"product_cat-for-men","9":"first","10":"instock","11":"shipping-taxable","12":"purchasable","13":"product-type-simple"},"acf":[],"jetpack_sharing_enabled":true,"_links":{"self":[{"href":"https:\/\/saffir.ma\/fr\/wp-json\/wp\/v2\/product\/5217","targetHints":{"allow":["GET"]}}],"collection":[{"href":"https:\/\/saffir.ma\/fr\/wp-json\/wp\/v2\/product"}],"about":[{"href":"https:\/\/saffir.ma\/fr\/wp-json\/wp\/v2\/types\/product"}],"replies":[{"embeddable":true,"href":"https:\/\/saffir.ma\/fr\/wp-json\/wp\/v2\/comments?post=5217"}],"wp:featuredmedia":[{"embeddable":true,"href":"https:\/\/saffir.ma\/fr\/wp-json\/wp\/v2\/media\/5248"}],"wp:attachment":[{"href":"https:\/\/saffir.ma\/fr\/wp-json\/wp\/v2\/media?parent=5217"}],"wp:term":[{"taxonomy":"product_brand","embeddable":true,"href":"https:\/\/saffir.ma\/fr\/wp-json\/wp\/v2\/product_brand?post=5217"},{"taxonomy":"product_cat","embeddable":true,"href":"https:\/\/saffir.ma\/fr\/wp-json\/wp\/v2\/product_cat?post=5217"},{"taxonomy":"product_tag","embeddable":true,"href":"https:\/\/saffir.ma\/fr\/wp-json\/wp\/v2\/product_tag?post=5217"}],"curies":[{"name":"wp","href":"https:\/\/api.w.org\/{rel}","templated":true}]}}