{"id":5218,"date":"2026-01-14T20:11:50","date_gmt":"2026-01-14T20:11:50","guid":{"rendered":"https:\/\/saffir.ma\/?post_type=product&#038;p=5218"},"modified":"2026-01-15T10:39:13","modified_gmt":"2026-01-15T10:39:13","slug":"parfum-yeah-man-100-ml-al-hambra","status":"publish","type":"product","link":"https:\/\/saffir.ma\/fr\/produit\/parfum-yeah-man-100-ml-al-hambra\/","title":{"rendered":"Parfum Yeah Man 100 ml \u2013 Al Hambra"},"content":{"rendered":"<p data-start=\"1049\" data-end=\"1274\">Le <strong data-start=\"1052\" data-end=\"1090\">Parfum Yeah Man \u2013 Maison Al Hambra<\/strong> est une fragrance masculine moderne et vibrante, inspir\u00e9e par les signatures olfactives intemporelles mais avec une touche orientale chaleureuse.<\/p>\n<p data-start=\"1276\" data-end=\"1497\">D\u00e8s l\u2019ouverture, une <strong data-start=\"1297\" data-end=\"1333\">explosion fra\u00eeche et \u00e9nergisante<\/strong> de pomme juteuse, bergamote p\u00e9tillante, gingembre vif et ald\u00e9hydes donne une premi\u00e8re impression vive et pleine de caract\u00e8re.<\/p>\n<p data-start=\"1499\" data-end=\"1702\">Le c\u0153ur r\u00e9v\u00e8le un <strong data-start=\"1517\" data-end=\"1544\">accord aromatique riche<\/strong>, combinant sauge, lavande, g\u00e9ranium et baies de gen\u00e9vrier, apportant une dimension herbac\u00e9e, masculine et sophistiqu\u00e9e.<\/p>\n<p data-start=\"1704\" data-end=\"1982\">La base est <strong data-start=\"1716\" data-end=\"1736\">chaude et bois\u00e9e<\/strong>, avec la douceur profonde de la f\u00e8ve tonka, les bois \u00e9l\u00e9gants de c\u00e8dre, l\u2019ambre chaleureux (amberwood), l\u2019encens r\u00e9sineux, le patchouli profond et le v\u00e9tiver raffin\u00e9, offrant un sillage durable et s\u00e9duisant.<\/p>","protected":false},"excerpt":{"rendered":"<p data-start=\"226\" data-end=\"399\">Un parfum <strong data-start=\"236\" data-end=\"256\">masculin moderne<\/strong> con\u00e7u pour l\u2019homme actif, confiant et sophistiqu\u00e9, qui aime une fragrance fra\u00eeche, aromatique et bois\u00e9e.<\/p>\n<p data-start=\"441\" data-end=\"617\">Une fragrance aromatique\u2011fruit\u00e9e et bois\u00e9e, fra\u00eeche et dynamique, id\u00e9ale pour l\u2019homme d\u2019aujourd\u2019hui, du quotidien aux occasions sp\u00e9ciales.<\/p>\n<h3 data-start=\"624\" data-end=\"661\"><strong data-start=\"628\" data-end=\"659\">Notes olfactives confirm\u00e9es<\/strong><\/h3>\n<ul data-start=\"662\" data-end=\"1005\">\n<li data-start=\"662\" data-end=\"762\">\n<p data-start=\"664\" data-end=\"762\"><strong data-start=\"664\" data-end=\"683\">Notes de t\u00eate :<\/strong> Pomme, Bergamote, Gingembre, Ald\u00e9hydes<\/p>\n<\/li>\n<li data-start=\"763\" data-end=\"869\">\n<p data-start=\"765\" data-end=\"869\"><strong data-start=\"765\" data-end=\"784\">Notes de c\u0153ur :<\/strong> Sauge, Lavande, G\u00e9ranium, Baies de gen\u00e9vrier<\/p>\n<\/li>\n<li data-start=\"870\" data-end=\"1005\">\n<p data-start=\"872\" data-end=\"1005\"><strong data-start=\"872\" data-end=\"891\">Notes de fond :<\/strong> F\u00e8ve tonka, Amberwood \/ Ambre, C\u00e8dre, Olibanum (Encens), Patchouli, V\u00e9tiver<\/p>\n<\/li>\n<\/ul>","protected":false},"featured_media":5247,"comment_status":"open","ping_status":"closed","template":"","meta":{"_acf_changed":false,"content-type":""},"product_brand":[],"product_cat":[78,114],"product_tag":[],"class_list":{"0":"post-5218","1":"product","2":"type-product","3":"status-publish","4":"has-post-thumbnail","6":"product_cat-parfums","7":"product_cat-for-men","9":"first","10":"instock","11":"shipping-taxable","12":"purchasable","13":"product-type-simple"},"acf":[],"jetpack_sharing_enabled":true,"_links":{"self":[{"href":"https:\/\/saffir.ma\/fr\/wp-json\/wp\/v2\/product\/5218","targetHints":{"allow":["GET"]}}],"collection":[{"href":"https:\/\/saffir.ma\/fr\/wp-json\/wp\/v2\/product"}],"about":[{"href":"https:\/\/saffir.ma\/fr\/wp-json\/wp\/v2\/types\/product"}],"replies":[{"embeddable":true,"href":"https:\/\/saffir.ma\/fr\/wp-json\/wp\/v2\/comments?post=5218"}],"wp:featuredmedia":[{"embeddable":true,"href":"https:\/\/saffir.ma\/fr\/wp-json\/wp\/v2\/media\/5247"}],"wp:attachment":[{"href":"https:\/\/saffir.ma\/fr\/wp-json\/wp\/v2\/media?parent=5218"}],"wp:term":[{"taxonomy":"product_brand","embeddable":true,"href":"https:\/\/saffir.ma\/fr\/wp-json\/wp\/v2\/product_brand?post=5218"},{"taxonomy":"product_cat","embeddable":true,"href":"https:\/\/saffir.ma\/fr\/wp-json\/wp\/v2\/product_cat?post=5218"},{"taxonomy":"product_tag","embeddable":true,"href":"https:\/\/saffir.ma\/fr\/wp-json\/wp\/v2\/product_tag?post=5218"}],"curies":[{"name":"wp","href":"https:\/\/api.w.org\/{rel}","templated":true}]}}