{"id":5219,"date":"2026-01-14T20:15:45","date_gmt":"2026-01-14T20:15:45","guid":{"rendered":"https:\/\/saffir.ma\/?post_type=product&#038;p=5219"},"modified":"2026-01-15T11:08:06","modified_gmt":"2026-01-15T11:08:06","slug":"parfum-glacier-pour-homme-100-ml-al-hambra","status":"publish","type":"product","link":"https:\/\/saffir.ma\/fr\/produit\/parfum-glacier-pour-homme-100-ml-al-hambra\/","title":{"rendered":"Parfum Glacier Pour Homme 100\u202fml \u2013 Al Hambra"},"content":{"rendered":"<p data-start=\"1124\" data-end=\"1367\">Le <strong data-start=\"1127\" data-end=\"1175\">Parfum Glacier Pour Homme \u2013 Maison Al Hambra<\/strong> est une fragrance masculine <strong data-start=\"1204\" data-end=\"1239\">aromatique\u2011foug\u00e8re sophistiqu\u00e9e<\/strong>qui combine fra\u00eecheur et profondeur pour une exp\u00e9rience olfactive \u00e9quilibr\u00e9e et raffin\u00e9e.<\/p>\n<p data-start=\"1369\" data-end=\"1569\">D\u00e8s l\u2019ouverture, une <strong data-start=\"1390\" data-end=\"1425\">explosion fra\u00eeche et vivifiante<\/strong> de lavande, menthe, bergamote et cardamome attire l\u2019attention, cr\u00e9ant une sensation nette et \u00e9nergisante.<\/p>\n<p data-start=\"1571\" data-end=\"1783\">Le c\u0153ur r\u00e9v\u00e8le une <strong data-start=\"1590\" data-end=\"1631\">composition chaleureuse et s\u00e9duisante<\/strong> o\u00f9 la cannelle, la fleur d\u2019oranger et le carvi s\u2019entrelacent, apportant une touche <strong data-start=\"1715\" data-end=\"1744\">\u00e9pic\u00e9e et florale subtile<\/strong>.<\/p>\n<p data-start=\"1785\" data-end=\"2025\">Enfin, le fond se d\u00e9voile avec des notes bois\u00e9es et ambr\u00e9es riches : f\u00e8ve tonka, vanille, bois de santal et ambre cr\u00e9ent un <strong data-start=\"1909\" data-end=\"1948\">sillage profond, sensuel et durable<\/strong>, parfait pour affirmer votre pr\u00e9sence.<\/p>\n<p data-start=\"2027\" data-end=\"2358\"><strong data-start=\"2027\" data-end=\"2049\">Glacier Pour Homme<\/strong> est une fragrance polyvalente qui convient aussi bien \u00e0 un usage quotidien qu\u2019aux soir\u00e9es \u00e9l\u00e9gantes. Elle incarne modernit\u00e9, sophistication et charme masculin, et pla\u00eet particuli\u00e8rement aux hommes qui recherchent une signature olfactive \u00e0 la fois fra\u00eeche et chaleureuse.<\/p>","protected":false},"excerpt":{"rendered":"<p data-start=\"263\" data-end=\"490\">Un parfum <strong data-start=\"273\" data-end=\"306\">masculin moderne et s\u00e9duisant<\/strong>, parfait pour l\u2019homme confiant qui aime une fragrance fra\u00eeche, aromatique et chaleureuse, id\u00e9ale pour le quotidien comme les occasions sp\u00e9ciales.<\/p>\n<p data-start=\"532\" data-end=\"738\">Une fragrance <strong data-start=\"546\" data-end=\"575\">aromatique\u2011foug\u00e8re bois\u00e9e<\/strong>, fra\u00eeche et \u00e9pic\u00e9e au d\u00e9but, \u00e9voluant vers un c\u0153ur chaud et un fond bois\u00e9\u2011ambr\u00e9, qui laisse un sillage captivant et durable.<\/p>\n<h3 data-start=\"745\" data-end=\"782\"><strong data-start=\"749\" data-end=\"780\">Notes olfactives confirm\u00e9es<\/strong><\/h3>\n<ul data-start=\"783\" data-end=\"1080\">\n<li data-start=\"783\" data-end=\"882\">\n<p data-start=\"785\" data-end=\"882\"><strong data-start=\"785\" data-end=\"804\">Notes de t\u00eate :<\/strong> Lavande, Menthe, Bergamote, Cardamome<\/p>\n<\/li>\n<li data-start=\"883\" data-end=\"977\">\n<p data-start=\"885\" data-end=\"977\"><strong data-start=\"885\" data-end=\"904\">Notes de c\u0153ur :<\/strong> Cannelle, Fleur d\u2019Oranger, Carvi<\/p>\n<\/li>\n<li data-start=\"978\" data-end=\"1080\">\n<p data-start=\"980\" data-end=\"1080\"><strong data-start=\"980\" data-end=\"999\">Notes de fond :<\/strong> F\u00e8ve Tonka, Vanille, Bois de Santal, Ambre<\/p>\n<\/li>\n<\/ul>","protected":false},"featured_media":5258,"comment_status":"open","ping_status":"closed","template":"","meta":{"_acf_changed":false,"content-type":""},"product_brand":[],"product_cat":[78,114],"product_tag":[],"class_list":{"0":"post-5219","1":"product","2":"type-product","3":"status-publish","4":"has-post-thumbnail","6":"product_cat-parfums","7":"product_cat-for-men","9":"first","10":"instock","11":"shipping-taxable","12":"purchasable","13":"product-type-simple"},"acf":[],"jetpack_sharing_enabled":true,"_links":{"self":[{"href":"https:\/\/saffir.ma\/fr\/wp-json\/wp\/v2\/product\/5219","targetHints":{"allow":["GET"]}}],"collection":[{"href":"https:\/\/saffir.ma\/fr\/wp-json\/wp\/v2\/product"}],"about":[{"href":"https:\/\/saffir.ma\/fr\/wp-json\/wp\/v2\/types\/product"}],"replies":[{"embeddable":true,"href":"https:\/\/saffir.ma\/fr\/wp-json\/wp\/v2\/comments?post=5219"}],"wp:featuredmedia":[{"embeddable":true,"href":"https:\/\/saffir.ma\/fr\/wp-json\/wp\/v2\/media\/5258"}],"wp:attachment":[{"href":"https:\/\/saffir.ma\/fr\/wp-json\/wp\/v2\/media?parent=5219"}],"wp:term":[{"taxonomy":"product_brand","embeddable":true,"href":"https:\/\/saffir.ma\/fr\/wp-json\/wp\/v2\/product_brand?post=5219"},{"taxonomy":"product_cat","embeddable":true,"href":"https:\/\/saffir.ma\/fr\/wp-json\/wp\/v2\/product_cat?post=5219"},{"taxonomy":"product_tag","embeddable":true,"href":"https:\/\/saffir.ma\/fr\/wp-json\/wp\/v2\/product_tag?post=5219"}],"curies":[{"name":"wp","href":"https:\/\/api.w.org\/{rel}","templated":true}]}}