{"id":5221,"date":"2026-01-14T20:23:40","date_gmt":"2026-01-14T20:23:40","guid":{"rendered":"https:\/\/saffir.ma\/?post_type=product&#038;p=5221"},"modified":"2026-01-15T10:33:43","modified_gmt":"2026-01-15T10:33:43","slug":"parfum-ana-abiyedh-coral-60-ml-lattafa","status":"publish","type":"product","link":"https:\/\/saffir.ma\/fr\/produit\/parfum-ana-abiyedh-coral-60-ml-lattafa\/","title":{"rendered":"Parfum Ana Abiyedh Coral 60\u202fml \u2013 Lattafa"},"content":{"rendered":"<p data-start=\"1074\" data-end=\"1311\">Le <strong data-start=\"1077\" data-end=\"1115\">Parfum Ana Abiyedh Coral \u2013 Lattafa<\/strong> est une cr\u00e9ation olfactive lumineuse et d\u00e9licieusement fruit\u00e9e, con\u00e7ue pour la femme qui souhaite <strong data-start=\"1214\" data-end=\"1272\">exprimer sa joie de vivre, sa f\u00e9minit\u00e9 et sa fra\u00eecheur<\/strong>.<\/p>\n<p data-start=\"1313\" data-end=\"1519\">D\u00e8s l\u2019ouverture, une <strong data-start=\"1334\" data-end=\"1382\">bouff\u00e9e juteuse de past\u00e8que, p\u00eache et orange<\/strong> entra\u00eene vos sens vers un paysage exotique et vibrant, \u00e9voquant une escapade estivale inoubliable.<\/p>\n<p data-start=\"1521\" data-end=\"1733\">Le c\u0153ur d\u00e9voile une combinaison <strong data-start=\"1553\" data-end=\"1575\">tropicale et douce<\/strong> de noix de coco cr\u00e9meuse et de fleurs blanches d\u00e9licates, apportant une \u00e9l\u00e9gance sensuelle et lumineuse \u00e0 la fragrance.<\/p>\n<p data-start=\"1735\" data-end=\"1966\">En fond, le parfum s\u2019enrichit de <strong data-start=\"1768\" data-end=\"1822\">vanille gourmande, d\u2019ambre chaud et de musc soyeux<\/strong>, cr\u00e9ant un sillage <strong data-start=\"1842\" data-end=\"1880\">chaleureux, enveloppant et durable<\/strong> qui laisse une empreinte m\u00e9morable sur la peau.<\/p>","protected":false},"excerpt":{"rendered":"<p data-start=\"247\" data-end=\"424\">Un parfum <strong data-start=\"257\" data-end=\"291\">f\u00e9minin fruit\u00e9\u2011floral gourmand<\/strong>, parfait pour les femmes modernes qui aiment les fragrances fra\u00eeches, lumineuses et estivales.<\/p>\n<p data-start=\"466\" data-end=\"727\">Une fragrance fruit\u00e9e et exotique, aux notes juteuses de past\u00e8que et p\u00eache, c\u0153ur doux de noix de coco et fleurs blanches, fond chaleureux de vanille, musc et ambre \u2013 id\u00e9ale pour apporter fra\u00eecheur et charme \u00e0 chaque moment.<\/p>\n<h3 data-start=\"734\" data-end=\"771\"><strong data-start=\"738\" data-end=\"769\">Notes olfactives confirm\u00e9es<\/strong><\/h3>\n<ul data-start=\"772\" data-end=\"1030\">\n<li data-start=\"772\" data-end=\"857\">\n<p data-start=\"774\" data-end=\"857\"><strong data-start=\"774\" data-end=\"793\">Notes de t\u00eate :<\/strong> Past\u00e8que, P\u00eache, Orange<\/p>\n<\/li>\n<li data-start=\"858\" data-end=\"949\">\n<p data-start=\"860\" data-end=\"949\"><strong data-start=\"860\" data-end=\"879\">Notes de c\u0153ur :<\/strong> Noix de Coco, Fleurs blanches<\/p>\n<\/li>\n<li data-start=\"950\" data-end=\"1030\">\n<p data-start=\"952\" data-end=\"1030\"><strong data-start=\"952\" data-end=\"971\">Notes de fond :<\/strong> Vanille, Ambre, Musc<\/p>\n<\/li>\n<\/ul>","protected":false},"featured_media":5244,"comment_status":"open","ping_status":"closed","template":"","meta":{"_acf_changed":false,"content-type":""},"product_brand":[],"product_cat":[78,115],"product_tag":[],"class_list":{"0":"post-5221","1":"product","2":"type-product","3":"status-publish","4":"has-post-thumbnail","6":"product_cat-parfums","7":"product_cat-for-women","9":"first","10":"instock","11":"shipping-taxable","12":"purchasable","13":"product-type-simple"},"acf":[],"jetpack_sharing_enabled":true,"_links":{"self":[{"href":"https:\/\/saffir.ma\/fr\/wp-json\/wp\/v2\/product\/5221","targetHints":{"allow":["GET"]}}],"collection":[{"href":"https:\/\/saffir.ma\/fr\/wp-json\/wp\/v2\/product"}],"about":[{"href":"https:\/\/saffir.ma\/fr\/wp-json\/wp\/v2\/types\/product"}],"replies":[{"embeddable":true,"href":"https:\/\/saffir.ma\/fr\/wp-json\/wp\/v2\/comments?post=5221"}],"wp:featuredmedia":[{"embeddable":true,"href":"https:\/\/saffir.ma\/fr\/wp-json\/wp\/v2\/media\/5244"}],"wp:attachment":[{"href":"https:\/\/saffir.ma\/fr\/wp-json\/wp\/v2\/media?parent=5221"}],"wp:term":[{"taxonomy":"product_brand","embeddable":true,"href":"https:\/\/saffir.ma\/fr\/wp-json\/wp\/v2\/product_brand?post=5221"},{"taxonomy":"product_cat","embeddable":true,"href":"https:\/\/saffir.ma\/fr\/wp-json\/wp\/v2\/product_cat?post=5221"},{"taxonomy":"product_tag","embeddable":true,"href":"https:\/\/saffir.ma\/fr\/wp-json\/wp\/v2\/product_tag?post=5221"}],"curies":[{"name":"wp","href":"https:\/\/api.w.org\/{rel}","templated":true}]}}