{"id":5222,"date":"2026-01-14T22:46:43","date_gmt":"2026-01-14T22:46:43","guid":{"rendered":"https:\/\/saffir.ma\/?post_type=product&#038;p=5222"},"modified":"2026-01-15T10:29:50","modified_gmt":"2026-01-15T10:29:50","slug":"parfum-hawas-black-100-ml-rasasi","status":"publish","type":"product","link":"https:\/\/saffir.ma\/fr\/produit\/parfum-hawas-black-100-ml-rasasi\/","title":{"rendered":"Parfum Hawas Black 100\u202fml \u2013 Rasasi"},"content":{"rendered":"<p data-start=\"1380\" data-end=\"1605\">Le <strong data-start=\"1383\" data-end=\"1414\">Parfum Hawas Black \u2013 Rasasi<\/strong> est une fragrance masculine audacieuse et \u00e9l\u00e9gante, con\u00e7ue pour l\u2019homme qui souhaite une signature olfactive \u00e0 la fois <strong data-start=\"1534\" data-end=\"1566\">frais, puissant et m\u00e9morable<\/strong>.<\/p>\n<p data-start=\"1607\" data-end=\"2222\">La composition s\u2019ouvre sur une <strong data-start=\"1638\" data-end=\"1672\">explosion de fra\u00eecheur fruit\u00e9e<\/strong>, gr\u00e2ce \u00e0 la bergamote, l\u2019ananas juteux et le pamplemousse vibrant, qui \u00e9veillent instantan\u00e9ment les sens. <br data-start=\"1816\" data-end=\"1819\" \/>Le c\u0153ur r\u00e9v\u00e8le une structure <strong data-start=\"1848\" data-end=\"1867\">bois\u00e9e raffin\u00e9e<\/strong>, o\u00f9 le patchouli terreux, le c\u00e8dre masculin et le jasmin d\u00e9licat cr\u00e9ent une profondeur \u00e9l\u00e9gante et sophistiqu\u00e9e. <br data-start=\"2018\" data-end=\"2021\" \/>Enfin, le fond riche m\u00eale <strong data-start=\"2047\" data-end=\"2074\">mousse de ch\u00eane chypr\u00e9e<\/strong>, notes bois\u00e9es et ambre chaud pour un sillage durable, sensuel et distinctif qui reste longtemps sur la peau.<\/p>","protected":false},"excerpt":{"rendered":"<p data-start=\"236\" data-end=\"605\">Un parfum <strong data-start=\"246\" data-end=\"281\">masculin moderne et sophistiqu\u00e9<\/strong>, pens\u00e9 pour l\u2019homme confiant qui aime une fragrance <strong data-start=\"334\" data-end=\"370\">frais fruit\u00e9e, bois\u00e9e et chypr\u00e9e<\/strong>, parfaite pour affirmer sa pr\u00e9sence en soir\u00e9e comme en journ\u00e9e. Rasasi Hawas Black est tr\u00e8s appr\u00e9ci\u00e9 comme alternative \u00e0 des signatures de niche c\u00e9l\u00e8bres pour son caract\u00e8re distinctif et sa tenue.<\/p>\n<p data-start=\"647\" data-end=\"864\">Une fragrance chypr\u00e9e\u2011fruit\u00e9e masculine, alliant agrumes \u00e9clatants, c\u0153ur bois\u00e9 raffin\u00e9 et fond chypr\u00e9 profond \u2014 une signature olfactive puissante et \u00e9l\u00e9gante pour l\u2019homme moderne.<\/p>\n<hr data-start=\"866\" data-end=\"869\" \/>\n<h3 data-start=\"871\" data-end=\"906\"><strong data-start=\"875\" data-end=\"906\">Notes olfactives confirm\u00e9es<\/strong><\/h3>\n<ul data-start=\"908\" data-end=\"1336\">\n<li data-start=\"908\" data-end=\"1044\">\n<p data-start=\"910\" data-end=\"1044\"><strong data-start=\"910\" data-end=\"929\">Notes de t\u00eate :<\/strong> Bergamote, Ananas, Pamplemousse \u2014 ouverture fra\u00eeche, fruit\u00e9e et dynamique.<\/p>\n<\/li>\n<li data-start=\"1045\" data-end=\"1171\">\n<p data-start=\"1047\" data-end=\"1171\"><strong data-start=\"1047\" data-end=\"1066\">Notes de c\u0153ur :<\/strong> Patchouli, C\u00e8dre, Jasmin \u2014 c\u0153ur bois\u00e9, structur\u00e9 et sophistiqu\u00e9.<\/p>\n<\/li>\n<li data-start=\"1172\" data-end=\"1336\">\n<p data-start=\"1174\" data-end=\"1336\"><strong data-start=\"1174\" data-end=\"1193\">Notes de fond :<\/strong> Mousse de ch\u00eane, Notes bois\u00e9es, Ambre \u2014 fond chypr\u00e9 profond et sensuel qui assure une tenue remarquable.<\/p>\n<\/li>\n<\/ul>","protected":false},"featured_media":5242,"comment_status":"open","ping_status":"closed","template":"","meta":{"_acf_changed":false,"content-type":""},"product_brand":[],"product_cat":[78,114],"product_tag":[],"class_list":{"0":"post-5222","1":"product","2":"type-product","3":"status-publish","4":"has-post-thumbnail","6":"product_cat-parfums","7":"product_cat-for-men","9":"first","10":"instock","11":"shipping-taxable","12":"purchasable","13":"product-type-simple"},"acf":[],"jetpack_sharing_enabled":true,"_links":{"self":[{"href":"https:\/\/saffir.ma\/fr\/wp-json\/wp\/v2\/product\/5222","targetHints":{"allow":["GET"]}}],"collection":[{"href":"https:\/\/saffir.ma\/fr\/wp-json\/wp\/v2\/product"}],"about":[{"href":"https:\/\/saffir.ma\/fr\/wp-json\/wp\/v2\/types\/product"}],"replies":[{"embeddable":true,"href":"https:\/\/saffir.ma\/fr\/wp-json\/wp\/v2\/comments?post=5222"}],"wp:featuredmedia":[{"embeddable":true,"href":"https:\/\/saffir.ma\/fr\/wp-json\/wp\/v2\/media\/5242"}],"wp:attachment":[{"href":"https:\/\/saffir.ma\/fr\/wp-json\/wp\/v2\/media?parent=5222"}],"wp:term":[{"taxonomy":"product_brand","embeddable":true,"href":"https:\/\/saffir.ma\/fr\/wp-json\/wp\/v2\/product_brand?post=5222"},{"taxonomy":"product_cat","embeddable":true,"href":"https:\/\/saffir.ma\/fr\/wp-json\/wp\/v2\/product_cat?post=5222"},{"taxonomy":"product_tag","embeddable":true,"href":"https:\/\/saffir.ma\/fr\/wp-json\/wp\/v2\/product_tag?post=5222"}],"curies":[{"name":"wp","href":"https:\/\/api.w.org\/{rel}","templated":true}]}}