{"id":5224,"date":"2026-01-14T23:03:10","date_gmt":"2026-01-14T23:03:10","guid":{"rendered":"https:\/\/saffir.ma\/?post_type=product&#038;p=5224"},"modified":"2026-01-15T10:26:16","modified_gmt":"2026-01-15T10:26:16","slug":"parfum-no-2-men-80-ml-al-hambra","status":"publish","type":"product","link":"https:\/\/saffir.ma\/fr\/produit\/parfum-no-2-men-80-ml-al-hambra\/","title":{"rendered":"Parfum No.2 Men 80\u202fml \u2013 Al Hambra"},"content":{"rendered":"<p data-start=\"1245\" data-end=\"1459\">Le <strong data-start=\"1248\" data-end=\"1286\">Parfum No.2 Men \u2013 Maison Al Hambra<\/strong> est une fragrance masculine raffin\u00e9e qui combine <strong data-start=\"1336\" data-end=\"1378\">fragrance fra\u00eeche et profondeur bois\u00e9e<\/strong> pour une exp\u00e9rience olfactive harmonieuse.<\/p>\n<p data-start=\"1461\" data-end=\"2055\">L\u2019ouverture s\u2019ouvre sur une <strong data-start=\"1489\" data-end=\"1518\">vague d\u2019agrumes lumineuse<\/strong> gr\u00e2ce \u00e0 la bergamote et la lavande, apportant \u00e9nergie et fra\u00eecheur imm\u00e9diates. Le c\u0153ur \u00e9pic\u00e9 de gingembre et de cardamome conf\u00e8re une touche sophistiqu\u00e9e et stimulante, ajoutant du caract\u00e8re \u00e0 la composition. En fond, un m\u00e9lange riche de v\u00e9tiver, encens, musc, bois de santal, ciste et bois de ga\u00efac cr\u00e9e un sillage <strong data-start=\"1911\" data-end=\"1945\">profond, chaleureux et durable<\/strong>, parfait pour faire impression tout au long de la journ\u00e9e ou en soir\u00e9e.<\/p>\n<p data-start=\"2057\" data-end=\"2338\"><strong data-start=\"2057\" data-end=\"2069\">No.2 Men<\/strong> est l\u2019exemple parfait d\u2019une fragrance masculine bien \u00e9quilibr\u00e9e : fra\u00eeche et aromatique \u00e0 l\u2019application, chaleureuse et bois\u00e9e dans le sillage \u2014 id\u00e9ale pour les hommes qui aiment une signature \u00e9l\u00e9gante sans \u00eatre trop envahissante.<\/p>","protected":false},"excerpt":{"rendered":"<p data-start=\"246\" data-end=\"466\">Un parfum <strong data-start=\"256\" data-end=\"289\">masculin moderne et dynamique<\/strong>, id\u00e9al pour l\u2019homme confiant qui cherche une fragrance fra\u00eeche, aromatique et \u00e9l\u00e9gante adapt\u00e9e au quotidien comme aux occasions sp\u00e9ciales.<\/p>\n<p data-start=\"246\" data-end=\"466\">Une fragrance masculine <strong data-start=\"532\" data-end=\"565\">aromatique, fra\u00eeche et bois\u00e9e<\/strong>, alliant notes d\u2019agrumes vives et c\u0153ur \u00e9pic\u00e9, avec un fond bois\u00e9 profond \u2014 parfaite pour l\u2019homme moderne qui veut une signature olfactive distinctive et raffin\u00e9e.<\/p>\n<hr data-start=\"768\" data-end=\"771\" \/>\n<h3 data-start=\"773\" data-end=\"810\"><strong data-start=\"777\" data-end=\"808\">Notes olfactives confirm\u00e9es<\/strong><\/h3>\n<ul data-start=\"811\" data-end=\"1201\">\n<li data-start=\"811\" data-end=\"926\">\n<p data-start=\"813\" data-end=\"926\"><strong data-start=\"813\" data-end=\"832\">Notes de t\u00eate :<\/strong> Bergamote, Lavande \u2014 fra\u00eecheur aromatique p\u00e9tillante.<\/p>\n<\/li>\n<li data-start=\"927\" data-end=\"1045\">\n<p data-start=\"929\" data-end=\"1045\"><strong data-start=\"929\" data-end=\"948\">Notes de c\u0153ur :<\/strong> Gingembre, Cardamome \u2014 accord \u00e9pic\u00e9, vif et sophistiqu\u00e9.<\/p>\n<\/li>\n<li data-start=\"1046\" data-end=\"1201\">\n<p data-start=\"1048\" data-end=\"1201\"><strong data-start=\"1048\" data-end=\"1067\">Notes de fond :<\/strong> V\u00e9tiver, Encens, Musc, Bois de santal, Ciste, Bois de ga\u00efac \u2014 fond bois\u00e9 chaleureux et durable<\/p>\n<\/li>\n<\/ul>","protected":false},"featured_media":5240,"comment_status":"open","ping_status":"closed","template":"","meta":{"_acf_changed":false,"content-type":""},"product_brand":[],"product_cat":[78,114],"product_tag":[],"class_list":{"0":"post-5224","1":"product","2":"type-product","3":"status-publish","4":"has-post-thumbnail","6":"product_cat-parfums","7":"product_cat-for-men","9":"first","10":"instock","11":"shipping-taxable","12":"purchasable","13":"product-type-simple"},"acf":[],"jetpack_sharing_enabled":true,"_links":{"self":[{"href":"https:\/\/saffir.ma\/fr\/wp-json\/wp\/v2\/product\/5224","targetHints":{"allow":["GET"]}}],"collection":[{"href":"https:\/\/saffir.ma\/fr\/wp-json\/wp\/v2\/product"}],"about":[{"href":"https:\/\/saffir.ma\/fr\/wp-json\/wp\/v2\/types\/product"}],"replies":[{"embeddable":true,"href":"https:\/\/saffir.ma\/fr\/wp-json\/wp\/v2\/comments?post=5224"}],"wp:featuredmedia":[{"embeddable":true,"href":"https:\/\/saffir.ma\/fr\/wp-json\/wp\/v2\/media\/5240"}],"wp:attachment":[{"href":"https:\/\/saffir.ma\/fr\/wp-json\/wp\/v2\/media?parent=5224"}],"wp:term":[{"taxonomy":"product_brand","embeddable":true,"href":"https:\/\/saffir.ma\/fr\/wp-json\/wp\/v2\/product_brand?post=5224"},{"taxonomy":"product_cat","embeddable":true,"href":"https:\/\/saffir.ma\/fr\/wp-json\/wp\/v2\/product_cat?post=5224"},{"taxonomy":"product_tag","embeddable":true,"href":"https:\/\/saffir.ma\/fr\/wp-json\/wp\/v2\/product_tag?post=5224"}],"curies":[{"name":"wp","href":"https:\/\/api.w.org\/{rel}","templated":true}]}}