{"id":5225,"date":"2026-01-14T23:07:36","date_gmt":"2026-01-14T23:07:36","guid":{"rendered":"https:\/\/saffir.ma\/?post_type=product&#038;p=5225"},"modified":"2026-02-26T22:14:57","modified_gmt":"2026-02-26T22:14:57","slug":"parfum-sahebat-al-jamal-70-ml-ard-al-zaafaran","status":"publish","type":"product","link":"https:\/\/saffir.ma\/fr\/produit\/parfum-sahebat-al-jamal-70-ml-ard-al-zaafaran\/","title":{"rendered":"Parfum Sahebat Al Jamal 70\u202fml \u2013 Ard Al Zaafaran"},"content":{"rendered":"<p data-start=\"1177\" data-end=\"1537\">Le <strong data-start=\"1180\" data-end=\"1225\">Parfum Sahebat Al Jamal \u2013 Ard Al Zaafaran<\/strong> est une fragrance orientale\u2011florale raffin\u00e9e qui incarne la <strong data-start=\"1286\" data-end=\"1336\">femininit\u00e9, l\u2019\u00e9l\u00e9gance et la s\u00e9duction subtile<\/strong>. D\u00e8s l\u2019ouverture, l\u2019association vivifiante de <strong data-start=\"1383\" data-end=\"1425\">poivre rose et de fruits rouges juteux<\/strong>apporte une fra\u00eecheur fruit\u00e9e \u00e9pic\u00e9e qui capte imm\u00e9diatement l\u2019attention.<\/p>\n<p data-start=\"1539\" data-end=\"1788\">Le c\u0153ur r\u00e9v\u00e8le une alliance d\u00e9licate de <strong data-start=\"1579\" data-end=\"1607\">notes florales \u00e9l\u00e9gantes<\/strong>, avec l\u2019iris poudr\u00e9 qui apporte une douceur sophistiqu\u00e9e et la fleur d\u2019oranger qui enrichit la composition d\u2019une touche lumineuse et f\u00e9minine.<\/p>\n<p data-start=\"1790\" data-end=\"2046\">En fond, les <strong data-start=\"1803\" data-end=\"1860\">accords sensuels d\u2019ambroxan, de musc et de f\u00e8ve tonka<\/strong> offrent une chaleur douce, enveloppante et durable, id\u00e9ale pour accompagner votre pr\u00e9sence tout au long de la journ\u00e9e ou lors de soir\u00e9es sp\u00e9ciales.<\/p>\n<p data-start=\"2048\" data-end=\"2268\"><strong data-start=\"2048\" data-end=\"2068\">Sahebat Al Jamal<\/strong> est parfait pour la femme exigeante qui recherche une signature olfactive \u00e0 la fois <strong data-start=\"2153\" data-end=\"2188\">raffin\u00e9e, moderne et captivante<\/strong>, qui se distingue sans \u00eatre envahissante<\/p>","protected":false},"excerpt":{"rendered":"<p data-start=\"273\" data-end=\"517\">Un parfum <strong data-start=\"283\" data-end=\"315\">f\u00e9minin \u00e9l\u00e9gant et s\u00e9duisant<\/strong> (souvent per\u00e7u comme unisexe mais majoritairement f\u00e9minin), pens\u00e9 pour la femme moderne qui veut une fragrance <strong data-start=\"427\" data-end=\"456\">fleurie\u2011fruit\u00e9e orientale<\/strong> raffin\u00e9e et versatile.<\/p>\n<p data-start=\"559\" data-end=\"807\">Une fragrance d\u00e9licieusement fruit\u00e9e et florale, associant fra\u00eecheur de fruits rouges et \u00e9pices d\u00e9licates, c\u0153ur floral sophistiqu\u00e9 et fond sensuel musqu\u00e9 \u2014 parfaite pour une pr\u00e9sence \u00e9l\u00e9gante en toute occasion.<\/p>\n<h3 data-start=\"814\" data-end=\"852\">Notes olfactives confirm\u00e9es\u202f**<\/h3>\n<ul data-start=\"853\" data-end=\"1133\">\n<li data-start=\"853\" data-end=\"962\">\n<p data-start=\"855\" data-end=\"962\"><strong data-start=\"855\" data-end=\"874\">Notes de t\u00eate :<\/strong> Poivre rose, Fruits rouges (fraise, framboise\u2026)<\/p>\n<\/li>\n<li data-start=\"963\" data-end=\"1046\">\n<p data-start=\"965\" data-end=\"1046\"><strong data-start=\"965\" data-end=\"984\">Notes de c\u0153ur :<\/strong> Iris, Fleur d\u2019oranger<\/p>\n<\/li>\n<li data-start=\"1047\" data-end=\"1133\">\n<p data-start=\"1049\" data-end=\"1133\"><strong data-start=\"1049\" data-end=\"1068\">Notes de fond :<\/strong> Ambroxan, Musc, F\u00e8ve tonka<\/p>\n<\/li>\n<\/ul>","protected":false},"featured_media":5818,"comment_status":"open","ping_status":"closed","template":"","meta":{"_acf_changed":false,"content-type":""},"product_brand":[],"product_cat":[78,115],"product_tag":[],"class_list":{"0":"post-5225","1":"product","2":"type-product","3":"status-publish","4":"has-post-thumbnail","6":"product_cat-parfums","7":"product_cat-for-women","9":"first","10":"instock","11":"shipping-taxable","12":"purchasable","13":"product-type-simple"},"acf":[],"jetpack_sharing_enabled":true,"_links":{"self":[{"href":"https:\/\/saffir.ma\/fr\/wp-json\/wp\/v2\/product\/5225","targetHints":{"allow":["GET"]}}],"collection":[{"href":"https:\/\/saffir.ma\/fr\/wp-json\/wp\/v2\/product"}],"about":[{"href":"https:\/\/saffir.ma\/fr\/wp-json\/wp\/v2\/types\/product"}],"replies":[{"embeddable":true,"href":"https:\/\/saffir.ma\/fr\/wp-json\/wp\/v2\/comments?post=5225"}],"wp:featuredmedia":[{"embeddable":true,"href":"https:\/\/saffir.ma\/fr\/wp-json\/wp\/v2\/media\/5818"}],"wp:attachment":[{"href":"https:\/\/saffir.ma\/fr\/wp-json\/wp\/v2\/media?parent=5225"}],"wp:term":[{"taxonomy":"product_brand","embeddable":true,"href":"https:\/\/saffir.ma\/fr\/wp-json\/wp\/v2\/product_brand?post=5225"},{"taxonomy":"product_cat","embeddable":true,"href":"https:\/\/saffir.ma\/fr\/wp-json\/wp\/v2\/product_cat?post=5225"},{"taxonomy":"product_tag","embeddable":true,"href":"https:\/\/saffir.ma\/fr\/wp-json\/wp\/v2\/product_tag?post=5225"}],"curies":[{"name":"wp","href":"https:\/\/api.w.org\/{rel}","templated":true}]}}