{"id":5229,"date":"2026-01-14T23:35:23","date_gmt":"2026-01-14T23:35:23","guid":{"rendered":"https:\/\/saffir.ma\/?post_type=product&#038;p=5229"},"modified":"2026-01-15T10:13:22","modified_gmt":"2026-01-15T10:13:22","slug":"parfum-shams-al-emarat-khususi-100-ml-ard-al-zaafaran","status":"publish","type":"product","link":"https:\/\/saffir.ma\/fr\/produit\/parfum-shams-al-emarat-khususi-100-ml-ard-al-zaafaran\/","title":{"rendered":"Parfum Shams Al Emarat Khususi 100\u202fml \u2013 Ard Al Zaafaran"},"content":{"rendered":"<p data-start=\"1317\" data-end=\"1695\">Le <strong data-start=\"1320\" data-end=\"1372\">Parfum Shams Al Emarat Khususi \u2013 Ard Al Zaafaran<\/strong> est une fragrance orientale gourmande et \u00e9l\u00e9gante, con\u00e7ue pour les amateurs de parfums riches et enveloppants. D\u00e8s la premi\u00e8re vaporisation, l\u2019ouverture fruit\u00e9e m\u00ealant <strong data-start=\"1541\" data-end=\"1596\">mandarine juteuse, pomme croquante et vanille douce<\/strong> cr\u00e9e une sensation lumineuse et irr\u00e9sistiblement s\u00e9duisante.<\/p>\n<p data-start=\"1697\" data-end=\"1939\">Le c\u0153ur r\u00e9v\u00e8le une combinaison <strong data-start=\"1728\" data-end=\"1749\">florale et \u00e9pic\u00e9e<\/strong> o\u00f9 la rose \u00e9l\u00e9gante, l\u2019ylang\u2011ylang exotique et les \u00e9pices chaleureuses se marient \u00e0 l\u2019ambre et \u00e0 la vanille pour une signature chaleureuse et raffin\u00e9e.<\/p>\n<p data-start=\"1941\" data-end=\"2147\">En fond, les notes de <strong data-start=\"1963\" data-end=\"2033\">musc blanc d\u00e9licat, bois de santal noble, oud profond et patchouli<\/strong> offrent un sillage durable et sensuel qui \u00e9volue avec \u00e9l\u00e9gance sur la peau.<\/p>","protected":false},"excerpt":{"rendered":"<p data-start=\"276\" data-end=\"546\">Un parfum <strong data-start=\"286\" data-end=\"309\">unisexe sophistiqu\u00e9<\/strong>, parfait pour celles et ceux qui aiment une fragrance <strong data-start=\"364\" data-end=\"405\">orientale vanill\u00e9e, fruit\u00e9e et bois\u00e9e<\/strong>\u2014 id\u00e9ale pour les soir\u00e9es, occasions sp\u00e9ciales ou pour laisser une impression \u00e9l\u00e9gante et chaleureuse.<\/p>\n<p data-start=\"588\" data-end=\"827\">Une fragrance orientale vanill\u00e9e et fruit\u00e9e, avec une ouverture lumineuse de mandarine, pomme et vanille, un c\u0153ur floral\u2011\u00e9pic\u00e9 chaleureux et une base bois\u00e9e sensuelle \u2014 un sillage captivant et durable.<\/p>\n<h3 data-start=\"834\" data-end=\"871\"><strong data-start=\"838\" data-end=\"869\">Notes olfactives confirm\u00e9es<\/strong><\/h3>\n<ul data-start=\"872\" data-end=\"1273\">\n<li data-start=\"872\" data-end=\"993\">\n<p data-start=\"874\" data-end=\"993\"><strong data-start=\"874\" data-end=\"893\">Notes de t\u00eate :<\/strong> Mandarine, Pomme, Vanille \u2014 ouverture fruit\u00e9e et gourmande.<\/p>\n<\/li>\n<li data-start=\"994\" data-end=\"1127\">\n<p data-start=\"996\" data-end=\"1127\"><strong data-start=\"996\" data-end=\"1015\">Notes de c\u0153ur :<\/strong> Rose, Vanille, Ambre, \u00c9pices, Ylang\u2011ylang \u2014 c\u0153ur floral\u2011\u00e9pic\u00e9 complexe.<\/p>\n<\/li>\n<li data-start=\"1128\" data-end=\"1273\">\n<p data-start=\"1130\" data-end=\"1273\"><strong data-start=\"1130\" data-end=\"1149\">Notes de fond :<\/strong> Musc blanc, Bois de santal, Oud (agarwood), Patchouli \u2014 fond riche, bois\u00e9 et sensuel.<\/p>\n<\/li>\n<\/ul>","protected":false},"featured_media":5235,"comment_status":"open","ping_status":"closed","template":"","meta":{"_acf_changed":false,"content-type":""},"product_brand":[],"product_cat":[78,116],"product_tag":[],"class_list":{"0":"post-5229","1":"product","2":"type-product","3":"status-publish","4":"has-post-thumbnail","6":"product_cat-parfums","7":"product_cat-unisex","9":"first","10":"instock","11":"shipping-taxable","12":"purchasable","13":"product-type-simple"},"acf":[],"jetpack_sharing_enabled":true,"_links":{"self":[{"href":"https:\/\/saffir.ma\/fr\/wp-json\/wp\/v2\/product\/5229","targetHints":{"allow":["GET"]}}],"collection":[{"href":"https:\/\/saffir.ma\/fr\/wp-json\/wp\/v2\/product"}],"about":[{"href":"https:\/\/saffir.ma\/fr\/wp-json\/wp\/v2\/types\/product"}],"replies":[{"embeddable":true,"href":"https:\/\/saffir.ma\/fr\/wp-json\/wp\/v2\/comments?post=5229"}],"wp:featuredmedia":[{"embeddable":true,"href":"https:\/\/saffir.ma\/fr\/wp-json\/wp\/v2\/media\/5235"}],"wp:attachment":[{"href":"https:\/\/saffir.ma\/fr\/wp-json\/wp\/v2\/media?parent=5229"}],"wp:term":[{"taxonomy":"product_brand","embeddable":true,"href":"https:\/\/saffir.ma\/fr\/wp-json\/wp\/v2\/product_brand?post=5229"},{"taxonomy":"product_cat","embeddable":true,"href":"https:\/\/saffir.ma\/fr\/wp-json\/wp\/v2\/product_cat?post=5229"},{"taxonomy":"product_tag","embeddable":true,"href":"https:\/\/saffir.ma\/fr\/wp-json\/wp\/v2\/product_tag?post=5229"}],"curies":[{"name":"wp","href":"https:\/\/api.w.org\/{rel}","templated":true}]}}