{"id":5259,"date":"2026-01-15T23:32:13","date_gmt":"2026-01-15T23:32:13","guid":{"rendered":"https:\/\/saffir.ma\/?post_type=product&#038;p=5259"},"modified":"2026-01-16T09:35:31","modified_gmt":"2026-01-16T09:35:31","slug":"parfum-sehr-lattafa-100-ml-lattafa","status":"publish","type":"product","link":"https:\/\/saffir.ma\/fr\/produit\/parfum-sehr-lattafa-100-ml-lattafa\/","title":{"rendered":"Parfum Sehr Lattafa 100 ml \u2013 Lattafa"},"content":{"rendered":"<p data-start=\"1301\" data-end=\"1729\">Le <strong data-start=\"1304\" data-end=\"1329\">Parfum Sehr \u2013 Lattafa<\/strong> est une eau de parfum <strong data-start=\"1352\" data-end=\"1385\">unisexe riche et sophistiqu\u00e9e<\/strong>, qui s\u00e9duit par sa combinaison harmonieuse de notes \u00e9pic\u00e9es, florales et gourmandes. D\u00e8s les premi\u00e8res vaporisations, vous d\u00e9couvrez une <strong data-start=\"1523\" data-end=\"1565\">ouverture chaleureuse et r\u00e9confortante<\/strong> domin\u00e9e par la cannelle \u00e9pic\u00e9e et l\u2019amande am\u00e8re raffin\u00e9e, cr\u00e9ant une premi\u00e8re impression \u00e0 la fois exotique et captivante.<\/p>\n<p data-start=\"1731\" data-end=\"1952\">Le c\u0153ur r\u00e9v\u00e8le une <strong data-start=\"1750\" data-end=\"1779\">profondeur florale bois\u00e9e<\/strong>, o\u00f9 le bois d\u2019Akigala rencontre le jasmin doux et la pomarose fruit\u00e9e, ajoutant une dimension \u00e9l\u00e9gante et \u00e9quilibr\u00e9e \u00e0 la fragrance.<\/p>\n<p data-start=\"1954\" data-end=\"2217\">Enfin, les <strong data-start=\"1965\" data-end=\"1994\">notes de fond somptueuses<\/strong> d\u2019absolu de vanille cr\u00e9meuse, d\u2019ambre chaud et de f\u00e8ve tonka velout\u00e9e offrent un sillage intense, sensuel et durable qui reste sur la peau tout au long de la journ\u00e9e et bien au-del\u00e0.<\/p>","protected":false},"excerpt":{"rendered":"<p data-start=\"230\" data-end=\"528\">Un parfum <strong data-start=\"240\" data-end=\"281\">unisexe oriental-gourmand sophistiqu\u00e9<\/strong>, con\u00e7u pour celles et ceux qui aiment les fragrances <strong data-start=\"335\" data-end=\"369\">chaudes, \u00e9pic\u00e9es et sensuelles<\/strong>. <strong data-start=\"371\" data-end=\"379\">Sehr<\/strong> convient aussi bien aux femmes qu\u2019aux hommes et se porte parfaitement en soir\u00e9e ou lors d\u2019occasions sp\u00e9ciales.<\/p>\n<p data-start=\"570\" data-end=\"790\">Une fragrance orientale gourmande et captivante alliant \u00e9pices chaudes, notes florales bois\u00e9es et fond doux vanill\u00e9-ambre \u2014 id\u00e9ale pour une signature olfactive \u00e9l\u00e9gante et m\u00e9morable.<\/p>\n<h3 data-start=\"797\" data-end=\"834\"><strong data-start=\"801\" data-end=\"832\">Notes olfactives confirm\u00e9es<\/strong><\/h3>\n<p data-start=\"835\" data-end=\"1257\"><strong data-start=\"835\" data-end=\"854\">Notes de t\u00eate :<\/strong> Cannelle, Amande am\u00e8re \u2014 une ouverture chaleureuse et \u00e9pic\u00e9e qui attire les sens. <br data-start=\"974\" data-end=\"977\" \/><strong data-start=\"977\" data-end=\"996\">Notes de c\u0153ur :<\/strong> Bois d\u2019Akigala, Pomarose, Jasmin \u2014 un c\u0153ur floral et l\u00e9g\u00e8rement bois\u00e9 sophistiqu\u00e9. <br data-start=\"1117\" data-end=\"1120\" \/><strong data-start=\"1120\" data-end=\"1139\">Notes de fond :<\/strong> Vanille absolue, Ambre, F\u00e8ve tonka \u2014 une base douce, sensuelle et enveloppante.<\/p>","protected":false},"featured_media":5270,"comment_status":"open","ping_status":"closed","template":"","meta":{"_acf_changed":false,"content-type":""},"product_brand":[],"product_cat":[78,116],"product_tag":[],"class_list":{"0":"post-5259","1":"product","2":"type-product","3":"status-publish","4":"has-post-thumbnail","6":"product_cat-parfums","7":"product_cat-unisex","9":"first","10":"instock","11":"shipping-taxable","12":"purchasable","13":"product-type-simple"},"acf":[],"jetpack_sharing_enabled":true,"_links":{"self":[{"href":"https:\/\/saffir.ma\/fr\/wp-json\/wp\/v2\/product\/5259","targetHints":{"allow":["GET"]}}],"collection":[{"href":"https:\/\/saffir.ma\/fr\/wp-json\/wp\/v2\/product"}],"about":[{"href":"https:\/\/saffir.ma\/fr\/wp-json\/wp\/v2\/types\/product"}],"replies":[{"embeddable":true,"href":"https:\/\/saffir.ma\/fr\/wp-json\/wp\/v2\/comments?post=5259"}],"wp:featuredmedia":[{"embeddable":true,"href":"https:\/\/saffir.ma\/fr\/wp-json\/wp\/v2\/media\/5270"}],"wp:attachment":[{"href":"https:\/\/saffir.ma\/fr\/wp-json\/wp\/v2\/media?parent=5259"}],"wp:term":[{"taxonomy":"product_brand","embeddable":true,"href":"https:\/\/saffir.ma\/fr\/wp-json\/wp\/v2\/product_brand?post=5259"},{"taxonomy":"product_cat","embeddable":true,"href":"https:\/\/saffir.ma\/fr\/wp-json\/wp\/v2\/product_cat?post=5259"},{"taxonomy":"product_tag","embeddable":true,"href":"https:\/\/saffir.ma\/fr\/wp-json\/wp\/v2\/product_tag?post=5259"}],"curies":[{"name":"wp","href":"https:\/\/api.w.org\/{rel}","templated":true}]}}