{"id":5260,"date":"2026-01-15T23:35:56","date_gmt":"2026-01-15T23:35:56","guid":{"rendered":"https:\/\/saffir.ma\/?post_type=product&#038;p=5260"},"modified":"2026-01-16T09:37:35","modified_gmt":"2026-01-16T09:37:35","slug":"parfum-camille-for-women-100-ml-al-hambra","status":"publish","type":"product","link":"https:\/\/saffir.ma\/fr\/produit\/parfum-camille-for-women-100-ml-al-hambra\/","title":{"rendered":"Parfum Camille  for women 100 ml \u2013  Al Hambra"},"content":{"rendered":"<p data-start=\"1316\" data-end=\"1527\">Le <strong data-start=\"1319\" data-end=\"1366\">Parfum Camille For Women \u2013 Maison Al Hambra<\/strong> est une fragrance <strong data-start=\"1385\" data-end=\"1425\">florale musqu\u00e9e d\u00e9licate et \u00e9l\u00e9gante<\/strong>, con\u00e7ue pour c\u00e9l\u00e9brer la f\u00e9minit\u00e9 avec gr\u00e2ce et sophistication.<\/p>\n<p data-start=\"1529\" data-end=\"1769\">D\u00e8s les premi\u00e8res pulv\u00e9risations, l\u2019ouverture d\u00e9licate de <strong data-start=\"1587\" data-end=\"1595\">rose<\/strong> associ\u00e9e \u00e0 des nuances sensuelles de <strong data-start=\"1633\" data-end=\"1641\">musc<\/strong> offre une sensation douce et lumineuse, parfaite pour attirer l\u2019attention avec subtilit\u00e9.<\/p>\n<p data-start=\"1771\" data-end=\"2076\">Le c\u0153ur floral r\u00e9v\u00e8le une harmonie raffin\u00e9e de <strong data-start=\"1818\" data-end=\"1839\">patchouli profond<\/strong> et de <strong data-start=\"1846\" data-end=\"1864\">jasmin opulent<\/strong>, cr\u00e9ant une signature f\u00e9minine \u00e0 la fois sophistiqu\u00e9e et harmonieuse. Ces notes florales s\u2019\u00e9quilibrent parfaitement pour offrir une exp\u00e9rience olfactive riche et captivante.<\/p>\n<p data-start=\"2078\" data-end=\"2323\">En fond, les <strong data-start=\"2091\" data-end=\"2117\">notes bois\u00e9es de c\u00e8dre<\/strong> et les <strong data-start=\"2125\" data-end=\"2154\">fleurs blanches d\u00e9licates<\/strong> conf\u00e8rent une \u00e9l\u00e9gance durable, avec un sillage doux et raffin\u00e9 qui accompagne la peau tout au long de la journ\u00e9e ou de la soir\u00e9e.<\/p>","protected":false},"excerpt":{"rendered":"<p data-start=\"266\" data-end=\"570\">Un parfum <strong data-start=\"276\" data-end=\"310\">f\u00e9minin \u00e9l\u00e9gant et sophistiqu\u00e9<\/strong>, pens\u00e9 pour les femmes modernes qui aiment les fragrances florales captivantes, avec une touche bois\u00e9e et musqu\u00e9e. Cette eau de parfum est id\u00e9ale pour sublimer votre pr\u00e9sence au quotidien comme lors d\u2019occasions sp\u00e9ciales.<\/p>\n<p data-start=\"612\" data-end=\"832\">Une fragrance florale musqu\u00e9e raffin\u00e9e avec une ouverture d\u00e9licate, un c\u0153ur floral harmonieux et une base bois\u00e9e subtile \u2014 parfaite pour une signature olfactive f\u00e9minine et \u00e9l\u00e9gante.<\/p>","protected":false},"featured_media":5271,"comment_status":"open","ping_status":"closed","template":"","meta":{"_acf_changed":false,"content-type":""},"product_brand":[],"product_cat":[78,115],"product_tag":[],"class_list":{"0":"post-5260","1":"product","2":"type-product","3":"status-publish","4":"has-post-thumbnail","6":"product_cat-parfums","7":"product_cat-for-women","9":"first","10":"instock","11":"shipping-taxable","12":"purchasable","13":"product-type-simple"},"acf":[],"jetpack_sharing_enabled":true,"_links":{"self":[{"href":"https:\/\/saffir.ma\/fr\/wp-json\/wp\/v2\/product\/5260","targetHints":{"allow":["GET"]}}],"collection":[{"href":"https:\/\/saffir.ma\/fr\/wp-json\/wp\/v2\/product"}],"about":[{"href":"https:\/\/saffir.ma\/fr\/wp-json\/wp\/v2\/types\/product"}],"replies":[{"embeddable":true,"href":"https:\/\/saffir.ma\/fr\/wp-json\/wp\/v2\/comments?post=5260"}],"wp:featuredmedia":[{"embeddable":true,"href":"https:\/\/saffir.ma\/fr\/wp-json\/wp\/v2\/media\/5271"}],"wp:attachment":[{"href":"https:\/\/saffir.ma\/fr\/wp-json\/wp\/v2\/media?parent=5260"}],"wp:term":[{"taxonomy":"product_brand","embeddable":true,"href":"https:\/\/saffir.ma\/fr\/wp-json\/wp\/v2\/product_brand?post=5260"},{"taxonomy":"product_cat","embeddable":true,"href":"https:\/\/saffir.ma\/fr\/wp-json\/wp\/v2\/product_cat?post=5260"},{"taxonomy":"product_tag","embeddable":true,"href":"https:\/\/saffir.ma\/fr\/wp-json\/wp\/v2\/product_tag?post=5260"}],"curies":[{"name":"wp","href":"https:\/\/api.w.org\/{rel}","templated":true}]}}