{"id":5262,"date":"2026-01-15T23:44:47","date_gmt":"2026-01-15T23:44:47","guid":{"rendered":"https:\/\/saffir.ma\/?post_type=product&#038;p=5262"},"modified":"2026-01-16T09:39:29","modified_gmt":"2026-01-16T09:39:29","slug":"parfum-writer-anonymous-100-ml-cyrus","status":"publish","type":"product","link":"https:\/\/saffir.ma\/fr\/produit\/parfum-writer-anonymous-100-ml-cyrus\/","title":{"rendered":"Parfum Writer Anonymous 100 ml \u2013 Cyrus"},"content":{"rendered":"<p data-start=\"1454\" data-end=\"1867\">Le <strong data-start=\"1457\" data-end=\"1492\">Parfum Writer Anonymous \u2013 Cyrus<\/strong> est une eau de parfum masculine <strong data-start=\"1525\" data-end=\"1559\">riche, intense et sophistiqu\u00e9e<\/strong>, con\u00e7ue pour ceux qui veulent se d\u00e9marquer avec assurance. D\u00e8s la premi\u00e8re vaporisation, <strong data-start=\"1649\" data-end=\"1690\">la cardamome \u00e9pic\u00e9e et le poivre noir<\/strong>cr\u00e9ent une ouverture puissante, rehauss\u00e9e par une note juteuse d\u2019ananas qui apporte une dimension lumineuse et originale \u00e0 la composition.<\/p>\n<p data-start=\"1869\" data-end=\"2106\">Au <strong data-start=\"1872\" data-end=\"1880\">c\u0153ur<\/strong>, le m\u00e9lange de <strong data-start=\"1896\" data-end=\"1916\">lavandin raffin\u00e9<\/strong>, de <strong data-start=\"1921\" data-end=\"1941\">magnolia d\u00e9licat<\/strong> et d\u2019<strong data-start=\"1947\" data-end=\"1964\">encens oliban<\/strong> conf\u00e8re une dimension aromatique et l\u00e9g\u00e8rement r\u00e9sineuse, ajoutant profondeur et \u00e9l\u00e9gance \u00e0 l\u2019ensemble.<\/p>\n<p data-start=\"2108\" data-end=\"2435\">La <strong data-start=\"2111\" data-end=\"2119\">base<\/strong> chaude et sensuelle repose sur <strong data-start=\"2151\" data-end=\"2175\">le c\u00e8dre de Virginie<\/strong>, enrichi de <strong data-start=\"2188\" data-end=\"2200\">labdanum<\/strong> et de <strong data-start=\"2207\" data-end=\"2218\">benjoin<\/strong>, qui cr\u00e9ent un sillage <strong data-start=\"2242\" data-end=\"2276\">durable, bois\u00e9e et sophistiqu\u00e9<\/strong>, parfait pour les saisons fra\u00eeches, les soir\u00e9es ou les moments o\u00f9 tu veux laisser une <strong data-start=\"2363\" data-end=\"2396\">impression forte et m\u00e9morable<\/strong>.<\/p>\n<p data-start=\"2437\" data-end=\"2623\">Ce parfum est particuli\u00e8rement adapt\u00e9 \u00e0 l\u2019homme <strong data-start=\"2485\" data-end=\"2519\">confiant, audacieux et moderne<\/strong>, cherchant une fragrance qui allie \u00e9l\u00e9gance et pr\u00e9sence affirm\u00e9e.<\/p>","protected":false},"excerpt":{"rendered":"<p data-start=\"1454\" data-end=\"1867\">Le <strong data-start=\"1457\" data-end=\"1492\">Parfum Writer Anonymous \u2013 Cyrus<\/strong> est une eau de parfum masculine <strong data-start=\"1525\" data-end=\"1559\">riche, intense et sophistiqu\u00e9e<\/strong>, con\u00e7ue pour ceux qui veulent se d\u00e9marquer avec assurance. D\u00e8s la premi\u00e8re vaporisation, <strong data-start=\"1649\" data-end=\"1690\">la cardamome \u00e9pic\u00e9e et le poivre noir<\/strong>cr\u00e9ent une ouverture puissante, rehauss\u00e9e par une note juteuse d\u2019ananas qui apporte une dimension lumineuse et originale \u00e0 la composition.<\/p>\n<p data-start=\"1869\" data-end=\"2106\">Au <strong data-start=\"1872\" data-end=\"1880\">c\u0153ur<\/strong>, le m\u00e9lange de <strong data-start=\"1896\" data-end=\"1916\">lavandin raffin\u00e9<\/strong>, de <strong data-start=\"1921\" data-end=\"1941\">magnolia d\u00e9licat<\/strong> et d\u2019<strong data-start=\"1947\" data-end=\"1964\">encens oliban<\/strong> conf\u00e8re une dimension aromatique et l\u00e9g\u00e8rement r\u00e9sineuse, ajoutant profondeur et \u00e9l\u00e9gance \u00e0 l\u2019ensemble.<\/p>\n<p data-start=\"2108\" data-end=\"2435\">La <strong data-start=\"2111\" data-end=\"2119\">base<\/strong> chaude et sensuelle repose sur <strong data-start=\"2151\" data-end=\"2175\">le c\u00e8dre de Virginie<\/strong>, enrichi de <strong data-start=\"2188\" data-end=\"2200\">labdanum<\/strong> et de <strong data-start=\"2207\" data-end=\"2218\">benjoin<\/strong>, qui cr\u00e9ent un sillage <strong data-start=\"2242\" data-end=\"2276\">durable, bois\u00e9e et sophistiqu\u00e9<\/strong>, parfait pour les saisons fra\u00eeches, les soir\u00e9es ou les moments o\u00f9 tu veux laisser une <strong data-start=\"2363\" data-end=\"2396\">impression forte et m\u00e9morable<\/strong>.<\/p>\n<p data-start=\"2437\" data-end=\"2623\">Ce parfum est particuli\u00e8rement adapt\u00e9 \u00e0 l\u2019homme <strong data-start=\"2485\" data-end=\"2519\">confiant, audacieux et moderne<\/strong>, cherchant une fragrance qui allie \u00e9l\u00e9gance et pr\u00e9sence affirm\u00e9e.<\/p>","protected":false},"featured_media":5273,"comment_status":"open","ping_status":"closed","template":"","meta":{"_acf_changed":false,"content-type":""},"product_brand":[],"product_cat":[78,114],"product_tag":[],"class_list":{"0":"post-5262","1":"product","2":"type-product","3":"status-publish","4":"has-post-thumbnail","6":"product_cat-parfums","7":"product_cat-for-men","9":"first","10":"instock","11":"shipping-taxable","12":"purchasable","13":"product-type-simple"},"acf":[],"jetpack_sharing_enabled":true,"_links":{"self":[{"href":"https:\/\/saffir.ma\/fr\/wp-json\/wp\/v2\/product\/5262","targetHints":{"allow":["GET"]}}],"collection":[{"href":"https:\/\/saffir.ma\/fr\/wp-json\/wp\/v2\/product"}],"about":[{"href":"https:\/\/saffir.ma\/fr\/wp-json\/wp\/v2\/types\/product"}],"replies":[{"embeddable":true,"href":"https:\/\/saffir.ma\/fr\/wp-json\/wp\/v2\/comments?post=5262"}],"wp:featuredmedia":[{"embeddable":true,"href":"https:\/\/saffir.ma\/fr\/wp-json\/wp\/v2\/media\/5273"}],"wp:attachment":[{"href":"https:\/\/saffir.ma\/fr\/wp-json\/wp\/v2\/media?parent=5262"}],"wp:term":[{"taxonomy":"product_brand","embeddable":true,"href":"https:\/\/saffir.ma\/fr\/wp-json\/wp\/v2\/product_brand?post=5262"},{"taxonomy":"product_cat","embeddable":true,"href":"https:\/\/saffir.ma\/fr\/wp-json\/wp\/v2\/product_cat?post=5262"},{"taxonomy":"product_tag","embeddable":true,"href":"https:\/\/saffir.ma\/fr\/wp-json\/wp\/v2\/product_tag?post=5262"}],"curies":[{"name":"wp","href":"https:\/\/api.w.org\/{rel}","templated":true}]}}