{"id":5268,"date":"2026-01-16T00:35:07","date_gmt":"2026-01-16T00:35:07","guid":{"rendered":"https:\/\/saffir.ma\/?post_type=product&#038;p=5268"},"modified":"2026-01-16T09:47:10","modified_gmt":"2026-01-16T09:47:10","slug":"parfum-idole-la-nuit-100-ml-geparlys","status":"publish","type":"product","link":"https:\/\/saffir.ma\/fr\/produit\/parfum-idole-la-nuit-100-ml-geparlys\/","title":{"rendered":"Parfum Idole La Nuit 100\u202fml \u2013 Geparlys"},"content":{"rendered":"<p data-start=\"1390\" data-end=\"1749\">Le <strong data-start=\"1393\" data-end=\"1430\">Parfum <em data-start=\"1402\" data-end=\"1417\">Idole La Nuit<\/em> \u2013 Geparlys<\/strong> est une eau de parfum masculine au <strong data-start=\"1466\" data-end=\"1506\">caract\u00e8re oriental, bois\u00e9 et sensuel<\/strong> qui \u00e9voque la s\u00e9duction moderne. D\u00e8s l\u2019ouverture, l\u2019association de <strong data-start=\"1574\" data-end=\"1614\">poire fra\u00eeche et de fruits exotiques<\/strong>, enrichie par les <strong data-start=\"1633\" data-end=\"1655\">graines d\u2019ambrette<\/strong>, offre une premi\u00e8re impression lumineuse et captivante.<\/p>\n<p data-start=\"1751\" data-end=\"2020\">Le <strong data-start=\"1754\" data-end=\"1775\">c\u0153ur floral\u2011bois\u00e9<\/strong> allie la profondeur de l\u2019<strong data-start=\"1801\" data-end=\"1809\">iris<\/strong> \u00e0 la chaleur du <strong data-start=\"1826\" data-end=\"1837\">v\u00e9tiver<\/strong>, \u00e9quilibr\u00e9e par la douceur gourmande des <strong data-start=\"1879\" data-end=\"1894\">f\u00e8ves tonka<\/strong> et la d\u00e9licatesse de la <strong data-start=\"1919\" data-end=\"1938\">fleur d\u2019oranger<\/strong>, cr\u00e9ant un accord sophistiqu\u00e9 et structur\u00e9.<\/p>\n<p data-start=\"2022\" data-end=\"2338\">En fond, la combinaison d\u2019<strong data-start=\"2048\" data-end=\"2063\">ambre riche<\/strong>, de <strong data-start=\"2068\" data-end=\"2085\">vanille douce<\/strong>, de <strong data-start=\"2090\" data-end=\"2113\">bois de c\u00e8dre noble<\/strong> et de <strong data-start=\"2120\" data-end=\"2136\">musc sensuel<\/strong> conf\u00e8re une <strong data-start=\"2149\" data-end=\"2196\">tenue remarquable et un sillage enveloppant<\/strong>, parfait pour une fragrance qui accompagne les moments les plus \u00e9l\u00e9gants de la journ\u00e9e ou de la soir\u00e9e.<\/p>\n<p data-start=\"2340\" data-end=\"2555\"><strong data-start=\"2340\" data-end=\"2357\">Idole La Nuit<\/strong> est souvent compar\u00e9 \u00e0 certaines signatures haut de gamme dans la famille bois\u00e9e orientale pour hommes, avec une <strong data-start=\"2470\" data-end=\"2516\">allure charismatique, profonde et raffin\u00e9e<\/strong>.<\/p>","protected":false},"excerpt":{"rendered":"<p data-start=\"286\" data-end=\"610\">Un parfum <strong data-start=\"296\" data-end=\"335\">masculin sensuel, oriental et bois\u00e9<\/strong>, con\u00e7u pour l\u2019homme moderne qui aime les fragrances sophistiqu\u00e9es et \u00e9l\u00e9gantes. Ce parfum allie raffinement classique et intensit\u00e9 contemporaine, parfait pour les soir\u00e9es, les occasions sp\u00e9ciales ou pour affirmer une pr\u00e9sence confiante.<\/p>\n<p data-start=\"652\" data-end=\"874\">Une fragrance orientale bois\u00e9e et addictive, combinant poire juteuse, c\u0153ur floral\u2011bois\u00e9 complexe et fond chaleureux d\u2019ambre et vanille \u2014 une signature moderne et s\u00e9duisante pour homme.<\/p>\n<h3 data-start=\"881\" data-end=\"916\"><strong data-start=\"885\" data-end=\"916\">Notes olfactives confirm\u00e9es<\/strong><\/h3>\n<ul data-start=\"918\" data-end=\"1346\">\n<li data-start=\"918\" data-end=\"1062\">\n<p data-start=\"920\" data-end=\"1062\"><strong data-start=\"920\" data-end=\"939\">Notes de t\u00eate :<\/strong> Poire, Graines d\u2019ambrette, Fruits exotiques \u2014 une ouverture fra\u00eeche et attractive.<\/p>\n<\/li>\n<li data-start=\"1063\" data-end=\"1204\">\n<p data-start=\"1065\" data-end=\"1204\"><strong data-start=\"1065\" data-end=\"1084\">Notes de c\u0153ur :<\/strong> F\u00e8ves tonka, Iris, V\u00e9tiver, Fleur d\u2019oranger \u2014 un c\u0153ur raffin\u00e9, bois\u00e9 et floral.<\/p>\n<\/li>\n<li data-start=\"1205\" data-end=\"1346\">\n<p data-start=\"1207\" data-end=\"1346\"><strong data-start=\"1207\" data-end=\"1226\">Notes de fond :<\/strong> Ambre, Vanille, Bois de c\u00e8dre, Musc \u2014 une base chaleureuse, sensuelle et durable.<\/p>\n<\/li>\n<\/ul>","protected":false},"featured_media":5279,"comment_status":"open","ping_status":"closed","template":"","meta":{"_acf_changed":false,"content-type":""},"product_brand":[],"product_cat":[78,114],"product_tag":[],"class_list":{"0":"post-5268","1":"product","2":"type-product","3":"status-publish","4":"has-post-thumbnail","6":"product_cat-parfums","7":"product_cat-for-men","9":"first","10":"instock","11":"shipping-taxable","12":"purchasable","13":"product-type-simple"},"acf":[],"jetpack_sharing_enabled":true,"_links":{"self":[{"href":"https:\/\/saffir.ma\/fr\/wp-json\/wp\/v2\/product\/5268","targetHints":{"allow":["GET"]}}],"collection":[{"href":"https:\/\/saffir.ma\/fr\/wp-json\/wp\/v2\/product"}],"about":[{"href":"https:\/\/saffir.ma\/fr\/wp-json\/wp\/v2\/types\/product"}],"replies":[{"embeddable":true,"href":"https:\/\/saffir.ma\/fr\/wp-json\/wp\/v2\/comments?post=5268"}],"wp:featuredmedia":[{"embeddable":true,"href":"https:\/\/saffir.ma\/fr\/wp-json\/wp\/v2\/media\/5279"}],"wp:attachment":[{"href":"https:\/\/saffir.ma\/fr\/wp-json\/wp\/v2\/media?parent=5268"}],"wp:term":[{"taxonomy":"product_brand","embeddable":true,"href":"https:\/\/saffir.ma\/fr\/wp-json\/wp\/v2\/product_brand?post=5268"},{"taxonomy":"product_cat","embeddable":true,"href":"https:\/\/saffir.ma\/fr\/wp-json\/wp\/v2\/product_cat?post=5268"},{"taxonomy":"product_tag","embeddable":true,"href":"https:\/\/saffir.ma\/fr\/wp-json\/wp\/v2\/product_tag?post=5268"}],"curies":[{"name":"wp","href":"https:\/\/api.w.org\/{rel}","templated":true}]}}