{"id":5294,"date":"2026-01-18T16:57:21","date_gmt":"2026-01-18T16:57:21","guid":{"rendered":"https:\/\/saffir.ma\/?post_type=product&#038;p=5294"},"modified":"2026-01-20T19:36:08","modified_gmt":"2026-01-20T19:36:08","slug":"parfum-your-touch-for-women-100-ml-al-hambra","status":"publish","type":"product","link":"https:\/\/saffir.ma\/fr\/produit\/parfum-your-touch-for-women-100-ml-al-hambra\/","title":{"rendered":"Parfum Your Touch For Women 100\u202fml \u2013 Al Hambra"},"content":{"rendered":"<p data-start=\"1451\" data-end=\"1853\">Le <strong data-start=\"1454\" data-end=\"1506\">Parfum <em data-start=\"1463\" data-end=\"1485\">Your Touch For Women<\/em> \u2013 Maison Al Hambra<\/strong> est une eau de parfum <strong data-start=\"1529\" data-end=\"1568\">f\u00e9minine, \u00e9l\u00e9gante et contemporaine<\/strong>, con\u00e7ue pour sublimer la pr\u00e9sence de celle qui le porte. D\u00e8s la premi\u00e8re vaporisation, l\u2019ouverture p\u00e9tillante de <strong data-start=\"1682\" data-end=\"1713\">framboise, citron et orange<\/strong> \u00e9veille les sens avec une fra\u00eecheur juteuse et fruit\u00e9e, \u00e9voquant une sensation de joie et de libert\u00e9.<\/p>\n<p data-start=\"1855\" data-end=\"2150\">Le <strong data-start=\"1858\" data-end=\"1873\">c\u0153ur floral<\/strong> s\u2019articule autour de la <strong data-start=\"1898\" data-end=\"1906\">rose<\/strong>, symbole de f\u00e9minit\u00e9 et de sophistication, apportant une douceur romantique et \u00e9quilibr\u00e9e \u00e0 la composition. Cette note florale conf\u00e8re au parfum une \u00e9l\u00e9gance d\u00e9licate qui \u00e9volue naturellement vers la base.<\/p>\n<p data-start=\"2152\" data-end=\"2582\">En fond, les accords de <strong data-start=\"2176\" data-end=\"2196\">vanille cr\u00e9meuse<\/strong>, de <strong data-start=\"2201\" data-end=\"2217\">musc sensuel<\/strong> et de <strong data-start=\"2224\" data-end=\"2238\">bois ambr\u00e9<\/strong> enveloppent la peau d\u2019une chaleur douce et durable, laissant un sillage enveloppant et m\u00e9morable. Cette base chaleureuse assure une tenue fiable tout au long de la journ\u00e9e ou de la soir\u00e9e, faisant de <em data-start=\"2439\" data-end=\"2461\">Your Touch For Women<\/em> un choix polyvalent aussi bien pour le quotidien que pour les occasions sp\u00e9ciales.<\/p>","protected":false},"excerpt":{"rendered":"<p data-start=\"343\" data-end=\"656\">Un parfum <strong data-start=\"353\" data-end=\"398\">f\u00e9minin fruit\u00e9\u2011floral gourmand et sensuel<\/strong>, pens\u00e9 pour la femme moderne qui aime les fragrances lumineuses et sophistiqu\u00e9es. <em data-start=\"481\" data-end=\"503\">Your Touch For Women<\/em> est inspir\u00e9 de l\u2019iconique <em data-start=\"530\" data-end=\"548\">Because It\u2019s You<\/em> d\u2019Emporio Armani pour une signature \u00e0 la fois \u00e9l\u00e9gante et captivante.<\/p>\n<p data-start=\"698\" data-end=\"987\">Une fragrance f\u00e9minine <strong data-start=\"721\" data-end=\"751\">fruit\u00e9e, florale et bois\u00e9e<\/strong> qui m\u00eale des notes juteuses de framboise et d\u2019agrumes \u00e0 un c\u0153ur d\u00e9licat de rose, reposant sur une base chaleureuse de vanille, musc et bois ambr\u00e9 \u2014 parfaite pour une pr\u00e9sence \u00e9l\u00e9gante et m\u00e9morable.<\/p>\n<h3 data-start=\"994\" data-end=\"1031\"><strong data-start=\"998\" data-end=\"1029\">Notes olfactives confirm\u00e9es<\/strong><\/h3>\n<ul data-start=\"1032\" data-end=\"1407\">\n<li data-start=\"1032\" data-end=\"1162\">\n<p data-start=\"1034\" data-end=\"1162\"><strong data-start=\"1034\" data-end=\"1053\">Notes de t\u00eate :<\/strong> Framboise, Citron, Orange \u2014 ouverture fra\u00eeche, fruit\u00e9e et lumineuse.<\/p>\n<\/li>\n<li data-start=\"1163\" data-end=\"1266\">\n<p data-start=\"1165\" data-end=\"1266\"><strong data-start=\"1165\" data-end=\"1184\">Notes de c\u0153ur :<\/strong> Rose \u2014 c\u0153ur floral romantique et f\u00e9minin.<\/p>\n<\/li>\n<li data-start=\"1267\" data-end=\"1407\">\n<p data-start=\"1269\" data-end=\"1407\"><strong data-start=\"1269\" data-end=\"1288\">Notes de fond :<\/strong> Vanille, Musc, Amberwood (bois ambr\u00e9) \u2014 fond chaleureux, sensuel et enveloppant<\/p>\n<\/li>\n<\/ul>","protected":false},"featured_media":5341,"comment_status":"open","ping_status":"closed","template":"","meta":{"_acf_changed":false,"content-type":""},"product_brand":[],"product_cat":[78,115],"product_tag":[],"class_list":{"0":"post-5294","1":"product","2":"type-product","3":"status-publish","4":"has-post-thumbnail","6":"product_cat-parfums","7":"product_cat-for-women","9":"first","10":"instock","11":"shipping-taxable","12":"purchasable","13":"product-type-simple"},"acf":[],"jetpack_sharing_enabled":true,"_links":{"self":[{"href":"https:\/\/saffir.ma\/fr\/wp-json\/wp\/v2\/product\/5294","targetHints":{"allow":["GET"]}}],"collection":[{"href":"https:\/\/saffir.ma\/fr\/wp-json\/wp\/v2\/product"}],"about":[{"href":"https:\/\/saffir.ma\/fr\/wp-json\/wp\/v2\/types\/product"}],"replies":[{"embeddable":true,"href":"https:\/\/saffir.ma\/fr\/wp-json\/wp\/v2\/comments?post=5294"}],"wp:featuredmedia":[{"embeddable":true,"href":"https:\/\/saffir.ma\/fr\/wp-json\/wp\/v2\/media\/5341"}],"wp:attachment":[{"href":"https:\/\/saffir.ma\/fr\/wp-json\/wp\/v2\/media?parent=5294"}],"wp:term":[{"taxonomy":"product_brand","embeddable":true,"href":"https:\/\/saffir.ma\/fr\/wp-json\/wp\/v2\/product_brand?post=5294"},{"taxonomy":"product_cat","embeddable":true,"href":"https:\/\/saffir.ma\/fr\/wp-json\/wp\/v2\/product_cat?post=5294"},{"taxonomy":"product_tag","embeddable":true,"href":"https:\/\/saffir.ma\/fr\/wp-json\/wp\/v2\/product_tag?post=5294"}],"curies":[{"name":"wp","href":"https:\/\/api.w.org\/{rel}","templated":true}]}}