{"id":5295,"date":"2026-01-18T17:09:03","date_gmt":"2026-01-18T17:09:03","guid":{"rendered":"https:\/\/saffir.ma\/?post_type=product&#038;p=5295"},"modified":"2026-01-20T19:38:10","modified_gmt":"2026-01-20T19:38:10","slug":"parfum-man-black-edition-100-ml-al-hambra","status":"publish","type":"product","link":"https:\/\/saffir.ma\/fr\/produit\/parfum-man-black-edition-100-ml-al-hambra\/","title":{"rendered":"Parfum Man Black Edition 100\u202fml \u2013 Al Hambra"},"content":{"rendered":"<p data-start=\"1256\" data-end=\"1716\">Le <strong data-start=\"1259\" data-end=\"1306\">Parfum Man Black Edition \u2013 Maison Al Hambra<\/strong> est une fragrance masculine profonde et \u00e9l\u00e9gante, qui combine <strong data-start=\"1369\" data-end=\"1389\">fra\u00eecheur \u00e9pic\u00e9e<\/strong> et <strong data-start=\"1393\" data-end=\"1421\">chaleur bois\u00e9e sensuelle<\/strong>. D\u00e8s les premi\u00e8res notes, l\u2019ouverture dynamique d\u2019<strong data-start=\"1472\" data-end=\"1516\">orange p\u00e9tillante et de violette poudr\u00e9e<\/strong> se m\u00eale \u00e0 des \u00e9pices raffin\u00e9es comme le <strong data-start=\"1557\" data-end=\"1591\">poivre rose et la noix moscada<\/strong>, cr\u00e9ant une premi\u00e8re impression unique, \u00e0 la fois <strong data-start=\"1642\" data-end=\"1677\">rafra\u00eechissante et sophistiqu\u00e9e<\/strong>.<\/p>\n<p data-start=\"1718\" data-end=\"2044\">Le <strong data-start=\"1721\" data-end=\"1729\">c\u0153ur<\/strong> r\u00e9v\u00e8le une harmonie complexe de <strong data-start=\"1762\" data-end=\"1810\">notes terreuses, papiro, patchouli et jasmin<\/strong>, soutenue par des nuances sucr\u00e9es d\u00e9licates. Cet \u00e9quilibre enrichit la fragrance d\u2019une profondeur olfactive captivante, id\u00e9ale pour un homme qui veut une pr\u00e9sence affirm\u00e9e sans \u00eatre envahissante.<\/p>\n<p data-start=\"2046\" data-end=\"2438\">En <strong data-start=\"2049\" data-end=\"2057\">fond<\/strong>, les accords de <strong data-start=\"2074\" data-end=\"2118\">c\u00e8dre, musc, encens, f\u00e8ve tonka et tabac<\/strong> composent une base <strong data-start=\"2138\" data-end=\"2174\">chaleureuse, bois\u00e9e et sensuelle<\/strong>qui persiste longtemps sur la peau. Ce sillage enveloppant ajoute une dimension de <strong data-start=\"2258\" data-end=\"2292\">sophistication et de s\u00e9duction<\/strong>, faisant de <em data-start=\"2305\" data-end=\"2324\">Man Black Edition<\/em> une option parfaite pour les moments sp\u00e9ciaux ou les saisons plus fra\u00eeches.<\/p>","protected":false},"excerpt":{"rendered":"<p data-start=\"82\" data-end=\"405\">Un parfum <strong data-start=\"92\" data-end=\"142\">masculin profond, sophistiqu\u00e9 et charismatique<\/strong>, con\u00e7u pour l\u2019homme moderne qui souhaite une <strong data-start=\"188\" data-end=\"221\">signature \u00e9l\u00e9gante et intense<\/strong>. C\u2019est une fragrance id\u00e9ale pour les <strong data-start=\"259\" data-end=\"306\">soir\u00e9es, rendez\u2011vous ou occasions sp\u00e9ciales<\/strong>, tout en restant suffisamment polyvalente pour le quotidien.<\/p>\n<p data-start=\"447\" data-end=\"687\">Une fragrance <strong data-start=\"461\" data-end=\"492\">orientale aromatique bois\u00e9e<\/strong> qui m\u00eale fra\u00eecheur \u00e9pic\u00e9e et accords riches de cuir, bois et ambre \u2014 parfaite pour l\u2019homme confiant qui veut laisser une <strong data-start=\"614\" data-end=\"648\">impression durable et raffin\u00e9e<\/strong>.<\/p>\n<h3 data-start=\"694\" data-end=\"731\"><strong data-start=\"698\" data-end=\"729\">Notes olfactives confirm\u00e9es<\/strong><\/h3>\n<ul data-start=\"732\" data-end=\"1212\">\n<li data-start=\"732\" data-end=\"888\">\n<p data-start=\"734\" data-end=\"888\"><strong data-start=\"734\" data-end=\"753\">Notes de t\u00eate :<\/strong> Orange, Violette, Poivre rose, Nuez moscada \u2014 ouverture fra\u00eeche, \u00e9pic\u00e9e et l\u00e9g\u00e8rement florale.<\/p>\n<\/li>\n<li data-start=\"889\" data-end=\"1048\">\n<p data-start=\"891\" data-end=\"1048\"><strong data-start=\"891\" data-end=\"910\">Notes de c\u0153ur :<\/strong> Notes terreuses, Papiro, Patchouli, Jasmin et Accords sucr\u00e9s \u2014 c\u0153ur riche, complexe et captivant.<\/p>\n<\/li>\n<li data-start=\"1049\" data-end=\"1212\">\n<p data-start=\"1051\" data-end=\"1212\"><strong data-start=\"1051\" data-end=\"1070\">Notes de fond :<\/strong> C\u00e8dre, Musc, Encens, F\u00e8ve tonka, Tabaco \u2014 fond chaleureux, bois\u00e9 et sensuel pour une <strong data-start=\"1156\" data-end=\"1173\">tenue durable<\/strong>.<\/p>\n<\/li>\n<\/ul>","protected":false},"featured_media":5342,"comment_status":"open","ping_status":"closed","template":"","meta":{"_acf_changed":false,"content-type":""},"product_brand":[],"product_cat":[78,114],"product_tag":[],"class_list":{"0":"post-5295","1":"product","2":"type-product","3":"status-publish","4":"has-post-thumbnail","6":"product_cat-parfums","7":"product_cat-for-men","9":"first","10":"instock","11":"shipping-taxable","12":"purchasable","13":"product-type-simple"},"acf":[],"jetpack_sharing_enabled":true,"_links":{"self":[{"href":"https:\/\/saffir.ma\/fr\/wp-json\/wp\/v2\/product\/5295","targetHints":{"allow":["GET"]}}],"collection":[{"href":"https:\/\/saffir.ma\/fr\/wp-json\/wp\/v2\/product"}],"about":[{"href":"https:\/\/saffir.ma\/fr\/wp-json\/wp\/v2\/types\/product"}],"replies":[{"embeddable":true,"href":"https:\/\/saffir.ma\/fr\/wp-json\/wp\/v2\/comments?post=5295"}],"wp:featuredmedia":[{"embeddable":true,"href":"https:\/\/saffir.ma\/fr\/wp-json\/wp\/v2\/media\/5342"}],"wp:attachment":[{"href":"https:\/\/saffir.ma\/fr\/wp-json\/wp\/v2\/media?parent=5295"}],"wp:term":[{"taxonomy":"product_brand","embeddable":true,"href":"https:\/\/saffir.ma\/fr\/wp-json\/wp\/v2\/product_brand?post=5295"},{"taxonomy":"product_cat","embeddable":true,"href":"https:\/\/saffir.ma\/fr\/wp-json\/wp\/v2\/product_cat?post=5295"},{"taxonomy":"product_tag","embeddable":true,"href":"https:\/\/saffir.ma\/fr\/wp-json\/wp\/v2\/product_tag?post=5295"}],"curies":[{"name":"wp","href":"https:\/\/api.w.org\/{rel}","templated":true}]}}