{"id":5296,"date":"2026-01-18T17:18:13","date_gmt":"2026-01-18T17:18:13","guid":{"rendered":"https:\/\/saffir.ma\/?post_type=product&#038;p=5296"},"modified":"2026-01-20T19:39:41","modified_gmt":"2026-01-20T19:39:41","slug":"parfum-liwan-100-ml-ard-al-zaafaran","status":"publish","type":"product","link":"https:\/\/saffir.ma\/fr\/produit\/parfum-liwan-100-ml-ard-al-zaafaran\/","title":{"rendered":"Parfum Liwan 100\u202fml \u2013 Ard Al Zaafaran"},"content":{"rendered":"<p data-start=\"1364\" data-end=\"1807\">Le <strong data-start=\"1367\" data-end=\"1403\">Parfum <em data-start=\"1376\" data-end=\"1383\">Liwan<\/em> \u2013 Ard Al Zaafaran<\/strong> est une eau de parfum <strong data-start=\"1426\" data-end=\"1446\">unisexe raffin\u00e9e<\/strong> qui incarne l\u2019\u00e9quilibre entre fra\u00eecheur \u00e9clatante, douceur chaleureuse et profondeur bois\u00e9e. D\u00e8s les premi\u00e8res pulv\u00e9risations, la combinaison d\u2019<strong data-start=\"1591\" data-end=\"1639\">agrumes vivifiants (bergamote, pamplemousse)<\/strong> et de <strong data-start=\"1646\" data-end=\"1672\">fruits juteux (ananas)<\/strong> est rehauss\u00e9e par une pointe de <strong data-start=\"1705\" data-end=\"1720\">poivre rose<\/strong>, cr\u00e9ant une ouverture dynamique et captivante.<\/p>\n<p data-start=\"1809\" data-end=\"2144\">Au c\u0153ur, les accords <strong data-start=\"1830\" data-end=\"1854\">gourmands et floraux<\/strong> de caramel, osmanthus, romarin et ylang\u2011ylang apportent une saveur sensuelle d\u00e9licate, \u00e9quilibrant douceur et \u00e9l\u00e9gance. Cette \u00e9tape donne une profondeur raffin\u00e9e \u00e0 la composition, faisant de <em data-start=\"2046\" data-end=\"2053\">Liwan<\/em> une fragrance agr\u00e9able \u00e0 porter en toutes saisons.<\/p>\n<p data-start=\"2146\" data-end=\"2435\">Enfin, la base r\u00e9v\u00e8le une <strong data-start=\"2172\" data-end=\"2195\">profondeur affirm\u00e9e<\/strong> de notes bois\u00e9es, cuir\u00e9es et musqu\u00e9es \u2014 <strong data-start=\"2236\" data-end=\"2279\">ambre, musc, cuir, patchouli et v\u00e9tiver<\/strong> \u2014 qui conf\u00e8rent au parfum un sillage durable, sophistiqu\u00e9 et sensuel, parfait pour laisser une empreinte m\u00e9morable.<\/p>\n<p data-start=\"2437\" data-end=\"2683\"><strong data-start=\"2437\" data-end=\"2446\">Liwan<\/strong> est particuli\u00e8rement appr\u00e9ci\u00e9 pour sa <strong data-start=\"2485\" data-end=\"2500\">polyvalence<\/strong> : adapt\u00e9 au quotidien comme aux soir\u00e9es, il combine fra\u00eecheur initiale et chaleur profonde pour une exp\u00e9rience olfactive \u00e9quilibr\u00e9e et raffin\u00e9e.<\/p>","protected":false},"excerpt":{"rendered":"<p data-start=\"67\" data-end=\"351\">Un parfum <strong data-start=\"77\" data-end=\"109\">unisexe moderne et captivant<\/strong>, pens\u00e9 pour ceux qui aiment une fragrance \u00e0 la fois <strong data-start=\"162\" data-end=\"200\">fleurie, fruit\u00e9e, \u00e9pic\u00e9e et bois\u00e9e<\/strong>. <em data-start=\"202\" data-end=\"209\">Liwan<\/em> combine fra\u00eecheur dynamique et profondeur sensuelle \u2014 parfait pour le quotidien comme pour les soir\u00e9es.<\/p>\n<p data-start=\"393\" data-end=\"699\">Une fragrance <strong data-start=\"407\" data-end=\"435\">orientale bois\u00e9e fruit\u00e9e<\/strong> qui s\u2019ouvre sur une explosion d\u2019agrumes et de fruits juteux, \u00e9volue vers un c\u0153ur doux et chaleureux floral\u2011gourmand, puis se pose sur une base bois\u00e9e, cuivr\u00e9e et musqu\u00e9e \u2014 une signature olfactive \u00e9l\u00e9gante pour homme et femme.<\/p>\n<h3 data-start=\"706\" data-end=\"743\"><strong data-start=\"710\" data-end=\"741\">Notes olfactives confirm\u00e9es<\/strong><\/h3>\n<ul data-start=\"745\" data-end=\"1320\">\n<li data-start=\"745\" data-end=\"939\">\n<p data-start=\"747\" data-end=\"939\"><strong data-start=\"747\" data-end=\"766\">Notes de t\u00eate :<\/strong> \ud83c\udf4b Bergamote, \ud83c\udf4a Pamplemousse, \ud83c\udf4d Ananas, \ud83c\udf36\ufe0f Poivre rose \u2014 une ouverture fra\u00eeche, fruit\u00e9e et l\u00e9g\u00e8rement \u00e9pic\u00e9e qui attire les sens.<\/p>\n<\/li>\n<li data-start=\"940\" data-end=\"1118\">\n<p data-start=\"942\" data-end=\"1118\"><strong data-start=\"942\" data-end=\"961\">Notes de c\u0153ur :<\/strong> \ud83c\udf6c Caramel, \ud83c\udf38 Osmanthus, \ud83c\udf3f Romarin, \ud83c\udf3c Ylang\u2011ylang \u2014 un c\u0153ur doux, floral et aromatique avec une touche gourmande.<\/p>\n<\/li>\n<li data-start=\"1119\" data-end=\"1320\">\n<p data-start=\"1121\" data-end=\"1320\"><strong data-start=\"1121\" data-end=\"1140\">Notes de fond :<\/strong> \ud83c\udf32 Ambre, \ud83d\udc3e Musc, \ud83d\udc04 Cuir, \ud83c\udf3f Patchouli, \ud83c\udf31 V\u00e9tiver d\u2019Ha\u00efti \u2014 une base riche, bois\u00e9e, cuir\u00e9e et sensuelle qui assure un <strong data-start=\"1262\" data-end=\"1281\">sillage durable<\/strong>.<\/p>\n<\/li>\n<\/ul>","protected":false},"featured_media":5343,"comment_status":"open","ping_status":"closed","template":"","meta":{"_acf_changed":false,"content-type":""},"product_brand":[],"product_cat":[78,116],"product_tag":[],"class_list":{"0":"post-5296","1":"product","2":"type-product","3":"status-publish","4":"has-post-thumbnail","6":"product_cat-parfums","7":"product_cat-unisex","9":"first","10":"instock","11":"shipping-taxable","12":"purchasable","13":"product-type-simple"},"acf":[],"jetpack_sharing_enabled":true,"_links":{"self":[{"href":"https:\/\/saffir.ma\/fr\/wp-json\/wp\/v2\/product\/5296","targetHints":{"allow":["GET"]}}],"collection":[{"href":"https:\/\/saffir.ma\/fr\/wp-json\/wp\/v2\/product"}],"about":[{"href":"https:\/\/saffir.ma\/fr\/wp-json\/wp\/v2\/types\/product"}],"replies":[{"embeddable":true,"href":"https:\/\/saffir.ma\/fr\/wp-json\/wp\/v2\/comments?post=5296"}],"wp:featuredmedia":[{"embeddable":true,"href":"https:\/\/saffir.ma\/fr\/wp-json\/wp\/v2\/media\/5343"}],"wp:attachment":[{"href":"https:\/\/saffir.ma\/fr\/wp-json\/wp\/v2\/media?parent=5296"}],"wp:term":[{"taxonomy":"product_brand","embeddable":true,"href":"https:\/\/saffir.ma\/fr\/wp-json\/wp\/v2\/product_brand?post=5296"},{"taxonomy":"product_cat","embeddable":true,"href":"https:\/\/saffir.ma\/fr\/wp-json\/wp\/v2\/product_cat?post=5296"},{"taxonomy":"product_tag","embeddable":true,"href":"https:\/\/saffir.ma\/fr\/wp-json\/wp\/v2\/product_tag?post=5296"}],"curies":[{"name":"wp","href":"https:\/\/api.w.org\/{rel}","templated":true}]}}