{"id":5297,"date":"2026-01-18T17:34:00","date_gmt":"2026-01-18T17:34:00","guid":{"rendered":"https:\/\/saffir.ma\/?post_type=product&#038;p=5297"},"modified":"2026-01-20T19:40:47","modified_gmt":"2026-01-20T19:40:47","slug":"parfum-heibah-rose-100-ml-ard-al-zaafaran","status":"publish","type":"product","link":"https:\/\/saffir.ma\/fr\/produit\/parfum-heibah-rose-100-ml-ard-al-zaafaran\/","title":{"rendered":"Parfum Heibah Rose 100\u202fml \u2013 Ard Al Zaafaran"},"content":{"rendered":"<p data-start=\"1626\" data-end=\"1918\">Le <strong data-start=\"1629\" data-end=\"1671\">Parfum <em data-start=\"1638\" data-end=\"1651\">Heibah Rose<\/em> \u2013 Ard Al Zaafaran<\/strong> est une eau de parfum <strong data-start=\"1694\" data-end=\"1720\">f\u00e9minine et captivante<\/strong>, qui combine <strong data-start=\"1734\" data-end=\"1755\">fra\u00eecheur fruit\u00e9e<\/strong>, <strong data-start=\"1757\" data-end=\"1785\">bouquet floral somptueux<\/strong> et une <strong data-start=\"1793\" data-end=\"1822\">base riche et chaleureuse<\/strong> pour cr\u00e9er une exp\u00e9rience olfactive compl\u00e8te et \u00e9l\u00e9gante.<\/p>\n<p data-start=\"1920\" data-end=\"2169\">D\u00e8s l\u2019ouverture, les <strong data-start=\"1941\" data-end=\"2003\">notes p\u00e9tillantes d\u2019agrumes (mandarine, citron, bergamote)<\/strong> et l\u2019exotisme de <strong data-start=\"2021\" data-end=\"2036\">ylang\u2011ylang<\/strong>apportent une sensation d\u2019\u00e9nergie et de lumi\u00e8re, id\u00e9ale pour attirer l\u2019attention avec douceur.<\/p>\n<p data-start=\"2171\" data-end=\"2476\">Au c\u0153ur, un <strong data-start=\"2183\" data-end=\"2209\">bouquet floral sensuel<\/strong> de <strong data-start=\"2213\" data-end=\"2233\">rose de Bulgarie<\/strong>, <strong data-start=\"2235\" data-end=\"2245\">jasmin<\/strong>, <strong data-start=\"2247\" data-end=\"2257\">n\u00e9roli<\/strong> et <strong data-start=\"2261\" data-end=\"2274\">tub\u00e9reuse<\/strong> \u00e9merge, enveloppant la composition d\u2019une f\u00e9minit\u00e9 raffin\u00e9e et sophistiqu\u00e9e \u2014 la rose prenant une place centrale, rappelant un jardin de fleurs en pleine floraison.<\/p>\n<p data-start=\"2478\" data-end=\"2863\">La base est un <strong data-start=\"2493\" data-end=\"2544\">m\u00e9lange harmonieux de bois\u00e9, musqu\u00e9 et gourmand<\/strong>, avec de l\u2019<strong data-start=\"2556\" data-end=\"2565\">ambre<\/strong> et de la <strong data-start=\"2575\" data-end=\"2587\">cannelle<\/strong>, des touches sucr\u00e9es de <strong data-start=\"2612\" data-end=\"2634\">caramel et pralin\u00e9<\/strong>, et des bois pr\u00e9cieux comme le <strong data-start=\"2666\" data-end=\"2676\">santal<\/strong>, le <strong data-start=\"2681\" data-end=\"2702\">bois de cachemire<\/strong> et le <strong data-start=\"2709\" data-end=\"2718\">c\u00e8dre<\/strong>, renforc\u00e9s par le <strong data-start=\"2737\" data-end=\"2770\">patchouli, musc et f\u00e8ve tonka<\/strong> pour une <strong data-start=\"2780\" data-end=\"2824\">tenue longue dur\u00e9e et un sillage sensuel<\/strong>.<\/p>\n<p data-start=\"2865\" data-end=\"3104\">Cette combinaison unique fait de <em data-start=\"2898\" data-end=\"2911\">Heibah Rose<\/em> un parfum <strong data-start=\"2922\" data-end=\"2936\">polyvalent<\/strong> \u2014 suffisamment lumineux pour le <strong data-start=\"2969\" data-end=\"2982\">quotidien<\/strong>, mais aussi <strong data-start=\"2995\" data-end=\"3019\">profond et s\u00e9duisant<\/strong> pour les <strong data-start=\"3029\" data-end=\"3063\">soir\u00e9es et occasions sp\u00e9ciales<\/strong>.<\/p>","protected":false},"excerpt":{"rendered":"<p data-start=\"354\" data-end=\"684\">Un parfum <strong data-start=\"364\" data-end=\"399\">f\u00e9minin, \u00e9l\u00e9gant et sophistiqu\u00e9<\/strong>, id\u00e9al pour les femmes qui aiment les fragrances <strong data-start=\"449\" data-end=\"505\">florales riches, l\u00e9g\u00e8rement fruit\u00e9es et chaleureuses<\/strong>. <em data-start=\"507\" data-end=\"520\">Heibah Rose<\/em> est parfait pour les <strong data-start=\"542\" data-end=\"578\">soir\u00e9es, les occasions sp\u00e9ciales<\/strong>, ou simplement pour une pr\u00e9sence \u00e9l\u00e9gante et raffin\u00e9e au quotidien.<\/p>\n<p data-start=\"726\" data-end=\"1034\">Une fragrance <strong data-start=\"740\" data-end=\"774\">orientale florale et gourmande<\/strong>, qui allie une ouverture lumineuse d\u2019agrumes \u00e0 un c\u0153ur floral captivant de roses et jasmin, reposant sur une base <strong data-start=\"889\" data-end=\"935\">chaude et sensuelle de bois, musc et ambre<\/strong> \u2014 parfaite pour une signature f\u00e9minine intense et m\u00e9morable.<\/p>\n<h3 data-start=\"1041\" data-end=\"1078\"><strong data-start=\"1045\" data-end=\"1076\">\\Notes olfactives confirm\u00e9es<\/strong><\/h3>\n<ul data-start=\"1079\" data-end=\"1582\">\n<li data-start=\"1079\" data-end=\"1216\">\n<p data-start=\"1081\" data-end=\"1216\"><strong data-start=\"1081\" data-end=\"1100\">Notes de t\u00eate :<\/strong> Mandarine, Ylang\u2011ylang, Citron, Bergamote \u2014 ouverture fra\u00eeche et lumineuse.<\/p>\n<\/li>\n<li data-start=\"1217\" data-end=\"1354\">\n<p data-start=\"1219\" data-end=\"1354\"><strong data-start=\"1219\" data-end=\"1238\">Notes de c\u0153ur :<\/strong> Jasmin, Rose de Bulgarie, N\u00e9roli, Tub\u00e9reuse \u2014 c\u0153ur floral riche et sensuel.<\/p>\n<\/li>\n<li data-start=\"1355\" data-end=\"1582\">\n<p data-start=\"1357\" data-end=\"1582\"><strong data-start=\"1357\" data-end=\"1376\">Notes de fond :<\/strong> Ambre, Cannelle, Caramel, Pralin\u00e9, Musc, Patchouli, C\u00e8dre, Bois de cachemire, Bois de santal, F\u00e8ve de tonka \u2014 base chaude, bois\u00e9e et gourmande, avec une tenue durable.<\/p>\n<\/li>\n<\/ul>","protected":false},"featured_media":5344,"comment_status":"open","ping_status":"closed","template":"","meta":{"_acf_changed":false,"content-type":""},"product_brand":[],"product_cat":[78,115],"product_tag":[],"class_list":{"0":"post-5297","1":"product","2":"type-product","3":"status-publish","4":"has-post-thumbnail","6":"product_cat-parfums","7":"product_cat-for-women","9":"first","10":"instock","11":"shipping-taxable","12":"purchasable","13":"product-type-simple"},"acf":[],"jetpack_sharing_enabled":true,"_links":{"self":[{"href":"https:\/\/saffir.ma\/fr\/wp-json\/wp\/v2\/product\/5297","targetHints":{"allow":["GET"]}}],"collection":[{"href":"https:\/\/saffir.ma\/fr\/wp-json\/wp\/v2\/product"}],"about":[{"href":"https:\/\/saffir.ma\/fr\/wp-json\/wp\/v2\/types\/product"}],"replies":[{"embeddable":true,"href":"https:\/\/saffir.ma\/fr\/wp-json\/wp\/v2\/comments?post=5297"}],"wp:featuredmedia":[{"embeddable":true,"href":"https:\/\/saffir.ma\/fr\/wp-json\/wp\/v2\/media\/5344"}],"wp:attachment":[{"href":"https:\/\/saffir.ma\/fr\/wp-json\/wp\/v2\/media?parent=5297"}],"wp:term":[{"taxonomy":"product_brand","embeddable":true,"href":"https:\/\/saffir.ma\/fr\/wp-json\/wp\/v2\/product_brand?post=5297"},{"taxonomy":"product_cat","embeddable":true,"href":"https:\/\/saffir.ma\/fr\/wp-json\/wp\/v2\/product_cat?post=5297"},{"taxonomy":"product_tag","embeddable":true,"href":"https:\/\/saffir.ma\/fr\/wp-json\/wp\/v2\/product_tag?post=5297"}],"curies":[{"name":"wp","href":"https:\/\/api.w.org\/{rel}","templated":true}]}}