{"id":5305,"date":"2026-01-18T21:33:37","date_gmt":"2026-01-18T21:33:37","guid":{"rendered":"https:\/\/saffir.ma\/?post_type=product&#038;p=5305"},"modified":"2026-01-20T20:14:34","modified_gmt":"2026-01-20T20:14:34","slug":"parfum-mousuf-azure-100-ml-ard-al-zaafaran","status":"publish","type":"product","link":"https:\/\/saffir.ma\/fr\/produit\/parfum-mousuf-azure-100-ml-ard-al-zaafaran\/","title":{"rendered":"Parfum Mousuf Azure 100 ml \u2013 Ard Al Zaafaran"},"content":{"rendered":"<p data-start=\"76\" data-end=\"378\">Un parfum <strong data-start=\"86\" data-end=\"124\">masculin moderne, frais et \u00e9l\u00e9gant<\/strong>, parfait pour l\u2019homme qui souhaite une signature olfactive <strong data-start=\"184\" data-end=\"214\">vivifiante et sophistiqu\u00e9e<\/strong>. <em data-start=\"216\" data-end=\"230\">Mousuf Azure<\/em> allie fra\u00eecheur d\u2019agrumes, c\u0153ur floral d\u00e9licat et fond bois\u00e9 chaleureux \u2014 id\u00e9al au quotidien comme en soir\u00e9e.<\/p>\n<p data-start=\"420\" data-end=\"681\">Une fragrance <strong data-start=\"434\" data-end=\"465\">orientale aromatique bois\u00e9e<\/strong> qui d\u00e9bute par des agrumes p\u00e9tillants, \u00e9volue vers un c\u0153ur floral raffin\u00e9 et se pose sur une base bois\u00e9e sensuelle \u2014 une signature masculine lumineuse, polyvalente et m\u00e9morable.<\/p>\n<h3 data-start=\"688\" data-end=\"725\"><strong data-start=\"692\" data-end=\"723\">Notes olfactives confirm\u00e9es<\/strong><\/h3>\n<ul data-start=\"726\" data-end=\"1124\">\n<li data-start=\"726\" data-end=\"850\">\n<p data-start=\"728\" data-end=\"850\"><strong data-start=\"728\" data-end=\"747\">Notes de t\u00eate :<\/strong> Bergamote, Citron \u2014 ouverture fra\u00eeche, lumineuse et \u00e9nergique.<\/p>\n<\/li>\n<li data-start=\"851\" data-end=\"977\">\n<p data-start=\"853\" data-end=\"977\"><strong data-start=\"853\" data-end=\"872\">Notes de c\u0153ur :<\/strong> Jasmin, Rose, Iris \u2014 c\u0153ur floral harmonieux, \u00e9l\u00e9gant et raffin\u00e9.<\/p>\n<\/li>\n<li data-start=\"978\" data-end=\"1124\">\n<p data-start=\"980\" data-end=\"1124\"><strong data-start=\"980\" data-end=\"999\">Notes de fond :<\/strong> Bois de santal, Ambre, Musc \u2014 base chaude, bois\u00e9e et sensuelle pour une tenue durable.<\/p>\n<\/li>\n<\/ul>","protected":false},"excerpt":{"rendered":"<p data-start=\"76\" data-end=\"378\">Un parfum <strong data-start=\"86\" data-end=\"124\">masculin moderne, frais et \u00e9l\u00e9gant<\/strong>, parfait pour l\u2019homme qui souhaite une signature olfactive <strong data-start=\"184\" data-end=\"214\">vivifiante et sophistiqu\u00e9e<\/strong>. <em data-start=\"216\" data-end=\"230\">Mousuf Azure<\/em> allie fra\u00eecheur d\u2019agrumes, c\u0153ur floral d\u00e9licat et fond bois\u00e9 chaleureux \u2014 id\u00e9al au quotidien comme en soir\u00e9e.<\/p>\n<p data-start=\"420\" data-end=\"681\">Une fragrance <strong data-start=\"434\" data-end=\"465\">orientale aromatique bois\u00e9e<\/strong> qui d\u00e9bute par des agrumes p\u00e9tillants, \u00e9volue vers un c\u0153ur floral raffin\u00e9 et se pose sur une base bois\u00e9e sensuelle \u2014 une signature masculine lumineuse, polyvalente et m\u00e9morable.<\/p>\n<h3 data-start=\"688\" data-end=\"725\"><strong data-start=\"692\" data-end=\"723\">Notes olfactives confirm\u00e9es<\/strong><\/h3>\n<ul data-start=\"726\" data-end=\"1124\">\n<li data-start=\"726\" data-end=\"850\">\n<p data-start=\"728\" data-end=\"850\"><strong data-start=\"728\" data-end=\"747\">Notes de t\u00eate :<\/strong> Bergamote, Citron \u2014 ouverture fra\u00eeche, lumineuse et \u00e9nergique.<\/p>\n<\/li>\n<li data-start=\"851\" data-end=\"977\">\n<p data-start=\"853\" data-end=\"977\"><strong data-start=\"853\" data-end=\"872\">Notes de c\u0153ur :<\/strong> Jasmin, Rose, Iris \u2014 c\u0153ur floral harmonieux, \u00e9l\u00e9gant et raffin\u00e9.<\/p>\n<\/li>\n<li data-start=\"978\" data-end=\"1124\">\n<p data-start=\"980\" data-end=\"1124\"><strong data-start=\"980\" data-end=\"999\">Notes de fond :<\/strong> Bois de santal, Ambre, Musc \u2014 base chaude, bois\u00e9e et sensuelle pour une tenue durable.<\/p>\n<\/li>\n<\/ul>","protected":false},"featured_media":5355,"comment_status":"open","ping_status":"closed","template":"","meta":{"_acf_changed":false,"content-type":""},"product_brand":[],"product_cat":[78,114],"product_tag":[],"class_list":{"0":"post-5305","1":"product","2":"type-product","3":"status-publish","4":"has-post-thumbnail","6":"product_cat-parfums","7":"product_cat-for-men","9":"first","10":"instock","11":"shipping-taxable","12":"purchasable","13":"product-type-simple"},"acf":[],"jetpack_sharing_enabled":true,"_links":{"self":[{"href":"https:\/\/saffir.ma\/fr\/wp-json\/wp\/v2\/product\/5305","targetHints":{"allow":["GET"]}}],"collection":[{"href":"https:\/\/saffir.ma\/fr\/wp-json\/wp\/v2\/product"}],"about":[{"href":"https:\/\/saffir.ma\/fr\/wp-json\/wp\/v2\/types\/product"}],"replies":[{"embeddable":true,"href":"https:\/\/saffir.ma\/fr\/wp-json\/wp\/v2\/comments?post=5305"}],"wp:featuredmedia":[{"embeddable":true,"href":"https:\/\/saffir.ma\/fr\/wp-json\/wp\/v2\/media\/5355"}],"wp:attachment":[{"href":"https:\/\/saffir.ma\/fr\/wp-json\/wp\/v2\/media?parent=5305"}],"wp:term":[{"taxonomy":"product_brand","embeddable":true,"href":"https:\/\/saffir.ma\/fr\/wp-json\/wp\/v2\/product_brand?post=5305"},{"taxonomy":"product_cat","embeddable":true,"href":"https:\/\/saffir.ma\/fr\/wp-json\/wp\/v2\/product_cat?post=5305"},{"taxonomy":"product_tag","embeddable":true,"href":"https:\/\/saffir.ma\/fr\/wp-json\/wp\/v2\/product_tag?post=5305"}],"curies":[{"name":"wp","href":"https:\/\/api.w.org\/{rel}","templated":true}]}}