{"id":5309,"date":"2026-01-18T21:51:47","date_gmt":"2026-01-18T21:51:47","guid":{"rendered":"https:\/\/saffir.ma\/?post_type=product&#038;p=5309"},"modified":"2026-01-20T20:22:46","modified_gmt":"2026-01-20T20:22:46","slug":"parfum-mousuf-marron-100-ml-ard-al-zaafaran","status":"publish","type":"product","link":"https:\/\/saffir.ma\/fr\/produit\/parfum-mousuf-marron-100-ml-ard-al-zaafaran\/","title":{"rendered":"Parfum Mousuf Marron 100\u202fml \u2013 Ard\u202fAl\u202fZaafaran"},"content":{"rendered":"<p data-start=\"1490\" data-end=\"1905\">Le <strong data-start=\"1493\" data-end=\"1537\">Parfum <em data-start=\"1502\" data-end=\"1517\">Mousuf Marron<\/em> \u2013 Ard\u202fAl\u202fZaafaran<\/strong> est une eau de parfum <strong data-start=\"1560\" data-end=\"1590\">unisexe riche et gourmande<\/strong>, id\u00e9ale pour ceux qui souhaitent une fragrance distinctive et s\u00e9duisante. D\u00e8s l\u2019ouverture, <strong data-start=\"1682\" data-end=\"1743\">des notes gourmandes de raisin sucr\u00e9 et de chocolat prune<\/strong>, associ\u00e9es \u00e0 une touche d\u2019<strong data-start=\"1770\" data-end=\"1792\">agrumes p\u00e9tillants<\/strong>, cr\u00e9ent une impression initiale <strong data-start=\"1825\" data-end=\"1866\">complexe, chaleureuse et irr\u00e9sistible<\/strong>.<\/p>\n<p data-start=\"1907\" data-end=\"2168\">Au <strong data-start=\"1910\" data-end=\"1936\">c\u0153ur de la composition<\/strong>, le m\u00e9lange de <strong data-start=\"1952\" data-end=\"1966\">oud musqu\u00e9<\/strong>, de <strong data-start=\"1971\" data-end=\"1987\">musc profond<\/strong> et d\u2019<strong data-start=\"1993\" data-end=\"2010\">ananas juteux<\/strong> apporte une dimension exotique et sensuelle qui maintient l\u2019int\u00e9r\u00eat olfactif et ajoute de la profondeur \u00e0 la fragrance.<\/p>\n<p data-start=\"2170\" data-end=\"2450\">Enfin, la base se compose d\u2019<strong data-start=\"2198\" data-end=\"2223\">accords bois\u00e9s ambr\u00e9s<\/strong>, de <strong data-start=\"2228\" data-end=\"2241\">patchouli<\/strong>, de <strong data-start=\"2246\" data-end=\"2274\">notes florales d\u00e9licates<\/strong> et d\u2019<strong data-start=\"2280\" data-end=\"2302\">ar\u00f4mes caramelis\u00e9s<\/strong>, offrant une <strong data-start=\"2316\" data-end=\"2355\">tenue durable et un sillage \u00e9l\u00e9gant<\/strong> qui persiste tout au long de la journ\u00e9e ou de la soir\u00e9e.<\/p>\n<p data-start=\"2452\" data-end=\"2742\">Cette fragrance est id\u00e9ale pour les personnes qui appr\u00e9cient les parfums <strong data-start=\"2525\" data-end=\"2551\">gourmands et orientaux<\/strong>, parfaits pour les saisons plus fra\u00eeches comme l\u2019automne et l\u2019hiver, ou pour ajouter une touche de chaleur et de sophistication \u00e0 n\u2019importe quel moment.<\/p>","protected":false},"excerpt":{"rendered":"<p data-start=\"77\" data-end=\"454\">Un parfum <strong data-start=\"87\" data-end=\"116\">unisexe oriental gourmand<\/strong> con\u00e7u pour ceux qui aiment une fragrance <strong data-start=\"158\" data-end=\"194\">riche, chaleureuse et captivante<\/strong>. <em data-start=\"196\" data-end=\"211\">Mousuf Marron<\/em> est parfait pour les personnes qui veulent une signature olfactive <strong data-start=\"279\" data-end=\"316\">audacieuse, gourmande et \u00e9l\u00e9gante<\/strong> \u2014 id\u00e9ale pour les <strong data-start=\"335\" data-end=\"346\">soir\u00e9es<\/strong>, les <strong data-start=\"352\" data-end=\"367\">rendez\u2011vous<\/strong> ou toute occasion o\u00f9 l\u2019on veut <strong data-start=\"399\" data-end=\"415\">se d\u00e9marquer<\/strong>.<\/p>\n<p data-start=\"496\" data-end=\"721\">Une fragrance <strong data-start=\"510\" data-end=\"543\">orientale ambr\u00e9e et gourmande<\/strong> aux accords fruit\u00e9s, bois\u00e9s et musqu\u00e9s, combinant douceur et profondeur \u2014 parfaite pour laisser une <strong data-start=\"644\" data-end=\"682\">impression durable et sophistiqu\u00e9e<\/strong>.<\/p>\n<h3 data-start=\"728\" data-end=\"765\"><strong data-start=\"732\" data-end=\"763\">Notes olfactives confirm\u00e9es<\/strong><\/h3>\n<ul data-start=\"766\" data-end=\"1217\">\n<li data-start=\"766\" data-end=\"922\">\n<p data-start=\"768\" data-end=\"922\"><strong data-start=\"768\" data-end=\"787\">Notes de t\u00eate :<\/strong> Raisin sucr\u00e9, Chocolat prune, Agrumes (citron, bergamote) \u2014 ouverture gourmande et p\u00e9tillante.<\/p>\n<\/li>\n<li data-start=\"923\" data-end=\"1051\">\n<p data-start=\"925\" data-end=\"1051\"><strong data-start=\"925\" data-end=\"944\">Notes de c\u0153ur :<\/strong> Oud musqu\u00e9, Musc, Ananas juteux \u2014 c\u0153ur riche, sensuel et exotique.<\/p>\n<\/li>\n<li data-start=\"1052\" data-end=\"1217\">\n<p data-start=\"1054\" data-end=\"1217\"><strong data-start=\"1054\" data-end=\"1073\">Notes de fond :<\/strong> Patchouli, Bois ambr\u00e9, Ar\u00f4mes floraux et Caramel \u2014 fond chaud, gourmand et bois\u00e9e pour une tenue durable.<\/p>\n<\/li>\n<\/ul>\n<blockquote data-start=\"1219\" data-end=\"1446\">\n<p data-start=\"1221\" data-end=\"1446\">\ud83d\udca1 Plusieurs boutiques listent des accords l\u00e9g\u00e8rement diff\u00e9rents (parfois plus orient\u00e9s <strong data-start=\"1309\" data-end=\"1331\">fruity\u2011spicy\u2011woody<\/strong>), mais tous confirment la nature <strong data-start=\"1365\" data-end=\"1391\">gourmande et orientale<\/strong> de la fragrance.<\/p>\n<\/blockquote>","protected":false},"featured_media":5359,"comment_status":"open","ping_status":"closed","template":"","meta":{"_acf_changed":false,"content-type":""},"product_brand":[],"product_cat":[78,116],"product_tag":[],"class_list":{"0":"post-5309","1":"product","2":"type-product","3":"status-publish","4":"has-post-thumbnail","6":"product_cat-parfums","7":"product_cat-unisex","9":"first","10":"instock","11":"shipping-taxable","12":"purchasable","13":"product-type-simple"},"acf":[],"jetpack_sharing_enabled":true,"_links":{"self":[{"href":"https:\/\/saffir.ma\/fr\/wp-json\/wp\/v2\/product\/5309","targetHints":{"allow":["GET"]}}],"collection":[{"href":"https:\/\/saffir.ma\/fr\/wp-json\/wp\/v2\/product"}],"about":[{"href":"https:\/\/saffir.ma\/fr\/wp-json\/wp\/v2\/types\/product"}],"replies":[{"embeddable":true,"href":"https:\/\/saffir.ma\/fr\/wp-json\/wp\/v2\/comments?post=5309"}],"wp:featuredmedia":[{"embeddable":true,"href":"https:\/\/saffir.ma\/fr\/wp-json\/wp\/v2\/media\/5359"}],"wp:attachment":[{"href":"https:\/\/saffir.ma\/fr\/wp-json\/wp\/v2\/media?parent=5309"}],"wp:term":[{"taxonomy":"product_brand","embeddable":true,"href":"https:\/\/saffir.ma\/fr\/wp-json\/wp\/v2\/product_brand?post=5309"},{"taxonomy":"product_cat","embeddable":true,"href":"https:\/\/saffir.ma\/fr\/wp-json\/wp\/v2\/product_cat?post=5309"},{"taxonomy":"product_tag","embeddable":true,"href":"https:\/\/saffir.ma\/fr\/wp-json\/wp\/v2\/product_tag?post=5309"}],"curies":[{"name":"wp","href":"https:\/\/api.w.org\/{rel}","templated":true}]}}