{"id":5312,"date":"2026-01-18T22:53:47","date_gmt":"2026-01-18T22:53:47","guid":{"rendered":"https:\/\/saffir.ma\/?post_type=product&#038;p=5312"},"modified":"2026-01-20T20:27:04","modified_gmt":"2026-01-20T20:27:04","slug":"parfum-sheikh-al-shuyukh-luxe-edition-100-ml-lattafa","status":"publish","type":"product","link":"https:\/\/saffir.ma\/fr\/produit\/parfum-sheikh-al-shuyukh-luxe-edition-100-ml-lattafa\/","title":{"rendered":"Parfum Sheikh Al Shuyukh Luxe Edition 100\u202fml \u2013 Lattafa"},"content":{"rendered":"<p data-start=\"1299\" data-end=\"1659\">Le <strong data-start=\"1302\" data-end=\"1355\">Parfum <em data-start=\"1311\" data-end=\"1343\">Sheikh Al Shuyukh Luxe Edition<\/em> \u2013 Lattafa<\/strong> est une eau de parfum qui incarne <strong data-start=\"1390\" data-end=\"1438\">l\u2019opulence orientale dans toute sa splendeur<\/strong>. D\u00e8s les premi\u00e8res notes, la combinaison de <strong data-start=\"1483\" data-end=\"1501\">rose pr\u00e9cieuse<\/strong>, de <strong data-start=\"1506\" data-end=\"1530\">cannelle chaleureuse<\/strong> et de <strong data-start=\"1537\" data-end=\"1556\">safran exotique<\/strong> cr\u00e9e une ouverture captivante qui \u00e9voque luxe et sophistication.<\/p>\n<p data-start=\"1661\" data-end=\"1984\">Le <strong data-start=\"1664\" data-end=\"1681\">c\u0153ur gourmand<\/strong> m\u00eale le <strong data-start=\"1690\" data-end=\"1706\">caramel doux<\/strong> \u00e0 la profondeur du <strong data-start=\"1726\" data-end=\"1739\">patchouli<\/strong>, offrant une impression riche, enveloppante et sensuelle. Cette \u00e9tape apporte une dimension chaleureuse et gourmande \u00e0 la fragrance, parfaite pour ceux qui aiment les accords riches sans perdre en \u00e9l\u00e9gance.<\/p>\n<p data-start=\"1986\" data-end=\"2401\">En <strong data-start=\"1989\" data-end=\"1997\">fond<\/strong>, les <strong data-start=\"2003\" data-end=\"2031\">notes bois\u00e9es pr\u00e9cieuses<\/strong>, la douceur de la <strong data-start=\"2050\" data-end=\"2061\">vanille<\/strong>, l\u2019<strong data-start=\"2065\" data-end=\"2080\">ambre chaud<\/strong> et l\u2019<strong data-start=\"2086\" data-end=\"2107\">ambroxan lumineux<\/strong> cr\u00e9ent une base durable et sophistiqu\u00e9e qui prolonge la tenue tout au long de la journ\u00e9e ou de la soir\u00e9e. Ce parfum est id\u00e9al pour marquer une impression m\u00e9morable lors d\u2019\u00e9v\u00e9nements, de soir\u00e9es ou de moments o\u00f9 l\u2019on veut se sentir <strong data-start=\"2339\" data-end=\"2362\">\u00e9l\u00e9gant et confian<\/strong><\/p>","protected":false},"excerpt":{"rendered":"<p data-start=\"86\" data-end=\"428\">Un parfum <strong data-start=\"96\" data-end=\"119\">unisexe sophistiqu\u00e9<\/strong>, parfait pour celles et ceux qui aiment une fragrance <strong data-start=\"174\" data-end=\"213\">orientale \u00e9pic\u00e9e, riche et luxueuse<\/strong>. <em data-start=\"215\" data-end=\"247\">Sheikh Al Shuyukh Luxe Edition<\/em> est id\u00e9al pour les <strong data-start=\"267\" data-end=\"324\">soir\u00e9es \u00e9l\u00e9gantes, rendez\u2011vous ou occasions sp\u00e9ciales<\/strong>, mais suffisamment polyvalent pour \u00eatre port\u00e9 aussi au quotidien.<\/p>\n<p data-start=\"470\" data-end=\"723\">Une fragrance <strong data-start=\"484\" data-end=\"514\">orientale bois\u00e9e et \u00e9pic\u00e9e<\/strong> alliant une ouverture chaleureuse d\u2019\u00e9pices et de rose \u00e0 un c\u0153ur gourmand et une base bois\u00e9e\u2011ambr\u00e9e profonde \u2014 une signature olfactive <strong data-start=\"649\" data-end=\"684\">opulente, s\u00e9duisante et durable<\/strong>.<\/p>\n<h3 data-start=\"730\" data-end=\"767\"><strong data-start=\"734\" data-end=\"765\">Notes olfactives confirm\u00e9es<\/strong><\/h3>\n<ul data-start=\"768\" data-end=\"1255\">\n<li data-start=\"768\" data-end=\"917\">\n<p data-start=\"770\" data-end=\"917\"><strong data-start=\"770\" data-end=\"789\">Notes de t\u00eate :<\/strong> Rose, Cannelle, Safran \u2014 une ouverture riche, \u00e9pic\u00e9e et florale qui attire l\u2019attention.<\/p>\n<\/li>\n<li data-start=\"918\" data-end=\"1064\">\n<p data-start=\"920\" data-end=\"1064\"><strong data-start=\"920\" data-end=\"939\">Notes de c\u0153ur :<\/strong> Caramel, Patchouli \u2014 un c\u0153ur gourmand et profond qui ajoute profondeur et caract\u00e8re.<\/p>\n<\/li>\n<li data-start=\"1065\" data-end=\"1255\">\n<p data-start=\"1067\" data-end=\"1255\"><strong data-start=\"1067\" data-end=\"1086\">Notes de fond :<\/strong> Bois (bois pr\u00e9cieux), Vanille, Ambre, Ambroxan \u2014 une base <strong data-start=\"1145\" data-end=\"1176\">chaude, bois\u00e9e et sensuelle<\/strong> qui assure long\u00e9vit\u00e9 et sillage \u00e9l\u00e9gant.<\/p>\n<\/li>\n<\/ul>","protected":false},"featured_media":5362,"comment_status":"open","ping_status":"closed","template":"","meta":{"_acf_changed":false,"content-type":""},"product_brand":[],"product_cat":[78,116],"product_tag":[],"class_list":{"0":"post-5312","1":"product","2":"type-product","3":"status-publish","4":"has-post-thumbnail","6":"product_cat-parfums","7":"product_cat-unisex","9":"first","10":"instock","11":"shipping-taxable","12":"purchasable","13":"product-type-simple"},"acf":[],"jetpack_sharing_enabled":true,"_links":{"self":[{"href":"https:\/\/saffir.ma\/fr\/wp-json\/wp\/v2\/product\/5312","targetHints":{"allow":["GET"]}}],"collection":[{"href":"https:\/\/saffir.ma\/fr\/wp-json\/wp\/v2\/product"}],"about":[{"href":"https:\/\/saffir.ma\/fr\/wp-json\/wp\/v2\/types\/product"}],"replies":[{"embeddable":true,"href":"https:\/\/saffir.ma\/fr\/wp-json\/wp\/v2\/comments?post=5312"}],"wp:featuredmedia":[{"embeddable":true,"href":"https:\/\/saffir.ma\/fr\/wp-json\/wp\/v2\/media\/5362"}],"wp:attachment":[{"href":"https:\/\/saffir.ma\/fr\/wp-json\/wp\/v2\/media?parent=5312"}],"wp:term":[{"taxonomy":"product_brand","embeddable":true,"href":"https:\/\/saffir.ma\/fr\/wp-json\/wp\/v2\/product_brand?post=5312"},{"taxonomy":"product_cat","embeddable":true,"href":"https:\/\/saffir.ma\/fr\/wp-json\/wp\/v2\/product_cat?post=5312"},{"taxonomy":"product_tag","embeddable":true,"href":"https:\/\/saffir.ma\/fr\/wp-json\/wp\/v2\/product_tag?post=5312"}],"curies":[{"name":"wp","href":"https:\/\/api.w.org\/{rel}","templated":true}]}}