{"id":5313,"date":"2026-01-18T23:22:19","date_gmt":"2026-01-18T23:22:19","guid":{"rendered":"https:\/\/saffir.ma\/?post_type=product&#038;p=5313"},"modified":"2026-01-20T20:29:44","modified_gmt":"2026-01-20T20:29:44","slug":"parfum-philos-centro-100-ml-alhambra","status":"publish","type":"product","link":"https:\/\/saffir.ma\/fr\/produit\/parfum-philos-centro-100-ml-alhambra\/","title":{"rendered":"Parfum Philos Centro 100\u202fml \u2013 Alhambra"},"content":{"rendered":"<p data-start=\"1479\" data-end=\"1727\">Le <strong data-start=\"1482\" data-end=\"1526\">Parfum <em data-start=\"1491\" data-end=\"1506\">Philos Centro<\/em> \u2013 Maison Alhambra<\/strong> est une eau de parfum <strong data-start=\"1549\" data-end=\"1586\">unisexe fruit\u00e9e florale orientale<\/strong> qui combine fra\u00eecheur, douceur florale et profondeur bois\u00e9e dans une structure \u00e9l\u00e9gante et \u00e9quilibr\u00e9e.<\/p>\n<p data-start=\"1729\" data-end=\"1987\">D\u00e8s les premi\u00e8res vaporisations, l\u2019ouverture vivifiante d\u2019<strong data-start=\"1787\" data-end=\"1827\">ananas juteux et de jacinthe florale<\/strong> offre une premi\u00e8re impression <strong data-start=\"1858\" data-end=\"1890\">rafra\u00eechissante et lumineuse<\/strong>, id\u00e9ale pour \u00e9voquer une sensation de vitalit\u00e9 et de joie.<\/p>\n<p data-start=\"1989\" data-end=\"2234\">Le <strong data-start=\"1992\" data-end=\"2007\">c\u0153ur floral<\/strong> marie harmonieusement <strong data-start=\"2030\" data-end=\"2048\">jasmin d\u00e9licat<\/strong>, <strong data-start=\"2050\" data-end=\"2065\">iris poudr\u00e9<\/strong> et <strong data-start=\"2069\" data-end=\"2091\">poivre rose subtil<\/strong>, cr\u00e9ant une signature <strong data-start=\"2114\" data-end=\"2138\">\u00e9l\u00e9gante et raffin\u00e9e<\/strong> qui apporte sophistication et modernit\u00e9 \u00e0 la composition.<\/p>\n<p data-start=\"2236\" data-end=\"2532\">En <strong data-start=\"2239\" data-end=\"2247\">base<\/strong>, les notes de <strong data-start=\"2262\" data-end=\"2340\">muscle doux, d\u2019ambre chaud, de patchouli terreux, de v\u00e9tiver et de vanille<\/strong> forment une fondation <strong data-start=\"2363\" data-end=\"2404\">profond\u00e9ment sensuelle et chaleureuse<\/strong>, assurant une <strong data-start=\"2419\" data-end=\"2436\">tenue durable<\/strong> et un <strong data-start=\"2443\" data-end=\"2466\">sillage sophistiqu\u00e9<\/strong> sans \u00eatre trop envahissant.<\/p>\n<p data-start=\"2534\" data-end=\"2773\">Philos Centro est souvent d\u00e9crit comme un parfum \u00ab\u202fluminously balanced\u202f\u00bb, combinant fra\u00eecheur et chaleur, parfait pour celles et ceux qui veulent une fragrance <strong data-start=\"2694\" data-end=\"2734\">polyvalente, \u00e9l\u00e9gante et distinctive<\/strong>.<\/p>","protected":false},"excerpt":{"rendered":"<p data-start=\"274\" data-end=\"606\">Un parfum <strong data-start=\"284\" data-end=\"325\">unisexe \u00e9l\u00e9gant, moderne et captivant<\/strong>, con\u00e7u pour ceux qui aiment une fragrance <strong data-start=\"368\" data-end=\"410\">fra\u00eeche, florale, fruit\u00e9e et sensuelle<\/strong>. <em data-start=\"412\" data-end=\"427\">Philos Centro<\/em> est parfait <strong data-start=\"440\" data-end=\"484\">pour le quotidien comme pour les soir\u00e9es<\/strong>, offrant une signature olfactive raffin\u00e9e qui s\u2019adapte bien \u00e0 toutes les occasions.<\/p>\n<p data-start=\"648\" data-end=\"979\">Une eau de parfum <strong data-start=\"666\" data-end=\"695\">fruit\u00e9e florale orientale<\/strong> m\u00ealant une ouverture p\u00e9tillante d\u2019ananas et de jacinthe \u00e0 un c\u0153ur d\u00e9licat de jasmin, iris et poivre rose, reposant sur une base chaude et \u00e9l\u00e9gante d\u2019ambre, musc, vanille, v\u00e9tiver et patchouli \u2014 id\u00e9ale pour une pr\u00e9sence lumineuse et sophistiqu\u00e9e.<\/p>\n<h3 data-start=\"986\" data-end=\"1023\"><strong data-start=\"990\" data-end=\"1021\">Notes olfactives confirm\u00e9es<\/strong><\/h3>\n<ul data-start=\"1024\" data-end=\"1435\">\n<li data-start=\"1024\" data-end=\"1151\">\n<p data-start=\"1026\" data-end=\"1151\"><strong data-start=\"1026\" data-end=\"1045\">Notes de t\u00eate :<\/strong> Jacinthe, Ananas \u2014 ouverture <strong data-start=\"1075\" data-end=\"1097\">fruit\u00e9e et fra\u00eeche<\/strong>, \u00e9nergisante.<\/p>\n<\/li>\n<li data-start=\"1152\" data-end=\"1286\">\n<p data-start=\"1154\" data-end=\"1286\"><strong data-start=\"1154\" data-end=\"1173\">Notes de c\u0153ur :<\/strong> Jasmin, Poivre rose, Iris \u2014 c\u0153ur <strong data-start=\"1207\" data-end=\"1245\">floral \u00e9l\u00e9gant et l\u00e9g\u00e8rement \u00e9pic\u00e9<\/strong>.<\/p>\n<\/li>\n<li data-start=\"1287\" data-end=\"1435\">\n<p data-start=\"1289\" data-end=\"1435\"><strong data-start=\"1289\" data-end=\"1308\">Notes de fond :<\/strong> Vetiver, Ambre, Musc, Vanille, Patchouli \u2014 base <strong data-start=\"1357\" data-end=\"1396\">chaude, bois\u00e9e, ambr\u00e9e et sensuelle<\/strong>.<\/p>\n<\/li>\n<\/ul>","protected":false},"featured_media":5365,"comment_status":"open","ping_status":"closed","template":"","meta":{"_acf_changed":false,"content-type":""},"product_brand":[],"product_cat":[78,116],"product_tag":[],"class_list":{"0":"post-5313","1":"product","2":"type-product","3":"status-publish","4":"has-post-thumbnail","6":"product_cat-parfums","7":"product_cat-unisex","9":"first","10":"instock","11":"shipping-taxable","12":"purchasable","13":"product-type-simple"},"acf":[],"jetpack_sharing_enabled":true,"_links":{"self":[{"href":"https:\/\/saffir.ma\/fr\/wp-json\/wp\/v2\/product\/5313","targetHints":{"allow":["GET"]}}],"collection":[{"href":"https:\/\/saffir.ma\/fr\/wp-json\/wp\/v2\/product"}],"about":[{"href":"https:\/\/saffir.ma\/fr\/wp-json\/wp\/v2\/types\/product"}],"replies":[{"embeddable":true,"href":"https:\/\/saffir.ma\/fr\/wp-json\/wp\/v2\/comments?post=5313"}],"wp:featuredmedia":[{"embeddable":true,"href":"https:\/\/saffir.ma\/fr\/wp-json\/wp\/v2\/media\/5365"}],"wp:attachment":[{"href":"https:\/\/saffir.ma\/fr\/wp-json\/wp\/v2\/media?parent=5313"}],"wp:term":[{"taxonomy":"product_brand","embeddable":true,"href":"https:\/\/saffir.ma\/fr\/wp-json\/wp\/v2\/product_brand?post=5313"},{"taxonomy":"product_cat","embeddable":true,"href":"https:\/\/saffir.ma\/fr\/wp-json\/wp\/v2\/product_cat?post=5313"},{"taxonomy":"product_tag","embeddable":true,"href":"https:\/\/saffir.ma\/fr\/wp-json\/wp\/v2\/product_tag?post=5313"}],"curies":[{"name":"wp","href":"https:\/\/api.w.org\/{rel}","templated":true}]}}