{"id":5315,"date":"2026-01-18T23:38:41","date_gmt":"2026-01-18T23:38:41","guid":{"rendered":"https:\/\/saffir.ma\/?post_type=product&#038;p=5315"},"modified":"2026-01-20T21:03:53","modified_gmt":"2026-01-20T21:03:53","slug":"parfum-oud-24-hours-100-ml-ard-al-zaafaran","status":"publish","type":"product","link":"https:\/\/saffir.ma\/fr\/produit\/parfum-oud-24-hours-100-ml-ard-al-zaafaran\/","title":{"rendered":"Parfum Oud 24 Hours 100 ml \u2013 Ard Al Zaafaran"},"content":{"rendered":"<p data-start=\"1335\" data-end=\"1726\">Le <strong data-start=\"1338\" data-end=\"1381\">Parfum <em data-start=\"1347\" data-end=\"1361\">Oud 24 Hours<\/em> \u2013 Ard Al Zaafaran<\/strong> est une eau de parfum <strong data-start=\"1404\" data-end=\"1432\">unisexe orientale bois\u00e9e<\/strong> qui propose une exp\u00e9rience olfactive riche et enveloppante. D\u00e8s l\u2019ouverture, les <strong data-start=\"1514\" data-end=\"1536\">agrumes p\u00e9tillants<\/strong> de bergamote et de mandarine se m\u00ealent au <strong data-start=\"1579\" data-end=\"1605\">chocolat noir gourmand<\/strong>, cr\u00e9ant une premi\u00e8re impression <strong data-start=\"1638\" data-end=\"1665\">lumineuse mais profonde<\/strong> qui capte l\u2019attention.<\/p>\n<p data-start=\"1728\" data-end=\"2019\">Le <strong data-start=\"1731\" data-end=\"1739\">c\u0153ur<\/strong> s\u2019ouvre ensuite sur un bouquet <strong data-start=\"1771\" data-end=\"1790\">floral et \u00e9pic\u00e9<\/strong> de ylang-ylang, jasmin, gard\u00e9nia, fruits d\u00e9licats et \u00e9pices, apportant une <strong data-start=\"1866\" data-end=\"1902\">dimension \u00e9l\u00e9gante et structur\u00e9e<\/strong> \u00e0 la composition. Cette \u00e9tape ajoute de la sophistication sans \u00eatre \u00e9crasante.<\/p>\n<p data-start=\"2021\" data-end=\"2449\">En <strong data-start=\"2024\" data-end=\"2032\">base<\/strong>, les notes riches d\u2019<strong data-start=\"2053\" data-end=\"2112\">ambre, patchouli, bois de santal, oud discret et encens<\/strong> offrent une profondeur chaleureuse et sensuelle qui persiste longtemps, assurant une <strong data-start=\"2198\" data-end=\"2243\">tenue remarquable et un sillage captivant<\/strong>. Bien que le nom mette l\u2019accent sur l\u2019oud, celui-ci joue plut\u00f4t un r\u00f4le de fond subtil et <strong data-start=\"2334\" data-end=\"2391\">compl\u00e8te harmonieusement les accords bois\u00e9s et ambr\u00e9s<\/strong>sans \u00eatre dominant.<\/p>\n<p data-start=\"2451\" data-end=\"2782\">Ce parfum est souvent compar\u00e9 \u00e0 l\u2019esprit luxueux de <em data-start=\"2503\" data-end=\"2517\">Black Orchid<\/em> de Tom Ford, avec une interpr\u00e9tation plus accessible et l\u00e9g\u00e8rement plus douce, ce qui en fait une option int\u00e9ressante pour ceux qui cherchent une fragrance orientale moderne et sophistiqu\u00e9e \u00e0 un excellent rapport qualit\u00e9-prix.<\/p>","protected":false},"excerpt":{"rendered":"<p data-start=\"76\" data-end=\"417\"><strong data-start=\"161\" data-end=\"199\">et sophistiqu\u00e9es<\/strong>. <em data-start=\"201\" data-end=\"215\">Oud 24 Hours<\/em> est parfait pour <strong data-start=\"233\" data-end=\"299\">soir\u00e9es \u00e9l\u00e9gantes, rendez-vous romantiques ou moments sp\u00e9ciaux<\/strong>, tout en restant suffisamment versatile pour un usage quotidien selon l\u2019humeur.<\/p>\n<p data-start=\"459\" data-end=\"772\">Une fragrance orientale <strong data-start=\"483\" data-end=\"513\">fruit\u00e9e, florale et bois\u00e9e<\/strong>, m\u00ealant des accords audacieux de chocolat noir et d\u2019agrumes \u00e0 un c\u0153ur floral \u00e9pic\u00e9 et une base chaleureuse d\u2019ambre, bois de santal, oud discret et encens \u2014 une signature olfactive <strong data-start=\"694\" data-end=\"733\">\u00e9l\u00e9gante, enveloppante et m\u00e9morable<\/strong>.<\/p>\n<h3 data-start=\"779\" data-end=\"816\"><strong data-start=\"783\" data-end=\"814\">Notes olfactives confirm\u00e9es<\/strong><\/h3>\n<ul data-start=\"817\" data-end=\"1291\">\n<li data-start=\"817\" data-end=\"964\">\n<p data-start=\"819\" data-end=\"964\"><strong data-start=\"819\" data-end=\"838\">Notes de t\u00eate :<\/strong> Bergamote, Mandarine, Chocolat noir \u2014 ouverture <strong data-start=\"887\" data-end=\"923\">p\u00e9tillante, gourmande et intense<\/strong>.<\/p>\n<\/li>\n<li data-start=\"965\" data-end=\"1121\">\n<p data-start=\"967\" data-end=\"1121\"><strong data-start=\"967\" data-end=\"986\">Notes de c\u0153ur :<\/strong> Ylang-ylang, Jasmin, Gard\u00e9nia, Notes \u00e9pic\u00e9es et fruit\u00e9es \u2014 c\u0153ur <strong data-start=\"1051\" data-end=\"1080\">floral, \u00e9pic\u00e9 et complexe<\/strong>.<\/p>\n<\/li>\n<li data-start=\"1122\" data-end=\"1291\">\n<p data-start=\"1124\" data-end=\"1291\"><strong data-start=\"1124\" data-end=\"1143\">Notes de fond :<\/strong> Ambre, Patchouli, Bois de santal, Oud (bois d\u2019agar), Encens \u2014 base <strong data-start=\"1211\" data-end=\"1252\">chaude, bois\u00e9e, sensuelle et profonde<\/strong>.<\/p>\n<\/li>\n<\/ul>","protected":false},"featured_media":5368,"comment_status":"open","ping_status":"closed","template":"","meta":{"_acf_changed":false,"content-type":""},"product_brand":[],"product_cat":[78,116],"product_tag":[],"class_list":{"0":"post-5315","1":"product","2":"type-product","3":"status-publish","4":"has-post-thumbnail","6":"product_cat-parfums","7":"product_cat-unisex","9":"first","10":"instock","11":"shipping-taxable","12":"purchasable","13":"product-type-simple"},"acf":[],"jetpack_sharing_enabled":true,"_links":{"self":[{"href":"https:\/\/saffir.ma\/fr\/wp-json\/wp\/v2\/product\/5315","targetHints":{"allow":["GET"]}}],"collection":[{"href":"https:\/\/saffir.ma\/fr\/wp-json\/wp\/v2\/product"}],"about":[{"href":"https:\/\/saffir.ma\/fr\/wp-json\/wp\/v2\/types\/product"}],"replies":[{"embeddable":true,"href":"https:\/\/saffir.ma\/fr\/wp-json\/wp\/v2\/comments?post=5315"}],"wp:featuredmedia":[{"embeddable":true,"href":"https:\/\/saffir.ma\/fr\/wp-json\/wp\/v2\/media\/5368"}],"wp:attachment":[{"href":"https:\/\/saffir.ma\/fr\/wp-json\/wp\/v2\/media?parent=5315"}],"wp:term":[{"taxonomy":"product_brand","embeddable":true,"href":"https:\/\/saffir.ma\/fr\/wp-json\/wp\/v2\/product_brand?post=5315"},{"taxonomy":"product_cat","embeddable":true,"href":"https:\/\/saffir.ma\/fr\/wp-json\/wp\/v2\/product_cat?post=5315"},{"taxonomy":"product_tag","embeddable":true,"href":"https:\/\/saffir.ma\/fr\/wp-json\/wp\/v2\/product_tag?post=5315"}],"curies":[{"name":"wp","href":"https:\/\/api.w.org\/{rel}","templated":true}]}}