{"id":5316,"date":"2026-01-19T00:01:30","date_gmt":"2026-01-19T00:01:30","guid":{"rendered":"https:\/\/saffir.ma\/?post_type=product&#038;p=5316"},"modified":"2026-01-20T21:05:13","modified_gmt":"2026-01-20T21:05:13","slug":"parfum-oud-24-hours-gold-100-ml-ard-al-zaafaran","status":"publish","type":"product","link":"https:\/\/saffir.ma\/fr\/produit\/parfum-oud-24-hours-gold-100-ml-ard-al-zaafaran\/","title":{"rendered":"Parfum Oud 24 Hours Gold 100 ml  \u2013 Ard Al Zaafaran"},"content":{"rendered":"<p data-start=\"1194\" data-end=\"1474\">Le <strong data-start=\"1197\" data-end=\"1243\">Parfum Oud 24 Hours Gold \u2013 Ard Al Zaafaran<\/strong> est une eau de parfum unisexe orientale bois\u00e9e fruit\u00e9e qui incarne <strong data-start=\"1311\" data-end=\"1363\">l\u2019opulence moderne et la sophistication raffin\u00e9e<\/strong>. D\u00e8s la premi\u00e8re vaporisation, des nuances florales d\u00e9licates cr\u00e9ent une atmosph\u00e8re s\u00e9duisante et intrigante.<\/p>\n<p data-start=\"1476\" data-end=\"1867\">Au c\u0153ur de la composition, la combinaison de prune juteuse et de bois d\u2019agar (oud) apporte une profondeur luxueuse, riche en caract\u00e8re, qui s\u2019installe progressivement. Enfin, la base r\u00e9v\u00e8le une association \u00e9l\u00e9gante de oud suppl\u00e9mentaire, de patchouli sensuel et de notes d\u2019agrumes lumineuses, prolongeant la tenue et le sillage avec une signature olfactive \u00e0 la fois chaleureuse et raffin\u00e9e.<\/p>\n<p data-start=\"1869\" data-end=\"2131\"><strong data-start=\"1869\" data-end=\"1890\">Oud 24 Hours Gold<\/strong> se distingue par sa capacit\u00e9 \u00e0 m\u00ealer harmonieusement \u00e9l\u00e9ments floraux, fruit\u00e9s et bois\u00e9s profonds, pour offrir une exp\u00e9rience olfactive enveloppante, sophistiqu\u00e9e et inoubliable \u2014 id\u00e9ale pour ceux qui veulent <strong data-start=\"2100\" data-end=\"2130\">se d\u00e9marquer avec \u00e9l\u00e9gance<\/strong>.<\/p>","protected":false},"excerpt":{"rendered":"<p data-start=\"224\" data-end=\"553\">Un parfum unisexe oriental bois\u00e9 fruit\u00e9 pens\u00e9 pour ceux qui veulent une fragrance <strong data-start=\"306\" data-end=\"338\">intense, \u00e9l\u00e9gante et durable<\/strong>. Oud 24 Hours Gold est parfait pour les soir\u00e9es, les moments sp\u00e9ciaux ou toute occasion o\u00f9 l\u2019on souhaite une pr\u00e9sence olfactive forte et m\u00e9morable, tout en restant polyvalent pour un usage quotidien selon l\u2019humeur.<\/p>\n<p data-start=\"593\" data-end=\"867\">Une fragrance orientale bois\u00e9e et fruit\u00e9e qui s\u2019ouvre sur des notes florales sensuelles, \u00e9volue vers un c\u0153ur riche de prune et de bois d\u2019agar (oud), puis repose sur une base bois\u00e9e, ambr\u00e9e et agrum\u00e9e \u2014 id\u00e9ale pour une signature olfactive <strong data-start=\"831\" data-end=\"866\">luxueuse, moderne et captivante<\/strong>.<\/p>\n<h3 data-start=\"874\" data-end=\"909\"><strong data-start=\"878\" data-end=\"909\">Notes olfactives confirm\u00e9es<\/strong><\/h3>\n<p data-start=\"910\" data-end=\"1152\"><strong data-start=\"910\" data-end=\"929\">Notes de t\u00eate :<\/strong> accords floraux \u2014 une ouverture d\u00e9licate et s\u00e9duisante.<br data-start=\"985\" data-end=\"988\" \/><strong data-start=\"988\" data-end=\"1007\">Notes de c\u0153ur :<\/strong> prune juteuse, oud (bois d\u2019agar) \u2014 c\u0153ur riche et sophistiqu\u00e9.<br data-start=\"1069\" data-end=\"1072\" \/><strong data-start=\"1072\" data-end=\"1091\">Notes de fond :<\/strong> oud, patchouli, agrumes \u2014 fond chaleureux, bois\u00e9 et vibrant.<\/p>","protected":false},"featured_media":5369,"comment_status":"open","ping_status":"closed","template":"","meta":{"_acf_changed":false,"content-type":""},"product_brand":[],"product_cat":[78,116],"product_tag":[],"class_list":{"0":"post-5316","1":"product","2":"type-product","3":"status-publish","4":"has-post-thumbnail","6":"product_cat-parfums","7":"product_cat-unisex","9":"first","10":"instock","11":"shipping-taxable","12":"purchasable","13":"product-type-simple"},"acf":[],"jetpack_sharing_enabled":true,"_links":{"self":[{"href":"https:\/\/saffir.ma\/fr\/wp-json\/wp\/v2\/product\/5316","targetHints":{"allow":["GET"]}}],"collection":[{"href":"https:\/\/saffir.ma\/fr\/wp-json\/wp\/v2\/product"}],"about":[{"href":"https:\/\/saffir.ma\/fr\/wp-json\/wp\/v2\/types\/product"}],"replies":[{"embeddable":true,"href":"https:\/\/saffir.ma\/fr\/wp-json\/wp\/v2\/comments?post=5316"}],"wp:featuredmedia":[{"embeddable":true,"href":"https:\/\/saffir.ma\/fr\/wp-json\/wp\/v2\/media\/5369"}],"wp:attachment":[{"href":"https:\/\/saffir.ma\/fr\/wp-json\/wp\/v2\/media?parent=5316"}],"wp:term":[{"taxonomy":"product_brand","embeddable":true,"href":"https:\/\/saffir.ma\/fr\/wp-json\/wp\/v2\/product_brand?post=5316"},{"taxonomy":"product_cat","embeddable":true,"href":"https:\/\/saffir.ma\/fr\/wp-json\/wp\/v2\/product_cat?post=5316"},{"taxonomy":"product_tag","embeddable":true,"href":"https:\/\/saffir.ma\/fr\/wp-json\/wp\/v2\/product_tag?post=5316"}],"curies":[{"name":"wp","href":"https:\/\/api.w.org\/{rel}","templated":true}]}}